{"id":1410,"date":"2025-11-26T14:54:08","date_gmt":"2025-11-26T14:54:08","guid":{"rendered":"https:\/\/haisicstorage.com\/?post_type=product&#038;p=1410"},"modified":"2026-02-27T07:35:05","modified_gmt":"2026-02-27T07:35:05","slug":"51-2v-400ah-20480wh-lifepo4-battery","status":"publish","type":"product","link":"https:\/\/haisicstorage.com\/fr\/51-2v-400ah-20480wh-lifepo4-battery\/","title":{"rendered":"Batterie Lifepo4 51,2 V 400 Ah 20480 Wh"},"content":{"rendered":"<div>\n<p>Points forts du produit :<\/p>\n<p>\u2714 S\u00fbr et fiable : Le syst\u00e8me de gestion de batterie intelligent BMS surveille en temps r\u00e9el la tension et la temp\u00e9rature, avec plusieurs protections de s\u00e9curit\u00e9 pour une tranquillit\u00e9 d\u2019esprit accrue.<\/p>\n<p>\u2714 Conception longue dur\u00e9e : Avec une dur\u00e9e de vie de cycle sup\u00e9rieure \u00e0 6 000 cycles, elle est durable et sans souci, offrant un excellent retour sur investissement.<\/p>\n<p>\u2714 Silencieux et \u00e9cologique : Fonctionne silencieusement avec z\u00e9ro \u00e9mission, prot\u00e9geant le d\u00e9veloppement durable de votre famille avec de l\u2019\u00e9nergie verte.<\/p>\n<p>Que ce soit pour \u00e9conomiser sur les co\u00fbts d\u2019\u00e9lectricit\u00e9 en heures creuses, pour une alimentation de secours d\u2019urgence ou pour une utilisation hors r\u00e9seau, la HS-LD20KW est le partenaire \u00e9nerg\u00e9tique id\u00e9al pour les m\u00e9nages modernes !<\/p>\n<p>Embarquez dans l\u2019\u00e8re du stockage d\u2019\u00e9nergie intelligent et profitez d\u2019une plus grande libert\u00e9 \u00e9nerg\u00e9tique !<\/p>\n<p><strong>Batterie de stockage d\u2019\u00e9nergie solaire 51,2v 400ah 20kwh Batterie Lithium pour la maison<\/strong><\/p>\n<p>Introduction \u00e0 la batterie lithium de 20kWh pour le stockage d\u2019\u00e9nergie domestique<br \/>\nId\u00e9al pour les appareils m\u00e9nagers et les syst\u00e8mes d\u2019\u00e9nergie solaire<\/p>\n<\/div>\n<div>\n<p>Solution d\u2019alimentation fiable et durable Respectueuse de l\u2019environnement et s\u00fbre<\/p>\n<p>Le\u00a0<strong>Batterie de stockage d\u2019\u00e9nergie solaire 51,2v 400ah 20kwh Batterie Lithium pour la maison<\/strong>\u00a0est la solution parfaite pour vos besoins en \u00e9nergie domestique.<br \/>\nCette batterie lithium de 20kWh est con\u00e7ue pour fournir une source d\u2019alimentation stable et fiable, ce qui en fait un composant essentiel pour tout syst\u00e8me de stockage d\u2019\u00e9nergie domestique.<br \/>\nGr\u00e2ce \u00e0 sa technologie avanc\u00e9e de batteries LiFePO4, elle offre une haute capacit\u00e9, une protection int\u00e9gr\u00e9e du circuit,<br \/>\net des capacit\u00e9s de recharge rapide, garantissant que votre maison reste aliment\u00e9e en permanence.<\/p>\n<p><strong>Principales caract\u00e9ristiques de la batterie lithium de 20kWh<\/strong><\/p>\n<p>Haute capacit\u00e9 et stockage d\u2019\u00e9nergie efficace<br \/>\nSortie de 51,2V (48V) avec une capacit\u00e9 de 20kWh.<br \/>\nCapable de supporter divers appareils m\u00e9nagers et syst\u00e8mes d'\u00e9nergie solaire.<br \/>\nAssure une alimentation \u00e9lectrique constante m\u00eame en cas de coupure.<\/p>\n<p><strong>Syst\u00e8me BMS intelligent pour une s\u00e9curit\u00e9 renforc\u00e9e<br \/>\n<\/strong>Syst\u00e8me de gestion de batterie intelligent int\u00e9gr\u00e9 (BMS) pour des performances optimales.<br \/>\nProt\u00e8ge contre la surcharge, la d\u00e9charge excessive et les courts-circuits.<br \/>\nProlonge la cycle de vie de la batterie jusqu'\u00e0 6000 cycles.<\/p>\n<p><strong>Conception durable et respectueuse de l'environnement<br \/>\n<\/strong>Construit avec une batterie de type LiFePO4 pour une s\u00e9curit\u00e9 et une long\u00e9vit\u00e9 sup\u00e9rieures.<br \/>\nCertifi\u00e9 CE, RoHS, UN38.3 et MSDS pour l'assurance qualit\u00e9.<br \/>\nRespectueux de l'environnement avec un impact environnemental minimal.<\/p>\n<\/div>\n<div>\n<h3>Avantages du choix de la batterie lithium-ion de 20kWh<br \/>\n<strong><br \/>\nConnexion hybride au r\u00e9seau pour une utilisation polyvalente<br \/>\n<\/strong><\/h3>\n<p>Compatible avec les syst\u00e8mes connect\u00e9s au r\u00e9seau et hors r\u00e9seau.<br \/>\nPermet une int\u00e9gration transparente avec les installations \u00e9nerg\u00e9tiques existantes.<br \/>\nAm\u00e9liore l'efficacit\u00e9 des syst\u00e8mes de stockage d'\u00e9nergie solaire.<\/p>\n<p><strong>Syst\u00e8me mural pour une installation peu encombrante<br \/>\n<\/strong>Conception compacte avec des dimensions de 600*<em>300*<\/em>702mm (sans base).<br \/>\nFacile \u00e0 installer sur les murs, \u00e9conomisant un espace pr\u00e9cieux au sol.<br \/>\nEsth\u00e9tique agr\u00e9able et s'int\u00e8gre bien dans les int\u00e9rieurs domestiques.<\/p>\n<p><strong>Performance fiable avec une longue garantie<br \/>\n<\/strong>Livr\u00e9 avec une garantie de 5 ans pour une tranquillit\u00e9 d'esprit.<br \/>\nSoutenu par Haisic, une marque de confiance dans l'industrie du stockage d'\u00e9nergie.<br \/>\nOffre une performance constante avec un poids de 130kg.<\/p>\n<table border=\"1\">\n<tbody>\n<tr>\n<td>\n<div>Mod\u00e8le<\/div>\n<\/td>\n<td>\n<div>HS-LD20KW<\/div>\n<\/td>\n<\/tr>\n<tr>\n<td>\n<div>Tension nominale<\/div>\n<\/td>\n<td>\n<div>51,2 V<\/div>\n<\/td>\n<\/tr>\n<tr>\n<td>\n<div>Capacit\u00e9 nominale<\/div>\n<\/td>\n<td>\n<div>400Ah<\/div>\n<\/td>\n<\/tr>\n<tr>\n<td>\n<div>\u00c9nergie nominale<\/div>\n<\/td>\n<td>\n<div>20480Wh<\/div>\n<\/td>\n<\/tr>\n<tr>\n<td>\n<div>Plage de tension<\/div>\n<\/td>\n<td>\n<div>44,8-56V<\/div>\n<\/td>\n<\/tr>\n<tr>\n<td>\n<div>Plage de tension de charge<\/div>\n<\/td>\n<td>\n<div>56-57,6V<\/div>\n<\/td>\n<\/tr>\n<tr>\n<td>\n<div>Tension de coupure<\/div>\n<\/td>\n<td>\n<div>44,8V<\/div>\n<\/td>\n<\/tr>\n<tr>\n<td>\n<div>Courant de charge recommand\u00e9<\/div>\n<\/td>\n<td>\n<div>100A<\/div>\n<\/td>\n<\/tr>\n<tr>\n<td>\n<div>Courant de charge maximal<\/div>\n<\/td>\n<td>\n<div>200A<\/div>\n<\/td>\n<\/tr>\n<tr>\n<td>\n<div>Courant de d\u00e9charge maximal<\/div>\n<\/td>\n<td>\n<div>: 200A<\/div>\n<\/td>\n<\/tr>\n<tr>\n<td>\n<div>\n<div>DimensionsL*W*H<\/div>\n<\/div>\n<\/td>\n<td>\n<div>\n<div>600*300*702 (sans base)<\/div>\n<\/div>\n<\/td>\n<\/tr>\n<tr>\n<td>\n<div>\n<div>Poids<\/div>\n<\/div>\n<\/td>\n<td>\n<div>\n<div>\u2248165kg<\/div>\n<\/div>\n<\/td>\n<\/tr>\n<tr>\n<td>\n<div>\n<div>Port de communication<\/div>\n<\/div>\n<\/td>\n<td>\n<div>\n<div>RS485, CAN<\/div>\n<\/div>\n<\/td>\n<\/tr>\n<tr>\n<td>\n<div>\n<div>Borniquet<\/div>\n<\/div>\n<\/td>\n<td>\n<div>M8<\/div>\n<\/td>\n<\/tr>\n<tr>\n<td>\n<div>\n<div>\n<div>Dur\u00e9e de vie en cycle<\/div>\n<\/div>\n<\/div>\n<\/td>\n<td>\n<div>\n<div>\uff1e6000 (0,5C@ 25\u2103\uff0c80% DOD)<\/div>\n<\/div>\n<\/td>\n<\/tr>\n<tr>\n<td>\n<div>\n<div>\n<div>Affichage<\/div>\n<\/div>\n<\/div>\n<\/td>\n<td>\n<div>LED+LCD<\/div>\n<\/td>\n<\/tr>\n<\/tbody>\n<\/table>\n<p><strong>Application et polyvalence de la batterie lithium de 20kWh<\/strong><\/p>\n<p>Parfait pour les syst\u00e8mes de stockage d'\u00e9nergie domestique<br \/>\nId\u00e9al pour une utilisation en r\u00e9sidentiel pour stocker l'\u00e9nergie solaire.<br \/>\nFournit une alimentation de secours lors de coupures, assurant une alimentation ininterrompue.<br \/>\nPrend en charge une large gamme d'appareils m\u00e9nagers, am\u00e9liorant l'efficacit\u00e9 \u00e9nerg\u00e9tique globale.<\/p>\n<p><strong>Accept\u00e9 pour OEM\/ODM pour des solutions personnalis\u00e9es<br \/>\n<\/strong>Options personnalisables disponibles pour r\u00e9pondre \u00e0 des besoins et exigences sp\u00e9cifiques.<br \/>\nConvient \u00e0 diverses applications au-del\u00e0 de l'usage domestique, y compris les installations commerciales et industrielles.<br \/>\nAssure des solutions sur mesure pour diverses demandes de stockage d'\u00e9nergie.<\/p>\n<p><strong>Pourquoi choisir la batterie de stockage d'\u00e9nergie solaire 51,2 V 400 Ah 20 kWh Lithium pour la maison ?\u00a0<\/strong><\/p>\n<p><strong>Technologie avanc\u00e9e pour des performances sup\u00e9rieures\u00a0<\/strong>\u00c9quip\u00e9e de la technologie de pointe lithium-ion pour un stockage d'\u00e9nergie optimal.<br \/>\nCapacit\u00e9 de recharge rapide pour une disponibilit\u00e9 imm\u00e9diate en cas de besoin.<br \/>\nClasse de protection \u00e9lev\u00e9e (IP55) pour une utilisation fiable en ext\u00e9rieur et en int\u00e9rieur.<\/p>\n<p><strong>Communication et contr\u00f4le complets\u00a0<\/strong><br \/>\n\u00c9quip\u00e9e d'un port de communication RS485 pour une surveillance et un contr\u00f4le faciles.<br \/>\nPermet l'int\u00e9gration avec les syst\u00e8mes domotiques et les plateformes de gestion de l'\u00e9nergie.<br \/>\nAm\u00e9liore l'exp\u00e9rience utilisateur avec des fonctionnalit\u00e9s de contr\u00f4le avanc\u00e9es.<\/p>\n<p><strong>Solution d'\u00e9nergie rentable et efficace<br \/>\n<\/strong>Offre un prix comp\u00e9titif pour une batterie lithium-ion de 20 kWh.<br \/>\nR\u00e9duit la d\u00e9pendance au r\u00e9seau, diminuant ainsi les factures d'\u00e9nergie.<br \/>\nFournit une source d'\u00e9nergie durable et renouvelable pour des \u00e9conomies \u00e0 long terme.<\/p>\n<p>En conclusion, le\u00a0<strong>Batterie de stockage d\u2019\u00e9nergie solaire 51,2v 400ah 20kwh Batterie Lithium pour la maison<\/strong>\u00a0est un excellent investissement pour toute personne souhaitant am\u00e9liorer son syst\u00e8me de stockage d'\u00e9nergie domestique.<br \/>\nAvec sa grande capacit\u00e9, son syst\u00e8me BMS intelligent et sa conception durable, il offre des performances et une fiabilit\u00e9 in\u00e9gal\u00e9es. Que vous cherchiez \u00e0 alimenter vos appareils m\u00e9nagers, stocker l'\u00e9nergie solaire,<br \/>\nou assurer une alimentation \u00e9lectrique ininterrompue, cette batterie lithium de 20 kWh est le choix parfait pour vos besoins \u00e9nerg\u00e9tiques.<\/p>\n<\/div>","protected":false},"excerpt":{"rendered":"<p>Syst\u00e8me de stockage d'\u00e9nergie domestique HS-LD20KW \u2014 Stockage d'\u00e9nergie intelligent, profitez d'un mode de vie \u00e9cologique<\/p>\n<p>Tr\u00e8s efficace et stable, garantissant une alimentation fiable pour votre maison ! La batterie du syst\u00e8me de stockage d'\u00e9nergie domestique HS-LD20KW utilise une technologie avanc\u00e9e de batteries lithium-ion, avec une capacit\u00e9 ultra-large de 20 kWh pour r\u00e9pondre facilement aux besoins quotidiens des appareils m\u00e9nagers, de l\u2019\u00e9clairage et de l\u2019alimentation d\u2019urgence. Prend en charge l\u2019int\u00e9gration du stockage d\u2019\u00e9nergie photovolta\u00efque, stockant l\u2019\u00e9nergie solaire pendant la journ\u00e9e et fournissant intelligemment de l\u2019\u00e9nergie la nuit, r\u00e9duisant consid\u00e9rablement les co\u00fbts d\u2019\u00e9lectricit\u00e9 et am\u00e9liorant l\u2019autosuffisance \u00e9nerg\u00e9tique.<\/p>","protected":false},"featured_media":1411,"template":"","meta":{"site-sidebar-layout":"default","site-content-layout":"","ast-site-content-layout":"default","site-content-style":"default","site-sidebar-style":"default","ast-global-header-display":"","ast-banner-title-visibility":"","ast-main-header-display":"","ast-hfb-above-header-display":"","ast-hfb-below-header-display":"","ast-hfb-mobile-header-display":"","site-post-title":"","ast-breadcrumbs-content":"","ast-featured-img":"","footer-sml-layout":"","ast-disable-related-posts":"","theme-transparent-header-meta":"default","adv-header-id-meta":"","stick-header-meta":"default","header-above-stick-meta":"","header-main-stick-meta":"","header-below-stick-meta":"","astra-migrate-meta-layouts":"set","ast-page-background-enabled":"default","ast-page-background-meta":{"desktop":{"background-color":"var(--ast-global-color-4)","background-image":"","background-repeat":"repeat","background-position":"center center","background-size":"auto","background-attachment":"scroll","background-type":"","background-media":"","overlay-type":"","overlay-color":"","overlay-opacity":"","overlay-gradient":""},"tablet":{"background-color":"","background-image":"","background-repeat":"repeat","background-position":"center center","background-size":"auto","background-attachment":"scroll","background-type":"","background-media":"","overlay-type":"","overlay-color":"","overlay-opacity":"","overlay-gradient":""},"mobile":{"background-color":"","background-image":"","background-repeat":"repeat","background-position":"center center","background-size":"auto","background-attachment":"scroll","background-type":"","background-media":"","overlay-type":"","overlay-color":"","overlay-opacity":"","overlay-gradient":""}},"ast-content-background-meta":{"desktop":{"background-color":"var(--ast-global-color-5)","background-image":"","background-repeat":"repeat","background-position":"center center","background-size":"auto","background-attachment":"scroll","background-type":"","background-media":"","overlay-type":"","overlay-color":"","overlay-opacity":"","overlay-gradient":""},"tablet":{"background-color":"var(--ast-global-color-5)","background-image":"","background-repeat":"repeat","background-position":"center center","background-size":"auto","background-attachment":"scroll","background-type":"","background-media":"","overlay-type":"","overlay-color":"","overlay-opacity":"","overlay-gradient":""},"mobile":{"background-color":"var(--ast-global-color-5)","background-image":"","background-repeat":"repeat","background-position":"center center","background-size":"auto","background-attachment":"scroll","background-type":"","background-media":"","overlay-type":"","overlay-color":"","overlay-opacity":"","overlay-gradient":""}}},"product_brand":[],"product_cat":[56,50,47],"product_tag":[],"class_list":{"0":"post-1410","1":"product","2":"type-product","3":"status-publish","4":"has-post-thumbnail","6":"product_cat-energy-storage-battery-system","7":"product_cat-floor-standing-ess","8":"product_cat-residetial-ess","9":"desktop-align-left","10":"tablet-align-left","11":"mobile-align-left","12":"ast-product-gallery-layout-horizontal-slider","13":"ast-product-tabs-layout-horizontal","15":"first","16":"instock","17":"shipping-taxable","18":"product-type-simple"},"_links":{"self":[{"href":"https:\/\/haisicstorage.com\/fr\/wp-json\/wp\/v2\/product\/1410","targetHints":{"allow":["GET"]}}],"collection":[{"href":"https:\/\/haisicstorage.com\/fr\/wp-json\/wp\/v2\/product"}],"about":[{"href":"https:\/\/haisicstorage.com\/fr\/wp-json\/wp\/v2\/types\/product"}],"version-history":[{"count":4,"href":"https:\/\/haisicstorage.com\/fr\/wp-json\/wp\/v2\/product\/1410\/revisions"}],"predecessor-version":[{"id":3508,"href":"https:\/\/haisicstorage.com\/fr\/wp-json\/wp\/v2\/product\/1410\/revisions\/3508"}],"wp:featuredmedia":[{"embeddable":true,"href":"https:\/\/haisicstorage.com\/fr\/wp-json\/wp\/v2\/media\/1411"}],"wp:attachment":[{"href":"https:\/\/haisicstorage.com\/fr\/wp-json\/wp\/v2\/media?parent=1410"}],"wp:term":[{"taxonomy":"product_brand","embeddable":true,"href":"https:\/\/haisicstorage.com\/fr\/wp-json\/wp\/v2\/product_brand?post=1410"},{"taxonomy":"product_cat","embeddable":true,"href":"https:\/\/haisicstorage.com\/fr\/wp-json\/wp\/v2\/product_cat?post=1410"},{"taxonomy":"product_tag","embeddable":true,"href":"https:\/\/haisicstorage.com\/fr\/wp-json\/wp\/v2\/product_tag?post=1410"}],"curies":[{"name":"wp","href":"https:\/\/api.w.org\/{rel}","templated":true}]}}