{"id":3,"date":"2024-01-21T08:45:15","date_gmt":"2024-01-21T08:45:15","guid":{"rendered":"https:\/\/ivory-stingray-401240.hostingersite.com\/?page_id=3"},"modified":"2025-12-13T06:15:08","modified_gmt":"2025-12-13T06:15:08","slug":"privacy-policy","status":"publish","type":"page","link":"https:\/\/haisicstorage.com\/fr\/privacy-policy\/","title":{"rendered":"Politique de confidentialit\u00e9"},"content":{"rendered":"<div data-elementor-type=\"wp-page\" data-elementor-id=\"3\" class=\"elementor elementor-3\" data-elementor-post-type=\"page\">\n\t\t\t\t<div class=\"elementor-element elementor-element-26027344 e-flex e-con-boxed e-con e-parent\" data-id=\"26027344\" data-element_type=\"container\" data-e-type=\"container\">\n\t\t\t\t\t<div class=\"e-con-inner\">\n\t\t\t\t<div class=\"elementor-element elementor-element-118bea7 elementor-widget elementor-widget-text-editor\" data-id=\"118bea7\" data-element_type=\"widget\" data-e-type=\"widget\" data-widget_type=\"text-editor.default\">\n\t\t\t\t<div class=\"elementor-widget-container\">\n\t\t\t\t\t\t\t\t\t\n<h1 class=\"wp-block-heading\" data-start=\"133\" data-end=\"149\">Politique de confidentialit\u00e9<\/h1>\n<p data-start=\"151\" data-end=\"273\"><strong data-start=\"151\" data-end=\"168\">Derni\u00e8re mise \u00e0 jour :<\/strong> 4 d\u00e9cembre 2025<br data-start=\"185\" data-end=\"188\" \/><strong data-start=\"188\" data-end=\"200\">Site Web :<\/strong> <a class=\"decorated-link\" href=\"https:\/\/haisicstorage.com\/fr\/\" target=\"_new\" rel=\"noopener\" data-start=\"201\" data-end=\"251\">haisicstorage.com<\/a><\/p>\n<p data-start=\"275\" data-end=\"493\">Haisic (\u201c nous \u201d, \u201c notre \u201d ou \u201c nos \u201d) respecte votre vie priv\u00e9e et s\u2019engage \u00e0 prot\u00e9ger vos informations personnelles. Cette politique de confidentialit\u00e9 explique comment nous collectons, utilisons et prot\u00e9geons vos informations lorsque vous visitez notre site web.<\/p>\n<h2 data-start=\"495\" data-end=\"523\">1. Informations que nous collectons<\/h2>\n<p data-start=\"525\" data-end=\"577\">Nous pouvons collecter les types d\u2019informations suivants :<\/p>\n<ul data-start=\"579\" data-end=\"924\">\n<li data-start=\"579\" data-end=\"739\">\n<p data-start=\"581\" data-end=\"739\"><strong data-start=\"581\" data-end=\"606\">Informations personnelles :<\/strong> Nom, adresse e-mail, num\u00e9ro de t\u00e9l\u00e9phone, nom de l\u2019entreprise et autres coordonn\u00e9es que vous fournissez lors de la prise de contact ou de la soumission de demandes.<\/p>\n<\/li>\n<li data-start=\"740\" data-end=\"924\">\n<p data-start=\"742\" data-end=\"924\"><strong data-start=\"742\" data-end=\"771\">Informations non personnelles :<\/strong> Type de navigateur, adresse IP, informations sur l\u2019appareil, pages visit\u00e9es et autres donn\u00e9es analytiques collect\u00e9es automatiquement via des cookies ou des technologies similaires.<\/p>\n<\/li>\n<\/ul>\n<h2 data-start=\"926\" data-end=\"959\">2. Comment nous utilisons vos informations<\/h2>\n<p data-start=\"961\" data-end=\"1020\">Nous utilisons les informations que nous collectons pour des objectifs tels que :<\/p>\n<ul data-start=\"1022\" data-end=\"1254\">\n<li data-start=\"1022\" data-end=\"1086\">\n<p data-start=\"1024\" data-end=\"1086\">R\u00e9pondre \u00e0 vos demandes et fournir un support client.<\/p>\n<\/li>\n<li data-start=\"1087\" data-end=\"1158\">\n<p data-start=\"1089\" data-end=\"1158\">Envoyer des mises \u00e0 jour importantes concernant nos produits, services ou site web.<\/p>\n<\/li>\n<li data-start=\"1159\" data-end=\"1216\">\n<p data-start=\"1161\" data-end=\"1216\">Am\u00e9liorer notre site web, nos services et l\u2019exp\u00e9rience utilisateur.<\/p>\n<\/li>\n<li data-start=\"1217\" data-end=\"1254\">\n<p data-start=\"1219\" data-end=\"1254\">Respecter nos obligations l\u00e9gales.<\/p>\n<\/li>\n<\/ul>\n<h2 data-start=\"1256\" data-end=\"1295\">3. Cookies et technologies de suivi<\/h2>\n<p data-start=\"1297\" data-end=\"1519\">Notre site web peut utiliser des cookies et des technologies similaires pour am\u00e9liorer votre exp\u00e9rience de navigation. Vous pouvez choisir de d\u00e9sactiver les cookies dans les param\u00e8tres de votre navigateur, mais certaines fonctionnalit\u00e9s du site pourraient ne pas fonctionner correctement sans eux.<\/p>\n<h2 data-start=\"1521\" data-end=\"1551\">4. Partage de vos informations<\/h2>\n<p data-start=\"1553\" data-end=\"1657\">Nous le faisons <strong data-start=\"1559\" data-end=\"1566\">pas<\/strong> vendre, \u00e9changer ou louer vos informations personnelles \u00e0 des tiers. Nous pouvons partager vos informations :<\/p>\n<ul data-start=\"1659\" data-end=\"1845\">\n<li data-start=\"1659\" data-end=\"1783\">\n<p data-start=\"1661\" data-end=\"1783\">Avec des prestataires de services qui nous assistent dans l'exploitation de notre site web et la conduite de nos activit\u00e9s, sous accords de confidentialit\u00e9.<\/p>\n<\/li>\n<li data-start=\"1784\" data-end=\"1845\">\n<p data-start=\"1786\" data-end=\"1845\">Lorsque la loi l'exige ou pour prot\u00e9ger nos droits et notre s\u00e9curit\u00e9.<\/p>\n<\/li>\n<\/ul>\n<h2 data-start=\"1847\" data-end=\"1866\">5. S\u00e9curit\u00e9 des donn\u00e9es<\/h2>\n<p data-start=\"1868\" data-end=\"2088\">Nous mettons en \u0153uvre des mesures administratives, techniques et physiques raisonnables pour prot\u00e9ger vos informations personnelles. Cependant, aucun site web ou transmission sur Internet n'est totalement s\u00e9curis\u00e9, et nous ne pouvons garantir une s\u00e9curit\u00e9 absolue.<\/p>\n<h2 data-start=\"2090\" data-end=\"2115\">6. Utilisateurs internationaux<\/h2>\n<p data-start=\"2117\" data-end=\"2307\">En utilisant notre site web, vous consentez au transfert de vos informations vers des pays en dehors de votre r\u00e9sidence, y compris des pays qui peuvent avoir des lois sur la protection des donn\u00e9es diff\u00e9rentes de celles de votre pays.<\/p>\n<h2 data-start=\"2309\" data-end=\"2334\">7. Vos droits en mati\u00e8re de confidentialit\u00e9<\/h2>\n<p data-start=\"2336\" data-end=\"2392\">Selon votre localisation, vous pouvez avoir le droit de :<\/p>\n<ul data-start=\"2394\" data-end=\"2545\">\n<li data-start=\"2394\" data-end=\"2451\">\n<p data-start=\"2396\" data-end=\"2451\">Acc\u00e9der, corriger ou supprimer vos informations personnelles.<\/p>\n<\/li>\n<li data-start=\"2452\" data-end=\"2506\">\n<p data-start=\"2454\" data-end=\"2506\">Vous opposer ou limiter le traitement de vos donn\u00e9es.<\/p>\n<\/li>\n<li data-start=\"2507\" data-end=\"2545\">\n<p data-start=\"2509\" data-end=\"2545\">Retirer votre consentement \u00e0 tout moment.<\/p>\n<\/li>\n<\/ul>\n<p data-start=\"2547\" data-end=\"2660\">Pour exercer ces droits, veuillez nous contacter \u00e0 <strong data-start=\"2594\" data-end=\"2659\"><a class=\"decorated-link cursor-pointer\" rel=\"noopener\" data-start=\"2596\" data-end=\"2657\">celia@haisicstorage.com<\/a><\/strong>.<\/p>\n<h2 data-start=\"2662\" data-end=\"2685\">8. Liens vers des sites tiers<\/h2>\n<p data-start=\"2687\" data-end=\"2858\">Notre site peut contenir des liens vers des sites web tiers. Nous ne sommes pas responsables des pratiques de confidentialit\u00e9 de ces sites. Nous vous encourageons \u00e0 lire leurs politiques de confidentialit\u00e9.<\/p>\n<h2 data-start=\"2860\" data-end=\"2884\">9. Confidentialit\u00e9 des enfants<\/h2>\n<p data-start=\"2886\" data-end=\"3018\">Notre site web est <strong data-start=\"2901\" data-end=\"2949\">pas destin\u00e9 aux enfants de moins de 13 ans<\/strong>, et nous ne collectons pas intentionnellement d'informations personnelles aupr\u00e8s d'enfants.<\/p>\n<h2 data-start=\"3020\" data-end=\"3057\">10. Modifications de cette politique de confidentialit\u00e9<\/h2>\n<p data-start=\"3059\" data-end=\"3221\">Nous pouvons mettre \u00e0 jour cette politique de confidentialit\u00e9 de temps \u00e0 autre. La date \u201c Derni\u00e8re mise \u00e0 jour \u201d refl\u00e9tera la derni\u00e8re version. Nous vous encourageons \u00e0 revoir cette politique p\u00e9riodiquement.<\/p>\n<h2 data-start=\"3223\" data-end=\"3240\">11. Contactez-nous<\/h2>\n<p data-start=\"3242\" data-end=\"3327\">Si vous avez des questions ou des pr\u00e9occupations concernant cette politique de confidentialit\u00e9, veuillez nous contacter :<\/p>\n<p data-start=\"3329\" data-end=\"3469\"><strong data-start=\"3329\" data-end=\"3339\">Email :<\/strong> <a class=\"decorated-link cursor-pointer\" rel=\"noopener\" data-start=\"3340\" data-end=\"3401\">celia@haisicstorage.com<\/a><br data-start=\"3401\" data-end=\"3404\" \/><strong data-start=\"3404\" data-end=\"3416\">Site Web :<\/strong> <a class=\"decorated-link\" href=\"https:\/\/haisicstorage.com\/fr\/\" target=\"_new\" rel=\"noopener\" data-start=\"3417\" data-end=\"3467\">haisicstorage.com<\/a><\/p>\n\t\t\t\t\t\t\t\t<\/div>\n\t\t\t\t<\/div>\n\t\t\t\t\t<\/div>\n\t\t\t\t<\/div>\n\t\t\t\t<\/div>","protected":false},"excerpt":{"rendered":"<p>Privacy Policy Last Updated: December 4, 2025Website: haisicstorage.com Haisic (\u201cwe,\u201d \u201cour,\u201d or \u201cus\u201d) respects your privacy and is committed to protecting your personal information. This Privacy Policy explains how we collect, use, and safeguard your information when you visit our website. 1. Information We Collect We may collect the following types of information: Personal Information: [&hellip;]<\/p>\n","protected":false},"author":1,"featured_media":0,"parent":0,"menu_order":0,"comment_status":"closed","ping_status":"closed","template":"","meta":{"site-sidebar-layout":"default","site-content-layout":"","ast-site-content-layout":"default","site-content-style":"default","site-sidebar-style":"default","ast-global-header-display":"","ast-banner-title-visibility":"","ast-main-header-display":"","ast-hfb-above-header-display":"","ast-hfb-below-header-display":"","ast-hfb-mobile-header-display":"","site-post-title":"disabled","ast-breadcrumbs-content":"","ast-featured-img":"","footer-sml-layout":"","ast-disable-related-posts":"","theme-transparent-header-meta":"","adv-header-id-meta":"","stick-header-meta":"","header-above-stick-meta":"","header-main-stick-meta":"","header-below-stick-meta":"","astra-migrate-meta-layouts":"set","ast-page-background-enabled":"default","ast-page-background-meta":{"desktop":{"background-color":"var(--ast-global-color-4)","background-image":"","background-repeat":"repeat","background-position":"center center","background-size":"auto","background-attachment":"scroll","background-type":"","background-media":"","overlay-type":"","overlay-color":"","overlay-opacity":"","overlay-gradient":""},"tablet":{"background-color":"","background-image":"","background-repeat":"repeat","background-position":"center center","background-size":"auto","background-attachment":"scroll","background-type":"","background-media":"","overlay-type":"","overlay-color":"","overlay-opacity":"","overlay-gradient":""},"mobile":{"background-color":"","background-image":"","background-repeat":"repeat","background-position":"center center","background-size":"auto","background-attachment":"scroll","background-type":"","background-media":"","overlay-type":"","overlay-color":"","overlay-opacity":"","overlay-gradient":""}},"ast-content-background-meta":{"desktop":{"background-color":"var(--ast-global-color-5)","background-image":"","background-repeat":"repeat","background-position":"center center","background-size":"auto","background-attachment":"scroll","background-type":"","background-media":"","overlay-type":"","overlay-color":"","overlay-opacity":"","overlay-gradient":""},"tablet":{"background-color":"var(--ast-global-color-5)","background-image":"","background-repeat":"repeat","background-position":"center center","background-size":"auto","background-attachment":"scroll","background-type":"","background-media":"","overlay-type":"","overlay-color":"","overlay-opacity":"","overlay-gradient":""},"mobile":{"background-color":"var(--ast-global-color-5)","background-image":"","background-repeat":"repeat","background-position":"center center","background-size":"auto","background-attachment":"scroll","background-type":"","background-media":"","overlay-type":"","overlay-color":"","overlay-opacity":"","overlay-gradient":""}},"footnotes":""},"class_list":["post-3","page","type-page","status-publish","hentry"],"_links":{"self":[{"href":"https:\/\/haisicstorage.com\/fr\/wp-json\/wp\/v2\/pages\/3","targetHints":{"allow":["GET"]}}],"collection":[{"href":"https:\/\/haisicstorage.com\/fr\/wp-json\/wp\/v2\/pages"}],"about":[{"href":"https:\/\/haisicstorage.com\/fr\/wp-json\/wp\/v2\/types\/page"}],"author":[{"embeddable":true,"href":"https:\/\/haisicstorage.com\/fr\/wp-json\/wp\/v2\/users\/1"}],"replies":[{"embeddable":true,"href":"https:\/\/haisicstorage.com\/fr\/wp-json\/wp\/v2\/comments?post=3"}],"version-history":[{"count":11,"href":"https:\/\/haisicstorage.com\/fr\/wp-json\/wp\/v2\/pages\/3\/revisions"}],"predecessor-version":[{"id":2455,"href":"https:\/\/haisicstorage.com\/fr\/wp-json\/wp\/v2\/pages\/3\/revisions\/2455"}],"wp:attachment":[{"href":"https:\/\/haisicstorage.com\/fr\/wp-json\/wp\/v2\/media?parent=3"}],"curies":[{"name":"wp","href":"https:\/\/api.w.org\/{rel}","templated":true}]}}