{"id":3199,"date":"2025-12-02T04:09:07","date_gmt":"2025-12-02T04:09:07","guid":{"rendered":"https:\/\/haisicstorage.com\/ess-battery-storage\/"},"modified":"2026-02-27T07:41:50","modified_gmt":"2026-02-27T07:41:50","slug":"ess-battery-storage","status":"publish","type":"product","link":"https:\/\/haisicstorage.com\/de\/ess-battery-storage\/","title":{"rendered":"ESS Batteriespeichersysteme LiFePO4 Hohe Zyklenzahl Lange Lebensdauer"},"content":{"rendered":"<h2>Verst\u00e4ndnis von ESS Batteriespeichern<\/h2>\n<p>An <strong>ESS Batteriespeicher<\/strong> System ist eine modulare L\u00f6sung, die entwickelt wurde, um elektrische Energie zu erfassen und zu speichern, damit Sie sie genau dann nutzen k\u00f6nnen, wenn Sie sie am meisten ben\u00f6tigen. Ob f\u00fcr ein Zuhause oder eine industrielle Anlage mit hohem Energiebedarf, diese Systeme \u00fcberbr\u00fccken die L\u00fccke zwischen Energieerzeugung und -verbrauch. Durch die Nutzung fortschrittlicher <strong>LiFePO4-Batteriespeicher<\/strong> Technologie bieten wir eine zuverl\u00e4ssige M\u00f6glichkeit zur Leistungsverwaltung und entfernen uns von veralteten Blei-S\u00e4ure-Systemen hin zu hocheffizienten, langlebigen Lithium-Eisenphosphat-Modulen.<\/p>\n<h3>Wie es f\u00fcr Haushalte und Unternehmen funktioniert<\/h3>\n<p>Unser <strong>Energiespeichersystem<\/strong> Integriert sich direkt in Ihre elektrische Anlage und fungiert als intelligenter Puffer, der den Stromfluss steuert. Es stellt sicher, dass Sie niemals ohne Strom sind und immer die kosteneffektivste verf\u00fcgbare Energiequelle nutzen.<\/p>\n<ul>\n<li><strong>Optimierung des Eigenverbrauchs:<\/strong> Speichern Sie \u00fcbersch\u00fcssigen Solarstrom tags\u00fcber zur Nutzung in der Nacht.<\/li>\n<li><strong>Spitzenkappung:<\/strong> Nutzen Sie gespeicherte Energie w\u00e4hrend teurer Spitzenlastzeiten, um die Stromrechnung zu senken.<\/li>\n<li><strong>Notstromversorgung (USV):<\/strong> Halten Sie kritische Prozesse und Ger\u00e4te bei Netzausf\u00e4llen mit unterbrechungsfreier Stromversorgung am Laufen.<\/li>\n<\/ul>\n<h3>Speicherung erneuerbarer Energien und Erreichung von Unabh\u00e4ngigkeit<\/h3>\n<p>A <strong>Solarspeicherbatterie<\/strong> Einheit ist die Grundlage wahrer Energieunabh\u00e4ngigkeit. Durch die Speicherung erneuerbarer Energien reduzieren Sie die Abh\u00e4ngigkeit vom \u00f6ffentlichen Netz und gewinnen vollst\u00e4ndige Kontrolle \u00fcber Ihre Energiesicherheit. Unser <strong>Wohn-ESS<\/strong> und <strong>speicher f\u00fcr kommerzielle Energie<\/strong> solutions are built on a modular \u201cstack-and-play\u201d design, allowing you to start with the capacity you need today and expand as your energy requirements grow. This flexibility ensures your investment evolves alongside your business or household needs.<\/p>\n<ul>\n<li><strong>Zuverl\u00e4ssige Leistung:<\/strong> Hocheffiziente Speicherung f\u00fcr konstanten Energiezugang.<\/li>\n<li><strong>Netzunabh\u00e4ngigkeit:<\/strong> Weniger Anf\u00e4lligkeit f\u00fcr steigende Energiepreise und Netzinstabilit\u00e4t.<\/li>\n<li><strong>Nachhaltige Zukunft:<\/strong> Maximiert die Nutzung sauberer, erneuerbarer Energiequellen.<\/li>\n<\/ul>\n<h2>Unsere ESS-Energiespeicher-Produktpalette<\/h2>\n<p>Wir bieten eine vielseitige Produktreihe von <strong>ESS-Energiespeichern<\/strong> solutions tailored to meet diverse energy demands. Our systems are built on a modular \u201cstack-and-play\u201d philosophy, ensuring that whether you are powering a home or a factory, the hardware adapts to your specific requirements.<\/p>\n<h3>Wohn ESS-L\u00f6sungen<\/h3>\n<p>F\u00fcr Hausbesitzer, die den Solarstrom selbst nutzen m\u00f6chten, bieten wir kompakte und \u00e4sthetische Optionen. Unsere <strong>Wohn-ESS<\/strong> Einheiten sind sowohl in Niederspannungs- (48 V) als auch in Hochspannungs-Konfigurationen erh\u00e4ltlich.<\/p>\n<ul>\n<li><strong>Stapelf\u00e4hige Batterien:<\/strong> Kapazit\u00e4t einfach erweitern, indem Module hinzugef\u00fcgt werden, w\u00e4hrend Ihr Haushalt w\u00e4chst. Unser <a href=\"https:\/\/haisicstorage.com\/de\/haisic-512v-100ah-lifepo4-stackable-energy-storage-battery\/\">51,2V 100Ah stapelbare Energiespeicherbatterie<\/a> bietet ein schlankes, platzsparendes Design mit hoher Zyklenstabilit\u00e4t.<\/li>\n<li><strong>Wandmontierte Einheiten:<\/strong> Perfect f\u00fcr Inneninstallationen, bei denen der Bodenraum begrenzt ist, und liefern zuverl\u00e4ssige Backup-Stromversorgung und UPS-Funktionalit\u00e4t.<\/li>\n<\/ul>\n<h3>Gewerbliche und Industrielle (G&amp;I) modulare Systeme<\/h3>\n<p>Unsere kommerziellen <strong>LiFePO4-Batteriespeicher<\/strong> Systeme sind f\u00fcr Hochleistungsanwendungen wie Spitzenlastabdeckung und Lastverschiebung konzipiert. Diese modulare Regalsysteme f\u00fcgen sich nahtlos in die bestehende Infrastruktur ein, um Betriebskosten zu senken.<\/p>\n<ul>\n<li><strong>Modulare Regale:<\/strong> Skalierbare Bl\u00f6cke, die es Unternehmen erm\u00f6glichen, mit einer geringeren Investition zu beginnen und bei Bedarf auf Megawatt-Skala zu erweitern.<\/li>\n<li><strong>Containerisierte L\u00f6sungen:<\/strong> F\u00fcr gro\u00df angelegte Projekte setzen wir robuste, klimatisierte Einheiten wie unsere <a href=\"https:\/\/haisicstorage.com\/de\/haisic-100kwh-containerized-battery-energy-storage-system\/\">100 kWh containerisiertes Batteriespeicher-System<\/a>, einsetzbar ideal f\u00fcr Outdoor-Industrieumgebungen und Netzdienstleistungen.<\/li>\n<\/ul>\n<h3>Speicher mit hoher Kapazit\u00e4t im Nutzungsbereich<\/h3>\n<p>Wir bieten <strong>Speicher im Nutzlastma\u00dfstab<\/strong> in 20-Fu\u00df- und 40-Fu\u00df-Containerformaten, f\u00e4hig, mehr als 2 MWh Kapazit\u00e4t zu liefern. Diese Systeme sind f\u00fcr energiespeicher mit hoher Dichte ausgelegt, verf\u00fcgen \u00fcber integriertes Thermomanagement und mehrstufige Sicherheitsprotokolle, um Netzstabilit\u00e4t und langfristige Zuverl\u00e4ssigkeit zu gew\u00e4hrleisten.<\/p>\n<h2>Fortschrittliche LiFePO4-Technologie und smarte Funktionen<\/h2>\n<p>Unser <strong>ESS-Energiespeichern<\/strong> L\u00f6sungen basieren auf der Grundlage von Premium- <strong>LiFePO4-Batteriespeicher<\/strong> Technologie. Wir verwenden ausschlie\u00dflich Lithium-Eisenphosphat, da es der Goldstandard f\u00fcr Sicherheit und Langlebigkeit ist. Im Gegensatz zu \u00e4lteren Chemien ist unsere <strong>Lithium-Eisenphosphat-ESS<\/strong> nicht toxisch, thermisch stabil und bietet eine garantierte Lebensdauer von \u00fcber 6.000 Zyklen bei einer Entladetiefe von 80%.<\/p>\n<p>Im Herzen jedes Systems befindet sich ein integrierter <strong>Intelligentes BMS<\/strong> (Batterie-Management-System). Dieser intelligente Controller fungiert als das Gehirn der <strong>Batteriespeicher-System (BESS)<\/strong>, und sorgt daf\u00fcr, dass jede Zelle Spitzenleistung erzielt.<\/p>\n<ul>\n<li><strong>Echtzeit-\u00dcberwachung:<\/strong> Cloud-basierte Diagnosen und WiFi\/Ethernet-Integration erm\u00f6glichen es Ihnen, den Systemzustand von \u00fcberall aus zu verfolgen.<\/li>\n<li><strong>\u00dcberlegene Effizienz:<\/strong> Unsere Hardware erreicht eine Rundreise-Effizienz von bis zu 98%, wodurch Energieverluste bei der Umwandlung minimiert werden.<\/li>\n<li><strong>Mehrstufige Sicherheit:<\/strong> Integrierte Protokolle sch\u00fctzen vor \u00dcberspannung, Kurzschl\u00fcssen und thermischem Durchgehen.<\/li>\n<li><strong>Thermisches Management:<\/strong> Erweiterte K\u00fchlungen sorgen daf\u00fcr, dass das System w\u00e4hrend hoher Entladungsphasen optimale Temperaturen beibeh\u00e4lt.<\/li>\n<\/ul>\n<p>Als f\u00fchrender <a href=\"https:\/\/haisicstorage.com\/de\/battery-energy-storage-system-company\/\">Batteriespeichersystem-Unternehmen<\/a>, legen wir Wert auf nahtlose Integration. Unsere modularen Einheiten sind f\u00fcr eine \u201cStack-and-Play\u201d-Installation konzipiert, arbeiten m\u00fchelos mit bestehenden Solar-Wechselrichtern und Stromnetzen zusammen. Diese technische Pr\u00e4zision stellt sicher, dass Ihre <strong>ESS-Energiespeichern<\/strong> setup bietet zuverl\u00e4ssige, leistungsstarke Ausgabe, wann immer Sie sie am dringendsten ben\u00f6tigen.<\/p>\n<h2>Schl\u00fcsseltechnische Spezifikationen unserer ESS-Batteriespeicher<\/h2>\n<p>Leistung ist der Bereich, in dem unsere <strong>ESS-Energiespeichern<\/strong> Systeme herausragen. Wir konzentrieren uns darauf, hocheffiziente L\u00f6sungen zu entwickeln, die nicht einfach herumliegen \u2013 sie arbeiten auch unter Druck. Ob Sie eine kleine Wohninstallation oder eine riesige containerisierte Industrieeinheit suchen, unsere technischen Standards bleiben kompromisslos.<\/p>\n<h3><strong>Kernleistungskennzahlen<\/strong><\/h3>\n<ul>\n<li><strong>Rund-Trip-Effizienz:<\/strong> Wir erreichen bis zu <strong>98% Effizienz<\/strong>, was minimale Energieverluste w\u00e4hrend des Lade- und Entladevorgangs sicherstellt.<\/li>\n<li><strong>Spannungsflexibilit\u00e4t:<\/strong> Systeme sind in Standard-48V-Niederspannungskonfigurationen erh\u00e4ltlich oder <a href=\"https:\/\/haisicstorage.com\/de\/haisic-512v-100ah-highvoltage-lifepo4-battery\/\">High-Voltage-LiFePO4-Batterie<\/a> Setups f\u00fcr gr\u00f6\u00dfere Leistungsanforderungen.<\/li>\n<li><strong>Zyklenleben:<\/strong> Garantierte hohe Zyklenstabilit\u00e4t mit <strong>&gt;6.000 Zyklen<\/strong> bei 80% Tiefentladung (DoD), was \u00fcber ein Jahrzehnt zuverl\u00e4ssigen Dienstes gew\u00e4hrleistet.<\/li>\n<li><strong>Kapazit\u00e4tsbereich:<\/strong> Wirklich modulare Skalierbarkeit, beginnend bei 5kWh Wohnbausteinen bis zu <strong>2MWh+ industriellen Containern<\/strong>.<\/li>\n<\/ul>\n<table>\n<thead>\n<tr>\n<th style=\"text-align: left;\">Merkmal<\/th>\n<th style=\"text-align: left;\">Spezifikationsdetails<\/th>\n<\/tr>\n<\/thead>\n<tbody>\n<tr>\n<td style=\"text-align: left;\"><strong>Zellchemie<\/strong><\/td>\n<td style=\"text-align: left;\">Lithium-Eisenphosphat (LiFePO4)<\/td>\n<\/tr>\n<tr>\n<td style=\"text-align: left;\"><strong>Kommunikation<\/strong><\/td>\n<td style=\"text-align: left;\">CAN, RS485, WiFi\/Ethernet<\/td>\n<\/tr>\n<tr>\n<td style=\"text-align: left;\"><strong>Schutzklasse<\/strong><\/td>\n<td style=\"text-align: left;\">IP20 (Indoor) bis IP55\/IP65 (Outdoor)<\/td>\n<\/tr>\n<tr>\n<td style=\"text-align: left;\"><strong>Entladegrenze<\/strong><\/td>\n<td style=\"text-align: left;\">80% \u2013 90% optimized for longevity<\/td>\n<\/tr>\n<tr>\n<td style=\"text-align: left;\"><strong>Verwaltung<\/strong><\/td>\n<td style=\"text-align: left;\">Integriertes Mehrstufen-BMS mit Cloud-\u00dcberwachung<\/td>\n<\/tr>\n<\/tbody>\n<\/table>\n<h3><strong>Sicherheit und Standards<\/strong><\/h3>\n<p>Sicherheit ist unsere Basis. Unser <strong>Lithium-Eisenphosphat-ESS<\/strong> verwendet ungiftige, thermisch stabile Chemie, die die Risiken traditioneller Lithium-Ionen-Varianten eliminiert. Jede Einheit wird so gebaut, dass sie internationale Sicherheitszertifizierungen erf\u00fcllt, wodurch das System auch bei hohen Entladungsraten und Spitzenlasten die Hardware nicht beeintr\u00e4chtigt. Diese professionelle Bauqualit\u00e4t f\u00fchrt direkt zu niedrigeren Gesamtkosten des Eigentums und zu einer h\u00f6heren Rendite (ROI) f\u00fcr Ihre Energieinvestition.<\/p>\n<h2>Praxisnahe Anwendungen f\u00fcr ESS-Energiespeicher<\/h2>\n<p>Wir entwerfen unsere <strong>ESS-Energiespeichern<\/strong> L\u00f6sungen, um die dr\u00e4ngendsten Energien Herausforderungen in verschiedenen Sektoren anzugehen. Ob das Ziel ist, monatliche Rechnungen zu senken oder eine 24\/7-Stromverf\u00fcgbarkeit sicherzustellen, unsere Systeme bieten die Flexibilit\u00e4t, die f\u00fcr modernes Energiemanagement ben\u00f6tigt wird.<\/p>\n<h3>Maximierung von Effizienz und Unabh\u00e4ngigkeit<\/h3>\n<p>Unsere Technologie konzentriert sich auf praktikablen Nutzen, sodass jeder Kilowattstunde effektiv genutzt wird durch folgende Anwendungen:<\/p>\n<ul>\n<li><strong>Solar-PV-Optimierung:<\/strong> Selbstverbrauch maximieren, indem \u00fcbersch\u00fcssige Tageserzeugung gespeichert wird. Mit einem <a href=\"https:\/\/haisicstorage.com\/de\/5kw-power-energy-storage-solar-system-for-home\/\">5 kW Power-Energiespeicher-Solarsystem f\u00fcr Zuhause<\/a>, k\u00f6nnen Bewohner ihre H\u00e4user \u00fcber Nacht mit sauberer tags\u00fcber gewonnenen Energie versorgen.<\/li>\n<li><strong>Industrie-Peak-Shaving:<\/strong> Hochkapazit\u00e4ts <strong>Industriespeicherbatterie<\/strong> allows businesses to discharge power during peak demand periods. This \u201cshaves\u201d the load peaks that lead to expensive utility demand charges.<\/li>\n<li><strong>Notfall-Backup und USV:<\/strong> Unser <strong>LiFePO4-Batteriespeicher<\/strong> dient als robuste unterbrechungsfreie Stromversorgung. Im Falle eines Netzausfalls schaltet das System sofort um, um kritische medizinische, sicherheitsrelevante oder Datenausr\u00fcstung am Laufen zu halten.<\/li>\n<li><strong>Mikronetz und Fernstromversorgung:<\/strong> F\u00fcr Regionen mit instabilem oder nicht vorhandenen Netzzugang, unser <a href=\"https:\/\/haisicstorage.com\/de\/tqs4-2kw7-168kwh-stackable-power-energy-storage\/\">stapelbare Energiespeicher<\/a> schafft eine stabile Mikronetzumgebung und gleicht Angebot und Nachfrage in Echtzeit aus.<\/li>\n<li><strong>Energie-Arbitrage:<\/strong> Intelligentes Management erm\u00f6glicht es Benutzern, ihre <strong>BESS<\/strong> zu laden, wenn die Strompreise am niedrigsten sind, und diese gespeicherte Energie zu nutzen, wenn die Netzpreise steigen, um die bestm\u00f6gliche Kapitalrendite zu sichern.<\/li>\n<\/ul>\n<p>Durch die Umsetzung dieser <strong>Energiespeichersystem<\/strong> Strategien helfen wir unseren Kunden, sich von passiven Verbrauchern zu aktiven Energiemanagern zu entwickeln und so sowohl ihre Stromversorgung als auch ihre finanzielle Situation abzusichern.<\/p>\n<h2>Warum sollten Sie sich f\u00fcr unsere ESS-Batteriespeicherl\u00f6sungen entscheiden?<\/h2>\n<p>Wir konzentrieren uns darauf, zu liefern <strong>ESS-Energiespeichern<\/strong> die sowohl zuverl\u00e4ssig als auch anpassungsf\u00e4hig ist. Unsere Systeme sind darauf ausgelegt, reale Energieherausforderungen zu l\u00f6sen, indem sie eine sichere, langfristige Investition f\u00fcr private und gewerbliche Nutzer bieten.<\/p>\n<h3>Skalierbares modulares Design<\/h3>\n<p>Our \u201cstack-and-play\u201d architecture eliminates the need for complex rewiring when you want to grow. You can start with a basic setup and expand your capacity at any time. This modular scalability ensures your energy infrastructure evolves alongside your power demands.<\/p>\n<h3>Eingebaute Sicherheits- und Schutzfunktionen<\/h3>\n<p>Sicherheit hat bei uns oberste Priorit\u00e4t. Wir verwenden ausschlie\u00dflich <strong>Lithium-Eisenphosphat (LiFePO4)<\/strong> Chemie, die von Natur aus stabil und ungiftig ist. Jede Einheit umfasst:<\/p>\n<ul>\n<li><strong>Mehrstufige Sicherheitsprotokolle<\/strong> verwaltet von einem integrierten BMS.<\/li>\n<li><strong>Hohe thermische Stabilit\u00e4t<\/strong> um \u00dcberhitzung zu verhindern.<\/li>\n<li><strong>IP-zertifizierte Geh\u00e4use<\/strong> f\u00fcr verschiedene Installationsumgebungen.<\/li>\n<\/ul>\n<h3>Bessere Kapitalrendite und niedrigere Betriebskosten<\/h3>\n<p>Investitionen in unsere <strong>ESS-Energiespeichern<\/strong> Rentiert sich durch Effizienz und Langlebigkeit. Mit einer Round-Trip-Effizienz von bis zu 98% und einer garantierten Lebensdauer von \u00fcber 6.000 Zyklen bei 80% Depth of Discharge bieten diese Systeme im Vergleich zu herk\u00f6mmlichen Alternativen deutlich niedrigere Gesamtbetriebskosten. F\u00fcr Gro\u00dfprojekte\/ggf. Gro\u00dfbetriebe unser <a href=\"https:\/\/haisicstorage.com\/de\/haisic-1mwh-ess-allinone-solar-energy-storage-system-200kw\/\">haisic 1mwh ess All-in-One-Solarspeichersystem<\/a> bietet eine Hochkapazit\u00e4ts-, containerisierte L\u00f6sung, die f\u00fcr maximale Rendite ausgelegt ist.<\/p>\n<h3>Umweltfreundliche und nachhaltige Energie<\/h3>\n<p>Wir helfen Ihnen, Ihre CO2-Bilanz zu reduzieren, indem wir die Nutzung erneuerbarer Energien maximieren. Unsere Systeme erm\u00f6glichen es, \u00fcbersch\u00fcssige Solarenergie tags\u00fcber zu speichern und nachts zu nutzen, wodurch die Abh\u00e4ngigkeit vom Netz minimiert wird. F\u00fcr Hausbesitzer, die eine intelligente, nachhaltige L\u00f6sung suchen, der <a href=\"https:\/\/haisicstorage.com\/de\/touchscreen-20480wh-home-energy-storage-battery\/\">Touchscreen 20480wh Heimenergiespeicher-Batterie<\/a> bietet eine einfach zu verwaltende Schnittstelle, um Ihre Energieunabh\u00e4ngigkeit in Echtzeit zu verfolgen.<\/p>\n<ul>\n<li><strong>Zuverl\u00e4ssigkeit:<\/strong> Hohe Entladungsraten zur Bew\u00e4ltigung von Spitzenlasten.<\/li>\n<li><strong>Intelligenz:<\/strong> Cloudbasierte Fern\u00fcberwachung und -diagnose.<\/li>\n<li><strong>Einfachheit:<\/strong> Plug-and-Play-Installation f\u00fcr eine schnellere Inbetriebnahme.<\/li>\n<\/ul>\n<h2>Bewiesene Leistung im ESS-Batteriespeicher<\/h2>\n<p>Wir haben modulare Energiespeichersysteme in unterschiedlichsten Umgebungen eingesetzt und dabei konstant Zuverl\u00e4ssigkeit und Kosteneffizienz bewiesen. Unsere Projekte zeigen, dass der Umstieg auf LiFePO4-Technologie kein Trend ist; es ist eine messbare Verbesserung der Betriebsstabilit\u00e4t.<\/p>\n<h3>Industrielle und kommerzielle Ergebnisse<\/h3>\n<p>In gro\u00df angelegten Industrieanlagen konzentrieren sich unsere <strong>Industriespeicherbatterie<\/strong> L\u00f6sungen auf Spitzenlastbegrenzung. Durch Entladung w\u00e4hrend Phasen hoher Nachfrage haben diese Unternehmen ihre Versorgungsgeb\u00fchren deutlich reduziert.<\/p>\n<ul>\n<li><strong>Spitzenkappung:<\/strong> Reduzierte Netzentgeltkosten um bis zu 30%.<\/li>\n<li><strong>Effizienz:<\/strong> Aufrechterhalten einer Round-Trip-Effizienz von 98% in schweren Zyklen.<\/li>\n<li><strong>Thermische Stabilit\u00e4t:<\/strong> Integrierte K\u00fchlsysteme gew\u00e4hrleisteten den 24\/7-Betrieb auch in Hochtemperaturumgebungen.<\/li>\n<\/ul>\n<h3>Erfolgsgeschichten im Wohnbereich<\/h3>\n<p>Hausbesitzer, die unser <strong>Wohn-ESS<\/strong> erreichen ein hohes Ma\u00df an energetischer Unabh\u00e4ngigkeit. Unsere <a href=\"https:\/\/haisicstorage.com\/de\/battery-storage-for-home\/\">Batteriespeicher f\u00fcr Zuhause<\/a> Systeme erm\u00f6glichen es den Nutzern, \u00fcbersch\u00fcssige Solarenergie tags\u00fcber zu speichern und sie nachts zu verwenden, wodurch die Abh\u00e4ngigkeit vom Netz minimiert wird.<\/p>\n<ul>\n<li><strong>Eigenverbrauch:<\/strong> Erh\u00f6hte Solarauslastungsraten von 30% auf \u00fcber 80%.<\/li>\n<li><strong>Backup-Zuverl\u00e4ssigkeit:<\/strong> Nahtlos w\u00e4hrende Stromversorgung bei lokalen Netzausf\u00e4llen mit null Verz\u00f6gerung im USV-Modus.<\/li>\n<li><strong>Modulares Wachstum:<\/strong> Mehrere Kunden begannen mit einer 5kWh-Einheit und bauten auf 15kWh aus, da ihr Energiebedarf wuchs, unter Nutzung unseres Stack-and-Play-Designs.<\/li>\n<\/ul>\n<h3>Kundenfeedback und Kennzahlen<\/h3>\n<p>Das Feedback unserer globalen Partner hebt den Langzeitwert unserer <strong>ESS-Energiespeichern<\/strong> Systeme hervor. Die Nutzer berichten, dass das integrierte BMS Ruhe durch Echtzeit-Cloud-\u00dcberwachung bietet und es ihnen erm\u00f6glicht, ihre ROI und den Systemzustand von \u00fcberall aus zu verfolgen. Mit einer garantierten Zyklenlebensdauer von \u00fcber 6.000 Zyklen arbeiten diese Installationen noch Jahre nach der ersten Einrichtung mit hoher Kapazit\u00e4t.<\/p>\n<h2>H\u00e4ufige Fragen zu ESS-Batteriespeichern<\/h2>\n<p>In eine <strong>ESS-Energiespeichern<\/strong> Systeme ist ein bedeutender Schritt in Richtung Energieunabh\u00e4ngigkeit. Wir konzentrieren uns darauf, den \u00dcbergang von der ersten Einrichtung bis zum langfristigen Betrieb einfach zu gestalten.<\/p>\n<h3>Installations- und Wartungsbedarf<\/h3>\n<p>Our systems are designed for a \u201cplug-and-play\u201d experience. Whether you choose a wall-mounted unit or a <strong>containerisierte Energiespeicherung<\/strong> L\u00f6sung, das modulare Design sorgt f\u00fcr eine schnelle Integration in Ihr Stromnetz. Da wir ausschlie\u00dflich verwenden <strong>LiFePO4-Batteriespeicher<\/strong> Chemie, besteht kein Bedarf an der schweren Wartung, die mit traditionellen Blei-S\u00e4ure-Batterien verbunden ist. Die Echtzeit-Gesundheitschecks werden vom integrierten BMS erledigt, das Sie \u00fcber die Cloud \u00fcberwachen k\u00f6nnen.<\/p>\n<h3>Berechnung von ROI und Amortisation<\/h3>\n<p>Die Kapitalrendite f\u00fcr eine <strong>Batteriespeicher-System (BESS)<\/strong> wird von Effizienz und Langlebigkeit angetrieben.<\/p>\n<ul>\n<li><strong>Hohe Effizienz:<\/strong> Eine 98% Rund-ums-Effizienz bedeutet minimale Energieverluste beim Laden und Entladen.<\/li>\n<li><strong>Zyklenleben:<\/strong> Mit \u00fcber 6.000 Zyklen h\u00e4lt das System l\u00e4nger als Standardalternativen und streckt die anf\u00e4nglichen Kosten \u00fcber einen viel l\u00e4ngeren Zeitraum.<\/li>\n<li><strong>Kosteneinsparungen:<\/strong> Durch die Nutzung von Spitzenabsenkung und Maximierung des Selbstverbrauchs verringern Anwender ihre Abh\u00e4ngigkeit von teurem Netzstrom erheblich.<\/li>\n<li><strong>Budgetierung:<\/strong> Verst\u00e4ndnis der <a href=\"https:\/\/haisicstorage.com\/de\/home-battery-storage-without-solar-maintenance-cost-annual-budget\/\">Hausbatteriespeicher ohne Solar-Wartungskosten<\/a> hilft bei der Planung einer realistischen Amortisationszeit f\u00fcr Wohnanlagen.<\/li>\n<\/ul>\n<h3>Kompatibilit\u00e4t mit bestehenden Solaranlagen<\/h3>\n<p>Unser <strong>ESS-Energiespeichern<\/strong> L\u00f6sungen sind darauf ausgelegt, universell zu sein. Sie kommunizieren \u00fcber Standardprotokolle wie CAN und RS485 und sorgen daf\u00fcr, dass sie sich perfekt mit den meisten modernen Hybrid-Wechselrichtern und Solarmodulen synchronisieren. Sie k\u00f6nnen unsere modulare Batterieriegel einfach zu einem bestehenden PV-System hinzuf\u00fcgen, um \u00fcbersch\u00fcssige Energie sofort zu speichern, ohne eine vollst\u00e4ndige System\u00fcberholung zu ben\u00f6tigen.<\/p>","protected":false},"excerpt":{"rendered":"<p>Haisic ESS Batteriespeicher bietet skalierbare LiFePO4 Energiespeicherl\u00f6sungen f\u00fcr Wohn-, Gewerbe- und Versorgungsprojekte<\/p>","protected":false},"featured_media":1438,"template":"","meta":{"site-sidebar-layout":"default","site-content-layout":"","ast-site-content-layout":"default","site-content-style":"default","site-sidebar-style":"default","ast-global-header-display":"","ast-banner-title-visibility":"","ast-main-header-display":"","ast-hfb-above-header-display":"","ast-hfb-below-header-display":"","ast-hfb-mobile-header-display":"","site-post-title":"","ast-breadcrumbs-content":"","ast-featured-img":"","footer-sml-layout":"","ast-disable-related-posts":"","theme-transparent-header-meta":"default","adv-header-id-meta":"","stick-header-meta":"default","header-above-stick-meta":"","header-main-stick-meta":"","header-below-stick-meta":"","astra-migrate-meta-layouts":"set","ast-page-background-enabled":"default","ast-page-background-meta":{"desktop":{"background-color":"var(--ast-global-color-4)","background-image":"","background-repeat":"repeat","background-position":"center center","background-size":"auto","background-attachment":"scroll","background-type":"","background-media":"","overlay-type":"","overlay-color":"","overlay-opacity":"","overlay-gradient":""},"tablet":{"background-color":"","background-image":"","background-repeat":"repeat","background-position":"center center","background-size":"auto","background-attachment":"scroll","background-type":"","background-media":"","overlay-type":"","overlay-color":"","overlay-opacity":"","overlay-gradient":""},"mobile":{"background-color":"","background-image":"","background-repeat":"repeat","background-position":"center center","background-size":"auto","background-attachment":"scroll","background-type":"","background-media":"","overlay-type":"","overlay-color":"","overlay-opacity":"","overlay-gradient":""}},"ast-content-background-meta":{"desktop":{"background-color":"var(--ast-global-color-5)","background-image":"","background-repeat":"repeat","background-position":"center center","background-size":"auto","background-attachment":"scroll","background-type":"","background-media":"","overlay-type":"","overlay-color":"","overlay-opacity":"","overlay-gradient":""},"tablet":{"background-color":"var(--ast-global-color-5)","background-image":"","background-repeat":"repeat","background-position":"center center","background-size":"auto","background-attachment":"scroll","background-type":"","background-media":"","overlay-type":"","overlay-color":"","overlay-opacity":"","overlay-gradient":""},"mobile":{"background-color":"var(--ast-global-color-5)","background-image":"","background-repeat":"repeat","background-position":"center center","background-size":"auto","background-attachment":"scroll","background-type":"","background-media":"","overlay-type":"","overlay-color":"","overlay-opacity":"","overlay-gradient":""}}},"product_brand":[],"product_cat":[47],"product_tag":[],"class_list":{"0":"post-3199","1":"product","2":"type-product","3":"status-publish","4":"has-post-thumbnail","6":"product_cat-residetial-ess","7":"desktop-align-left","8":"tablet-align-left","9":"mobile-align-left","10":"ast-product-gallery-layout-horizontal-slider","11":"ast-product-tabs-layout-horizontal","13":"first","14":"instock","15":"shipping-taxable","16":"purchasable","17":"product-type-simple"},"_links":{"self":[{"href":"https:\/\/haisicstorage.com\/de\/wp-json\/wp\/v2\/product\/3199","targetHints":{"allow":["GET"]}}],"collection":[{"href":"https:\/\/haisicstorage.com\/de\/wp-json\/wp\/v2\/product"}],"about":[{"href":"https:\/\/haisicstorage.com\/de\/wp-json\/wp\/v2\/types\/product"}],"version-history":[{"count":2,"href":"https:\/\/haisicstorage.com\/de\/wp-json\/wp\/v2\/product\/3199\/revisions"}],"predecessor-version":[{"id":3202,"href":"https:\/\/haisicstorage.com\/de\/wp-json\/wp\/v2\/product\/3199\/revisions\/3202"}],"wp:featuredmedia":[{"embeddable":true,"href":"https:\/\/haisicstorage.com\/de\/wp-json\/wp\/v2\/media\/1438"}],"wp:attachment":[{"href":"https:\/\/haisicstorage.com\/de\/wp-json\/wp\/v2\/media?parent=3199"}],"wp:term":[{"taxonomy":"product_brand","embeddable":true,"href":"https:\/\/haisicstorage.com\/de\/wp-json\/wp\/v2\/product_brand?post=3199"},{"taxonomy":"product_cat","embeddable":true,"href":"https:\/\/haisicstorage.com\/de\/wp-json\/wp\/v2\/product_cat?post=3199"},{"taxonomy":"product_tag","embeddable":true,"href":"https:\/\/haisicstorage.com\/de\/wp-json\/wp\/v2\/product_tag?post=3199"}],"curies":[{"name":"wp","href":"https:\/\/api.w.org\/{rel}","templated":true}]}}