{"id":2767,"date":"2025-12-15T04:22:48","date_gmt":"2025-12-15T04:22:48","guid":{"rendered":"https:\/\/haisicstorage.com\/haisic-256v-280ah-7168wh-lifepo4-battery-pack\/"},"modified":"2026-02-27T06:44:05","modified_gmt":"2026-02-27T06:44:05","slug":"haisic-256v-280ah-7168wh-lifepo4-battery-pack","status":"publish","type":"product","link":"https:\/\/haisicstorage.com\/de\/haisic-256v-280ah-7168wh-lifepo4-battery-pack\/","title":{"rendered":"Haisic 25,6V 280Ah LiFePO4-Batteriepaket 7168Wh Solar Speicher"},"content":{"rendered":"<h2>Produkt\u00fcbersicht: Zuverl\u00e4ssiges Haisic 25.6V 280Ah LiFePO4-Batteriepaket<\/h2>\n<p>Auf der Suche nach einer zuverl\u00e4ssigen Batterie, die Solarenergiespeicherung, Heim-Backup oder Off-Grid-Strombedarf bew\u00e4ltigen kann? Der <strong>Haisic 25.6V 280Ah 7168Wh LiFePO4-Batteriepack<\/strong> ist darauf ausgelegt, genau das zu liefern. Entwickelt mit fortschrittlicher Lithium-Eisenphosphat-Technologie (LiFePO4), bietet dieses 24V-Nennwert-Batteriepaket eine perfekte Balance von <strong>hoher Energiedichte<\/strong>, <strong>langer Zyklenlebensdauer<\/strong>, und <strong>erstklassiger Sicherheit<\/strong>.<\/p>\n<p>Egal, ob Sie ein bestehendes Heimsystem f\u00fcr Solarenergie aufr\u00fcsten oder eine hybride Off-Grid-L\u00f6sung einrichten \u2013 diese Batterie \u00fcberzeugt durch konstante, zuverl\u00e4ssige Leistung. Ihre <strong>7,17 kWh Kapazit\u00e4t<\/strong> und die Nennleistung von <strong>7168Wh<\/strong> sichern, dass Sie bei Bedarf \u00fcber betr\u00e4chtlich gespeicherte Energie verf\u00fcgen, w\u00e4hrend die Lithium-Eisenphosphat-Chemie Sicherheit durch verbesserte thermische Stabilit\u00e4t und kein Risiko eines thermischen Durchgehens bietet \u2013 eine h\u00e4ufige Sorge bei anderen Lithiumchemien.<\/p>\n<p>Kurz gesagt, das <strong>Haisic HS-LD25280<\/strong> Tiefzyklus-Solarbatteriepaket zeichnet sich durch Haltbarkeit und Effizienz aus und ist eine vertrauensw\u00fcrdige Wahl f\u00fcr Solar-Heimspeicherung, Wohnmobile, Maritime Anwendungen und kommerzielle Energieanlagen, die zuverl\u00e4ssige, langlebige Leistung erfordern.<\/p>\n<h2>Wichtige Merkmale des Haisic 25.6V 280Ah LiFePO4-Batteriepack<\/h2>\n<p>Das Haisic 25.6V 280Ah LiFePO4-Batteriepaket kombiniert erstklassige Sicherheit und Leistung f\u00fcr zuverl\u00e4ssige Energiespeicherung. Hier ist, was es auszeichnet:<\/p>\n<table>\n<thead>\n<tr>\n<th>Merkmal<\/th>\n<th>Vorteil<\/th>\n<\/tr>\n<\/thead>\n<tbody>\n<tr>\n<td><strong>LiFePO4 Chemie<\/strong><\/td>\n<td>Hervorragende Sicherheit mit geringem thermischen Risiko<\/td>\n<\/tr>\n<tr>\n<td><strong>Integriertes BMS (Batterie-Management-System)<\/strong><\/td>\n<td>Sch\u00fctzt vor \u00dcbercharge, Tiefentladung und Kurzschl\u00fcssen<\/td>\n<\/tr>\n<tr>\n<td><strong>Lange Zyklenlebensdauer<\/strong><\/td>\n<td>\u00dcber 6000 Zyklen bei 80% Tiefentladung (DOD)<\/td>\n<\/tr>\n<tr>\n<td><strong>Modulares Design<\/strong><\/td>\n<td>Durch Anschluss von bis zu 8 Einheiten parallel leicht erweiterbar<\/td>\n<\/tr>\n<tr>\n<td><strong>Hohe Entladungsf\u00e4higkeit<\/strong><\/td>\n<td>Unterst\u00fctzt anspruchsvolle Lasten mit bis zu 200 A maximaler Dauerentladung<\/td>\n<\/tr>\n<\/tbody>\n<\/table>\n<p>Diese Merkmale sorgen daf\u00fcr, dass das Batteriepaket den t\u00e4glichen schweren Einsatz meistert und gleichzeitig Sicherheit und Effizienz bewahrt. Ob f\u00fcr Solar-Heimspeicherung oder Off-Grid-Systeme, diese 25,6 V LiFePO4-Batterie liefert konstante Leistung und Flexibilit\u00e4t.<\/p>\n<p>F\u00fcr erweiterte Systemaufbauten unterst\u00fctzt das modulare Design die parallele Erweiterung, ideal f\u00fcr wachsende Wohn- oder Gesch\u00e4ftssolarbatterie-Banken.<\/p>\n<p>Erfahren Sie mehr \u00fcber die Integration dieses Packs mit kompatiblen Systemen in unserer <a href=\"https:\/\/haisicstorage.com\/de\/home-lithium-battery-storage\/\">Heimspeicherl\u00f6sungen mit Lithiumbatterien an<\/a>.<\/p>\n<h2>Technischen Spezifikationen der Haisic 25.6V 280Ah LiFePO4-Batteriepaket<\/h2>\n<p>Hier ein kurzer Blick auf die wichtigsten Spezifikationen des Haisic 25,6V 280Ah 7168Wh LiFePO4-Batteriepakets, das zuverl\u00e4ssige Solarenergie\u00adspeicherung und zuverl\u00e4ssige Haushaltsunterbrechungsversorgung liefert:<\/p>\n<table>\n<thead>\n<tr>\n<th><strong>Spezifikation<\/strong><\/th>\n<th><strong>Details<\/strong><\/th>\n<\/tr>\n<\/thead>\n<tbody>\n<tr>\n<td><strong>Batterietyp<\/strong><\/td>\n<td>LiFePO4 (Lithium-Eisenphosphat)<\/td>\n<\/tr>\n<tr>\n<td><strong>Modellnummer<\/strong><\/td>\n<td>HS-LD25280<\/td>\n<\/tr>\n<tr>\n<td><strong>Nennspannung<\/strong><\/td>\n<td>25,6 V<\/td>\n<\/tr>\n<tr>\n<td><strong>Nennkapazit\u00e4t<\/strong><\/td>\n<td>280Ah<\/td>\n<\/tr>\n<tr>\n<td><strong>Nennenergie<\/strong><\/td>\n<td>7168Wh (7,17kWh)<\/td>\n<\/tr>\n<tr>\n<td><strong>Lebensdauer<\/strong><\/td>\n<td>&gt;6000 Zyklen (0,5C bei 25\u00b0C, 80% DOD)<\/td>\n<\/tr>\n<tr>\n<td><strong>Abmessungen (L x B x H)<\/strong><\/td>\n<td>464 mm x 273 mm x 340 mm<\/td>\n<\/tr>\n<tr>\n<td><strong>Gewicht<\/strong><\/td>\n<td>53,8 kg<\/td>\n<\/tr>\n<tr>\n<td><strong>Empfohlene Lade-Stromst\u00e4rke<\/strong><\/td>\n<td>40A<\/td>\n<\/tr>\n<tr>\n<td><strong>Maximale Lade-Stromst\u00e4rke<\/strong><\/td>\n<td>100 A<\/td>\n<\/tr>\n<tr>\n<td><strong>Kontinuierliche Entladestrom<\/strong><\/td>\n<td>100 A<\/td>\n<\/tr>\n<tr>\n<td><strong>Maximale kontinuierliche Entladungsstrom<\/strong><\/td>\n<td>200A<\/td>\n<\/tr>\n<tr>\n<td><strong>Betriebstemperatur<\/strong> (Laden\/Entladen)<\/td>\n<td>0\u00b0C bis 55\u00b0C<\/td>\n<\/tr>\n<tr>\n<td><strong>Anschlussart<\/strong><\/td>\n<td>M8<\/td>\n<\/tr>\n<tr>\n<td><strong>Zertifizierungen<\/strong><\/td>\n<td>CE, FCC, RoHS, MSDS, UN38.3<\/td>\n<\/tr>\n<\/tbody>\n<\/table>\n<p>Dieses Pack ist auf solide Leistung ausgelegt, mit starkem Fokus auf Sicherheit und langlebige Kapazit\u00e4t. Die hohen Entladungsstr\u00f6me unterst\u00fctzen anspruchsvolle Lasten, was es ideal f\u00fcr Wohn-Solaranwendungen und Off-Grid-Anwendungen macht.<\/p>\n<p>F\u00fcr Benutzer, die nach unterschiedlichen Spannungsoptionen oder Kapazit\u00e4ten suchen, bietet Haisic auch eine Reihe verwandter Produkte wie deren <a href=\"https:\/\/haisicstorage.com\/de\/haisic-48v-100ah-lifepo4-rackmounted-battery-pack\/\">48V 100Ah LiFePO4 rackmontierte Batteriepaket<\/a> welches gut zu hybriden Wechselrichter-Systemen passt.<\/p>\n<h2>Anwendungen des Haisic 25,6V 280Ah 7168Wh LiFePO4-Batteriepacks<\/h2>\n<p>Der Haisic 25,6V 280Ah 7168Wh LiFePO4-Batteriepack ist perfekt f\u00fcr eine breite Palette von Anwendungen. Es gl\u00e4nzt in <strong>residenzielle Solarenergie-Speicherung<\/strong>, wodurch Hausbesitzer zuverl\u00e4ssige Energie Tag und Nacht haben. Ob Sie ein <strong>hybrides Solarsystem<\/strong> haben oder ganz <strong>au\u00dferhalb des Netzes<\/strong>, liefert dieser Batteriepack eine konstante Energie, auf die Sie z\u00e4hlen k\u00f6nnen.<\/p>\n<p>Er ist auch ideal f\u00fcr <strong>Heim-Notstromversorgung<\/strong>, um essenzielle Ger\u00e4te w\u00e4hrend Stromausf\u00e4llen am Laufen zu halten. F\u00fcr Reisende mit Wohnmobilen, Segeljachten oder Golfr\u00e4dern bedeutet das Upgrade auf dieses <strong>280Ah Solar-Batteriepack<\/strong> l\u00e4ngere, sicherere Reisen mit reichlich Strom.<\/p>\n<p>\u00dcber den h\u00e4uslichen Einsatz hinaus unterst\u00fctzt der Pack <strong>kommerziellen Energiespeicher-Ausbau<\/strong>, was ihn zu einer gro\u00dfartigen Wahl f\u00fcr Unternehmen macht, die robuste, skalierbare Lithiumbatterie-L\u00f6sungen w\u00fcnschen. Sein modulares Design passt gut in gr\u00f6\u00dfere Systeme, sobald Ihr Energiebedarf w\u00e4chst.<\/p>\n<p>F\u00fcr Integrationen, die eine nahtlose Leistung erfordern, schauen Sie sich Haisics weitere Energiespeicheroptionen an, wie z. B. ihr <a href=\"https:\/\/haisicstorage.com\/de\/5kw-power-energy-storage-solar-system-for-home\/\">5 kW Solarstromsystem f\u00fcr zu Hause<\/a> f\u00fcr komplette Solarl\u00f6sungen.<\/p>\n<p>Kurz gesagt, dieses <strong>25.6V LiFePO4 Batterie<\/strong> passt zu vielen Szenarien\u2014ob Sie eine zuverl\u00e4ssige Heimenergie-Backup-L\u00f6sung w\u00fcnschen oder eine leistungsstarke Off-Grid-Lithium-Batterie f\u00fcr Ihre mobilen oder gewerblichen Bed\u00fcrfnisse suchen.<\/p>\n<h2>Vorteile der LiFePO4-Technologie<\/h2>\n<p>LiFePO4-Batterien, wie der Haisic 25,6V 280Ah-Paket, bieten klare Vorteile gegen\u00fcber herk\u00f6mmlichen Blei-S\u00e4ure-Batterien und sind damit eine erstklassige Wahl f\u00fcr Solarenergiespeicherung und Off-Grid-Einrichtungen. So schneiden sie sich ab:<\/p>\n<table>\n<thead>\n<tr>\n<th>Merkmal<\/th>\n<th>LiFePO4-Batterie<\/th>\n<th>Blei-S\u00e4ure-Batterie<\/th>\n<\/tr>\n<\/thead>\n<tbody>\n<tr>\n<td><strong>Gewicht<\/strong><\/td>\n<td>Deutlich leichter<\/td>\n<td>Schwerer und sperrig<\/td>\n<\/tr>\n<tr>\n<td><strong>Entladegrenze<\/strong><\/td>\n<td>Bis zu 80% ohne Schaden<\/td>\n<td>Normalerweise auf 50% begrenzt<\/td>\n<\/tr>\n<tr>\n<td><strong>Lebensdauer<\/strong><\/td>\n<td>\u00dcber 6000 Zyklen<\/td>\n<td>Rund 500-1000 Zyklen<\/td>\n<\/tr>\n<tr>\n<td><strong>Wartung<\/strong><\/td>\n<td>wartungsfrei<\/td>\n<td>Erfordert regelm\u00e4\u00dfige Wartung<\/td>\n<\/tr>\n<tr>\n<td><strong>Sicherheit<\/strong><\/td>\n<td>Sehr sicher, kein thermisches Durchgehen-Risiko<\/td>\n<td>H\u00f6heres Risiko von \u00dcberhitzung und Explosion<\/td>\n<\/tr>\n<tr>\n<td><strong>Energiedichte<\/strong><\/td>\n<td>H\u00f6here Energiedichte pro kg<\/td>\n<td>Niedrigere Energiedichte<\/td>\n<\/tr>\n<\/tbody>\n<\/table>\n<p>Mit leichterem Design und tieferer Entladef\u00e4higkeit bietet die Haisic 25,6V 280Ah LiFePO4-Batterie eine l\u00e4ngere Lebensdauer und gr\u00f6\u00dfere Zuverl\u00e4ssigkeit f\u00fcr Wohnsolaranlagen und Backup-Stromsysteme. Zudem sorgt die Chemie f\u00fcr verbesserte Sicherheit \u2013 ideal f\u00fcr den Heim- und Off-Grid-Einsatz.<\/p>\n<p>Das bedeutet mehr nutzbare Energie, weniger Aufwand und eine sicherere Speicherl\u00f6sung im Vergleich zu den schweren, wartungsintensiven Blei-S\u00e4ure-Optionen. Es ist der Grund, warum viele Nutzer, die ihre Wohnmobile oder Heim-Solaranlagen aufr\u00fcsten, Haisic-Lithium-Batterien den Altmodischen gegen\u00fcber bevorzugen.<\/p>\n<h2>Installation und Kompatibilit\u00e4t<\/h2>\n<p>Der Haisic 25,6V 280Ah LiFePO4-Batteriepack ist f\u00fcr eine einfache Installation und nahtlose Integration mit g\u00e4ngigen Hybridwechselrichtern konzipiert, einschlie\u00dflich solcher, die CAN- oder RS485-Kommunikationsprotokolle unterst\u00fctzen, wenn Ihr System ausgestattet ist. Dadurch passt er perfekt zu Wohnheim-Speicherl\u00f6sungen, Off-Grid- und Backup-Stromsystemen.<\/p>\n<p>F\u00fcr gr\u00f6\u00dfere Kapazit\u00e4tsbed\u00fcrfnisse k\u00f6nnen Sie bis zu 8 Batteriesysteme parallel anschlie\u00dfen, sodass Sie Ihre Speicherkapazit\u00e4t m\u00fchelos skalieren k\u00f6nnen, w\u00e4hrend Gleichgewicht und Sicherheit des Systems gewahrt bleiben. Beim Verkabeln und Montieren auf feste, sichere Verbindungen mit den M8-Terminalschrauben achten und die \u00fcblichen Sicherheitspraktiken f\u00fcr den Aufbau von Lithiumbatterien befolgen.<\/p>\n<p>Um die besten Ergebnisse zu erzielen, koppeln Sie das Batteriesystem mit kompatiblen Hybrid-Solarladeinvertern wie denen aus Haisics Reihe von <a href=\"https:\/\/haisicstorage.com\/de\/haisic-36kva-hybrid-solar-inverter\/\">Hybrid-Solarladeinvertern<\/a> die so konzipiert sind, dass sie reibungslos mit LiFePO4-Packs zusammenarbeiten. Dadurch wird eine optimale Leistung, Kommunikation und Langlebigkeit des Systems gew\u00e4hrleistet.<\/p>\n<p><strong>Wichtige Tipps zur Installation:<\/strong><\/p>\n<ul>\n<li>Verwenden Sie geeignete Kabelquerschnitte, um bis zu 200A max. Dauerentladungsstrom zu bew\u00e4ltigen.<\/li>\n<li>Sorgen Sie f\u00fcr gute Bel\u00fcftung rund um die Batterie, um sicher im Bereich von 0\u00b0C bis 55\u00b0C zu arbeiten.<\/li>\n<li>Vermeiden Sie das Verschneiden von Batterietypen oder Kapazit\u00e4ten, wenn Sie in Parallelschaltung verbinden.<\/li>\n<li>Befolgen Sie die Herstellerangaben zu Sicherungs- und Leitungsschutzschalter-Bewertungen zum Schutz.<\/li>\n<\/ul>\n<p>Die Installation der Haisic 25,6 V LiFePO4-Batterie ist unkompliziert und erm\u00f6glicht Ihnen ein Upgrade Ihres Solarstromspeichers oder Backupsystems mit Zuversicht und Flexibilit\u00e4t.<\/p>\n<h2>Sicherheit und Zertifizierungen<\/h2>\n<p>Der Haisic 25,6V 280Ah 7168Wh LiFePO4-Batteriepack ist mit Sicherheit als oberste Priorit\u00e4t konzipiert. Die robuste Lithium-Eisenphosphat-Chemie reduziert Risiken wie thermisches Durchgehen erheblich \u2013 etwas, das bei anderen Lithium-Batterien h\u00e4ufig vorkommt. Das integrierte Batteriemanagementsystem (BMS) bietet mehrere Schutzschichten, darunter Schutz vor \u00dcberladung, Tiefentladung, Kurzschl\u00fcssen und Temperaturextremen, und sorgt daf\u00fcr, dass Ihre Batterie unter verschiedenen Bedingungen zuverl\u00e4ssig arbeitet.<\/p>\n<p>Dieses 24V Nennspannung LiFePO4-Pack erf\u00fcllt strenge internationale Sicherheitsstandards und tr\u00e4gt Zertifizierungen wie CE, FCC, RoHS, MSDS und UN38.3. Diese Zertifizierungen garantieren die Einhaltung globaler Sicherheits- und Umweltvorschriften und geben Ihnen Sicherheit, egal ob Sie es in einem Wohnsolarsystem, einem Off-Grid-System oder anderen Anwendungen installieren.<\/p>\n<p>Dank dieser integrierten Schutzmechanismen und Zertifizierungen bietet die Haisic HS-LD25280-Batterie eine zuverl\u00e4ssige, sichere Energiespeicherung, die sich gut f\u00fcr den Langzeiteinsatz in anspruchsvollen Umgebungen eignet. F\u00fcr weitere Informationen zu sicheren Energiespeicheroptionen lesen Sie unseren detaillierten Leitfaden zu <a href=\"https:\/\/haisicstorage.com\/de\/battery-storage-for-home\/\">Batteriespeicher f\u00fcr Zuhause<\/a>.<\/p>\n<h2>Garantie und Support<\/h2>\n<p>Das Haisic 25,6V 280Ah 7168Wh LiFePO4-Batteriepack verf\u00fcgt \u00fcber eine zuverl\u00e4ssige Standardgarantie, die Herstellungsfehler und Leistungsprobleme abdeckt und Ihnen Sicherheit bei Ihrer Investition gibt. Als zuverl\u00e4ssiger Lithium-Batteriehersteller mit Sitz in Guangdong, China, bietet Haisic engagierten Kundensupport, der Ihnen bei Installationsberatung, Fehlerbehebung und After-Sales-Service hilft.<\/p>\n<p>Mit Haisics Garantie und Support k\u00f6nnen Sie sich darauf verlassen, dass Ihre 25,6V LiFePO4-Batterie f\u00fcr Solar-Hausspeicherung oder Off-Grid-Anwendungen zuverl\u00e4ssig ist, in dem Wissen, dass fachkundige Hilfe nur einen Anruf oder eine Nachricht entfernt ist. F\u00fcr gr\u00f6\u00dfere Systeme k\u00f6nnten Sie auch daran interessiert sein, Haisics <a href=\"https:\/\/haisicstorage.com\/de\/haisic-5kwh-256v-lifepo4-battery-pack-200ah\/\">5kWh 25,6V LiFePO4-Batteriepack 200Ah<\/a> zu erweitern, um Ihre Solarenergie-Speicherl\u00f6sungen nahtlos zu erweitern.<\/p>\n<h2>Kundenerfahrungen und Testimonials<\/h2>\n<p>W\u00e4hrend noch Feedback eingeht, betonen Anwender der Haisic 25,6V 280Ah 7168Wh LiFePO4-Batteriepack durchweg ihre Zuverl\u00e4ssigkeit und solide Leistung in Solarhausspeichern und Off-Grid-Systemen. Viele sch\u00e4tzen die lange Zyklenlebensdauer, die ihre Energiesysteme \u00fcber Jahre leistungsf\u00e4hig h\u00e4lt, sowie die Sicherheitsfunktionen, die bei starkem Gebrauch Ruhe geben. Ob f\u00fcr Wohn-Backup oder Wohnmobil-Upgrades, dieses Tiefzyklus-Solarbatterie wird f\u00fcr ihre gleichbleibende Leistung und einfache Installation gelobt.<\/p>\n<p>Je mehr Kunden ihre Erfahrungen teilen, desto positiver sind die Berichte \u00fcber die Haltbarkeit der Lithium-Batterie von Haisic und ihre hohe Entladungsf\u00e4higkeit, die sie zu einem bevorzugten 24V-Nennspannungs-LiFePO4-Pack f\u00fcr ernsthafte Energiewende macht. Wenn Sie \u00e4hnliche Nutzerberichte erkunden m\u00f6chten, lesen Sie die Bewertungen zu Haisics anderen Energiespeicherl\u00f6sungen, einschlie\u00dflich der <a href=\"https:\/\/haisicstorage.com\/de\/10kwh-wall-mounted-home-energy-storage\/\">10kWh wandh\u00e4ngendes Heimenergiespeicher-System<\/a> f\u00fcr gr\u00f6\u00dfere Kapazit\u00e4tsbed\u00fcrfnisse.<\/p>\n<h2>H\u00e4ufig gestellte Fragen (FAQ)<\/h2>\n<h3>Wie lade ich die Haisic 25,6V 280Ah LiFePO4-Batteriepack?<\/h3>\n<p>Verwenden Sie ein kompatibles LiFePO4-Ladeger\u00e4t oder Hybrid-Wechselrichter mit geeigneten Lademodi: eine empfohlene Ladestr\u00f6mung von 40A und maximal 100A. Vermeiden Sie \u00dcberladung, indem Sie auf das integrierte BMS f\u00fcr Sicherheit vertrauen.<\/p>\n<h3>Kann ich mehrere 25,6V LiFePO4-Batterien in Serie oder parallel anschlie\u00dfen?<\/h3>\n<p>Dieses Batteriepack unterst\u00fctzt Parallelschaltungen bis zu 8 Einheiten zur Erh\u00f6hung der Kapazit\u00e4t, aber Serienschaltungen zur Spannungs\u00aderh\u00f6hung sollten vorsichtig durchgef\u00fchrt werden, \u00fcblicherweise mit geeigneter Batterie-Management-Hardware. F\u00fcr die meisten Heim-Solarladesysteme ist eine Parallelerweiterung bevorzugt.<\/p>\n<h3>Welche Betriebstemperaturen sind sicher f\u00fcr das Laden und Entladen?<\/h3>\n<p>Die Batterie arbeitet sicher zwischen 0\u00b0C und 55\u00b0C. Das Laden unter 0\u00b0C wird nicht empfohlen, um Sch\u00e4den zu vermeiden, obwohl das Entladen K\u00e4lte-Startbedingungen nahe dem Gefrierpunkt verkraftet.<\/p>\n<h3>Wie vergleicht sich diese 25,6V LiFePO4-Batterie mit 51,2V-Systemen?<\/h3>\n<p>Ein 51,2-V-System liefert typischerweise eine h\u00f6here Spannung und weniger Parallelschaltungen, ist jedoch im Allgemeinen gr\u00f6\u00dfer und teurer. Das Modell mit 25,6 V 280 Ah bietet eine gute Balance f\u00fcr Heim-Backup oder Off-Grid-Nutzung mit flexiblem modularem Design und leichterer Handhabung.<\/p>\n<h3>Ist der Haisic 25,6V 280Ah-Solarbatteriepack f\u00fcr die Hybrid-Wechselrichter-Kompatibilit\u00e4t geeignet?<\/h3>\n<p>Ja, er integriert sich gut mit den meisten Hybrid-Wechselrichtern, oft \u00fcber CAN- oder RS485-Kommunikationsprotokolle, und sorgt f\u00fcr reibungslose Steuerung und langfristig zuverl\u00e4ssige Leistung.<\/p>\n<p>F\u00fcr eine detaillierte Systemintegration und Kapazit\u00e4tserweiterung schauen Sie sich das <a href=\"https:\/\/haisicstorage.com\/de\/10kw-off-grid-solar-power-system\/\">10kW Off-Grid-Solarsystem<\/a> von Haisic f\u00fcr reale Anwendungen und Richtlinien an.<\/p>\n<h2>Zubeh\u00f6r zu verwandten Produkten<\/h2>\n<p>Um das Beste aus Ihrem Haisic 25,6V 280Ah 7168Wh LiFePO4-Batteriepack herauszuholen, erw\u00e4gen Sie die Kombination mit weiteren hochwertigen Energiesystemen von Haisic. F\u00fcr gr\u00f6\u00dfere Speicherbed\u00fcrfnisse bietet das <a href=\"https:\/\/haisicstorage.com\/de\/haisic-15kwh-lifepo4-solar-battery-pack-512v-305ah\/\">Haisic 15kWh LiFePO4 Solarbatterie Pack 51,2V 305Ah<\/a> eine Kapazit\u00e4tsoption mit h\u00f6herer Leistung, die sich gut zur Erweiterung Ihres Off-Grid- oder Backup-Stromsystems eignet.<\/p>\n<p>Sie k\u00f6nnen Ihre Einrichtung auch mit Haisics fortschrittlichen <a href=\"https:\/\/haisicstorage.com\/de\/haisic-6kw8kw10kw12kw-hybrid-solar-inverter-ip65-ongrid-offgrid\/\">Hybrid-Solarladeinvertern<\/a>, designed for seamless integration with the 25.6V LiFePO4-Batterie-Packs, erweitern. Diese Wechselrichter unterst\u00fctzen On-Grid- und Off-Grid-Modi und erm\u00f6glichen Ihnen eine flexible Stromverwaltung, egal ob f\u00fcr residential solar storage oder kommerzielle Nutzung.<\/p>\n<p>Um Ihr Solarsystem zu vervollst\u00e4ndigen, schauen Sie sich Haisics Angebot an Solarmodule und verwandte Zubeh\u00f6rteile an, die die Energieertr\u00e4ge und Speichereffizienz optimieren. Die Kombination dieser Produkte sorgt f\u00fcr eine zuverl\u00e4ssige und skalierbare saubere Energie-L\u00f6sung, zugeschnitten auf Ihre spezifischen Bed\u00fcrfnisse.<\/p>","protected":false},"excerpt":{"rendered":"<p>Haisic 25.6V 280Ah LiFePO4 Battery Pack 7168Wh bietet sichere, zuverl\u00e4ssige Solarenergiespeicherung mit \u00fcber 6000 Zyklen f\u00fcr Zuhause und Off-Grid-Benutzung<\/p>","protected":false},"featured_media":3481,"template":"","meta":{"site-sidebar-layout":"default","site-content-layout":"","ast-site-content-layout":"default","site-content-style":"default","site-sidebar-style":"default","ast-global-header-display":"","ast-banner-title-visibility":"","ast-main-header-display":"","ast-hfb-above-header-display":"","ast-hfb-below-header-display":"","ast-hfb-mobile-header-display":"","site-post-title":"","ast-breadcrumbs-content":"","ast-featured-img":"","footer-sml-layout":"","ast-disable-related-posts":"","theme-transparent-header-meta":"default","adv-header-id-meta":"","stick-header-meta":"default","header-above-stick-meta":"","header-main-stick-meta":"","header-below-stick-meta":"","astra-migrate-meta-layouts":"set","ast-page-background-enabled":"default","ast-page-background-meta":{"desktop":{"background-color":"var(--ast-global-color-4)","background-image":"","background-repeat":"repeat","background-position":"center center","background-size":"auto","background-attachment":"scroll","background-type":"","background-media":"","overlay-type":"","overlay-color":"","overlay-opacity":"","overlay-gradient":""},"tablet":{"background-color":"","background-image":"","background-repeat":"repeat","background-position":"center center","background-size":"auto","background-attachment":"scroll","background-type":"","background-media":"","overlay-type":"","overlay-color":"","overlay-opacity":"","overlay-gradient":""},"mobile":{"background-color":"","background-image":"","background-repeat":"repeat","background-position":"center center","background-size":"auto","background-attachment":"scroll","background-type":"","background-media":"","overlay-type":"","overlay-color":"","overlay-opacity":"","overlay-gradient":""}},"ast-content-background-meta":{"desktop":{"background-color":"var(--ast-global-color-5)","background-image":"","background-repeat":"repeat","background-position":"center center","background-size":"auto","background-attachment":"scroll","background-type":"","background-media":"","overlay-type":"","overlay-color":"","overlay-opacity":"","overlay-gradient":""},"tablet":{"background-color":"var(--ast-global-color-5)","background-image":"","background-repeat":"repeat","background-position":"center center","background-size":"auto","background-attachment":"scroll","background-type":"","background-media":"","overlay-type":"","overlay-color":"","overlay-opacity":"","overlay-gradient":""},"mobile":{"background-color":"var(--ast-global-color-5)","background-image":"","background-repeat":"repeat","background-position":"center center","background-size":"auto","background-attachment":"scroll","background-type":"","background-media":"","overlay-type":"","overlay-color":"","overlay-opacity":"","overlay-gradient":""}}},"product_brand":[],"product_cat":[53],"product_tag":[],"class_list":{"0":"post-2767","1":"product","2":"type-product","3":"status-publish","4":"has-post-thumbnail","6":"product_cat-lifepo4-battery-packs","7":"desktop-align-left","8":"tablet-align-left","9":"mobile-align-left","10":"ast-product-gallery-layout-horizontal-slider","11":"ast-product-tabs-layout-horizontal","13":"first","14":"instock","15":"shipping-taxable","16":"purchasable","17":"product-type-simple"},"_links":{"self":[{"href":"https:\/\/haisicstorage.com\/de\/wp-json\/wp\/v2\/product\/2767","targetHints":{"allow":["GET"]}}],"collection":[{"href":"https:\/\/haisicstorage.com\/de\/wp-json\/wp\/v2\/product"}],"about":[{"href":"https:\/\/haisicstorage.com\/de\/wp-json\/wp\/v2\/types\/product"}],"version-history":[{"count":1,"href":"https:\/\/haisicstorage.com\/de\/wp-json\/wp\/v2\/product\/2767\/revisions"}],"predecessor-version":[{"id":2771,"href":"https:\/\/haisicstorage.com\/de\/wp-json\/wp\/v2\/product\/2767\/revisions\/2771"}],"wp:featuredmedia":[{"embeddable":true,"href":"https:\/\/haisicstorage.com\/de\/wp-json\/wp\/v2\/media\/3481"}],"wp:attachment":[{"href":"https:\/\/haisicstorage.com\/de\/wp-json\/wp\/v2\/media?parent=2767"}],"wp:term":[{"taxonomy":"product_brand","embeddable":true,"href":"https:\/\/haisicstorage.com\/de\/wp-json\/wp\/v2\/product_brand?post=2767"},{"taxonomy":"product_cat","embeddable":true,"href":"https:\/\/haisicstorage.com\/de\/wp-json\/wp\/v2\/product_cat?post=2767"},{"taxonomy":"product_tag","embeddable":true,"href":"https:\/\/haisicstorage.com\/de\/wp-json\/wp\/v2\/product_tag?post=2767"}],"curies":[{"name":"wp","href":"https:\/\/api.w.org\/{rel}","templated":true}]}}