{"id":2124,"date":"2025-12-08T01:57:20","date_gmt":"2025-12-08T01:57:20","guid":{"rendered":"https:\/\/haisicstorage.com\/?post_type=product&#038;p=2124"},"modified":"2026-02-27T06:46:11","modified_gmt":"2026-02-27T06:46:11","slug":"12-8v-280ah-bms-battery-storage-system","status":"publish","type":"product","link":"https:\/\/haisicstorage.com\/de\/12-8v-280ah-bms-battery-storage-system\/","title":{"rendered":"12,8V 280Ah BMS-Batteriespeichersystem"},"content":{"rendered":"<p>Intelligentes Batteriemanagementsystem: Integrierte hochpr\u00e4zise BMS bietet Schutz vor \u00dcberladung, Tiefentladung, \u00dcberstrom, Kurzschluss und Temperatur. Es \u00fcberwacht den Zellstatus in Echtzeit und erm\u00f6glicht Datenabfrage sowie Fernverwaltung \u00fcber Kommunikationsschnittstellen (z.B. UART\/RS485), um einen zuverl\u00e4ssigen und sorgenfreien Betrieb zu gew\u00e4hrleisten.<\/p>\n<p>Robuste Konstruktion &amp; Vielseitige Anwendung: Mit einem robusten Geh\u00e4use und modularem Design, das hervorragenden Sto\u00df- und Staubschutz bietet. Unterst\u00fctzt den Betrieb bei Temperaturen von -20\u00b0C bis 60\u00b0C, geeignet f\u00fcr vielf\u00e4ltige raue Umgebungen.<\/p>\n<p>Automobil-Grade Sicherheit und Langlebigkeit: Basierend auf der hochstabilen Lithium-Eisenphosphat (LiFePO\u2084)-Chemie bietet es au\u00dfergew\u00f6hnliche thermische Stabilit\u00e4t und Sicherheit. Mit einer langen Zykluslebensdauer von \u00fcber 6.000 Standard-Lade-Entladezyklen \u2013 mehrere Male so viele wie Blei-S\u00e4ure-Batterien \u2013 senkt es die Gesamtkosten des Besitzes \u00fcber den gesamten Lebenszyklus.<\/p>\n<p>Anwendungsszenarien:<\/p>\n<p>Wohnmobil\/Wasserfahrzeug-Energiespeicherung: Ersetzt herk\u00f6mmliche Blei-S\u00e4ure-Batterien zur Stromversorgung von Beleuchtung, K\u00fchlschr\u00e4nken, Klimaanlagen und anderen Ger\u00e4ten.<\/p>\n<p>Wohnhaus-Speicher f\u00fcr Solarenergie: Dient als zentrale Energiespeichereinheit f\u00fcr netzunabh\u00e4ngige oder netzgekoppelte Photovoltaiksysteme.<\/p>\n<p>Premium-Au\u00dfenstromversorgung \/ Notfall-Backup: Liefert zuverl\u00e4ssige Energie f\u00fcr Camping, Notfalleins\u00e4tze und Haus-Notstromversorgung.<\/p>\n<p>Spezialisierte Fahrzeuge \/ Niedriggeschwindigkeits-Elektrofahrzeuge: Versorgt Golfwagen, Entsorgungsfahrzeuge, Gabelstapler und \u00e4hnliche Anwendungen mit Energie.<\/p>\n<p>Backup f\u00fcr Kommunikations-Basisstationen: Bietet stabile Reserveenergie f\u00fcr Ger\u00e4te an abgelegenen oder netzunabh\u00e4ngigen Standorten.<\/p>\n<p>Produktwert:<br \/>\nDieses Batteriepacks bietet herausragende Leistung als Plug-and-Play-L\u00f6sung f\u00fcr saubere Energie, nutzt die Kernvorteile hoher Kapazit\u00e4t, \u00fcberlegener Sicherheit und langer Lebensdauer. Es stellt nicht nur ein umfassendes Upgrade gegen\u00fcber herk\u00f6mmlichen Batterien dar, sondern ist auch die ideale Wahl f\u00fcr effiziente, zuverl\u00e4ssige und nachhaltige Energieanwendungen. Besonders geeignet f\u00fcr mittel- bis hochleistungsf\u00e4hige Speicheranwendungen, die ultimative Ausdauer und Sicherheit erfordern.<\/p>\n<div class=\"productAttItem\"><\/div>\n<div data-spm-anchor-id=\"a2700.pc-decorate.0.i6.5d033333Lu9Prj\"><strong><span data-spm-anchor-id=\"a2700.pc-decorate.0.i7.5d033333Lu9Prj\">Lagerbestand in Deutschland\/USA\/Polen verf\u00fcgbar!!!<\/span><\/strong><\/div>\n<div data-spm-anchor-id=\"a2700.pc-decorate.0.i5.5d033333Lu9Prj\"><strong> \u2013direkt ab Lager abholen<\/strong><\/div>\n<div data-spm-anchor-id=\"a2700.pc-decorate.0.i5.5d033333Lu9Prj\"><\/div>\n<div data-spm-anchor-id=\"a2700.pc-decorate.0.i5.5d033333Lu9Prj\"><strong>Unternehmensprofil <\/strong><\/div>\n<div data-spm-anchor-id=\"a2700.pc-decorate.0.i5.5d033333Lu9Prj\"><strong style=\"font-size: 16px;\"><span data-spm-anchor-id=\"a2700.pc-decorate.0.i21.5d033333Lu9Prj\">Gegr\u00fcndet im Jahr 2011 ist Shenzhen Haisic Technology Co., Ltd. ein nationales High-Tech-Unternehmen, das sich der Forschung, Entwicklung und Produktion von Energiespeicherprodukten wie LiFePO4-Batteriepacks, gewerblichen &amp; industriellen Energiespeichern, haushaltsenergiespeichern, tragbaren Stromstationen\/Solargeneratoren, Solarwechselrichtern, Hubwagenbatterien, RVA-Landschaftsbus-\/Golfwagenbatterien und anderen OEM\/ODM-Batterien in China widmet.<\/span><\/strong><\/div>\n<div data-spm-anchor-id=\"a2700.pc-decorate.0.i5.5d033333Lu9Prj\">\n<div><\/div>\n<div><strong>Seit mehr als 12 Jahren engagiert sich Haisic Technology tief in diesem Bereich und hat umfassende Erfahrungen in Forschung &amp; Entwicklung, Innovation, Qualit\u00e4tskontrolle und Management gesammelt. Unsere Produkte werden in der Hausspeicherung, industriellen Energiespeicherung, gewerblichen Energiespeicherung, Telekommunikation, Medizintechnik, Sicherheitskommunikation, Transport und Logistik, neuer Energie, Smart Home und anderen verwandten Bereichen eingesetzt. <\/strong><\/div>\n<div><strong>\u00a0<\/strong><\/div>\n<div><strong>We have owned our own production base covering more than 14000m located in Dapeng district of Shenzhen with ISO9001, ISO14001, IS045001 and Amfori BSCI, and our products are with CE, FCC, TUV-UL2054, CQC,RoHs, PSE,MSDS, UN38.3 certificates. We\u2019ve already provided safe, stable, environmentallyfriendly, high-quality products and professional OEM\/ODM services to customers in more than 80 countries and regions. <\/strong><\/div>\n<div><\/div>\n<div><\/div>\n<div><strong>FAQ <\/strong><\/div>\n<div><strong><span data-spm-anchor-id=\"a2700.pc-decorate.0.i33.5d033333Lu9Prj\">1. Was ist das Besondere an Lithiumbatterien?<\/span><\/strong><\/div>\n<div>\n<p><span data-spm-anchor-id=\"a2700.pc-decorate.0.i33.5d033333Lu9Prj\">A: Mit hoher Energiedichte hat sie 460-600Wh\/kg erreicht, was etwa 6-7 Mal so hoch ist wie bei Blei-S\u00e4ure-Batterien. Lange Lebensdauer, die Lebensdauer kann mehr als 6 Jahre betragen. Leichtes Gewicht, das Gewicht betr\u00e4gt bei gleichem Volumen etwa 1\/5-6 des Blei-S\u00e4ure-Produkts.<\/span><\/p>\n<p>&nbsp;<\/p>\n<div data-spm-anchor-id=\"a2700.pc-decorate.0.i34.5d033333Lu9Prj\"><strong>2. Wof\u00fcr werden Lithiumbatterien verwendet?<br \/>\n<\/strong>A: Lithiumbatterie wird f\u00fcr Energieversorgung und Energiespeicherung verwendet. Wie Notstromversorgung oder USV. Zuverl\u00e4ssige elektrische und Freizeitfahrzeugleistung, Golfrad, zuverl\u00e4ssige und leichte marine Anwendungen, Solarstromspeicherung, Solarhaus, kleine Verarbeitungsfabrik, \u00dcberwachungs- oder Alarmanlagen in abgelegenen Gebieten.3.Sind Ihre Batterien sicher?A: Unsere Batterien sind sicher. Alle Zwayn-Batterien verwenden die sichersten und stabilsten Komponenten, einschlie\u00dflich einer LiFePO4-Kathode und einem integrierten Battery Management System (BMS). Das BMS sch\u00fctzt die Zellen vor zu hohen oder zu niedrigen Spannungen, hohen Str\u00f6men, Kurzschl\u00fcssen und \u00fcberm\u00e4\u00dfiger W\u00e4rme oder K\u00e4lte. Dies sind die h\u00e4ufigsten Ursachen f\u00fcr Batterieausf\u00e4lle, und wir haben alle Vorsichtsma\u00dfnahmen getroffen, um diese Risiken in allen unseren Batterien zu mindern.<br \/>\n<strong><br \/>\n4. Wie w\u00e4hle ich die richtige Lithium-Deep-Cycle-Batterie f\u00fcr meine Anwendung aus?<br \/>\n<\/strong>A: In den meisten Standard-12-, 24- oder 48-Volt-Systemen ist die beste Wahl f\u00fcr eine Lithiumbatterie LiFePO4 (Lithium-Eisenphosphat\/<br \/>\nPouch\/Prim\u00e4rbatteriezelle). Die Spannung dieser Batterieart ist der einer AGM sehr \u00e4hnlich und funktioniert hervorragend mit leicht<br \/>\nverf\u00fcgbaren Systemkomponenten f\u00fcr Ihr Wohnmobil, Boot, netzunabh\u00e4ngiges Stromsystem, Solarhaus (Fernseher, K\u00fchlschrank, Waschmaschine, Klimaanlage<br \/>\nconditioner, Wasserheizer, Mikrowellenherd, Induktionskochfeld, Geschirrsp\u00fcler, Drucker, Computer), Telekommunikationsturm, Hybrid- &amp; Off-Grid-Solarenergie Systemanwendungen.5.Kann es in Reihe oder parallel verwendet werden?A: Ja, es kann eine maximale Parallelschaltung von 15 verwenden, Max. 150 kWh Speicherbox.<br \/>\n<strong><br \/>\n6. Sind diese Akkupacks mit meinem Wechselrichter kompatibel? Haben Sie eine Firmenliste der kompatiblen Wechselrichter?<br \/>\n<\/strong>A: Ja, Sir, unser Akkupack ist mit den meisten Wechselrichtermarken auf dem Markt kompatibel, wie z. B. Deye, MUST, SMA, Growatt, Solax, Solis, Sungrow, Sofar, Voltronic, Sorotec, Studer usw.<\/div>\n<\/div>\n<\/div>","protected":false},"excerpt":{"rendered":"<p>Hohe Energiedichte, Leistungsstarke Ausdauer: Mit 280Ah Hochkapazit\u00e4ts-Lithium-Eisenphosphat (LiFePO\u2084)-Zellen liefert der Batteriepacks eine Gesamtkapazit\u00e4t von 3,584kWh. Es bietet eine nachhaltige, stabile Stromversorgung, um die Anforderungen von langanhaltenden, energieintensiven Anwendungen zu erf\u00fcllen.<\/p>\n<div class=\"productAttItem\">\n<div class=\"productAttTitel\">\n<p>Hohe Kompatibilit\u00e4t und Komfort: Mit einer Nennspannung von 12,8V integriert es sich nahtlos in g\u00e4ngige 12V-Blei-S\u00e4ure-Batteriesysteme und Ger\u00e4te (z.B. Wohnmobile, Wasserfahrzeuge, Solarwechselrichter, Outdoor-Stromstationen). Es erm\u00f6glicht einen direkten Austausch und Upgrades ohne komplexe Modifikationen und bietet Plug-and-Play-Funktionalit\u00e4t.<\/p>\n<\/div>\n<\/div>","protected":false},"featured_media":2748,"template":"","meta":{"site-sidebar-layout":"default","site-content-layout":"","ast-site-content-layout":"default","site-content-style":"default","site-sidebar-style":"default","ast-global-header-display":"","ast-banner-title-visibility":"","ast-main-header-display":"","ast-hfb-above-header-display":"","ast-hfb-below-header-display":"","ast-hfb-mobile-header-display":"","site-post-title":"","ast-breadcrumbs-content":"","ast-featured-img":"","footer-sml-layout":"","ast-disable-related-posts":"","theme-transparent-header-meta":"default","adv-header-id-meta":"","stick-header-meta":"default","header-above-stick-meta":"","header-main-stick-meta":"","header-below-stick-meta":"","astra-migrate-meta-layouts":"set","ast-page-background-enabled":"default","ast-page-background-meta":{"desktop":{"background-color":"var(--ast-global-color-4)","background-image":"","background-repeat":"repeat","background-position":"center center","background-size":"auto","background-attachment":"scroll","background-type":"","background-media":"","overlay-type":"","overlay-color":"","overlay-opacity":"","overlay-gradient":""},"tablet":{"background-color":"","background-image":"","background-repeat":"repeat","background-position":"center center","background-size":"auto","background-attachment":"scroll","background-type":"","background-media":"","overlay-type":"","overlay-color":"","overlay-opacity":"","overlay-gradient":""},"mobile":{"background-color":"","background-image":"","background-repeat":"repeat","background-position":"center center","background-size":"auto","background-attachment":"scroll","background-type":"","background-media":"","overlay-type":"","overlay-color":"","overlay-opacity":"","overlay-gradient":""}},"ast-content-background-meta":{"desktop":{"background-color":"var(--ast-global-color-5)","background-image":"","background-repeat":"repeat","background-position":"center center","background-size":"auto","background-attachment":"scroll","background-type":"","background-media":"","overlay-type":"","overlay-color":"","overlay-opacity":"","overlay-gradient":""},"tablet":{"background-color":"var(--ast-global-color-5)","background-image":"","background-repeat":"repeat","background-position":"center center","background-size":"auto","background-attachment":"scroll","background-type":"","background-media":"","overlay-type":"","overlay-color":"","overlay-opacity":"","overlay-gradient":""},"mobile":{"background-color":"var(--ast-global-color-5)","background-image":"","background-repeat":"repeat","background-position":"center center","background-size":"auto","background-attachment":"scroll","background-type":"","background-media":"","overlay-type":"","overlay-color":"","overlay-opacity":"","overlay-gradient":""}}},"product_brand":[],"product_cat":[53],"product_tag":[],"class_list":{"0":"post-2124","1":"product","2":"type-product","3":"status-publish","4":"has-post-thumbnail","6":"product_cat-lifepo4-battery-packs","7":"desktop-align-left","8":"tablet-align-left","9":"mobile-align-left","10":"ast-product-gallery-layout-horizontal-slider","11":"ast-product-tabs-layout-horizontal","13":"first","14":"instock","15":"shipping-taxable","16":"purchasable","17":"product-type-simple"},"_links":{"self":[{"href":"https:\/\/haisicstorage.com\/de\/wp-json\/wp\/v2\/product\/2124","targetHints":{"allow":["GET"]}}],"collection":[{"href":"https:\/\/haisicstorage.com\/de\/wp-json\/wp\/v2\/product"}],"about":[{"href":"https:\/\/haisicstorage.com\/de\/wp-json\/wp\/v2\/types\/product"}],"version-history":[{"count":7,"href":"https:\/\/haisicstorage.com\/de\/wp-json\/wp\/v2\/product\/2124\/revisions"}],"predecessor-version":[{"id":3480,"href":"https:\/\/haisicstorage.com\/de\/wp-json\/wp\/v2\/product\/2124\/revisions\/3480"}],"wp:featuredmedia":[{"embeddable":true,"href":"https:\/\/haisicstorage.com\/de\/wp-json\/wp\/v2\/media\/2748"}],"wp:attachment":[{"href":"https:\/\/haisicstorage.com\/de\/wp-json\/wp\/v2\/media?parent=2124"}],"wp:term":[{"taxonomy":"product_brand","embeddable":true,"href":"https:\/\/haisicstorage.com\/de\/wp-json\/wp\/v2\/product_brand?post=2124"},{"taxonomy":"product_cat","embeddable":true,"href":"https:\/\/haisicstorage.com\/de\/wp-json\/wp\/v2\/product_cat?post=2124"},{"taxonomy":"product_tag","embeddable":true,"href":"https:\/\/haisicstorage.com\/de\/wp-json\/wp\/v2\/product_tag?post=2124"}],"curies":[{"name":"wp","href":"https:\/\/api.w.org\/{rel}","templated":true}]}}