{"id":1708,"date":"2025-12-03T07:08:52","date_gmt":"2025-12-03T07:08:52","guid":{"rendered":"https:\/\/haisicstorage.com\/?post_type=product&#038;p=1708"},"modified":"2026-02-27T07:25:33","modified_gmt":"2026-02-27T07:25:33","slug":"25-6v-280ah-residential-ess","status":"publish","type":"product","link":"https:\/\/haisicstorage.com\/de\/25-6v-280ah-residential-ess\/","title":{"rendered":"25.6v 280ah Wohn-ESS"},"content":{"rendered":"<p class=\"product-des\"><span style=\"font-size: 16px;\">Warum HS-TQS w\u00e4hlen?<\/span><\/p>\n<p class=\"product-des\"><span style=\"font-size: 16px;\">\u2705 Super-starke Stromabgabe, stabile Versorgung<\/span><\/p>\n<p>5kW Dauerleistung, Spitzenleistung bis zu 7kW+, treibt problemlos Hochleistungs-Haushaltsger\u00e4te, gewerbliche Ger\u00e4te und Off-Grid-Systeme an.<\/p>\n<p>14,336kWh gro\u00dfe Kapazit\u00e4t, eine einzelne Einheit kann den t\u00e4glichen Strombedarf eines Haushalts decken, geeignet f\u00fcr Hochenergieverbrauchsszenarien.<\/p>\n<p>\u2705 Modulares Stapeln, skalierbar nach Bedarf<\/p>\n<p>Innovative \u201ePlug-and-Play\u201c-Stapeltechnologie, keine komplexe Konfiguration erforderlich, kann flexibel 2-4 Batterien kombinieren, um flexible Energiespeicheranforderungen von kleinen Wohnh\u00e4usern bis zu gewerblichen Projekten zu erf\u00fcllen.<\/p>\n<p>\u2705 Milit\u00e4rische Sicherheitsstufe, langlebig und langlebig<\/p>\n<p>Lithium-Eisenphosphat (LiFePO4) Batteriezellen mit einer Zykluslebensdauer von \u22656.000 Zyklen, beh\u00e4lt nach 10 Jahren \u00fcber 80% Kapazit\u00e4t bei.<br \/>\n<span style=\"font-size: 16px;\">IP65-Schutzart + intelligenter BMS-Schutz, Echtzeit\u00fcberwachung von Spannung, Temperatur und Strom, eliminiert Risiken durch \u00dcberladung, Tiefentladung oder Kurzschluss.<\/span><\/p>\n<p><span style=\"font-size: 16px;\">\u2705 Intelligentes Energiemanagement, energiesparend und sorgenfrei<br \/>\n<\/span><span style=\"font-size: 16px;\">Unterst\u00fctzt Multi-Source-Eingang von Solarenergie, Netz und Generatoren, schaltet automatisch auf den optimalen Stromversorgungsmodus um.<\/span><\/p>\n<div class=\"inquiryBasket\">Anwendungsszenarien<br \/>\n\ud83c\udfe0 Heim-Energiespeicherung | Mit einer Photovoltaikanlage kombinieren, um null Stromrechnungen und sorgenfreie Stromausf\u00e4lle zu erreichen.<br \/>\n\ud83c\udfea Gewerbliche Notstromversorgung | Gew\u00e4hrleistet 24\/7 ununterbrochenen Betrieb kritischer Ger\u00e4te in Superm\u00e4rkten, Kliniken und Rechenzentren.<br \/>\n\ud83d\ude90 Off-Grid-Stromversorgung | Bietet stabile, saubere Energie f\u00fcr Wohnmobile, Boote und entfernte Arbeitsstationen.<\/div>\n<p><strong><span data-spm-anchor-id=\"a2700.pc-decorate.0.i7.5d033333Lu9Prj\"> \u00a0 \u00a0 \u00a0 \u00a0 \u00a0 \u00a0 \u00a0 \u00a0 \u00a0 \u00a0 \u00a0 \u00a0 \u00a0 \u00a0 \u00a0 \u00a0 \u00a0 \u00a0<\/span><\/strong><\/p>\n<div data-spm-anchor-id=\"a2700.pc-decorate.0.i5.5d033333Lu9Prj\"><strong>Unternehmensprofil <\/strong><\/div>\n<div data-spm-anchor-id=\"a2700.pc-decorate.0.i5.5d033333Lu9Prj\">\n<p><strong><span data-spm-anchor-id=\"a2700.pc-decorate.0.i21.5d033333Lu9Prj\">Gegr\u00fcndet im Jahr 2011 ist Shenzhen Haisic Technology Co., Ltd. ein nationales High-Tech-Unternehmen, das sich der Forschung, Entwicklung und Produktion von Energiespeicherprodukten wie LiFePO4-Batteriepacks, gewerblichen &amp; industriellen Energiespeichern, haushaltsenergiespeichern, tragbaren Stromstationen\/Solargeneratoren, Solarwechselrichtern, Hubwagenbatterien, RVA-Landschaftsbus-\/Golfwagenbatterien und anderen OEM\/ODM-Batterien in China widmet.<\/span><\/strong><\/p>\n<div><\/div>\n<div><strong>Seit mehr als 12 Jahren engagiert sich Haisic Technology tief in diesem Bereich und hat umfassende Erfahrungen in Forschung &amp; Entwicklung, Innovation, Qualit\u00e4tskontrolle und Management gesammelt. Unsere Produkte werden in der Hausspeicherung, industriellen Energiespeicherung, gewerblichen Energiespeicherung, Telekommunikation, Medizintechnik, Sicherheitskommunikation, Transport und Logistik, neuer Energie, Smart Home und anderen verwandten Bereichen eingesetzt. <\/strong><\/div>\n<div><strong>\u00a0<\/strong><\/div>\n<div><strong>We have owned our own production base covering more than 14000m located in Dapeng district of Shenzhen with ISO9001, ISO14001, IS045001 and Amfori BSCI, and our products are with CE, FCC, TUV-UL2054, CQC,RoHs, PSE,MSDS, UN38.3 certificates. We\u2019ve already provided safe, stable, environmentallyfriendly, high-quality products and professional OEM\/ODM services to customers in more than 80 countries and regions. <\/strong><\/div>\n<div><\/div>\n<div><strong>FAQ <\/strong><\/div>\n<div><strong><span data-spm-anchor-id=\"a2700.pc-decorate.0.i33.5d033333Lu9Prj\">1. Was ist das Besondere an Lithiumbatterien?<\/span><\/strong><\/div>\n<div>\n<p><span data-spm-anchor-id=\"a2700.pc-decorate.0.i33.5d033333Lu9Prj\">A: Mit hoher Energiedichte hat sie 460-600Wh\/kg erreicht, was etwa 6-7 Mal so hoch ist wie bei Blei-S\u00e4ure-Batterien. Lange Lebensdauer, die Lebensdauer kann mehr als 6 Jahre betragen. Leichtes Gewicht, das Gewicht betr\u00e4gt bei gleichem Volumen etwa 1\/5-6 des Blei-S\u00e4ure-Produkts.<\/span><\/p>\n<p>&nbsp;<\/p>\n<div data-spm-anchor-id=\"a2700.pc-decorate.0.i34.5d033333Lu9Prj\"><strong>2. Wof\u00fcr werden Lithiumbatterien verwendet?<br \/>\n<\/strong>A: Lithiumbatterie wird f\u00fcr Energieversorgung und Energiespeicherung verwendet. Wie Notstromversorgung oder USV. Zuverl\u00e4ssige elektrische und Freizeitfahrzeugleistung, Golfrad, zuverl\u00e4ssige und leichte marine Anwendungen, Solarstromspeicherung, Solarhaus, kleine Verarbeitungsfabrik, \u00dcberwachungs- oder Alarmanlagen in abgelegenen Gebieten.3.Sind Ihre Batterien sicher?A: Unsere Batterien sind sicher. Alle Zwayn-Batterien verwenden die sichersten und stabilsten Komponenten, einschlie\u00dflich einer LiFePO4-Kathode und einem integrierten Battery Management System (BMS). Das BMS sch\u00fctzt die Zellen vor zu hohen oder zu niedrigen Spannungen, hohen Str\u00f6men, Kurzschl\u00fcssen und \u00fcberm\u00e4\u00dfiger W\u00e4rme oder K\u00e4lte. Dies sind die h\u00e4ufigsten Ursachen f\u00fcr Batterieausf\u00e4lle, und wir haben alle Vorsichtsma\u00dfnahmen getroffen, um diese Risiken in allen unseren Batterien zu mindern.<br \/>\n<strong><br \/>\n4. Wie w\u00e4hle ich die richtige Lithium-Deep-Cycle-Batterie f\u00fcr meine Anwendung aus?<br \/>\n<\/strong>A: In den meisten Standard-12-, 24- oder 48-Volt-Systemen ist die beste Wahl f\u00fcr eine Lithiumbatterie LiFePO4 (Lithium-Eisenphosphat\/<br \/>\nPouch\/Prim\u00e4rbatteriezelle). Die Spannung dieser Batterieart ist der einer AGM sehr \u00e4hnlich und funktioniert hervorragend mit leicht<br \/>\nverf\u00fcgbaren Systemkomponenten f\u00fcr Ihr Wohnmobil, Boot, netzunabh\u00e4ngiges Stromsystem, Solarhaus (Fernseher, K\u00fchlschrank, Waschmaschine, Klimaanlage<br \/>\nconditioner, Wasserheizer, Mikrowellenherd, Induktionskochfeld, Geschirrsp\u00fcler, Drucker, Computer), Telekommunikationsturm, Hybrid- &amp; Off-Grid-Solarenergie Systemanwendungen.5.Kann es in Reihe oder parallel verwendet werden?A: Ja, es kann eine maximale Parallelschaltung von 15 verwenden, Max. 150 kWh Speicherbox.<br \/>\n<strong><br \/>\n6. Sind diese Akkupacks mit meinem Wechselrichter kompatibel? Haben Sie eine Firmenliste der kompatiblen Wechselrichter?<br \/>\n<\/strong>A: Ja, Sir, unser Akkupack ist mit den meisten Wechselrichtermarken auf dem Markt kompatibel, wie z. B. Deye, MUST, SMA, Growatt, Solax, Solis, Sungrow, Sofar, Voltronic, Sorotec, Studer usw.<p>\n<\/div>\n<\/div>\n<\/div>","protected":false},"excerpt":{"rendered":"<p class=\"product-des\">HS-TQS 5kW+14.336kWh Stapelbare Energiespeicherbatteriesystem<br \/>\n\u3016Hoch-Energie-Stromversorgung | Intelligente Erweiterung | Sicher und langlebig\u3017<\/p>","protected":false},"featured_media":1709,"template":"","meta":{"site-sidebar-layout":"default","site-content-layout":"","ast-site-content-layout":"default","site-content-style":"default","site-sidebar-style":"default","ast-global-header-display":"","ast-banner-title-visibility":"","ast-main-header-display":"","ast-hfb-above-header-display":"","ast-hfb-below-header-display":"","ast-hfb-mobile-header-display":"","site-post-title":"","ast-breadcrumbs-content":"","ast-featured-img":"","footer-sml-layout":"","ast-disable-related-posts":"","theme-transparent-header-meta":"default","adv-header-id-meta":"","stick-header-meta":"default","header-above-stick-meta":"","header-main-stick-meta":"","header-below-stick-meta":"","astra-migrate-meta-layouts":"set","ast-page-background-enabled":"default","ast-page-background-meta":{"desktop":{"background-color":"var(--ast-global-color-4)","background-image":"","background-repeat":"repeat","background-position":"center center","background-size":"auto","background-attachment":"scroll","background-type":"","background-media":"","overlay-type":"","overlay-color":"","overlay-opacity":"","overlay-gradient":""},"tablet":{"background-color":"","background-image":"","background-repeat":"repeat","background-position":"center center","background-size":"auto","background-attachment":"scroll","background-type":"","background-media":"","overlay-type":"","overlay-color":"","overlay-opacity":"","overlay-gradient":""},"mobile":{"background-color":"","background-image":"","background-repeat":"repeat","background-position":"center center","background-size":"auto","background-attachment":"scroll","background-type":"","background-media":"","overlay-type":"","overlay-color":"","overlay-opacity":"","overlay-gradient":""}},"ast-content-background-meta":{"desktop":{"background-color":"var(--ast-global-color-5)","background-image":"","background-repeat":"repeat","background-position":"center center","background-size":"auto","background-attachment":"scroll","background-type":"","background-media":"","overlay-type":"","overlay-color":"","overlay-opacity":"","overlay-gradient":""},"tablet":{"background-color":"var(--ast-global-color-5)","background-image":"","background-repeat":"repeat","background-position":"center center","background-size":"auto","background-attachment":"scroll","background-type":"","background-media":"","overlay-type":"","overlay-color":"","overlay-opacity":"","overlay-gradient":""},"mobile":{"background-color":"var(--ast-global-color-5)","background-image":"","background-repeat":"repeat","background-position":"center center","background-size":"auto","background-attachment":"scroll","background-type":"","background-media":"","overlay-type":"","overlay-color":"","overlay-opacity":"","overlay-gradient":""}}},"product_brand":[],"product_cat":[56,47,52],"product_tag":[],"class_list":{"0":"post-1708","1":"product","2":"type-product","3":"status-publish","4":"has-post-thumbnail","6":"product_cat-energy-storage-battery-system","7":"product_cat-residetial-ess","8":"product_cat-stackable-ess","9":"desktop-align-left","10":"tablet-align-left","11":"mobile-align-left","12":"ast-product-gallery-layout-horizontal-slider","13":"ast-product-tabs-layout-horizontal","15":"first","16":"instock","17":"shipping-taxable","18":"purchasable","19":"product-type-simple"},"_links":{"self":[{"href":"https:\/\/haisicstorage.com\/de\/wp-json\/wp\/v2\/product\/1708","targetHints":{"allow":["GET"]}}],"collection":[{"href":"https:\/\/haisicstorage.com\/de\/wp-json\/wp\/v2\/product"}],"about":[{"href":"https:\/\/haisicstorage.com\/de\/wp-json\/wp\/v2\/types\/product"}],"version-history":[{"count":6,"href":"https:\/\/haisicstorage.com\/de\/wp-json\/wp\/v2\/product\/1708\/revisions"}],"predecessor-version":[{"id":3494,"href":"https:\/\/haisicstorage.com\/de\/wp-json\/wp\/v2\/product\/1708\/revisions\/3494"}],"wp:featuredmedia":[{"embeddable":true,"href":"https:\/\/haisicstorage.com\/de\/wp-json\/wp\/v2\/media\/1709"}],"wp:attachment":[{"href":"https:\/\/haisicstorage.com\/de\/wp-json\/wp\/v2\/media?parent=1708"}],"wp:term":[{"taxonomy":"product_brand","embeddable":true,"href":"https:\/\/haisicstorage.com\/de\/wp-json\/wp\/v2\/product_brand?post=1708"},{"taxonomy":"product_cat","embeddable":true,"href":"https:\/\/haisicstorage.com\/de\/wp-json\/wp\/v2\/product_cat?post=1708"},{"taxonomy":"product_tag","embeddable":true,"href":"https:\/\/haisicstorage.com\/de\/wp-json\/wp\/v2\/product_tag?post=1708"}],"curies":[{"name":"wp","href":"https:\/\/api.w.org\/{rel}","templated":true}]}}