{"id":1694,"date":"2025-12-03T06:58:35","date_gmt":"2025-12-03T06:58:35","guid":{"rendered":"https:\/\/haisicstorage.com\/?post_type=product&#038;p=1694"},"modified":"2026-02-27T07:28:41","modified_gmt":"2026-02-27T07:28:41","slug":"tqs4-2kw7-168kwh-stackable-power-energy-storage","status":"publish","type":"product","link":"https:\/\/haisicstorage.com\/de\/tqs4-2kw7-168kwh-stackable-power-energy-storage\/","title":{"rendered":"TQS4.2KW+7.168KWh stapelbarer Energie-Speicher"},"content":{"rendered":"<div data-spm-anchor-id=\"a2700.pc-decorate.0.i6.5d033333Lu9Prj\">\n<p>Kernvorteile<br \/>\n\u2714 Modulares stapelbares Design<br \/>\nErf\u00fcllt die flexiblen Stromverbrauchsanforderungen in Wohn- \/ Gesch\u00e4ftsbereichen und erm\u00f6glicht eine bedarfsgerechte Erweiterung ohne Verschwendung.<\/p>\n<p>\u2714 Sicherheitsschutz nach Milit\u00e4rstandard<br \/>\nVerwendet LiFePO4-Lithium-Eisenphosphat-Batterien mit einer Zyklenlebensdauer von \u22656000 Mal; IP65-Schutz + intelligentes Temperaturregelsystem, zertifiziert f\u00fcr \u00dcberladung \/ \u00dcberentladung \/ Kurzschlusssicherheit.<\/p>\n<p>\u2714 Dual-Modus intelligentes Umschalten<br \/>\nNahtloser \u00dcbergang zwischen Netz- und Off-Grid-Betrieb, kompatibel mit Photovoltaiksystemen, um 100% selbstgen\u00fcgsame gr\u00fcne Energie zu erreichen, automatische Umschaltung in weniger als 10 ms bei Stromausf\u00e4llen, um eine unterbrechungsfreie Stromversorgung f\u00fcr kritische Ger\u00e4te zu gew\u00e4hrleisten.<\/p>\n<p>\u2714 Energieverwaltung bei jedem Wetter<br \/>\nEchtzeit\u00fcberwachung des Lade- \/ Entladezustands \u00fcber die App, unterst\u00fctzt die Einstellung von Spitzen- \/ Nebenstromtarifen, um Stromkosten zu maximieren.<\/p>\n<table class=\"woocommerce-product-attributes shop_attributes\" aria-label=\"Produktdetails\">\n<tbody>\n<tr class=\"woocommerce-product-attributes-item woocommerce-product-attributes-item--attribute_rated-output-power\">\n<th class=\"woocommerce-product-attributes-item__label\" scope=\"row\">Nennleistung<\/th>\n<td class=\"woocommerce-product-attributes-item__value\">4200VA\/4200W<\/td>\n<\/tr>\n<tr class=\"woocommerce-product-attributes-item woocommerce-product-attributes-item--attribute_nominal-ac-output-voltage\">\n<th class=\"woocommerce-product-attributes-item__label\" scope=\"row\">Nennwechselstrom-Ausgangsspannung<\/th>\n<td class=\"woocommerce-product-attributes-item__value\">208\/220\/230\/240Vac<\/td>\n<\/tr>\n<tr class=\"woocommerce-product-attributes-item woocommerce-product-attributes-item--attribute_nominal-ac-frequency\">\n<th class=\"woocommerce-product-attributes-item__label\" scope=\"row\">Nennwechselstrom-Frequenz<\/th>\n<td class=\"woocommerce-product-attributes-item__value\">50\/60Hz<\/td>\n<\/tr>\n<tr class=\"woocommerce-product-attributes-item woocommerce-product-attributes-item--attribute_rated-voltage\">\n<th class=\"woocommerce-product-attributes-item__label\" scope=\"row\">Nennspannung<\/th>\n<td class=\"woocommerce-product-attributes-item__value\">25,6 V<\/td>\n<\/tr>\n<tr class=\"woocommerce-product-attributes-item woocommerce-product-attributes-item--attribute_rated-capacity\">\n<th class=\"woocommerce-product-attributes-item__label\" scope=\"row\">Nennkapazit\u00e4t<\/th>\n<td class=\"woocommerce-product-attributes-item__value\">280Ah<\/td>\n<\/tr>\n<tr class=\"woocommerce-product-attributes-item woocommerce-product-attributes-item--attribute_rated-energy\">\n<th class=\"woocommerce-product-attributes-item__label\" scope=\"row\">Nennenergie<\/th>\n<td class=\"woocommerce-product-attributes-item__value\">7168Wh<\/td>\n<\/tr>\n<tr class=\"woocommerce-product-attributes-item woocommerce-product-attributes-item--attribute_voltage-range\">\n<th class=\"woocommerce-product-attributes-item__label\" scope=\"row\">Spannungsbereich<\/th>\n<td class=\"woocommerce-product-attributes-item__value\">22,4-28V<\/td>\n<\/tr>\n<tr class=\"woocommerce-product-attributes-item woocommerce-product-attributes-item--attribute_charge-voltage-range\">\n<th class=\"woocommerce-product-attributes-item__label\" scope=\"row\">Ladespannungsbereich<\/th>\n<td class=\"woocommerce-product-attributes-item__value\">28-28,8V<\/td>\n<\/tr>\n<tr class=\"woocommerce-product-attributes-item woocommerce-product-attributes-item--attribute_cut-off-voltage\">\n<th class=\"woocommerce-product-attributes-item__label\" scope=\"row\">Abschaltspannung<\/th>\n<td class=\"woocommerce-product-attributes-item__value\">22,4V<\/td>\n<\/tr>\n<tr class=\"woocommerce-product-attributes-item woocommerce-product-attributes-item--attribute_recommend-charge-current\">\n<th class=\"woocommerce-product-attributes-item__label\" scope=\"row\">Empfohlener Ladestrom<\/th>\n<td class=\"woocommerce-product-attributes-item__value\">50A<\/td>\n<\/tr>\n<tr class=\"woocommerce-product-attributes-item woocommerce-product-attributes-item--attribute_max-charge-current\">\n<th class=\"woocommerce-product-attributes-item__label\" scope=\"row\">Maximaler Ladestrom<\/th>\n<td class=\"woocommerce-product-attributes-item__value\">100 A<\/td>\n<\/tr>\n<tr class=\"woocommerce-product-attributes-item woocommerce-product-attributes-item--attribute_max-discharge-current\">\n<th class=\"woocommerce-product-attributes-item__label\" scope=\"row\">Maximaler Entladestrom<\/th>\n<td class=\"woocommerce-product-attributes-item__value\">150A<\/td>\n<\/tr>\n<\/tbody>\n<\/table>\n<p>Anwendungsszenarien<br \/>\n\u25fc Hausenergiespeicherung | Mit einem Solarsystem kombinieren, um eine autarke Stromversorgung zu erreichen<br \/>\nGewerbliches Backup | Behebung pl\u00f6tzlicher Stromausf\u00e4lle und Sicherstellung unterbrechungsfreier Abl\u00e4ufe<br \/>\n\u25fc Off-Grid-Stromversorgung | Stabile Stromversorgung f\u00fcr Wohnmobile, Inseln und abgelegene Gebiete<\/p>\n<p>Technische Spezifikationen<br \/>\n\u25b8 Nennkapazit\u00e4t: 7,168 kWh (stapelbar \u00d74 Einheiten)<br \/>\n\u25b8 Spitzenleistung: 4,2 kW (kontinuierliche Ausgabe 3,5 kW)<br \/>\n\u25b8 Zykluswirkungsgrad: \u226596%<br \/>\n\u25b8 Betriebstemperatur: -20\u00b0C bis 55\u00b0C<br \/>\n\u25b8 Kommunikationsprotokoll: CAN\/RS485<\/p>\n<p>Vom t\u00e4glichen Stromverbrauch bis zur Notstromversorgung definiert der HS-TQS die Energieunabh\u00e4ngigkeit neu mit intelligenten Energiespeicherl\u00f6sungen.<\/p>\n<\/div>\n<div data-spm-anchor-id=\"a2700.pc-decorate.0.i5.5d033333Lu9Prj\"><strong>Unternehmensprofil <\/strong><\/div>\n<div data-spm-anchor-id=\"a2700.pc-decorate.0.i5.5d033333Lu9Prj\">\n<p><strong><span data-spm-anchor-id=\"a2700.pc-decorate.0.i21.5d033333Lu9Prj\">Gegr\u00fcndet im Jahr 2011 ist Shenzhen Haisic Technology Co., Ltd. ein nationales High-Tech-Unternehmen, das sich der Forschung, Entwicklung und Produktion von Energiespeicherprodukten wie LiFePO4-Batteriepacks, gewerblichen &amp; industriellen Energiespeichern, haushaltsenergiespeichern, tragbaren Stromstationen\/Solargeneratoren, Solarwechselrichtern, Hubwagenbatterien, RVA-Landschaftsbus-\/Golfwagenbatterien und anderen OEM\/ODM-Batterien in China widmet.<\/span><\/strong><\/p>\n<div><\/div>\n<div><strong>Seit mehr als 12 Jahren engagiert sich Haisic Technology tief in diesem Bereich und hat umfassende Erfahrungen in Forschung &amp; Entwicklung, Innovation, Qualit\u00e4tskontrolle und Management gesammelt. Unsere Produkte werden in der Hausspeicherung, industriellen Energiespeicherung, gewerblichen Energiespeicherung, Telekommunikation, Medizintechnik, Sicherheitskommunikation, Transport und Logistik, neuer Energie, Smart Home und anderen verwandten Bereichen eingesetzt. <\/strong><\/div>\n<div><strong>\u00a0<\/strong><\/div>\n<div><strong>We have owned our own production base covering more than 14000m located in Dapeng district of Shenzhen with ISO9001, ISO14001, IS045001 and Amfori BSCI, and our products are with CE, FCC, TUV-UL2054, CQC,RoHs, PSE,MSDS, UN38.3 certificates. We\u2019ve already provided safe, stable, environmentallyfriendly, high-quality products and professional OEM\/ODM services to customers in more than 80 countries and regions. <\/strong><\/div>\n<div><\/div>\n<div><\/div>\n<div><strong>FAQ <\/strong><\/div>\n<div><strong><span data-spm-anchor-id=\"a2700.pc-decorate.0.i33.5d033333Lu9Prj\">1. Was ist das Besondere an Lithiumbatterien?<\/span><\/strong><\/div>\n<div>\n<p><span data-spm-anchor-id=\"a2700.pc-decorate.0.i33.5d033333Lu9Prj\">A: Mit hoher Energiedichte hat sie 460-600Wh\/kg erreicht, was etwa 6-7 Mal so hoch ist wie bei Blei-S\u00e4ure-Batterien. Lange Lebensdauer, die Lebensdauer kann mehr als 6 Jahre betragen. Leichtes Gewicht, das Gewicht betr\u00e4gt bei gleichem Volumen etwa 1\/5-6 des Blei-S\u00e4ure-Produkts.<\/span><\/p>\n<p>&nbsp;<\/p>\n<div data-spm-anchor-id=\"a2700.pc-decorate.0.i34.5d033333Lu9Prj\"><strong>2. Wof\u00fcr werden Lithiumbatterien verwendet?<br \/>\n<\/strong>A: Lithiumbatterie wird f\u00fcr Energieversorgung und Energiespeicherung verwendet. Wie Notstromversorgung oder USV. Zuverl\u00e4ssige elektrische und Freizeitfahrzeugleistung, Golfrad, zuverl\u00e4ssige und leichte marine Anwendungen, Solarstromspeicherung, Solarhaus, kleine Verarbeitungsfabrik, \u00dcberwachungs- oder Alarmanlagen in abgelegenen Gebieten.3.Sind Ihre Batterien sicher?A: Unsere Batterien sind sicher. Alle Zwayn-Batterien verwenden die sichersten und stabilsten Komponenten, einschlie\u00dflich einer LiFePO4-Kathode und einem integrierten Battery Management System (BMS). Das BMS sch\u00fctzt die Zellen vor zu hohen oder zu niedrigen Spannungen, hohen Str\u00f6men, Kurzschl\u00fcssen und \u00fcberm\u00e4\u00dfiger W\u00e4rme oder K\u00e4lte. Dies sind die h\u00e4ufigsten Ursachen f\u00fcr Batterieausf\u00e4lle, und wir haben alle Vorsichtsma\u00dfnahmen getroffen, um diese Risiken in allen unseren Batterien zu mindern.<br \/>\n<strong><br \/>\n4. Wie w\u00e4hle ich die richtige Lithium-Deep-Cycle-Batterie f\u00fcr meine Anwendung aus?<br \/>\n<\/strong>A: In den meisten Standard-12-, 24- oder 48-Volt-Systemen ist die beste Wahl f\u00fcr eine Lithiumbatterie LiFePO4 (Lithium-Eisenphosphat\/<br \/>\nPouch\/Prim\u00e4rbatteriezelle). Die Spannung dieser Batterieart ist der einer AGM sehr \u00e4hnlich und funktioniert hervorragend mit leicht<br \/>\nverf\u00fcgbaren Systemkomponenten f\u00fcr Ihr Wohnmobil, Boot, netzunabh\u00e4ngiges Stromsystem, Solarhaus (Fernseher, K\u00fchlschrank, Waschmaschine, Klimaanlage<br \/>\nconditioner, Wasserheizer, Mikrowellenherd, Induktionskochfeld, Geschirrsp\u00fcler, Drucker, Computer), Telekommunikationsturm, Hybrid- &amp; Off-Grid-Solarenergie Systemanwendungen.5.Kann es in Reihe oder parallel verwendet werden?A: Ja, es kann eine maximale Parallelschaltung von 15 verwenden, Max. 150 kWh Speicherbox.<br \/>\n<strong><br \/>\n6. Sind diese Akkupacks mit meinem Wechselrichter kompatibel? Haben Sie eine Firmenliste der kompatiblen Wechselrichter?<br \/>\n<\/strong>A: Ja, Sir, unser Akkupack ist mit den meisten Wechselrichtermarken auf dem Markt kompatibel, wie z. B. Deye, MUST, SMA, Growatt, Solax, Solis, Sungrow, Sofar, Voltronic, Sorotec, Studer usw.<\/div>\n<\/div>\n<\/div>","protected":false},"excerpt":{"rendered":"<p>HS-TQS 4,2kW+7,168kWh Stapelbares Energiespeicher-Batteriesystem<br \/>\n(Flexible Skalierbarkeit | Effiziente Stabilit\u00e4t | Intelligentes Energiemanagement)<\/p>","protected":false},"featured_media":1699,"template":"","meta":{"site-sidebar-layout":"default","site-content-layout":"","ast-site-content-layout":"default","site-content-style":"default","site-sidebar-style":"default","ast-global-header-display":"","ast-banner-title-visibility":"","ast-main-header-display":"","ast-hfb-above-header-display":"","ast-hfb-below-header-display":"","ast-hfb-mobile-header-display":"","site-post-title":"","ast-breadcrumbs-content":"","ast-featured-img":"","footer-sml-layout":"","ast-disable-related-posts":"","theme-transparent-header-meta":"default","adv-header-id-meta":"","stick-header-meta":"default","header-above-stick-meta":"","header-main-stick-meta":"","header-below-stick-meta":"","astra-migrate-meta-layouts":"set","ast-page-background-enabled":"default","ast-page-background-meta":{"desktop":{"background-color":"var(--ast-global-color-4)","background-image":"","background-repeat":"repeat","background-position":"center center","background-size":"auto","background-attachment":"scroll","background-type":"","background-media":"","overlay-type":"","overlay-color":"","overlay-opacity":"","overlay-gradient":""},"tablet":{"background-color":"","background-image":"","background-repeat":"repeat","background-position":"center center","background-size":"auto","background-attachment":"scroll","background-type":"","background-media":"","overlay-type":"","overlay-color":"","overlay-opacity":"","overlay-gradient":""},"mobile":{"background-color":"","background-image":"","background-repeat":"repeat","background-position":"center center","background-size":"auto","background-attachment":"scroll","background-type":"","background-media":"","overlay-type":"","overlay-color":"","overlay-opacity":"","overlay-gradient":""}},"ast-content-background-meta":{"desktop":{"background-color":"var(--ast-global-color-5)","background-image":"","background-repeat":"repeat","background-position":"center center","background-size":"auto","background-attachment":"scroll","background-type":"","background-media":"","overlay-type":"","overlay-color":"","overlay-opacity":"","overlay-gradient":""},"tablet":{"background-color":"var(--ast-global-color-5)","background-image":"","background-repeat":"repeat","background-position":"center center","background-size":"auto","background-attachment":"scroll","background-type":"","background-media":"","overlay-type":"","overlay-color":"","overlay-opacity":"","overlay-gradient":""},"mobile":{"background-color":"var(--ast-global-color-5)","background-image":"","background-repeat":"repeat","background-position":"center center","background-size":"auto","background-attachment":"scroll","background-type":"","background-media":"","overlay-type":"","overlay-color":"","overlay-opacity":"","overlay-gradient":""}}},"product_brand":[],"product_cat":[56,47,52],"product_tag":[],"class_list":{"0":"post-1694","1":"product","2":"type-product","3":"status-publish","4":"has-post-thumbnail","6":"product_cat-energy-storage-battery-system","7":"product_cat-residetial-ess","8":"product_cat-stackable-ess","9":"desktop-align-left","10":"tablet-align-left","11":"mobile-align-left","12":"ast-product-gallery-layout-horizontal-slider","13":"ast-product-tabs-layout-horizontal","15":"first","16":"instock","17":"shipping-taxable","18":"purchasable","19":"product-type-simple"},"_links":{"self":[{"href":"https:\/\/haisicstorage.com\/de\/wp-json\/wp\/v2\/product\/1694","targetHints":{"allow":["GET"]}}],"collection":[{"href":"https:\/\/haisicstorage.com\/de\/wp-json\/wp\/v2\/product"}],"about":[{"href":"https:\/\/haisicstorage.com\/de\/wp-json\/wp\/v2\/types\/product"}],"version-history":[{"count":6,"href":"https:\/\/haisicstorage.com\/de\/wp-json\/wp\/v2\/product\/1694\/revisions"}],"predecessor-version":[{"id":3496,"href":"https:\/\/haisicstorage.com\/de\/wp-json\/wp\/v2\/product\/1694\/revisions\/3496"}],"wp:featuredmedia":[{"embeddable":true,"href":"https:\/\/haisicstorage.com\/de\/wp-json\/wp\/v2\/media\/1699"}],"wp:attachment":[{"href":"https:\/\/haisicstorage.com\/de\/wp-json\/wp\/v2\/media?parent=1694"}],"wp:term":[{"taxonomy":"product_brand","embeddable":true,"href":"https:\/\/haisicstorage.com\/de\/wp-json\/wp\/v2\/product_brand?post=1694"},{"taxonomy":"product_cat","embeddable":true,"href":"https:\/\/haisicstorage.com\/de\/wp-json\/wp\/v2\/product_cat?post=1694"},{"taxonomy":"product_tag","embeddable":true,"href":"https:\/\/haisicstorage.com\/de\/wp-json\/wp\/v2\/product_tag?post=1694"}],"curies":[{"name":"wp","href":"https:\/\/api.w.org\/{rel}","templated":true}]}}