{"id":1691,"date":"2025-12-03T06:25:07","date_gmt":"2025-12-03T06:25:07","guid":{"rendered":"https:\/\/haisicstorage.com\/?post_type=product&#038;p=1691"},"modified":"2026-02-27T07:29:01","modified_gmt":"2026-02-27T07:29:01","slug":"25-6v-100ah-2560wh-powerwall-home-energy-storage","status":"publish","type":"product","link":"https:\/\/haisicstorage.com\/de\/25-6v-100ah-2560wh-powerwall-home-energy-storage\/","title":{"rendered":"25.6v 100ah 2560wh Powerwall-Heimspeicher"},"content":{"rendered":"<table class=\"woocommerce-product-attributes shop_attributes\" aria-label=\"Produktdetails\">\n<tbody>\n<tr class=\"woocommerce-product-attributes-item woocommerce-product-attributes-item--attribute_rated-voltage\">\n<th class=\"woocommerce-product-attributes-item__label\" scope=\"row\">Nennspannung<\/th>\n<td class=\"woocommerce-product-attributes-item__value\">25,6 V<\/td>\n<\/tr>\n<tr class=\"woocommerce-product-attributes-item woocommerce-product-attributes-item--attribute_rated-capacity\">\n<th class=\"woocommerce-product-attributes-item__label\" scope=\"row\">Nennkapazit\u00e4t<\/th>\n<td class=\"woocommerce-product-attributes-item__value\">100Ah<\/td>\n<\/tr>\n<tr class=\"woocommerce-product-attributes-item woocommerce-product-attributes-item--attribute_rated-energy\">\n<th class=\"woocommerce-product-attributes-item__label\" scope=\"row\">Nennenergie<\/th>\n<td class=\"woocommerce-product-attributes-item__value\">2560Wh<\/td>\n<\/tr>\n<tr class=\"woocommerce-product-attributes-item woocommerce-product-attributes-item--attribute_voltage-range\">\n<th class=\"woocommerce-product-attributes-item__label\" scope=\"row\">Spannungsbereich<\/th>\n<td class=\"woocommerce-product-attributes-item__value\">22,4-28V<\/td>\n<\/tr>\n<tr class=\"woocommerce-product-attributes-item woocommerce-product-attributes-item--attribute_charge-voltage-range\">\n<th class=\"woocommerce-product-attributes-item__label\" scope=\"row\">Ladespannungsbereich<\/th>\n<td class=\"woocommerce-product-attributes-item__value\">28-28,8V<\/td>\n<\/tr>\n<tr class=\"woocommerce-product-attributes-item woocommerce-product-attributes-item--attribute_cut-off-voltage\">\n<th class=\"woocommerce-product-attributes-item__label\" scope=\"row\">Abschaltspannung<\/th>\n<td class=\"woocommerce-product-attributes-item__value\">22,4V<\/td>\n<\/tr>\n<tr class=\"woocommerce-product-attributes-item woocommerce-product-attributes-item--attribute_recommend-charge-current\">\n<th class=\"woocommerce-product-attributes-item__label\" scope=\"row\">Empfohlener Ladestrom<\/th>\n<td class=\"woocommerce-product-attributes-item__value\">50A<\/td>\n<\/tr>\n<tr class=\"woocommerce-product-attributes-item woocommerce-product-attributes-item--attribute_max-charge-current\">\n<th class=\"woocommerce-product-attributes-item__label\" scope=\"row\">Maximaler Ladestrom<\/th>\n<td class=\"woocommerce-product-attributes-item__value\">100 A<\/td>\n<\/tr>\n<tr class=\"woocommerce-product-attributes-item woocommerce-product-attributes-item--attribute_dimensionlwh\">\n<th class=\"woocommerce-product-attributes-item__label\" scope=\"row\">AbmessungL*B*H<\/th>\n<td class=\"woocommerce-product-attributes-item__value\">400\u00d7207\u00d7464mm<\/td>\n<\/tr>\n<tr class=\"woocommerce-product-attributes-item woocommerce-product-attributes-item--attribute_display\">\n<th class=\"woocommerce-product-attributes-item__label\" scope=\"row\">Anzeige<\/th>\n<td class=\"woocommerce-product-attributes-item__value\">3,5-Zoll-Touchscreen<\/td>\n<\/tr>\n<\/tbody>\n<\/table>\n<p>I. Kernfunktionen: Intuitive Interaktion, Meister jedes Kilowattstunden<\/p>\n<p>Der HS-BG25100 verf\u00fcgt \u00fcber einen 3,5-Zoll-HD-Farb-Touchscreen, der komplexe Energiedaten in sofort verst\u00e4ndliche visuelle Informationen umwandelt. Verabschieden Sie sich von der \u00c4ra der undurchsichtigen Kontrollleuchten bei traditionellen Ger\u00e4ten. Mit einem einfachen Fingertipp werden Sie zum Energiebefehlshaber Ihres Haushalts.<\/p>\n<p>Visuelles Daten-Dashboard:<br \/>\nZeigt dynamisch die Solar-Ladeleistung, den Stromverbrauch im Haushalt, den Batteriestatus in Prozent und die verbleibende Laufzeit in Echtzeit an, und bietet vollst\u00e4ndige Transparenz \u00fcber den Energiefluss.<\/p>\n<p>Pr\u00e4zise Steuerung direkt an Ihren Fingern:<br \/>\nSchalten Sie Betriebsmodes (z.B. Solarpriorit\u00e4t, Spitzen-\/Nebennutzung, Standby) sofort um, passen Sie Lade-\/Entladepl\u00e4ne an und erzielen Sie m\u00fchelos intelligente Energiekosteneinsparungen.<\/p>\n<p>Systemgesundheits\u00fcberwachung: \u00dcberwacht kontinuierlich Batteriespannung, Temperatur und Zyklenanzahl mit proaktiven Fehlerwarnungen, um die Sicherheit unter Kontrolle zu halten.<\/p>\n<p>Vorteile &amp; Umweltwirkung: Dokumentiert deutlich t\u00e4gliche Energieeinsparungen und CO\u2082-Reduktionen, sodass jede gr\u00fcne Investition sichtbar belohnt wird.<\/p>\n<p>II. Robustes Kernst\u00fcck: Sicher, langlebig und leistungsstark<\/p>\n<p>Au\u00dfergew\u00f6hnliche Kapazit\u00e4t und Leistung: Verf\u00fcgt \u00fcber eine integrierte 2,5 kWh Lithium-Eisenphosphat-Batterie (LiFePO\u2084) mit einer Zyklenlebensdauer von \u00fcber 6.000 Zyklen. Ausgestattet mit einem 1000W reinen Sinuswellen-Wechselrichter, liefert es stabile und sichere Ausg\u00e4nge und versorgt m\u00fchelos alles von Mobiltelefonen bis K\u00fchlschr\u00e4nken.<\/p>\n<p>Umfassender Sicherheitsschutz: Ein integriertes intelligentes BMS-Managementsystem bietet neun Schutzschichten gegen \u00dcberladung, Tiefentladung, \u00dcberlastung, Kurzschluss und abnormale Temperaturen, um eine zuverl\u00e4ssige Haushaltsstromversorgung zu gew\u00e4hrleisten.<\/p>\n<p>Effiziente Dual-Mode-Eingabe: Unterst\u00fctzt Solarpanel-Ladung bis zu 500W (MPPT-Technologie mit bis zu 99% Ladeeffizienz) und Netzstromladung. Priorisiert gr\u00fcne Energie w\u00e4hrend sonniger Perioden f\u00fcr intelligente Energiekosteneinsparungen.<\/p>\n<p>III. Vielseitige Anwendungsszenarien<\/p>\n<p>Der HS-BG25100 ist eine vielseitige L\u00f6sung zur Verbesserung der Lebensqualit\u00e4t und zur Bew\u00e4ltigung von Energieherausforderungen:<\/p>\n<p>Heimisches Peak-Valley-Arbitrage: Nutzen Sie Stromtarifdifferenzen durch n\u00e4chtliches Laden und tags\u00fcber Entladen, um die Stromkosten im Haushalt effektiv zu senken.<\/p>\n<p>Photovoltaik-Energiespeicher-Optimierung: Integriert nahtlos mit Solarsystemen, um \u00fcbersch\u00fcssige PV-Leistung zu speichern und die Eigenverbrauchsrate zu erh\u00f6hen.<\/p>\n<p>Backup f\u00fcr kritische Ger\u00e4te: Bietet Notstromversorgung f\u00fcr Router, Computer, K\u00fchlschr\u00e4nke und mehr, um einen reibungslosen Betrieb bei unerwarteten Stromausf\u00e4llen zu gew\u00e4hrleisten.<\/p>\n<p>Power f\u00fcr Outdoor-Freizeit: Liefert saubere, leise mobile Stroml\u00f6sungen f\u00fcr Camping, Wohnmobilreisen und Gartenpartys.<\/p>\n<p>Der HS-BG25100 ist nicht nur ein Energiespeicher; er ist Ihr erster Schritt zu einem intelligenteren, unabh\u00e4ngigen und umweltfreundlicheren Energie-Lifestyle. Ab jetzt liegt Energie in Ihrer Hand und macht das Leben widerstandsf\u00e4higer.<\/p>\n<p>\u00dcbersetzt mit DeepL.com (kostenlose Version)<\/p>\n<div data-spm-anchor-id=\"a2700.pc-decorate.0.i5.5d033333Lu9Prj\"><\/div>\n<div data-spm-anchor-id=\"a2700.pc-decorate.0.i5.5d033333Lu9Prj\"><strong>Unternehmensprofil <\/strong><\/div>\n<div data-spm-anchor-id=\"a2700.pc-decorate.0.i5.5d033333Lu9Prj\">\n<p><strong><span data-spm-anchor-id=\"a2700.pc-decorate.0.i21.5d033333Lu9Prj\">Gegr\u00fcndet im Jahr 2011 ist Shenzhen Haisic Technology Co., Ltd. ein nationales High-Tech-Unternehmen, das sich der Forschung, Entwicklung und Produktion von Energiespeicherprodukten wie LiFePO4-Batteriepacks, gewerblichen &amp; industriellen Energiespeichern, haushaltsenergiespeichern, tragbaren Stromstationen\/Solargeneratoren, Solarwechselrichtern, Hubwagenbatterien, RVA-Landschaftsbus-\/Golfwagenbatterien und anderen OEM\/ODM-Batterien in China widmet.<\/span><\/strong><\/p>\n<div><\/div>\n<div><strong>Seit mehr als 12 Jahren engagiert sich Haisic Technology tief in diesem Bereich und hat umfassende Erfahrungen in Forschung &amp; Entwicklung, Innovation, Qualit\u00e4tskontrolle und Management gesammelt. Unsere Produkte werden in der Hausspeicherung, industriellen Energiespeicherung, gewerblichen Energiespeicherung, Telekommunikation, Medizintechnik, Sicherheitskommunikation, Transport und Logistik, neuer Energie, Smart Home und anderen verwandten Bereichen eingesetzt. <\/strong><\/div>\n<div><strong>\u00a0<\/strong><\/div>\n<div><strong>We have owned our own production base covering more than 14000m located in Dapeng district of Shenzhen with ISO9001, ISO14001, IS045001 and Amfori BSCI, and our products are with CE, FCC, TUV-UL2054, CQC,RoHs, PSE,MSDS, UN38.3 certificates. We\u2019ve already provided safe, stable, environmentallyfriendly, high-quality products and professional OEM\/ODM services to customers in more than 80 countries and regions. <\/strong><\/div>\n<div><\/div>\n<div><\/div>\n<div><strong>FAQ <\/strong><\/div>\n<div><strong><span data-spm-anchor-id=\"a2700.pc-decorate.0.i33.5d033333Lu9Prj\">1. Was ist das Besondere an Lithiumbatterien?<\/span><\/strong><\/div>\n<div>\n<p><span data-spm-anchor-id=\"a2700.pc-decorate.0.i33.5d033333Lu9Prj\">A: Mit hoher Energiedichte hat sie 460-600Wh\/kg erreicht, was etwa 6-7 Mal so hoch ist wie bei Blei-S\u00e4ure-Batterien. Lange Lebensdauer, die Lebensdauer kann mehr als 6 Jahre betragen. Leichtes Gewicht, das Gewicht betr\u00e4gt bei gleichem Volumen etwa 1\/5-6 des Blei-S\u00e4ure-Produkts.<\/span><\/p>\n<p>&nbsp;<\/p>\n<div data-spm-anchor-id=\"a2700.pc-decorate.0.i34.5d033333Lu9Prj\"><strong>2. Wof\u00fcr werden Lithiumbatterien verwendet?<br \/>\n<\/strong>A: Lithiumbatterie wird f\u00fcr Energieversorgung und Energiespeicherung verwendet. Wie Notstromversorgung oder USV. Zuverl\u00e4ssige elektrische und Freizeitfahrzeugleistung, Golfrad, zuverl\u00e4ssige und leichte marine Anwendungen, Solarstromspeicherung, Solarhaus, kleine Verarbeitungsfabrik, \u00dcberwachungs- oder Alarmanlagen in abgelegenen Gebieten.3.Sind Ihre Batterien sicher?A: Unsere Batterien sind sicher. Alle Zwayn-Batterien verwenden die sichersten und stabilsten Komponenten, einschlie\u00dflich einer LiFePO4-Kathode und einem integrierten Battery Management System (BMS). Das BMS sch\u00fctzt die Zellen vor zu hohen oder zu niedrigen Spannungen, hohen Str\u00f6men, Kurzschl\u00fcssen und \u00fcberm\u00e4\u00dfiger W\u00e4rme oder K\u00e4lte. Dies sind die h\u00e4ufigsten Ursachen f\u00fcr Batterieausf\u00e4lle, und wir haben alle Vorsichtsma\u00dfnahmen getroffen, um diese Risiken in allen unseren Batterien zu mindern.<br \/>\n<strong><br \/>\n4. Wie w\u00e4hle ich die richtige Lithium-Deep-Cycle-Batterie f\u00fcr meine Anwendung aus?<br \/>\n<\/strong>A: In den meisten Standard-12-, 24- oder 48-Volt-Systemen ist die beste Wahl f\u00fcr eine Lithiumbatterie LiFePO4 (Lithium-Eisenphosphat\/<br \/>\nPouch\/Prim\u00e4rbatteriezelle). Die Spannung dieser Batterieart ist der einer AGM sehr \u00e4hnlich und funktioniert hervorragend mit leicht<br \/>\nverf\u00fcgbaren Systemkomponenten f\u00fcr Ihr Wohnmobil, Boot, netzunabh\u00e4ngiges Stromsystem, Solarhaus (Fernseher, K\u00fchlschrank, Waschmaschine, Klimaanlage<br \/>\nconditioner, Wasserheizer, Mikrowellenherd, Induktionskochfeld, Geschirrsp\u00fcler, Drucker, Computer), Telekommunikationsturm, Hybrid- &amp; Off-Grid-Solarenergie Systemanwendungen.5.Kann es in Reihe oder parallel verwendet werden?A: Ja, es kann eine maximale Parallelschaltung von 15 verwenden, Max. 150 kWh Speicherbox.<br \/>\n<strong><br \/>\n6. Sind diese Akkupacks mit meinem Wechselrichter kompatibel? Haben Sie eine Firmenliste der kompatiblen Wechselrichter?<br \/>\n<\/strong>A: Ja, Sir, unser Akkupack ist mit den meisten Wechselrichtermarken auf dem Markt kompatibel, wie z. B. Deye, MUST, SMA, Growatt, Solax, Solis, Sungrow, Sofar, Voltronic, Sorotec, Studer usw.<p>\n<\/div>\n<\/div>\n<\/div>","protected":false},"excerpt":{"rendered":"<p class=\"product-des\">HS-BG25100 Smart Home Energiespeichersystem \u00dcbersicht<\/p>\n<p>Intelligente Energiespeicherung, direkt an Ihren Fingerspitzen \u2013 Ihr Haushaltsenergie-Management-Hub<\/p>\n<div class=\"inquiryBasket\"><\/div>","protected":false},"featured_media":1685,"template":"","meta":{"site-sidebar-layout":"default","site-content-layout":"","ast-site-content-layout":"default","site-content-style":"default","site-sidebar-style":"default","ast-global-header-display":"","ast-banner-title-visibility":"","ast-main-header-display":"","ast-hfb-above-header-display":"","ast-hfb-below-header-display":"","ast-hfb-mobile-header-display":"","site-post-title":"","ast-breadcrumbs-content":"","ast-featured-img":"","footer-sml-layout":"","ast-disable-related-posts":"","theme-transparent-header-meta":"default","adv-header-id-meta":"","stick-header-meta":"default","header-above-stick-meta":"","header-main-stick-meta":"","header-below-stick-meta":"","astra-migrate-meta-layouts":"set","ast-page-background-enabled":"default","ast-page-background-meta":{"desktop":{"background-color":"var(--ast-global-color-4)","background-image":"","background-repeat":"repeat","background-position":"center center","background-size":"auto","background-attachment":"scroll","background-type":"","background-media":"","overlay-type":"","overlay-color":"","overlay-opacity":"","overlay-gradient":""},"tablet":{"background-color":"","background-image":"","background-repeat":"repeat","background-position":"center center","background-size":"auto","background-attachment":"scroll","background-type":"","background-media":"","overlay-type":"","overlay-color":"","overlay-opacity":"","overlay-gradient":""},"mobile":{"background-color":"","background-image":"","background-repeat":"repeat","background-position":"center center","background-size":"auto","background-attachment":"scroll","background-type":"","background-media":"","overlay-type":"","overlay-color":"","overlay-opacity":"","overlay-gradient":""}},"ast-content-background-meta":{"desktop":{"background-color":"var(--ast-global-color-5)","background-image":"","background-repeat":"repeat","background-position":"center center","background-size":"auto","background-attachment":"scroll","background-type":"","background-media":"","overlay-type":"","overlay-color":"","overlay-opacity":"","overlay-gradient":""},"tablet":{"background-color":"var(--ast-global-color-5)","background-image":"","background-repeat":"repeat","background-position":"center center","background-size":"auto","background-attachment":"scroll","background-type":"","background-media":"","overlay-type":"","overlay-color":"","overlay-opacity":"","overlay-gradient":""},"mobile":{"background-color":"var(--ast-global-color-5)","background-image":"","background-repeat":"repeat","background-position":"center center","background-size":"auto","background-attachment":"scroll","background-type":"","background-media":"","overlay-type":"","overlay-color":"","overlay-opacity":"","overlay-gradient":""}}},"product_brand":[],"product_cat":[47,56,50],"product_tag":[],"class_list":{"0":"post-1691","1":"product","2":"type-product","3":"status-publish","4":"has-post-thumbnail","6":"product_cat-residetial-ess","7":"product_cat-energy-storage-battery-system","8":"product_cat-floor-standing-ess","9":"desktop-align-left","10":"tablet-align-left","11":"mobile-align-left","12":"ast-product-gallery-layout-horizontal-slider","13":"ast-product-tabs-layout-horizontal","15":"first","16":"instock","17":"shipping-taxable","18":"purchasable","19":"product-type-simple"},"_links":{"self":[{"href":"https:\/\/haisicstorage.com\/de\/wp-json\/wp\/v2\/product\/1691","targetHints":{"allow":["GET"]}}],"collection":[{"href":"https:\/\/haisicstorage.com\/de\/wp-json\/wp\/v2\/product"}],"about":[{"href":"https:\/\/haisicstorage.com\/de\/wp-json\/wp\/v2\/types\/product"}],"version-history":[{"count":6,"href":"https:\/\/haisicstorage.com\/de\/wp-json\/wp\/v2\/product\/1691\/revisions"}],"predecessor-version":[{"id":2500,"href":"https:\/\/haisicstorage.com\/de\/wp-json\/wp\/v2\/product\/1691\/revisions\/2500"}],"wp:featuredmedia":[{"embeddable":true,"href":"https:\/\/haisicstorage.com\/de\/wp-json\/wp\/v2\/media\/1685"}],"wp:attachment":[{"href":"https:\/\/haisicstorage.com\/de\/wp-json\/wp\/v2\/media?parent=1691"}],"wp:term":[{"taxonomy":"product_brand","embeddable":true,"href":"https:\/\/haisicstorage.com\/de\/wp-json\/wp\/v2\/product_brand?post=1691"},{"taxonomy":"product_cat","embeddable":true,"href":"https:\/\/haisicstorage.com\/de\/wp-json\/wp\/v2\/product_cat?post=1691"},{"taxonomy":"product_tag","embeddable":true,"href":"https:\/\/haisicstorage.com\/de\/wp-json\/wp\/v2\/product_tag?post=1691"}],"curies":[{"name":"wp","href":"https:\/\/api.w.org\/{rel}","templated":true}]}}