{"id":1676,"date":"2025-12-03T06:09:22","date_gmt":"2025-12-03T06:09:22","guid":{"rendered":"https:\/\/haisicstorage.com\/?post_type=product&#038;p=1676"},"modified":"2026-02-27T07:30:02","modified_gmt":"2026-02-27T07:30:02","slug":"25-6v-battery-305ah-touch-screen-home-energy-storage","status":"publish","type":"product","link":"https:\/\/haisicstorage.com\/de\/25-6v-battery-305ah-touch-screen-home-energy-storage\/","title":{"rendered":"25.6v Batterie 305ah Touchscreen-Heimspeicher"},"content":{"rendered":"<div data-spm-anchor-id=\"a2700.pc-decorate.0.i6.5d033333Lu9Prj\">\n<p>I. Intelligker Kern: 3,5-Zoll Voll-Touch-Interaktion, Beherrschung umfassender Energiedynamik<\/p>\n<p>Der HS-BG25305 integriert eine intelligente Interaktionszentrale, die nahtlos robuste Energiespeicherf\u00e4higkeiten mit einem intuitiven 3,5-Zoll-HD-Touchscreen verbindet. Dies verwandelt komplexes Energiemanagement in ein beispiellos einfaches und effizientes Erlebnis.<\/p>\n<p>Umfassende Energievisualisierung und -verwaltung: Dynamische Flussdiagramme bieten eine Echtzeit-Visualisierung des Energieflusses zwischen Solarmodulen, Netzstrom, Batterien und Lasten. Stromstatus, Ein-\/Ausgangsstrom und gesch\u00e4tzte Laufzeit werden auf einen Blick deutlich angezeigt.<\/p>\n<p>Multi-Modus-Intelligente Strategienanpassung: Sofortiger Wechsel zwischen Modi wie \u201aOff-Grid Standby\u2018, \u201aPeak-Valley-Wirtschaft\u2018 und \u201aPV-Priorit\u00e4t\u2018, w\u00e4hrend Lade-\/Entladezeiten individuell angepasst werden, um Ihren Verbrauchsmustern genau zu entsprechen und Energiekosten zu maximieren.<\/p>\n<p>System\u00fcberwachung und -diagnose: Bietet detaillierte Abfragen zu Kernparametern wie Gesundheitszustand (SOH), Z\u00e4hlzyklen, Temperatur und Spannung, um vorausschauende Wartung zu erm\u00f6glichen und Probleme zu verhindern, bevor sie auftreten.<\/p>\n<p>Integrierte historische und Sicherheitsprotokolle: Erfasst umfassend Erzeugungs- und Verbrauchskurven sowie alle Alarmereignisse, bietet datenbasierte Einblicke zur Optimierung des Energieverbrauchs und gew\u00e4hrleistet vollst\u00e4ndige Nachverfolgbarkeit des Sicherheitsstatus.<\/p>\n<p>II. Robuste Leistung: Langfristige stabile Stromversorgung<\/p>\n<p>Festungsniveau Sicherheitschutz: Verwendet ein intelligentes, skalierbares BMS-Managementsystem, das mehrere Schutzma\u00dfnahmen gegen \u00dcberladung, Tiefentladung, \u00dcberstrom, Kurzschluss, Temperaturanomalien und Zellenausgleich integriert, um den fehlerfreien Betrieb von Hochkapazit\u00e4ts-Energiespeichersystemen zu gew\u00e4hrleisten.<\/p>\n<p>III. Vielseitige Anwendungsszenarien<\/p>\n<p>Der HS-BG25305 ist die ideale Wahl f\u00fcr diejenigen, die Energieunabh\u00e4ngigkeit und Seelenfrieden suchen:<\/p>\n<p>Langzeit-Backup-Strom f\u00fcr kleine bis mittlere Haushalte: Bietet verl\u00e4ngerte Notstromversorgung f\u00fcr st\u00e4dtische Wohnungen oder l\u00e4ndliche H\u00e4user, sorgt f\u00fcr ununterbrochene K\u00fchlung, Beleuchtung und Kommunikation bei Stromausf\u00e4llen.<\/p>\n<p>SOHO-B\u00fcro-Stromsicherung: Liefert leisen, zuverl\u00e4ssigen Backup-Strom f\u00fcr Home-Office und Studios, sch\u00fctzt Arbeitsdaten und sorgt f\u00fcr stabile Ger\u00e4tefunktion.<\/p>\n<p>Outdoor-Freizeit-Stroml\u00f6sung: Erf\u00fcllt den Strombedarf f\u00fcr Wochenend-Camping, lange Roadtrips und andere Outdoor-Aktivit\u00e4ten, liefert kontinuierliche, stabile gr\u00fcne Energie.<\/p>\n<p>Der HS-BG25305 definiert die h\u00e4usliche Energiesicherheit neu. Mehr als nur eine Stromreserve, ist es Ihr zuverl\u00e4ssiger Begleiter f\u00fcr einen sicheren, wirtschaftlichen und umweltfreundlichen Lebensstil, der es Ihnen erm\u00f6glicht, verschiedene Stromszenarien m\u00fchelos zu bew\u00e4ltigen und intelligentes Wohnen zu genie\u00dfen.<\/p>\n<\/div>\n<div data-spm-anchor-id=\"a2700.pc-decorate.0.i5.5d033333Lu9Prj\"><strong>Unternehmensprofil <\/strong><\/div>\n<div data-spm-anchor-id=\"a2700.pc-decorate.0.i5.5d033333Lu9Prj\"><\/div>\n<div data-spm-anchor-id=\"a2700.pc-decorate.0.i5.5d033333Lu9Prj\"><\/div>\n<div data-spm-anchor-id=\"a2700.pc-decorate.0.i5.5d033333Lu9Prj\">\n<p><strong><span data-spm-anchor-id=\"a2700.pc-decorate.0.i21.5d033333Lu9Prj\">Gegr\u00fcndet im Jahr 2011 ist Shenzhen Haisic Technology Co., Ltd. ein nationales High-Tech-Unternehmen, das sich der Forschung, Entwicklung und Produktion von Energiespeicherprodukten wie LiFePO4-Batteriepacks, gewerblichen &amp; industriellen Energiespeichern, haushaltsenergiespeichern, tragbaren Stromstationen\/Solargeneratoren, Solarwechselrichtern, Hubwagenbatterien, RVA-Landschaftsbus-\/Golfwagenbatterien und anderen OEM\/ODM-Batterien in China widmet.<\/span><\/strong><\/p>\n<div><\/div>\n<div><strong>Seit mehr als 12 Jahren engagiert sich Haisic Technology tief in diesem Bereich und hat umfassende Erfahrungen in Forschung &amp; Entwicklung, Innovation, Qualit\u00e4tskontrolle und Management gesammelt. Unsere Produkte werden in der Hausspeicherung, industriellen Energiespeicherung, gewerblichen Energiespeicherung, Telekommunikation, Medizintechnik, Sicherheitskommunikation, Transport und Logistik, neuer Energie, Smart Home und anderen verwandten Bereichen eingesetzt. <\/strong><\/div>\n<div><strong>\u00a0<\/strong><\/div>\n<div><strong>We have owned our own production base covering more than 14000m located in Dapeng district of Shenzhen with ISO9001, ISO14001, IS045001 and Amfori BSCI, and our products are with CE, FCC, TUV-UL2054, CQC,RoHs, PSE,MSDS, UN38.3 certificates. We\u2019ve already provided safe, stable, environmentallyfriendly, high-quality products and professional OEM\/ODM services to customers in more than 80 countries and regions. <\/strong><\/div>\n<div><\/div>\n<div><\/div>\n<div><strong>FAQ <\/strong><\/div>\n<div><strong><span data-spm-anchor-id=\"a2700.pc-decorate.0.i33.5d033333Lu9Prj\">1. Was ist das Besondere an Lithiumbatterien?<\/span><\/strong><\/div>\n<div>\n<p><span data-spm-anchor-id=\"a2700.pc-decorate.0.i33.5d033333Lu9Prj\">A: Mit hoher Energiedichte hat sie 460-600Wh\/kg erreicht, was etwa 6-7 Mal so hoch ist wie bei Blei-S\u00e4ure-Batterien. Lange Lebensdauer, die Lebensdauer kann mehr als 6 Jahre betragen. Leichtes Gewicht, das Gewicht betr\u00e4gt bei gleichem Volumen etwa 1\/5-6 des Blei-S\u00e4ure-Produkts.<\/span><\/p>\n<p>&nbsp;<\/p>\n<div data-spm-anchor-id=\"a2700.pc-decorate.0.i34.5d033333Lu9Prj\"><strong>2. Wof\u00fcr werden Lithiumbatterien verwendet?<br \/>\n<\/strong>A: Lithiumbatterie wird f\u00fcr Energieversorgung und Energiespeicherung verwendet. Wie Notstromversorgung oder USV. Zuverl\u00e4ssige elektrische und Freizeitfahrzeugleistung, Golfrad, zuverl\u00e4ssige und leichte marine Anwendungen, Solarstromspeicherung, Solarhaus, kleine Verarbeitungsfabrik, \u00dcberwachungs- oder Alarmanlagen in abgelegenen Gebieten.3.Sind Ihre Batterien sicher?A: Unsere Batterien sind sicher. Alle Zwayn-Batterien verwenden die sichersten und stabilsten Komponenten, einschlie\u00dflich einer LiFePO4-Kathode und einem integrierten Battery Management System (BMS). Das BMS sch\u00fctzt die Zellen vor zu hohen oder zu niedrigen Spannungen, hohen Str\u00f6men, Kurzschl\u00fcssen und \u00fcberm\u00e4\u00dfiger W\u00e4rme oder K\u00e4lte. Dies sind die h\u00e4ufigsten Ursachen f\u00fcr Batterieausf\u00e4lle, und wir haben alle Vorsichtsma\u00dfnahmen getroffen, um diese Risiken in allen unseren Batterien zu mindern.<br \/>\n<strong><br \/>\n4. Wie w\u00e4hle ich die richtige Lithium-Deep-Cycle-Batterie f\u00fcr meine Anwendung aus?<br \/>\n<\/strong>A: In den meisten Standard-12-, 24- oder 48-Volt-Systemen ist die beste Wahl f\u00fcr eine Lithiumbatterie LiFePO4 (Lithium-Eisenphosphat\/<br \/>\nPouch\/Prim\u00e4rbatteriezelle). Die Spannung dieser Batterieart ist der einer AGM sehr \u00e4hnlich und funktioniert hervorragend mit leicht<br \/>\nverf\u00fcgbaren Systemkomponenten f\u00fcr Ihr Wohnmobil, Boot, netzunabh\u00e4ngiges Stromsystem, Solarhaus (Fernseher, K\u00fchlschrank, Waschmaschine, Klimaanlage<br \/>\nKlimaanlage, Warmwasserbereiter, Mikrowelle, Induktionsherd, Geschirrsp\u00fcler, Drucker, Computer), Telekommunikationsturm, Hybrid- und netzunabh\u00e4ngige Solarenergieanwendungen.5. Kann sie in Reihe oder parallel verwendet werden?<p>\n<p>A: Ja, Sir, es k\u00f6nnen maximal 15 parallel geschaltet werden, um eine 150-kWh-Speicherbox zu erhalten.<br \/>\n<strong><br \/>\n6. Sind diese Akkupacks mit meinem Wechselrichter kompatibel? Haben Sie eine Firmenliste der kompatiblen Wechselrichter?<br \/>\n<\/strong>A: Ja, Sir, unser Akkupack ist mit den meisten Wechselrichtermarken auf dem Markt kompatibel, wie z. B. Deye, MUST, SMA, Growatt, Solax, Solis, Sungrow, Sofar, Voltronic, Sorotec, Studer usw.<\/p>\n<\/div>\n<\/div>\n<\/div>","protected":false},"excerpt":{"rendered":"<p>HS-BG25305 Smart Home Energiespeichersystem \u00dcbersicht<\/p>\n<p>Intelligente Steuerung auf Knopfdruck \u2013 Verabschieden Sie sich von Stromangst, neu definieren Sie die h\u00e4usliche Energiefreiheit<\/p>","protected":false},"featured_media":1677,"template":"","meta":{"site-sidebar-layout":"default","site-content-layout":"","ast-site-content-layout":"default","site-content-style":"default","site-sidebar-style":"default","ast-global-header-display":"","ast-banner-title-visibility":"","ast-main-header-display":"","ast-hfb-above-header-display":"","ast-hfb-below-header-display":"","ast-hfb-mobile-header-display":"","site-post-title":"","ast-breadcrumbs-content":"","ast-featured-img":"","footer-sml-layout":"","ast-disable-related-posts":"","theme-transparent-header-meta":"default","adv-header-id-meta":"","stick-header-meta":"default","header-above-stick-meta":"","header-main-stick-meta":"","header-below-stick-meta":"","astra-migrate-meta-layouts":"set","ast-page-background-enabled":"default","ast-page-background-meta":{"desktop":{"background-color":"var(--ast-global-color-4)","background-image":"","background-repeat":"repeat","background-position":"center center","background-size":"auto","background-attachment":"scroll","background-type":"","background-media":"","overlay-type":"","overlay-color":"","overlay-opacity":"","overlay-gradient":""},"tablet":{"background-color":"","background-image":"","background-repeat":"repeat","background-position":"center center","background-size":"auto","background-attachment":"scroll","background-type":"","background-media":"","overlay-type":"","overlay-color":"","overlay-opacity":"","overlay-gradient":""},"mobile":{"background-color":"","background-image":"","background-repeat":"repeat","background-position":"center center","background-size":"auto","background-attachment":"scroll","background-type":"","background-media":"","overlay-type":"","overlay-color":"","overlay-opacity":"","overlay-gradient":""}},"ast-content-background-meta":{"desktop":{"background-color":"var(--ast-global-color-5)","background-image":"","background-repeat":"repeat","background-position":"center center","background-size":"auto","background-attachment":"scroll","background-type":"","background-media":"","overlay-type":"","overlay-color":"","overlay-opacity":"","overlay-gradient":""},"tablet":{"background-color":"var(--ast-global-color-5)","background-image":"","background-repeat":"repeat","background-position":"center center","background-size":"auto","background-attachment":"scroll","background-type":"","background-media":"","overlay-type":"","overlay-color":"","overlay-opacity":"","overlay-gradient":""},"mobile":{"background-color":"var(--ast-global-color-5)","background-image":"","background-repeat":"repeat","background-position":"center center","background-size":"auto","background-attachment":"scroll","background-type":"","background-media":"","overlay-type":"","overlay-color":"","overlay-opacity":"","overlay-gradient":""}}},"product_brand":[],"product_cat":[47,56,50],"product_tag":[],"class_list":{"0":"post-1676","1":"product","2":"type-product","3":"status-publish","4":"has-post-thumbnail","6":"product_cat-residetial-ess","7":"product_cat-energy-storage-battery-system","8":"product_cat-floor-standing-ess","9":"desktop-align-left","10":"tablet-align-left","11":"mobile-align-left","12":"ast-product-gallery-layout-horizontal-slider","13":"ast-product-tabs-layout-horizontal","15":"first","16":"instock","17":"shipping-taxable","18":"purchasable","19":"product-type-simple"},"_links":{"self":[{"href":"https:\/\/haisicstorage.com\/de\/wp-json\/wp\/v2\/product\/1676","targetHints":{"allow":["GET"]}}],"collection":[{"href":"https:\/\/haisicstorage.com\/de\/wp-json\/wp\/v2\/product"}],"about":[{"href":"https:\/\/haisicstorage.com\/de\/wp-json\/wp\/v2\/types\/product"}],"version-history":[{"count":4,"href":"https:\/\/haisicstorage.com\/de\/wp-json\/wp\/v2\/product\/1676\/revisions"}],"predecessor-version":[{"id":3500,"href":"https:\/\/haisicstorage.com\/de\/wp-json\/wp\/v2\/product\/1676\/revisions\/3500"}],"wp:featuredmedia":[{"embeddable":true,"href":"https:\/\/haisicstorage.com\/de\/wp-json\/wp\/v2\/media\/1677"}],"wp:attachment":[{"href":"https:\/\/haisicstorage.com\/de\/wp-json\/wp\/v2\/media?parent=1676"}],"wp:term":[{"taxonomy":"product_brand","embeddable":true,"href":"https:\/\/haisicstorage.com\/de\/wp-json\/wp\/v2\/product_brand?post=1676"},{"taxonomy":"product_cat","embeddable":true,"href":"https:\/\/haisicstorage.com\/de\/wp-json\/wp\/v2\/product_cat?post=1676"},{"taxonomy":"product_tag","embeddable":true,"href":"https:\/\/haisicstorage.com\/de\/wp-json\/wp\/v2\/product_tag?post=1676"}],"curies":[{"name":"wp","href":"https:\/\/api.w.org\/{rel}","templated":true}]}}