{"id":1673,"date":"2025-12-03T06:00:18","date_gmt":"2025-12-03T06:00:18","guid":{"rendered":"https:\/\/haisicstorage.com\/?post_type=product&#038;p=1673"},"modified":"2026-02-27T07:30:26","modified_gmt":"2026-02-27T07:30:26","slug":"51-2v-100ah-5120wh-floor-mounted-home-energy-storage","status":"publish","type":"product","link":"https:\/\/haisicstorage.com\/de\/51-2v-100ah-5120wh-floor-mounted-home-energy-storage\/","title":{"rendered":"51.2v 100ah 5120Wh Bodenmontierter Heimspeicher"},"content":{"rendered":"<div data-spm-anchor-id=\"a2700.pc-decorate.0.i6.5d033333Lu9Prj\">\n<p>I. Intelligente Interaktion, Beherrschung Ihres Energie-\u00d6kosystems<\/p>\n<p>Das Flaggschiff HS-BG51100 integriert einen 3,5-Zoll-HD-Farb-Touchscreen, der komplexe Energiedaten in intuitive visuelle Sprache \u00fcbersetzt f\u00fcr ein beispielloses interaktives Erlebnis und ein Gef\u00fchl der Kontrolle.<\/p>\n<p>Panoramic Energy Cockpit: Echtzeit-Dynamikanzeige von Solar-Ladeleistung, Lastabgabeleistung und Batteriestatus (Spannung, Temperatur, Gesundheit) bietet kristallklare Sichtbarkeit des Energieflusses.<\/p>\n<p>Anpassbare Smart-Strategien: Konfigurieren Sie m\u00fchelos Lade-\/Entladepriorit\u00e4ten und Peak-\/Off-Peak-Tarifmanagement, um die Eigenverbrauchsrate und wirtschaftliche Renditen zu maximieren. Definieren Sie Ihren intelligenten Lebensstil.<\/p>\n<p>Zwei Sicherheitsvorkehrungen: Bildschirmanzeigen aller BMS (Batteriemanagementsystem)-Schutzstatus. Sofortige Warnungen bei Anomalien (\u00dcberspannung, \u00dcbertemperatur, \u00dcberlast) stellen sicher, dass keine Sicherheitsrisiken unentdeckt bleiben.<\/p>\n<p>Historische Daten &amp; Erfolge: Verfolgen Sie t\u00e4gliche, monatliche und j\u00e4hrliche Erzeugungs-\/Verbrauchskurven, um Ihre Energieeinsparungen und CO2-Reduktionsbeitr\u00e4ge zu quantifizieren, was gr\u00fcne Entscheidungen lohnender macht.<\/p>\n<p>II. Robuster Leistungskern: Dual-Spannungs-Kompatibilit\u00e4t f\u00fcr den Einsatz in allen Szenarien<\/p>\n<p>Dual-Spannungs-Flexibilit\u00e4t: Innovative Kompatibilit\u00e4t mit sowohl 51,2V Hochspannung als auch 12V\/24V Niederspannungsplattformen, um verschiedene PV-Systeme und elektrische Ger\u00e4te m\u00fchelos zu integrieren und Anwendungsbereiche zu erweitern.<\/p>\n<p>Massives Energiereserve: Erf\u00fcllt m\u00fchelos hohe Haushaltsstromanforderungen mit deutlich verl\u00e4ngertem Betriebszeitraum.<\/p>\n<p>Felsenfeste Sicherheitsgrundlage:<br \/>\nVerf\u00fcgt \u00fcber ein intelligentes BMS-Managementsystem mit mehreren Hardware-Schutzma\u00dfnahmen gegen \u00dcberladung, Tiefentladung, \u00dcberstrom, Kurzschl\u00fcsse und Temperaturschwankungen, um einen sicheren und stabilen Betrieb der Gro\u00dfkapazit\u00e4ts-Energiespeicher zu gew\u00e4hrleisten.<\/p>\n<p>III. Umfangreiche Anwendungsszenarien<\/p>\n<p>Das HS-BG51100 ist eine professionelle Energiel\u00f6sung, die f\u00fcr Haushalte und gewerbliche Einrichtungen mit h\u00f6heren Anforderungen entwickelt wurde:<\/p>\n<p>Villen und Gro\u00dfformat-H\u00e4user: Bietet erweiterte Notstromversorgung f\u00fcr mittelgro\u00dfe bis gro\u00dfe Haushalte und unterst\u00fctzt kritischere Ger\u00e4te.<\/p>\n<p>Idealer Begleiter f\u00fcr Ganzhaus-PV-Systeme: Integriert sich nahtlos mit Hochkapazit\u00e4ts-Solaranlagen, speichert \u00fcbersch\u00fcssige Tagesenergie, um echte n\u00e4chtliche Stromautonomie zu gew\u00e4hrleisten.<\/p>\n<p>Kleine gewerbliche\/studio Stromversorgung: Liefert stabile, unterbrechungsfreie Energie f\u00fcr Home-Office, kleine Einzelhandelsbetriebe und Studios, um einen reibungslosen Betrieb zu sichern.<\/p>\n<p>Outdoor-Stromversorgung Flaggschiff-Option: Erf\u00fcllt erweiterte Camping- und Wohnmobil-Reise-Strombed\u00fcrfnisse und dient als zuverl\u00e4ssige L\u00f6sung f\u00fcr Outdoor-Stromanforderungen.<\/p>\n<p>Der HS-BG51100 erf\u00fcllt Ihre W\u00fcnsche nach einem hochwertigen Lebensstil durch Dual-Spannungs-Kompatibilit\u00e4t und au\u00dfergew\u00f6hnliche Kapazit\u00e4t, wodurch Ihre Energieautonomie mit intelligenter Interaktion gest\u00e4rkt wird. Mehr als nur ein Produkt, stellt er eine strategische Entscheidung f\u00fcr die Aufr\u00fcstung Ihres Haushaltsenergiesystems dar, bietet mehr Freiheit bei der Stromnutzung und einen entspannteren Lebensstil.<\/p>\n<\/div>\n<div data-spm-anchor-id=\"a2700.pc-decorate.0.i5.5d033333Lu9Prj\"><\/div>\n<div data-spm-anchor-id=\"a2700.pc-decorate.0.i5.5d033333Lu9Prj\"><strong>Unternehmensprofil <\/strong><\/div>\n<div data-spm-anchor-id=\"a2700.pc-decorate.0.i5.5d033333Lu9Prj\"><\/div>\n<div data-spm-anchor-id=\"a2700.pc-decorate.0.i5.5d033333Lu9Prj\">\n<p><strong><span data-spm-anchor-id=\"a2700.pc-decorate.0.i21.5d033333Lu9Prj\">Gegr\u00fcndet im Jahr 2011 ist Shenzhen Haisic Technology Co., Ltd. ein nationales High-Tech-Unternehmen, das sich der Forschung, Entwicklung und Produktion von Energiespeicherprodukten wie LiFePO4-Batteriepacks, gewerblichen &amp; industriellen Energiespeichern, haushaltsenergiespeichern, tragbaren Stromstationen\/Solargeneratoren, Solarwechselrichtern, Hubwagenbatterien, RVA-Landschaftsbus-\/Golfwagenbatterien und anderen OEM\/ODM-Batterien in China widmet.<\/span><\/strong><\/p>\n<div><\/div>\n<div><strong>Seit mehr als 12 Jahren engagiert sich Haisic Technology tief in diesem Bereich und hat umfassende Erfahrungen in Forschung &amp; Entwicklung, Innovation, Qualit\u00e4tskontrolle und Management gesammelt. Unsere Produkte werden in der Hausspeicherung, industriellen Energiespeicherung, gewerblichen Energiespeicherung, Telekommunikation, Medizintechnik, Sicherheitskommunikation, Transport und Logistik, neuer Energie, Smart Home und anderen verwandten Bereichen eingesetzt. <\/strong><\/div>\n<div><strong>\u00a0<\/strong><\/div>\n<div><strong>We have owned our own production base covering more than 14000m located in Dapeng district of Shenzhen with ISO9001, ISO14001, IS045001 and Amfori BSCI, and our products are with CE, FCC, TUV-UL2054, CQC,RoHs, PSE,MSDS, UN38.3 certificates. We\u2019ve already provided safe, stable, environmentallyfriendly, high-quality products and professional OEM\/ODM services to customers in more than 80 countries and regions. <\/strong><\/div>\n<div><\/div>\n<div><strong>FAQ <\/strong><\/div>\n<div><strong><span data-spm-anchor-id=\"a2700.pc-decorate.0.i33.5d033333Lu9Prj\">1. Was ist das Besondere an Lithiumbatterien?<\/span><\/strong><\/div>\n<div>\n<p><span data-spm-anchor-id=\"a2700.pc-decorate.0.i33.5d033333Lu9Prj\">A: Mit hoher Energiedichte hat sie 460-600Wh\/kg erreicht, was etwa 6-7 Mal so hoch ist wie bei Blei-S\u00e4ure-Batterien. Lange Lebensdauer, die Lebensdauer kann mehr als 6 Jahre betragen. Leichtes Gewicht, das Gewicht betr\u00e4gt bei gleichem Volumen etwa 1\/5-6 des Blei-S\u00e4ure-Produkts.<\/span><\/p>\n<p>&nbsp;<\/p>\n<div data-spm-anchor-id=\"a2700.pc-decorate.0.i34.5d033333Lu9Prj\"><strong>2. Wof\u00fcr werden Lithiumbatterien verwendet?<br \/>\n<\/strong>A: Lithiumbatterie wird f\u00fcr Energieversorgung und Energiespeicherung verwendet. Wie Notstromversorgung oder USV. Zuverl\u00e4ssige elektrische und Freizeitfahrzeugleistung, Golfrad, zuverl\u00e4ssige und leichte marine Anwendungen, Solarstromspeicherung, Solarhaus, kleine Verarbeitungsfabrik, \u00dcberwachungs- oder Alarmanlagen in abgelegenen Gebieten.3.Sind Ihre Batterien sicher?A: Unsere Batterien sind sicher. Alle Zwayn-Batterien verwenden die sichersten und stabilsten Komponenten, einschlie\u00dflich einer LiFePO4-Kathode und einem integrierten Battery Management System (BMS). Das BMS sch\u00fctzt die Zellen vor zu hohen oder zu niedrigen Spannungen, hohen Str\u00f6men, Kurzschl\u00fcssen und \u00fcberm\u00e4\u00dfiger W\u00e4rme oder K\u00e4lte. Dies sind die h\u00e4ufigsten Ursachen f\u00fcr Batterieausf\u00e4lle, und wir haben alle Vorsichtsma\u00dfnahmen getroffen, um diese Risiken in allen unseren Batterien zu mindern.<br \/>\n<strong><br \/>\n4. Wie w\u00e4hle ich die richtige Lithium-Deep-Cycle-Batterie f\u00fcr meine Anwendung aus?<br \/>\n<\/strong>A: In den meisten Standard-12-, 24- oder 48-Volt-Systemen ist die beste Wahl f\u00fcr eine Lithiumbatterie LiFePO4 (Lithium-Eisenphosphat\/<br \/>\nPouch\/Prim\u00e4rbatteriezelle). Die Spannung dieser Batterieart ist der einer AGM sehr \u00e4hnlich und funktioniert hervorragend mit leicht<br \/>\nverf\u00fcgbaren Systemkomponenten f\u00fcr Ihr Wohnmobil, Boot, netzunabh\u00e4ngiges Stromsystem, Solarhaus (Fernseher, K\u00fchlschrank, Waschmaschine, Klimaanlage<br \/>\nKlimaanlage, Warmwasserbereiter, Mikrowelle, Induktionsherd, Geschirrsp\u00fcler, Drucker, Computer), Telekommunikationsturm, Hybrid- und netzunabh\u00e4ngige Solarenergieanwendungen.5. Kann sie in Reihe oder parallel verwendet werden?<p>\n<p>A: Ja, Sir, es k\u00f6nnen maximal 15 parallel geschaltet werden, um eine 150-kWh-Speicherbox zu erhalten.<br \/>\n<strong><br \/>\n6. Sind diese Akkupacks mit meinem Wechselrichter kompatibel? Haben Sie eine Firmenliste der kompatiblen Wechselrichter?<br \/>\n<\/strong>A: Ja, Sir, unser Akkupack ist mit den meisten Wechselrichtermarken auf dem Markt kompatibel, wie z. B. Deye, MUST, SMA, Growatt, Solax, Solis, Sungrow, Sofar, Voltronic, Sorotec, Studer usw.<\/p>\n<\/div>\n<\/div>\n<\/div>","protected":false},"excerpt":{"rendered":"<p>HS-BG51100 Smart Home Energiespeichersystem \u00dcbersicht<\/p>\n<p>Dual-Spannungsplattform, Allround-Flaggschiff \u2013 leistungsstarker Kern, intelligente Steuerung nach Ihren W\u00fcnschen<\/p>","protected":false},"featured_media":1664,"template":"","meta":{"site-sidebar-layout":"default","site-content-layout":"","ast-site-content-layout":"default","site-content-style":"default","site-sidebar-style":"default","ast-global-header-display":"","ast-banner-title-visibility":"","ast-main-header-display":"","ast-hfb-above-header-display":"","ast-hfb-below-header-display":"","ast-hfb-mobile-header-display":"","site-post-title":"","ast-breadcrumbs-content":"","ast-featured-img":"","footer-sml-layout":"","ast-disable-related-posts":"","theme-transparent-header-meta":"default","adv-header-id-meta":"","stick-header-meta":"default","header-above-stick-meta":"","header-main-stick-meta":"","header-below-stick-meta":"","astra-migrate-meta-layouts":"set","ast-page-background-enabled":"default","ast-page-background-meta":{"desktop":{"background-color":"var(--ast-global-color-4)","background-image":"","background-repeat":"repeat","background-position":"center center","background-size":"auto","background-attachment":"scroll","background-type":"","background-media":"","overlay-type":"","overlay-color":"","overlay-opacity":"","overlay-gradient":""},"tablet":{"background-color":"","background-image":"","background-repeat":"repeat","background-position":"center center","background-size":"auto","background-attachment":"scroll","background-type":"","background-media":"","overlay-type":"","overlay-color":"","overlay-opacity":"","overlay-gradient":""},"mobile":{"background-color":"","background-image":"","background-repeat":"repeat","background-position":"center center","background-size":"auto","background-attachment":"scroll","background-type":"","background-media":"","overlay-type":"","overlay-color":"","overlay-opacity":"","overlay-gradient":""}},"ast-content-background-meta":{"desktop":{"background-color":"var(--ast-global-color-5)","background-image":"","background-repeat":"repeat","background-position":"center center","background-size":"auto","background-attachment":"scroll","background-type":"","background-media":"","overlay-type":"","overlay-color":"","overlay-opacity":"","overlay-gradient":""},"tablet":{"background-color":"var(--ast-global-color-5)","background-image":"","background-repeat":"repeat","background-position":"center center","background-size":"auto","background-attachment":"scroll","background-type":"","background-media":"","overlay-type":"","overlay-color":"","overlay-opacity":"","overlay-gradient":""},"mobile":{"background-color":"var(--ast-global-color-5)","background-image":"","background-repeat":"repeat","background-position":"center center","background-size":"auto","background-attachment":"scroll","background-type":"","background-media":"","overlay-type":"","overlay-color":"","overlay-opacity":"","overlay-gradient":""}}},"product_brand":[],"product_cat":[47,56,50],"product_tag":[],"class_list":{"0":"post-1673","1":"product","2":"type-product","3":"status-publish","4":"has-post-thumbnail","6":"product_cat-residetial-ess","7":"product_cat-energy-storage-battery-system","8":"product_cat-floor-standing-ess","9":"desktop-align-left","10":"tablet-align-left","11":"mobile-align-left","12":"ast-product-gallery-layout-horizontal-slider","13":"ast-product-tabs-layout-horizontal","15":"first","16":"instock","17":"shipping-taxable","18":"purchasable","19":"product-type-simple"},"_links":{"self":[{"href":"https:\/\/haisicstorage.com\/de\/wp-json\/wp\/v2\/product\/1673","targetHints":{"allow":["GET"]}}],"collection":[{"href":"https:\/\/haisicstorage.com\/de\/wp-json\/wp\/v2\/product"}],"about":[{"href":"https:\/\/haisicstorage.com\/de\/wp-json\/wp\/v2\/types\/product"}],"version-history":[{"count":5,"href":"https:\/\/haisicstorage.com\/de\/wp-json\/wp\/v2\/product\/1673\/revisions"}],"predecessor-version":[{"id":3501,"href":"https:\/\/haisicstorage.com\/de\/wp-json\/wp\/v2\/product\/1673\/revisions\/3501"}],"wp:featuredmedia":[{"embeddable":true,"href":"https:\/\/haisicstorage.com\/de\/wp-json\/wp\/v2\/media\/1664"}],"wp:attachment":[{"href":"https:\/\/haisicstorage.com\/de\/wp-json\/wp\/v2\/media?parent=1673"}],"wp:term":[{"taxonomy":"product_brand","embeddable":true,"href":"https:\/\/haisicstorage.com\/de\/wp-json\/wp\/v2\/product_brand?post=1673"},{"taxonomy":"product_cat","embeddable":true,"href":"https:\/\/haisicstorage.com\/de\/wp-json\/wp\/v2\/product_cat?post=1673"},{"taxonomy":"product_tag","embeddable":true,"href":"https:\/\/haisicstorage.com\/de\/wp-json\/wp\/v2\/product_tag?post=1673"}],"curies":[{"name":"wp","href":"https:\/\/api.w.org\/{rel}","templated":true}]}}