{"id":1667,"date":"2025-12-03T05:43:20","date_gmt":"2025-12-03T05:43:20","guid":{"rendered":"https:\/\/haisicstorage.com\/?post_type=product&#038;p=1667"},"modified":"2026-02-27T07:31:22","modified_gmt":"2026-02-27T07:31:22","slug":"51-2v-305ah-15616wh-touchscreen-home-energy-battery","status":"publish","type":"product","link":"https:\/\/haisicstorage.com\/de\/51-2v-305ah-15616wh-touchscreen-home-energy-battery\/","title":{"rendered":"51.2v 305ah 15616Wh Touchscreen-Heimbatterie"},"content":{"rendered":"<div data-spm-anchor-id=\"a2700.pc-decorate.0.i6.5d033333Lu9Prj\">\n<p>Kernmerkmale<br \/>\nMassive Kapazit\u00e4t und au\u00dfergew\u00f6hnliche Leistung<\/p>\n<p>15.616Wh riesiger Reserve: Erf\u00fcllt den Strombedarf eines Haushalts f\u00fcr mehrere Tage.<\/p>\n<p>Intelligente Dual-Modus-Ausgabe f\u00fcr vielf\u00e4ltige Szenarien<\/p>\n<p>Standardmodus: Liefert stabile, reine Sinuswellen-AC-Leistung f\u00fcr Alltagsger\u00e4te, sorgt f\u00fcr hohe Effizienz und Energieeinsparungen.<\/p>\n<p>Hochleistungsmodus: Ein-Knopf-Aktivierung eines robusten Ausgangsmodus, der m\u00fchelos schwere Ger\u00e4te mit erheblichen Einschaltstr\u00f6men (z.B. Motoren, Kompressoren) bew\u00e4ltigt und au\u00dfergew\u00f6hnliche Vielseitigkeit bietet.<\/p>\n<p>KI-gest\u00fctzter Touchscreen: Energie auf einen Blick<\/p>\n<p>Hochaufl\u00f6sender Vollfarb-Smart-Touchscreen: Bietet ein herausragendes Nutzererlebnis mit Echtzeit-Visualisierung der Energiefl\u00fcsse (PV, Netz, Lasten, Batteriestatus).<\/p>\n<p>KI-Lernen und Empfehlungen: Das System lernt die Stromverbrauchsmuster des Haushalts und empfiehlt in Kombination mit lokalen Strompreisdaten intelligent optimale Lade- und Entlade-Strategien, um Einsparungen bei den Stromkosten zu maximieren.<\/p>\n<p>Vierdimensionale intelligente Steuerung, Experte f\u00fcr wirtschaftlichen Betrieb<\/p>\n<p>PV-Priorit\u00e4tsmodus: Maximiert die Nutzung von Solarenergie, um Selbstversorgung mit sauberer Energie zu erreichen.<\/p>\n<p>Pr\u00e4zise Peak-Valley-Arbitrage: L\u00e4dt automatisch w\u00e4hrend Nebenzeiten\/Flat-Rate-Perioden und entl\u00e4dt w\u00e4hrend Spitzenzeiten, um die Stromkosten sorgf\u00e4ltig zu senken.<\/p>\n<p>Nahtlose USV-Funktionalit\u00e4t: &lt;20 ms schnelle Umschaltung sorgt f\u00fcr unterbrechungsfreie Stromversorgung kritischer Ger\u00e4te (z.B. K\u00fchlschr\u00e4nke, Internet, Computer).<\/p>\n<p>W\u00e4hlbare Off-Grid\/Netzgekoppelte Modi: Passt sich an verschiedene Szenarien an, wechselt m\u00fchelos zwischen netzgebundener Energieeinsparung und eigenst\u00e4ndigem Off-Grid-Betrieb.<\/p>\n<p>Milit\u00e4rischer Sicherheitsstandard, sorgenfreier Schutz<\/p>\n<p>Automobilqualit\u00e4t Lithium-Eisenphosphat-Zellen (LiFePO\u2084): Inherently sicher mit au\u00dfergew\u00f6hnlicher Zyklenlebensdauer (\u22656000 Zyklen @ 80% DoD).<\/p>\n<p>Siebenlagiges intelligentes Schutzsystem: Integriertes Smart-BMS (Batteriemanagementsystem) und EMS (Energiemanagementsystem) bieten umfassenden Schutz gegen \u00dcberspannung, Unterspannung, \u00dcberstrom, \u00dcbertemperatur und Kurzschl\u00fcsse.<\/p>\n<p>Modulares Stapeln f\u00fcr zuk\u00fcnftige Erweiterbarkeit<\/p>\n<p>Flexible Erweiterung: Unterst\u00fctzt paralleles Stapeln identischer Batteriemodule, erm\u00f6glicht m\u00fcheloses Kapazit\u00e4tswachstum, wenn die Nachfrage steigt, ohne die Anfangsinvestition zu verschwenden.<\/p>\n<p>Anwendungsszenarien<br \/>\nLuxusresidenzen und Villen: Dient als prim\u00e4re Energiequelle f\u00fcr Haushalte mit hohem Stromverbrauch, ausgestattet mit zentraler Klimaanlage, Fu\u00dfbodenheizung, Swimmingpools und \u00e4hnlichen Annehmlichkeiten.<\/p>\n<p>Kleine Gewerbefl\u00e4chen und Studios: Funktioniert als Backup-Stromversorgung und Peak-Off-Peak-Strommanagement-Tool f\u00fcr Caf\u00e9s, Convenience Stores und Studios, um Betriebskosten zu senken.<\/p>\n<p>Notfallvorsorge &amp; Off-Grid-Leben: Die ultimative Energiel\u00f6sung f\u00fcr Naturkatastrophen, Au\u00dfeneins\u00e4tze und Wohnmobilreisen.<\/p>\n<p>Photovoltaik + Energiespeichersystem: Integriert nahtlos mit Solaranlagen, um au\u00dfergew\u00f6hnliche Energieunabh\u00e4ngigkeit zu erreichen, potenziell null Stromrechnungen.<\/p>\n<p>Der HS-BG51305 ist nicht nur eine Produktiteration, sondern ein Leistungsma\u00dfstab f\u00fcr Heimenergiezentren. Durch seine nahtlose Integration von enormer Kapazit\u00e4t und au\u00dfergew\u00f6hnlicher Leistung setzt er neue Ma\u00dfst\u00e4be f\u00fcr Heimspeicherl\u00f6sungen und bietet die ultimative Wahl f\u00fcr Nutzer, die Spitzenleistung, umfassenden Schutz und intelligentes Wohnen anstreben.<\/p>\n<\/div>\n<div data-spm-anchor-id=\"a2700.pc-decorate.0.i5.5d033333Lu9Prj\"><strong>Unternehmensprofil <\/strong><\/div>\n<div data-spm-anchor-id=\"a2700.pc-decorate.0.i5.5d033333Lu9Prj\"><\/div>\n<div data-spm-anchor-id=\"a2700.pc-decorate.0.i5.5d033333Lu9Prj\">\n<p><strong><span data-spm-anchor-id=\"a2700.pc-decorate.0.i21.5d033333Lu9Prj\">Gegr\u00fcndet im Jahr 2011 ist Shenzhen Haisic Technology Co., Ltd. ein nationales High-Tech-Unternehmen, das sich der Forschung, Entwicklung und Produktion von Energiespeicherprodukten wie LiFePO4-Batteriepacks, gewerblichen &amp; industriellen Energiespeichern, haushaltsenergiespeichern, tragbaren Stromstationen\/Solargeneratoren, Solarwechselrichtern, Hubwagenbatterien, RVA-Landschaftsbus-\/Golfwagenbatterien und anderen OEM\/ODM-Batterien in China widmet.<\/span><\/strong><\/p>\n<div><\/div>\n<div><strong>Seit mehr als 12 Jahren engagiert sich Haisic Technology tief in diesem Bereich und hat umfassende Erfahrungen in Forschung &amp; Entwicklung, Innovation, Qualit\u00e4tskontrolle und Management gesammelt. Unsere Produkte werden in der Hausspeicherung, industriellen Energiespeicherung, gewerblichen Energiespeicherung, Telekommunikation, Medizintechnik, Sicherheitskommunikation, Transport und Logistik, neuer Energie, Smart Home und anderen verwandten Bereichen eingesetzt. <\/strong><\/div>\n<div><strong>\u00a0<\/strong><\/div>\n<div><strong>We have owned our own production base covering more than 14000m located in Dapeng district of Shenzhen with ISO9001, ISO14001, IS045001 and Amfori BSCI, and our products are with CE, FCC, TUV-UL2054, CQC,RoHs, PSE,MSDS, UN38.3 certificates. We\u2019ve already provided safe, stable, environmentallyfriendly, high-quality products and professional OEM\/ODM services to customers in more than 80 countries and regions. <\/strong><\/div>\n<div><\/div>\n<div><\/div>\n<div><\/div>\n<div><strong>FAQ <\/strong><\/div>\n<div><strong><span data-spm-anchor-id=\"a2700.pc-decorate.0.i33.5d033333Lu9Prj\">1. Was ist das Besondere an Lithiumbatterien?<\/span><\/strong><\/div>\n<div>\n<p><span data-spm-anchor-id=\"a2700.pc-decorate.0.i33.5d033333Lu9Prj\">A: Mit hoher Energiedichte hat sie 460-600Wh\/kg erreicht, was etwa 6-7 Mal so hoch ist wie bei Blei-S\u00e4ure-Batterien. Lange Lebensdauer, die Lebensdauer kann mehr als 6 Jahre betragen. Leichtes Gewicht, das Gewicht betr\u00e4gt bei gleichem Volumen etwa 1\/5-6 des Blei-S\u00e4ure-Produkts.<\/span><\/p>\n<p>&nbsp;<\/p>\n<div data-spm-anchor-id=\"a2700.pc-decorate.0.i34.5d033333Lu9Prj\"><strong>2. Wof\u00fcr werden Lithiumbatterien verwendet?<br \/>\n<\/strong>A: Lithiumbatterie wird f\u00fcr Energieversorgung und Energiespeicherung verwendet. Wie Notstromversorgung oder USV. Zuverl\u00e4ssige elektrische und Freizeitfahrzeugleistung, Golfrad, zuverl\u00e4ssige und leichte marine Anwendungen, Solarstromspeicherung, Solarhaus, kleine Verarbeitungsfabrik, \u00dcberwachungs- oder Alarmanlagen in abgelegenen Gebieten.3.Sind Ihre Batterien sicher?A: Unsere Batterien sind sicher. Alle Zwayn-Batterien verwenden die sichersten und stabilsten Komponenten, einschlie\u00dflich einer LiFePO4-Kathode und einem integrierten Battery Management System (BMS). Das BMS sch\u00fctzt die Zellen vor zu hohen oder zu niedrigen Spannungen, hohen Str\u00f6men, Kurzschl\u00fcssen und \u00fcberm\u00e4\u00dfiger W\u00e4rme oder K\u00e4lte. Dies sind die h\u00e4ufigsten Ursachen f\u00fcr Batterieausf\u00e4lle, und wir haben alle Vorsichtsma\u00dfnahmen getroffen, um diese Risiken in allen unseren Batterien zu mindern.<br \/>\n<strong><br \/>\n4. Wie w\u00e4hle ich die richtige Lithium-Deep-Cycle-Batterie f\u00fcr meine Anwendung aus?<br \/>\n<\/strong>A: In den meisten Standard-12-, 24- oder 48-Volt-Systemen ist die beste Wahl f\u00fcr eine Lithiumbatterie LiFePO4 (Lithium-Eisenphosphat\/<br \/>\nPouch\/Prim\u00e4rbatteriezelle). Die Spannung dieser Batterieart ist der einer AGM sehr \u00e4hnlich und funktioniert hervorragend mit leicht<br \/>\nverf\u00fcgbaren Systemkomponenten f\u00fcr Ihr Wohnmobil, Boot, netzunabh\u00e4ngiges Stromsystem, Solarhaus (Fernseher, K\u00fchlschrank, Waschmaschine, Klimaanlage<br \/>\nKlimaanlage, Warmwasserbereiter, Mikrowelle, Induktionsherd, Geschirrsp\u00fcler, Drucker, Computer), Telekommunikationsturm, Hybrid- und netzunabh\u00e4ngige Solarenergieanwendungen.5. Kann sie in Reihe oder parallel verwendet werden?<p>\n<p>A: Ja, Sir, es k\u00f6nnen maximal 15 parallel geschaltet werden, um eine 150-kWh-Speicherbox zu erhalten.<br \/>\n<strong><br \/>\n6. Sind diese Akkupacks mit meinem Wechselrichter kompatibel? Haben Sie eine Firmenliste der kompatiblen Wechselrichter?<br \/>\n<\/strong>A: Ja, Sir, unser Akkupack ist mit den meisten Wechselrichtermarken auf dem Markt kompatibel, wie z. B. Deye, MUST, SMA, Growatt, Solax, Solis, Sungrow, Sofar, Voltronic, Sorotec, Studer usw.<\/p>\n<\/div>\n<div data-spm-anchor-id=\"a2700.pc-decorate.0.i34.5d033333Lu9Prj\"><\/div>\n<\/div>\n<\/div>","protected":false},"excerpt":{"rendered":"<p>HS-BG51305 repr\u00e4sentiert die n\u00e4chste Generation intelligenter integrierter Heimenergiespeicherl\u00f6sungen, die einen Sprung in der Leistungsabgabe zusammen mit ihrer erheblichen Kapazit\u00e4t bieten. Durch die Integration hochleistungsf\u00e4higer Lithium-Eisenphosphat-Batterien, eines dualen Hochleistungs-Wechselrichters im Hoch- und Niedrigleistungsmodus sowie eines KI-gesteuerten intelligenten Energiemanagementsystems ist es darauf ausgelegt, modernen Haushalten und Hochleistungsanwendungen eine robustere, flexiblere und intelligentere Energieversorgung zu bieten und so die h\u00e4usliche Energiesicherheit und Wirtschaftlichkeit umfassend zu sch\u00fctzen.<\/p>","protected":false},"featured_media":1663,"template":"","meta":{"site-sidebar-layout":"default","site-content-layout":"","ast-site-content-layout":"default","site-content-style":"default","site-sidebar-style":"default","ast-global-header-display":"","ast-banner-title-visibility":"","ast-main-header-display":"","ast-hfb-above-header-display":"","ast-hfb-below-header-display":"","ast-hfb-mobile-header-display":"","site-post-title":"","ast-breadcrumbs-content":"","ast-featured-img":"","footer-sml-layout":"","ast-disable-related-posts":"","theme-transparent-header-meta":"default","adv-header-id-meta":"","stick-header-meta":"default","header-above-stick-meta":"","header-main-stick-meta":"","header-below-stick-meta":"","astra-migrate-meta-layouts":"set","ast-page-background-enabled":"default","ast-page-background-meta":{"desktop":{"background-color":"var(--ast-global-color-4)","background-image":"","background-repeat":"repeat","background-position":"center center","background-size":"auto","background-attachment":"scroll","background-type":"","background-media":"","overlay-type":"","overlay-color":"","overlay-opacity":"","overlay-gradient":""},"tablet":{"background-color":"","background-image":"","background-repeat":"repeat","background-position":"center center","background-size":"auto","background-attachment":"scroll","background-type":"","background-media":"","overlay-type":"","overlay-color":"","overlay-opacity":"","overlay-gradient":""},"mobile":{"background-color":"","background-image":"","background-repeat":"repeat","background-position":"center center","background-size":"auto","background-attachment":"scroll","background-type":"","background-media":"","overlay-type":"","overlay-color":"","overlay-opacity":"","overlay-gradient":""}},"ast-content-background-meta":{"desktop":{"background-color":"var(--ast-global-color-5)","background-image":"","background-repeat":"repeat","background-position":"center center","background-size":"auto","background-attachment":"scroll","background-type":"","background-media":"","overlay-type":"","overlay-color":"","overlay-opacity":"","overlay-gradient":""},"tablet":{"background-color":"var(--ast-global-color-5)","background-image":"","background-repeat":"repeat","background-position":"center center","background-size":"auto","background-attachment":"scroll","background-type":"","background-media":"","overlay-type":"","overlay-color":"","overlay-opacity":"","overlay-gradient":""},"mobile":{"background-color":"var(--ast-global-color-5)","background-image":"","background-repeat":"repeat","background-position":"center center","background-size":"auto","background-attachment":"scroll","background-type":"","background-media":"","overlay-type":"","overlay-color":"","overlay-opacity":"","overlay-gradient":""}}},"product_brand":[],"product_cat":[47,56,50],"product_tag":[],"class_list":{"0":"post-1667","1":"product","2":"type-product","3":"status-publish","4":"has-post-thumbnail","6":"product_cat-residetial-ess","7":"product_cat-energy-storage-battery-system","8":"product_cat-floor-standing-ess","9":"desktop-align-left","10":"tablet-align-left","11":"mobile-align-left","12":"ast-product-gallery-layout-horizontal-slider","13":"ast-product-tabs-layout-horizontal","15":"first","16":"instock","17":"shipping-taxable","18":"product-type-simple"},"_links":{"self":[{"href":"https:\/\/haisicstorage.com\/de\/wp-json\/wp\/v2\/product\/1667","targetHints":{"allow":["GET"]}}],"collection":[{"href":"https:\/\/haisicstorage.com\/de\/wp-json\/wp\/v2\/product"}],"about":[{"href":"https:\/\/haisicstorage.com\/de\/wp-json\/wp\/v2\/types\/product"}],"version-history":[{"count":4,"href":"https:\/\/haisicstorage.com\/de\/wp-json\/wp\/v2\/product\/1667\/revisions"}],"predecessor-version":[{"id":3503,"href":"https:\/\/haisicstorage.com\/de\/wp-json\/wp\/v2\/product\/1667\/revisions\/3503"}],"wp:featuredmedia":[{"embeddable":true,"href":"https:\/\/haisicstorage.com\/de\/wp-json\/wp\/v2\/media\/1663"}],"wp:attachment":[{"href":"https:\/\/haisicstorage.com\/de\/wp-json\/wp\/v2\/media?parent=1667"}],"wp:term":[{"taxonomy":"product_brand","embeddable":true,"href":"https:\/\/haisicstorage.com\/de\/wp-json\/wp\/v2\/product_brand?post=1667"},{"taxonomy":"product_cat","embeddable":true,"href":"https:\/\/haisicstorage.com\/de\/wp-json\/wp\/v2\/product_cat?post=1667"},{"taxonomy":"product_tag","embeddable":true,"href":"https:\/\/haisicstorage.com\/de\/wp-json\/wp\/v2\/product_tag?post=1667"}],"curies":[{"name":"wp","href":"https:\/\/api.w.org\/{rel}","templated":true}]}}