{"id":1656,"date":"2025-12-03T03:53:03","date_gmt":"2025-12-03T03:53:03","guid":{"rendered":"https:\/\/haisicstorage.com\/?post_type=product&#038;p=1656"},"modified":"2026-02-27T07:34:46","modified_gmt":"2026-02-27T07:34:46","slug":"10kwh-wall-mounted-home-energy-storage","status":"publish","type":"product","link":"https:\/\/haisicstorage.com\/de\/10kwh-wall-mounted-home-energy-storage\/","title":{"rendered":"10Kwh wandmontierter Heimspeicher"},"content":{"rendered":"<p>Dieses Produkt ist ein Hochkapazit\u00e4ts-51,2V 200Ah Energiespeichersystem, das mit hochsicheren Lithium-Eisenphosphat (LiFePO\u2084)-Zellen gebaut wurde und eine Gesamtenergie von 10,24 Kilowattstunden (kWh) liefert. Das Kernkonzept basiert auf Sicherheit, Langlebigkeit und intelligenter Steuerung, was es ideal f\u00fcr Haushalte und gewerbliche Anwendungen macht, die langfristige, stabile und kosteneffiziente Energiel\u00f6sungen suchen \u2013 ein perfekter Ersatz f\u00fcr herk\u00f6mmliche Blei-S\u00e4ure-Batterien.<\/p>\n<p>Kernmerkmale<br \/>\nAu\u00dfergew\u00f6hnliche Sicherheit, Seelenfrieden<\/p>\n<p>Material mit intrinsischer Sicherheit: Lithium-Eisenphosphat zeigt au\u00dfergew\u00f6hnliche thermische Stabilit\u00e4t und eliminiert grundlegend Brand- und Explosionsrisiken.<\/p>\n<p>Mehrschichtiger intelligenter Schutz: Integriertes fortschrittliches BMS-Managementsystem bietet Schutz vor \u00dcberladung, Tiefentladung, \u00dcberstrom, Kurzschluss und Temperatur.<\/p>\n<p>Robustes Konstruktionsdesign: Hochfestes Geh\u00e4use mit interner Verst\u00e4rkung sorgt f\u00fcr Sto\u00df- und Schlagfestigkeit und passt sich verschiedenen Umgebungen an.<\/p>\n<p>Au\u00dfergew\u00f6hnliche Lebensdauer, bedeutende Kapitalrendite<\/p>\n<p>Verl\u00e4ngerte Zykluslebensdauer: Erreicht \u00fcber 6.000 Zyklen (mit Erhalt von 80%+ Kapazit\u00e4t) unter Standardbedingungen, mit einer geplanten Lebensdauer von 10-15 Jahren.<\/p>\n<p>Niedrige Gesamtkosten des Besitzes: \u00dcbertrifft Blei-S\u00e4ure-Batterien (ca. 300-500 Zyklen) erheblich, reduziert die t\u00e4glichen Nutzungskosten und bietet langfristigen Investitionswert.<\/p>\n<p>Hohe Kapazit\u00e4t &amp; Leistung, Vielseitige Anwendungen<\/p>\n<p>Reiche Energiereserve: 10,24kWh Kapazit\u00e4t versorgt kritische Haushaltslasten (Beleuchtung, K\u00fchlschrank, Router usw.) f\u00fcr 24-48 Stunden bei Notf\u00e4llen oder betreibt Hochleistungsger\u00e4te (wie Klimaanlagen) f\u00fcr mehrere Stunden.<\/p>\n<p>Robuste Antriebskapazit\u00e4t: Unterst\u00fctzt kontinuierliche 1C-Entladung (200A) mit Spitzenleistung von \u00fcber 10kW, startet m\u00fchelos motorbetriebene Ger\u00e4te.<\/p>\n<p>Intelligent und bequem, einfach zu verwalten<\/p>\n<h2>Shenzhen Batterie 51,2V 200ah Batterie Lithium 10kWh Powerwall F\u00fcr Hausenergie Speicherung<\/h2>\n<p>Entdecken Sie die ultimative L\u00f6sung f\u00fcr die Hausenergie Speicherung mit der Shenzhen Batterie Powerwall, einem robusten und effizienten System, das darauf ausgelegt ist, die Energieunabh\u00e4ngigkeit Ihres Hauses zu verbessern.<br \/>\nDieses hochmoderne Produkt kombiniert fortschrittliche Technologie mit benutzerfreundlichen Funktionen und ist somit eine ideale Wahl f\u00fcr Haushalte, die gr\u00fcne Energiel\u00f6sungen annehmen m\u00f6chten.<\/p>\n<div>Hauptmerkmale der 51,2V 200ah LiFePO4 Batterie<\/div>\n<div><strong>Hohe Kapazit\u00e4tsspeicherung<\/strong>: Mit einer Kapazit\u00e4t von 10kWh stellt dieses System sicher, dass Sie ausreichend Energie haben, um Ihren t\u00e4glichen Bedarf zu decken, und reduziert effektiv Ihre Abh\u00e4ngigkeit vom Netz.<\/div>\n<div><strong>Lange Lebensdauer<\/strong>: F\u00fcr Langlebigkeit ausgelegt, bietet die Batterie \u00fcber 6000 Zyklen, was eine langanhaltende Leistung und ein gutes Preis-Leistungs-Verh\u00e4ltnis gew\u00e4hrleistet.<br \/>\n<strong>Fortschrittliche BMS-Technologie<\/strong>: Ausgestattet mit einem intelligenten Batteriemanagementsystem (BMS), sch\u00fctzt es vor \u00dcberladung und \u00dcberhitzung, erh\u00f6ht die Sicherheit und verl\u00e4ngert die Batterielebensdauer.<\/div>\n<div><\/div>\n<h3>F\u00fcr moderne H\u00e4user konzipiert<\/h3>\n<div><strong>Kompakt und Elegant<\/strong>: Das wandmontierte Design (718x450x1110MM) macht es zu einer platzsparenden Erg\u00e4nzung f\u00fcr jedes Zuhause, w\u00e4hrend sein leichtes Gewicht (120KG) eine einfache Installation erm\u00f6glicht.<\/div>\n<div><strong>Wetterfest und Sicher<\/strong>: Mit einer Schutzklasse von IP55 ist die Powerwall so gebaut, dass sie Umweltfaktoren standh\u00e4lt und einen zuverl\u00e4ssigen Betrieb bei verschiedenen Klimabedingungen gew\u00e4hrleistet.<\/div>\n<div><strong>Intelligente Konnektivit\u00e4t<\/strong>: Die Integration mit Haussystemen ist dank des RS485-Kommunikationsanschlusses nahtlos m\u00f6glich, was eine intelligente Steuerung Ihres Energieverbrauchs erm\u00f6glicht.<\/div>\n<table border=\"1\">\n<tbody>\n<tr>\n<td>\n<div>Nennspannung<\/div>\n<\/td>\n<td>51,2V<\/td>\n<\/tr>\n<tr>\n<td>\n<div>Nennkapazit\u00e4t<\/div>\n<\/td>\n<td>200Ah<\/td>\n<\/tr>\n<tr>\n<td>\n<div>Nennenergie<\/div>\n<\/td>\n<td>10240Wh<\/td>\n<\/tr>\n<tr>\n<td>\n<div>Spannungsbereich<\/div>\n<\/td>\n<td>44,8-56V<\/td>\n<\/tr>\n<tr>\n<td>\n<div>Ladespannungsbereich<\/div>\n<\/td>\n<td>56-57,6V<\/td>\n<\/tr>\n<tr>\n<td>\n<div>Abschaltspannung<\/div>\n<\/td>\n<td>44,8V<\/td>\n<\/tr>\n<tr>\n<td>\n<div>\n<div>Empfohlener Ladestrom<\/div>\n<\/div>\n<\/td>\n<td>100 A<\/td>\n<\/tr>\n<tr>\n<td>\n<div>\n<div>Maximaler Ladestrom<\/div>\n<\/div>\n<\/td>\n<td>200A<\/td>\n<\/tr>\n<tr>\n<td>\n<div>\n<div>Maximaler Entladestrom<\/div>\n<\/div>\n<\/td>\n<td>200A<\/td>\n<\/tr>\n<tr>\n<td>\n<div>\n<div>AbmessungL*B*H<\/div>\n<\/div>\n<\/td>\n<td>\n<div>418*228*670(ohne Basis)<\/div>\n<\/td>\n<\/tr>\n<tr>\n<td>\n<div>\n<div>Gewicht<\/div>\n<\/div>\n<\/td>\n<td>84,3KG<\/td>\n<\/tr>\n<tr>\n<td>\n<div>\n<div>Kommunikationsport<\/div>\n<\/div>\n<\/td>\n<td>\n<div>RS485, CAN<\/div>\n<\/td>\n<\/tr>\n<tr>\n<td>\n<div>\n<div>\n<div>Anzeige<\/div>\n<\/div>\n<\/div>\n<\/td>\n<td>\n<div>LED+LCD<\/div>\n<\/td>\n<\/tr>\n<tr>\n<td>\n<div>\n<div>\n<div>Anschlussklemme<\/div>\n<\/div>\n<\/div>\n<\/td>\n<td>\n<div>Steckbar<\/div>\n<\/td>\n<\/tr>\n<tr>\n<td>\n<div>\n<div>\n<div>Lebensdauer<\/div>\n<\/div>\n<\/div>\n<\/td>\n<td>\n<div>\uff1e6000 (0,5C@ 25\u2103, 80% DOD)<\/div>\n<\/td>\n<\/tr>\n<tr>\n<td>\n<div>\n<div>\n<div>\n<div>Kompatibler Wechselrichter<\/div>\n<\/div>\n<\/div>\n<\/div>\n<\/td>\n<td>\n<div>Growatt, Goodwe, Sol-Ark, SRNE, DEYE<\/div>\n<\/td>\n<\/tr>\n<tr>\n<td>\n<div>\n<div>\n<div>\n<div>Zertifikat<\/div>\n<\/div>\n<\/div>\n<\/div>\n<\/td>\n<td>\n<div>CE, FCC, RoHs, MSDS, UN38.3<\/div>\n<\/td>\n<\/tr>\n<\/tbody>\n<\/table>\n<h2><\/h2>\n<div>Umweltbelastung und Sicherheit<\/div>\n<div><strong>Umweltfreundliche Technologie<\/strong>: Unter Verwendung von LiFePO4-Technologie ist die Powerwall nicht nur effizient, sondern auch umweltvertr\u00e4glich und reduziert Ihren CO2-Fu\u00dfabdruck.<br \/>\n<strong>Zertifiziert und zuverl\u00e4ssig<\/strong>: Die Einhaltung von CE-, RoHS-, UN38.3- und MSDS-Zertifizierungen gew\u00e4hrleistet Qualit\u00e4ts- und Sicherheitsstandards, die Ihnen Sicherheit geben.<\/div>","protected":false},"excerpt":{"rendered":"<p>51,2V 200Ah Lithium-Eisenphosphat-Energiespeicherbatterie<\/p>\n<p>10,24kWh langlebiges Energiespeichersystem | Sicherer und zuverl\u00e4ssiger Energieunabh\u00e4ngigkeit f\u00fcr Haushalte und Unternehmen<\/p>","protected":false},"featured_media":3493,"template":"","meta":{"site-sidebar-layout":"default","site-content-layout":"","ast-site-content-layout":"default","site-content-style":"default","site-sidebar-style":"default","ast-global-header-display":"","ast-banner-title-visibility":"","ast-main-header-display":"","ast-hfb-above-header-display":"","ast-hfb-below-header-display":"","ast-hfb-mobile-header-display":"","site-post-title":"","ast-breadcrumbs-content":"","ast-featured-img":"","footer-sml-layout":"","ast-disable-related-posts":"","theme-transparent-header-meta":"default","adv-header-id-meta":"","stick-header-meta":"default","header-above-stick-meta":"","header-main-stick-meta":"","header-below-stick-meta":"","astra-migrate-meta-layouts":"set","ast-page-background-enabled":"default","ast-page-background-meta":{"desktop":{"background-color":"var(--ast-global-color-4)","background-image":"","background-repeat":"repeat","background-position":"center center","background-size":"auto","background-attachment":"scroll","background-type":"","background-media":"","overlay-type":"","overlay-color":"","overlay-opacity":"","overlay-gradient":""},"tablet":{"background-color":"","background-image":"","background-repeat":"repeat","background-position":"center center","background-size":"auto","background-attachment":"scroll","background-type":"","background-media":"","overlay-type":"","overlay-color":"","overlay-opacity":"","overlay-gradient":""},"mobile":{"background-color":"","background-image":"","background-repeat":"repeat","background-position":"center center","background-size":"auto","background-attachment":"scroll","background-type":"","background-media":"","overlay-type":"","overlay-color":"","overlay-opacity":"","overlay-gradient":""}},"ast-content-background-meta":{"desktop":{"background-color":"var(--ast-global-color-5)","background-image":"","background-repeat":"repeat","background-position":"center center","background-size":"auto","background-attachment":"scroll","background-type":"","background-media":"","overlay-type":"","overlay-color":"","overlay-opacity":"","overlay-gradient":""},"tablet":{"background-color":"var(--ast-global-color-5)","background-image":"","background-repeat":"repeat","background-position":"center center","background-size":"auto","background-attachment":"scroll","background-type":"","background-media":"","overlay-type":"","overlay-color":"","overlay-opacity":"","overlay-gradient":""},"mobile":{"background-color":"var(--ast-global-color-5)","background-image":"","background-repeat":"repeat","background-position":"center center","background-size":"auto","background-attachment":"scroll","background-type":"","background-media":"","overlay-type":"","overlay-color":"","overlay-opacity":"","overlay-gradient":""}}},"product_brand":[],"product_cat":[56,47,49],"product_tag":[],"class_list":{"0":"post-1656","1":"product","2":"type-product","3":"status-publish","4":"has-post-thumbnail","6":"product_cat-energy-storage-battery-system","7":"product_cat-residetial-ess","8":"product_cat-wall-mounted-ess","9":"desktop-align-left","10":"tablet-align-left","11":"mobile-align-left","12":"ast-product-gallery-layout-horizontal-slider","13":"ast-product-tabs-layout-horizontal","15":"first","16":"instock","17":"shipping-taxable","18":"purchasable","19":"product-type-simple"},"_links":{"self":[{"href":"https:\/\/haisicstorage.com\/de\/wp-json\/wp\/v2\/product\/1656","targetHints":{"allow":["GET"]}}],"collection":[{"href":"https:\/\/haisicstorage.com\/de\/wp-json\/wp\/v2\/product"}],"about":[{"href":"https:\/\/haisicstorage.com\/de\/wp-json\/wp\/v2\/types\/product"}],"version-history":[{"count":4,"href":"https:\/\/haisicstorage.com\/de\/wp-json\/wp\/v2\/product\/1656\/revisions"}],"predecessor-version":[{"id":3507,"href":"https:\/\/haisicstorage.com\/de\/wp-json\/wp\/v2\/product\/1656\/revisions\/3507"}],"wp:featuredmedia":[{"embeddable":true,"href":"https:\/\/haisicstorage.com\/de\/wp-json\/wp\/v2\/media\/3493"}],"wp:attachment":[{"href":"https:\/\/haisicstorage.com\/de\/wp-json\/wp\/v2\/media?parent=1656"}],"wp:term":[{"taxonomy":"product_brand","embeddable":true,"href":"https:\/\/haisicstorage.com\/de\/wp-json\/wp\/v2\/product_brand?post=1656"},{"taxonomy":"product_cat","embeddable":true,"href":"https:\/\/haisicstorage.com\/de\/wp-json\/wp\/v2\/product_cat?post=1656"},{"taxonomy":"product_tag","embeddable":true,"href":"https:\/\/haisicstorage.com\/de\/wp-json\/wp\/v2\/product_tag?post=1656"}],"curies":[{"name":"wp","href":"https:\/\/api.w.org\/{rel}","templated":true}]}}