{"id":1643,"date":"2025-12-03T03:43:19","date_gmt":"2025-12-03T03:43:19","guid":{"rendered":"https:\/\/haisicstorage.com\/?post_type=product&#038;p=1643"},"modified":"2026-02-27T07:39:51","modified_gmt":"2026-02-27T07:39:51","slug":"51-2v-100ah-powerwall-energy-storage","status":"publish","type":"product","link":"https:\/\/haisicstorage.com\/de\/51-2v-100ah-powerwall-energy-storage\/","title":{"rendered":"5Kwh Wandmontierter Heim-Energiespeicher"},"content":{"rendered":"<p>Produkt\u00fcbersicht<br \/>\nDer HS-BG5000W-A6 ist eine energiespeicherl\u00f6sung der n\u00e4chsten Generation f\u00fcr Privathaushalte, die Hochleistungs-Wechselrichter, intelligentes Energiespeicher und Energiemanagement integriert. Er bietet den Nutzern sichere, stabile und wirtschaftliche Energieversorgung bei allen Wetterbedingungen und dient als Kernkomponente zur Erreichung der Haushaltsenergieautonomie.<\/p>\n<p>Kernvorteile<br \/>\n1. Hochintegriertes, platzsparendes Design<\/p>\n<p>Wandmontage\/Bodenst\u00e4ndige Doppelzweckinstallation, ben\u00f6tigt weniger als 0,5 m\u00b2 Bodenfl\u00e4che<\/p>\n<p>Minimalistische industrielle \u00c4sthetik, die nahtlos in moderne Wohnumgebungen integriert wird<\/p>\n<p>2. Langfristige Sicherheit, Zuverl\u00e4ssige Haltbarkeit<br \/>\nBatteriesystem:<\/p>\n<p>Automobil-Qualit\u00e4ts-Lithium-Eisenphosphat-Zellen mit &gt;6000 Zyklen Lebensdauer<\/p>\n<p>Intelligente Fl\u00fcssigkeitsk\u00fchlung mit Temperaturregelung, Betriebsbereich -20\u00b0C bis 50\u00b0C<\/p>\n<p>F\u00fcnfstufiger Schutzmechanismus (\u00dcberspannung\/Unterspannung\/\u00dcberstrom\/Kurzschluss\/\u00dcbertemperatur)<\/p>\n<p>Systemsicherheit:<\/p>\n<p>IP65 Schutzart, geeignet f\u00fcr vielf\u00e4ltige Innen- und Au\u00dfenumgebungen<\/p>\n<p><strong>Haisic 51,2V 100Ah Lifepo4 Batterie \u2013 Revolutionieren Sie Ihr Energiemanagement zu Hause<br \/>\nEntfesseln Sie Kraft und Effizienz mit dem 5kWh Powerwall<\/strong><\/p>\n<p>Erleben Sie die Spitzentechnologie der Heimenergie-L\u00f6sungen mit der Haisic 5kWh Lifepo4 Batterie,<br \/>\neinem hochwertigen Energiespeichersystem, das darauf ausgelegt ist, Ihren Energieverbrauch zu optimieren und die Nachhaltigkeit zu verbessern.<br \/>\nDieses hochmoderne Batteriepacksystem sorgt nicht nur f\u00fcr eine umweltfreundlichere Bilanz, sondern verspricht auch eine robuste Kapitalrendite durch sein effizientes Energiemanagement.<\/p>\n<p>Optimierter Energieverbrauch: Passen Sie Ihren Energieverbrauch automatisch an t\u00e4gliche Nutzungsmuster und Spitzenzeiten an.<br \/>\nHybrid-Netzkompatibilit\u00e4t: Integriert nahtlos sowohl mit Off-Grid- als auch mit On-Grid-Systemen, um Zuverl\u00e4ssigkeit und Flexibilit\u00e4t bei Stromausf\u00e4llen oder Netzfehlern zu gew\u00e4hrleisten.<br \/>\nSchnelle Aufladef\u00e4higkeit: L\u00e4dt Energiespeicher schnell auf volle Kapazit\u00e4t auf, sodass Sie nie ohne Strom sind, wenn Sie ihn am dringendsten ben\u00f6tigen.<\/p>\n<table border=\"1\">\n<tbody>\n<tr>\n<td>Nennspannung<\/td>\n<td>51,2V<\/td>\n<\/tr>\n<tr>\n<td>Nennkapazit\u00e4t<\/td>\n<td>100Ah<\/td>\n<\/tr>\n<tr>\n<td>Nennenergie<\/td>\n<td>5120Wh<\/td>\n<\/tr>\n<tr>\n<td>Spannungsbereich<\/td>\n<td>44,8-56V<\/td>\n<\/tr>\n<tr>\n<td>Ladespannungsbereich<\/td>\n<td>55,2-56V<\/td>\n<\/tr>\n<tr>\n<td>Abschaltspannung<\/td>\n<td>44,8V<\/td>\n<\/tr>\n<tr>\n<td>Empfohlener Ladestrom<\/td>\n<td>50A<\/td>\n<\/tr>\n<tr>\n<td>Maximaler Ladestrom<\/td>\n<td>100 A<\/td>\n<\/tr>\n<tr>\n<td>Maximaler Entladestrom<\/td>\n<td>100 A<\/td>\n<\/tr>\n<tr>\n<td>Kommunikationsport<\/td>\n<td>\u00a0RS485, CAN<\/td>\n<\/tr>\n<tr>\n<td>Wasserfestigkeitsbewertung<\/td>\n<td>IP20<\/td>\n<\/tr>\n<tr>\n<td>Anschlussklemme<\/td>\n<td>Steckbar<\/td>\n<\/tr>\n<tr>\n<td>Feuchtigkeit<\/td>\n<td>5-95% RH<\/td>\n<\/tr>\n<tr>\n<td>Ladetemperaturbereich<\/td>\n<td>0-45\u2103<\/td>\n<\/tr>\n<tr>\n<td>Entladetemperaturbereich<\/td>\n<td>-20-60\u2103<\/td>\n<\/tr>\n<tr>\n<td>Speichertemperaturbereich<\/td>\n<td>-20-45\u2103<\/td>\n<\/tr>\n<tr>\n<td>Lebensdauer<\/td>\n<td>\uff1e6000 \uff080,5C@ 25\u2103\uff0c80% DOD\uff09<\/td>\n<\/tr>\n<tr>\n<td>Kompatibler Wechselrichter<\/td>\n<td>Growatt, Goodwe, Sol-Ark, SRNE, DEYE, Luxpower, Megarevo<\/td>\n<\/tr>\n<\/tbody>\n<\/table>\n<p>Erweiterte technische Spezifikationen<\/p>\n<p>Tauchen Sie ein in die technologische Leistungsf\u00e4higkeit der Haisic Home Powerwall Batterie, wo Innovation auf Praktikabilit\u00e4t trifft.<br \/>\nUnser wandmontiertes System ist nicht nur platzsparend, sondern auch nach h\u00f6chsten Sicherheits- und Leistungsstandards gebaut.<\/p>\n<p>Lange Lebensdauer: Genie\u00dfen Sie \u00fcber 6000 Lade- und Entladezyklen, die traditionelle Batteriesysteme deutlich \u00fcbertreffen.<br \/>\nIntelligentes BMS-System: \u00dcberwacht und steuert Zellgesundheit, Spannung und Temperatur, um maximale Sicherheit und Langlebigkeit zu gew\u00e4hrleisten.<br \/>\nRobustes Design: Mit den Ma\u00dfen 718x450x1110MM und einer langlebigen Schutzklasse von IP55 ist es daf\u00fcr ausgelegt, Umweltvariablen standzuhalten.<\/p>\n<p>&nbsp;<\/p>\n<p>Sicherheit und Zertifizierung<\/p>\n<p>Bei der Priorisierung von Sicherheit und Konformit\u00e4t wird der Haisic Powerwall rigoros getestet und zertifiziert, um die h\u00f6chsten Branchenstandards zu erf\u00fcllen.<br \/>\nSein integrierter Schutzschaltkreis sch\u00fctzt vor \u00dcberladung, \u00dcberhitzung und Kurzschluss und erh\u00f6ht die Zuverl\u00e4ssigkeit Ihres Heimenergiesystems.<\/p>\n<p>Umfassende Zertifizierungen: CE-, RoHS-, UN38.3- und MSDS-Zulassungen unterstreichen unser Engagement f\u00fcr Qualit\u00e4t und Sicherheit.<br \/>\nUmweltschutz: Hergestellt aus umweltfreundlichen Materialien bietet die Batterie eine nachhaltige L\u00f6sung, die Ihren CO2-Fu\u00dfabdruck reduziert.<\/p>\n<p>&nbsp;<\/p>\n<p>Flexible und benutzerfreundliche Integration<\/p>\n<p>RS485-Kommunikationsanschluss: Erm\u00f6glicht eine einfache Integration in bestehende Heimenergiemanagementsysteme.<br \/>\nVielseitige Anwendungen: Ideal f\u00fcr eine Vielzahl von Eins\u00e4tzen, von allt\u00e4glichen Haushaltsger\u00e4ten bis hin zu anspruchsvolleren Strom-Backup-Anforderungen.<\/p>\n<p>OEM\/ODM-Dienstleistungen: Passen Sie das System an Ihre spezifischen Bed\u00fcrfnisse an, mit unseren anpassbaren Optionen.<br \/>\nR\u00fcsten Sie Ihre Heimenergie-L\u00f6sungen noch heute mit der Haisic 51,2V 100Ah Lifepo4-Batterie auf und machen Sie einen bedeutenden Schritt in Richtung Energieunabh\u00e4ngigkeit und Nachhaltigkeit.<br \/>\nGenie\u00dfen Sie die Sicherheit, die ein zuverl\u00e4ssiges, effizientes und sicheres Energiespeichersystem bietet, das auf die einzigartigen Anforderungen moderner Haushalte ausgelegt ist.<\/p>","protected":false},"excerpt":{"rendered":"<p class=\"product-des\">HS-BG5000W-A6 Intelligentes Integriertes Energiespeichersystem<\/p>","protected":false},"featured_media":3493,"template":"","meta":{"site-sidebar-layout":"default","site-content-layout":"","ast-site-content-layout":"default","site-content-style":"default","site-sidebar-style":"default","ast-global-header-display":"","ast-banner-title-visibility":"","ast-main-header-display":"","ast-hfb-above-header-display":"","ast-hfb-below-header-display":"","ast-hfb-mobile-header-display":"","site-post-title":"","ast-breadcrumbs-content":"","ast-featured-img":"","footer-sml-layout":"","ast-disable-related-posts":"","theme-transparent-header-meta":"default","adv-header-id-meta":"","stick-header-meta":"default","header-above-stick-meta":"","header-main-stick-meta":"","header-below-stick-meta":"","astra-migrate-meta-layouts":"set","ast-page-background-enabled":"default","ast-page-background-meta":{"desktop":{"background-color":"var(--ast-global-color-4)","background-image":"","background-repeat":"repeat","background-position":"center center","background-size":"auto","background-attachment":"scroll","background-type":"","background-media":"","overlay-type":"","overlay-color":"","overlay-opacity":"","overlay-gradient":""},"tablet":{"background-color":"","background-image":"","background-repeat":"repeat","background-position":"center center","background-size":"auto","background-attachment":"scroll","background-type":"","background-media":"","overlay-type":"","overlay-color":"","overlay-opacity":"","overlay-gradient":""},"mobile":{"background-color":"","background-image":"","background-repeat":"repeat","background-position":"center center","background-size":"auto","background-attachment":"scroll","background-type":"","background-media":"","overlay-type":"","overlay-color":"","overlay-opacity":"","overlay-gradient":""}},"ast-content-background-meta":{"desktop":{"background-color":"var(--ast-global-color-5)","background-image":"","background-repeat":"repeat","background-position":"center center","background-size":"auto","background-attachment":"scroll","background-type":"","background-media":"","overlay-type":"","overlay-color":"","overlay-opacity":"","overlay-gradient":""},"tablet":{"background-color":"var(--ast-global-color-5)","background-image":"","background-repeat":"repeat","background-position":"center center","background-size":"auto","background-attachment":"scroll","background-type":"","background-media":"","overlay-type":"","overlay-color":"","overlay-opacity":"","overlay-gradient":""},"mobile":{"background-color":"var(--ast-global-color-5)","background-image":"","background-repeat":"repeat","background-position":"center center","background-size":"auto","background-attachment":"scroll","background-type":"","background-media":"","overlay-type":"","overlay-color":"","overlay-opacity":"","overlay-gradient":""}}},"product_brand":[],"product_cat":[56,47,49],"product_tag":[],"class_list":{"0":"post-1643","1":"product","2":"type-product","3":"status-publish","4":"has-post-thumbnail","6":"product_cat-energy-storage-battery-system","7":"product_cat-residetial-ess","8":"product_cat-wall-mounted-ess","9":"desktop-align-left","10":"tablet-align-left","11":"mobile-align-left","12":"ast-product-gallery-layout-horizontal-slider","13":"ast-product-tabs-layout-horizontal","15":"first","16":"instock","17":"shipping-taxable","18":"purchasable","19":"product-type-simple"},"_links":{"self":[{"href":"https:\/\/haisicstorage.com\/de\/wp-json\/wp\/v2\/product\/1643","targetHints":{"allow":["GET"]}}],"collection":[{"href":"https:\/\/haisicstorage.com\/de\/wp-json\/wp\/v2\/product"}],"about":[{"href":"https:\/\/haisicstorage.com\/de\/wp-json\/wp\/v2\/types\/product"}],"version-history":[{"count":6,"href":"https:\/\/haisicstorage.com\/de\/wp-json\/wp\/v2\/product\/1643\/revisions"}],"predecessor-version":[{"id":3521,"href":"https:\/\/haisicstorage.com\/de\/wp-json\/wp\/v2\/product\/1643\/revisions\/3521"}],"wp:featuredmedia":[{"embeddable":true,"href":"https:\/\/haisicstorage.com\/de\/wp-json\/wp\/v2\/media\/3493"}],"wp:attachment":[{"href":"https:\/\/haisicstorage.com\/de\/wp-json\/wp\/v2\/media?parent=1643"}],"wp:term":[{"taxonomy":"product_brand","embeddable":true,"href":"https:\/\/haisicstorage.com\/de\/wp-json\/wp\/v2\/product_brand?post=1643"},{"taxonomy":"product_cat","embeddable":true,"href":"https:\/\/haisicstorage.com\/de\/wp-json\/wp\/v2\/product_cat?post=1643"},{"taxonomy":"product_tag","embeddable":true,"href":"https:\/\/haisicstorage.com\/de\/wp-json\/wp\/v2\/product_tag?post=1643"}],"curies":[{"name":"wp","href":"https:\/\/api.w.org\/{rel}","templated":true}]}}