{"id":1633,"date":"2025-12-03T03:05:13","date_gmt":"2025-12-03T03:05:13","guid":{"rendered":"https:\/\/haisicstorage.com\/?post_type=product&#038;p=1633"},"modified":"2026-02-27T06:49:32","modified_gmt":"2026-02-27T06:49:32","slug":"215kwh-100kw-commercial-industrial-container-ess","status":"publish","type":"product","link":"https:\/\/haisicstorage.com\/de\/215kwh-100kw-commercial-industrial-container-ess\/","title":{"rendered":"215KWH 100KW Gewerblicher &amp; Industrieller Container-ESS"},"content":{"rendered":"<p><strong>Bess 100KW Hybrid-Solarspeichersystem: Nutzen Sie erneuerbare Energien mit Effizienz und Zuverl\u00e4ssigkeit<\/strong><\/p>\n<p>Suchen Sie nach einer innovativen L\u00f6sung, um die Nutzung erneuerbarer Energien zu maximieren und gleichzeitig eine unterbrechungsfreie Stromversorgung zu gew\u00e4hrleisten?<br \/>\nSuchen Sie nicht weiter als das Bess 100KW Hybrid-Solarspeichersystem von Haisic.<br \/>\nDieses innovative System kombiniert fortschrittliche Technologie, hochwertige Komponenten<br \/>\nund eine W\u00e4rmeventilations-Klimaanlage, um au\u00dfergew\u00f6hnliche Leistung in der Industrie- und Gewerbespeicherbranche zu bieten.<\/p>\n<p><strong>Effiziente und Zuverl\u00e4ssige Stromerzeugung<\/strong><\/p>\n<p>\u2013 Erm\u00f6glichen Sie Ihrem Unternehmen mit einem 100KW-Solarsystem, das nat\u00fcrliches Sonnenlicht einf\u00e4ngt und in saubere, nachhaltige Energie umwandelt.<br \/>\n\u2013 Profitieren Sie von einer Hochkapazit\u00e4ts-200KWH-LiFePO4-Batterie, die zuverl\u00e4ssige Energie auch bei Spitzenbedarf oder geringer Sonneneinstrahlung liefert.<br \/>\n\u2013 Die bemerkenswerte Nennenergie von 215,040kWh des Systems sorgt f\u00fcr eine optimale Energienutzung und Kosteneffizienz.<\/p>\n<p><strong>\u00dcberlegene Leistung und Flexibilit\u00e4t<\/strong><\/p>\n<p>\u2013 Das Bess-System ist mit einem Betriebstemperaturbereich von -20~50\u2103 ausgelegt und wurde entwickelt, um extremen Wetterbedingungen standzuhalten.<br \/>\n\u2013 Erleben Sie eine beeindruckende Systemeffizienz von \u226585%, die die Umwandlung von Solarenergie in nutzbare Energie maximiert.<br \/>\n\u2013 Mit seinen vielseitigen Netzanschlussoptionen (Off-Grid, Hybridnetz, On-Grid) passt sich das System Ihren spezifischen Strombed\u00fcrfnissen an und maximiert die Energieeinsparungen.<\/p>\n<p><strong>Zuverl\u00e4ssigkeit und einfache Wartung<\/strong><\/p>\n<p>\u2013 Genie\u00dfen Sie Sicherheit mit der 15-j\u00e4hrigen Lebensdauer des Systems und stabiler Leistung, was den Bedarf an h\u00e4ufigen Austausch- oder Reparaturarbeiten minimiert.<br \/>\n\u2013 Das All-in-One-Design sorgt f\u00fcr eine problemlose Installationsprozess, spart Ihnen Zeit und Installationskosten.<br \/>\n\u2013 Das modulare Design, bestehend aus Batteriesystemen, BMS (Batteriemanagementsystem) und Steuerungsdesign, erleichtert Wartung und Skalierbarkeit.<\/p>\n<p><strong>Hauptmerkmale:<\/strong><\/p>\n<p>\u25cf Modulares und flexibel erweiterbares Batteriespeichersystem auf Leistungs- und Kapazit\u00e4tsniveau\u203b<br \/>\n\u25cf All-in-One-Design, netzgekoppelte L\u00f6sung<br \/>\n\u25cf Individueller Energieinhalt, perfekt auf Ihre Anforderungen abgestimmt<br \/>\n\u25cf Max. Batteriezelllebensdauer<br \/>\n\u25cf Lithium-Eisenphosphat-Batterien f\u00fcr hohe Betriebssicherheit &amp; Brandschutz<br \/>\n\u25cf Au\u00dfengeh\u00e4use f\u00fcr jeden Installationsort<br \/>\n\u25cf Einfache Wartung durch modulares Design (Batteriemodule, BMS, Steuerungsdesign)<br \/>\n\u25cf Innere und \u00e4u\u00dfere Schutzma\u00dfnahmen<br \/>\n\u25cf Geeignet f\u00fcr Serienschaltungen wie Steuerreserve, Steigerung des Eigenverbrauchs<br \/>\n\u25cf 15 Jahre Konstruktionslebensdauer, stabile Leistung, wartungsfrei<br \/>\n\u25cf Maximal 5 Schr\u00e4nke parallel, um gr\u00f6\u00dfere Leistung und Kapazit\u00e4t zu unterst\u00fctzen<\/p>\n<p>Investieren Sie heute in das Bess 100KW Hybrid-Solarspeichersystem und erschlie\u00dfen Sie das wahre Potenzial der Solarenergie f\u00fcr Ihr Industrie- oder Gewerbeunternehmen.<br \/>\nVertrauen Sie auf Haisic, um eine \u00fcberlegene Energiespeicherl\u00f6sung zu liefern, die Nachhaltigkeit, Effizienz und Zuverl\u00e4ssigkeit in der Industrie- &amp; Gewerbespeicherbranche f\u00f6rdert.<\/p>","protected":false},"excerpt":{"rendered":"<p class=\"product-des\">1. H\u00f6chste Energiedichte<br \/>\nWir kombinieren Hochenergiedichte-Batterien, Leistungskonvertierungs- und Steuerungssysteme in einem aufgewerteten Versandcontainer-Paket. Lithiumbatterien sind die Marke EVE, deren LFP-Chemie 215kWh Energie in einem Batterieverbrauch von 3100kg Volumen packt.<br \/>\n2. Zuverl\u00e4ssigkeit unter extremen Umweltbedingungen<br \/>\nUnser Design integriert Sicherheitsmechanismen, um extreme Umgebungen und robuste Eins\u00e4tze zu \u00fcberstehen. Unser System arbeitet zuverl\u00e4ssig an verschiedenen Standorten, von Deutschland bis zu anderen L\u00e4ndern.<br \/>\n3. Anpassbare Formate zur Optimierung der Kapitalrendite<br \/>\nWir passen unser Referenzdesign an die spezifischen Energie- und Leistungsanforderungen der Kunden sowie an Umweltbedingungen an.<br \/>\nWir verwenden Modellierungssimulationen, um das Systemdesign zu optimieren und das beste Preis-Leistungs-Verh\u00e4ltnis f\u00fcr jeden Anwendungsfall zu bieten.<\/p>\n<div class=\"inquiryBasket\"><\/div>","protected":false},"featured_media":1634,"template":"","meta":{"site-sidebar-layout":"default","site-content-layout":"","ast-site-content-layout":"default","site-content-style":"default","site-sidebar-style":"default","ast-global-header-display":"","ast-banner-title-visibility":"","ast-main-header-display":"","ast-hfb-above-header-display":"","ast-hfb-below-header-display":"","ast-hfb-mobile-header-display":"","site-post-title":"","ast-breadcrumbs-content":"","ast-featured-img":"","footer-sml-layout":"","ast-disable-related-posts":"","theme-transparent-header-meta":"default","adv-header-id-meta":"","stick-header-meta":"default","header-above-stick-meta":"","header-main-stick-meta":"","header-below-stick-meta":"","astra-migrate-meta-layouts":"set","ast-page-background-enabled":"default","ast-page-background-meta":{"desktop":{"background-color":"var(--ast-global-color-4)","background-image":"","background-repeat":"repeat","background-position":"center center","background-size":"auto","background-attachment":"scroll","background-type":"","background-media":"","overlay-type":"","overlay-color":"","overlay-opacity":"","overlay-gradient":""},"tablet":{"background-color":"","background-image":"","background-repeat":"repeat","background-position":"center center","background-size":"auto","background-attachment":"scroll","background-type":"","background-media":"","overlay-type":"","overlay-color":"","overlay-opacity":"","overlay-gradient":""},"mobile":{"background-color":"","background-image":"","background-repeat":"repeat","background-position":"center center","background-size":"auto","background-attachment":"scroll","background-type":"","background-media":"","overlay-type":"","overlay-color":"","overlay-opacity":"","overlay-gradient":""}},"ast-content-background-meta":{"desktop":{"background-color":"var(--ast-global-color-5)","background-image":"","background-repeat":"repeat","background-position":"center center","background-size":"auto","background-attachment":"scroll","background-type":"","background-media":"","overlay-type":"","overlay-color":"","overlay-opacity":"","overlay-gradient":""},"tablet":{"background-color":"var(--ast-global-color-5)","background-image":"","background-repeat":"repeat","background-position":"center center","background-size":"auto","background-attachment":"scroll","background-type":"","background-media":"","overlay-type":"","overlay-color":"","overlay-opacity":"","overlay-gradient":""},"mobile":{"background-color":"var(--ast-global-color-5)","background-image":"","background-repeat":"repeat","background-position":"center center","background-size":"auto","background-attachment":"scroll","background-type":"","background-media":"","overlay-type":"","overlay-color":"","overlay-opacity":"","overlay-gradient":""}}},"product_brand":[],"product_cat":[44],"product_tag":[],"class_list":{"0":"post-1633","1":"product","2":"type-product","3":"status-publish","4":"has-post-thumbnail","6":"product_cat-commercial-industrial-ess","7":"desktop-align-left","8":"tablet-align-left","9":"mobile-align-left","10":"ast-product-gallery-layout-horizontal-slider","11":"ast-product-tabs-layout-horizontal","13":"first","14":"instock","15":"shipping-taxable","16":"purchasable","17":"product-type-simple"},"_links":{"self":[{"href":"https:\/\/haisicstorage.com\/de\/wp-json\/wp\/v2\/product\/1633","targetHints":{"allow":["GET"]}}],"collection":[{"href":"https:\/\/haisicstorage.com\/de\/wp-json\/wp\/v2\/product"}],"about":[{"href":"https:\/\/haisicstorage.com\/de\/wp-json\/wp\/v2\/types\/product"}],"version-history":[{"count":4,"href":"https:\/\/haisicstorage.com\/de\/wp-json\/wp\/v2\/product\/1633\/revisions"}],"predecessor-version":[{"id":3471,"href":"https:\/\/haisicstorage.com\/de\/wp-json\/wp\/v2\/product\/1633\/revisions\/3471"}],"wp:featuredmedia":[{"embeddable":true,"href":"https:\/\/haisicstorage.com\/de\/wp-json\/wp\/v2\/media\/1634"}],"wp:attachment":[{"href":"https:\/\/haisicstorage.com\/de\/wp-json\/wp\/v2\/media?parent=1633"}],"wp:term":[{"taxonomy":"product_brand","embeddable":true,"href":"https:\/\/haisicstorage.com\/de\/wp-json\/wp\/v2\/product_brand?post=1633"},{"taxonomy":"product_cat","embeddable":true,"href":"https:\/\/haisicstorage.com\/de\/wp-json\/wp\/v2\/product_cat?post=1633"},{"taxonomy":"product_tag","embeddable":true,"href":"https:\/\/haisicstorage.com\/de\/wp-json\/wp\/v2\/product_tag?post=1633"}],"curies":[{"name":"wp","href":"https:\/\/api.w.org\/{rel}","templated":true}]}}