{"id":1628,"date":"2025-12-03T02:47:37","date_gmt":"2025-12-03T02:47:37","guid":{"rendered":"https:\/\/haisicstorage.com\/?post_type=product&#038;p=1628"},"modified":"2026-02-27T07:39:35","modified_gmt":"2026-02-27T07:39:35","slug":"high-volt-stacked-30kwh","status":"publish","type":"product","link":"https:\/\/haisicstorage.com\/de\/high-volt-stacked-30kwh\/","title":{"rendered":"Hochspannungs-gestapelt 30KWH"},"content":{"rendered":"<div class=\"row\">\n<div class=\"col-md-12 col-sm-12\">\n<div class=\"product-tabs\">\n<ul class=\"pro-details-tab\" role=\"tablist\">\n<li class=\"active\" role=\"presentation\">\n<h2>Produktdetails<\/h2>\n<\/li>\n<\/ul>\n<div class=\"tab-content\">\n<div id=\"tab-desc\" class=\"tab-pane active\" role=\"tabpanel\">\n<div class=\"product-tab-desc\">\n<p>&nbsp;<\/p>\n<p>Solarspeicher (allgemein als Solar+Speicher bezeichnet) ist eine boomende Branche. Beim Verbinden von Solarmodulen mit Batteriespeichern k\u00f6nnen Sie \u00fcbersch\u00fcssigen Strom, der von Ihren Solarmodulen erzeugt wird, speichern, um Ihre Nutzungsm\u00f6glichkeiten f\u00fcr Solarenergie zu erweitern \u2014 und wie Sie daraus profitieren k\u00f6nnen. Solarbatteriespeicher erm\u00f6glicht es Ihnen, weniger auf das Stromnetz angewiesen zu sein, was potenziell die Kosten senkt und sogar Ihr Einkommen erg\u00e4nzt.<\/p>\n<p>&nbsp;<\/p>\n<p><strong>Arten von\u00a0<a href=\"https:\/\/www.haisicbattery.com\/products\/solar-energy-storage-batterylrydz\" target=\"_blank\" rel=\"noopener\">Solarbatterien<\/a><\/strong><\/p>\n<p>&nbsp;<\/p>\n<p>F\u00fcr\u00a0<a href=\"https:\/\/www.haisicbattery.com\/products\/solar-energy-storage-batterylrydz\" target=\"_blank\" rel=\"noopener\">Wohnungsspeicher<\/a>, Blei-S\u00e4ure-Batterien haben die Vorz\u00fcge niedriger Kosten, Recyclingf\u00e4higkeit und lange Haltbarkeit bei wenig bis gar keinem Wartungsaufwand, sind aber schwer und haben l\u00e4ngere Ladezeiten. Lithium-Ionen-Batterien laden schneller und k\u00f6nnen mehr Energie pro Masse speichern, was sie heute zur bevorzugten Wahl der meisten Heimspeichersysteme macht, so die Solar Energy Industries Association.<\/p>\n<p>&nbsp;<\/p>\n<p>Angesichts ihrer Zykluslebensdauer, Leistung und Kosten bieten Lithium-Ionen-Batterien das h\u00f6chste Kosten-Nutzen-Verh\u00e4ltnis, ein Verh\u00e4ltnis, das in den kommenden Jahren nur wachsen wird, da die Technologie weiter reift und die Preise sinken. Die verbleibenden 10% der Energiespeicheroptionen im Versorgungsma\u00dfstab \u2014 wie Pumpspeicher, Flussbatterien, Natrium-Schwefel-Batterien, geschmolzene Salze, Schwungr\u00e4der und Druckluft \u2014 liegen au\u00dferhalb des Umfangs f\u00fcr Privathaushalte.<\/p>\n<p>&nbsp;<\/p>\n<p>Mehrere andere Batterieregenschaften bestimmen ebenfalls die Wirtschaftlichkeit und N\u00fctzlichkeit von Solar+Speicher-Systemen.<\/p>\n<p>&nbsp;<\/p>\n<p><strong>Batterieparameter<\/strong><\/p>\n<p><strong><img decoding=\"async\" src=\"https:\/\/shopic.mcmcclass.com\/20221103140952390945648.jpg\" alt=\"30kw Solarenergiespeicherbatterie\" \/><\/strong><\/p>\n<p>&nbsp;<\/p>\n<p><strong>Leistung und Kapazit\u00e4t<\/strong><\/p>\n<p>Zwei \u00e4hnlich aussehende Messgr\u00f6\u00dfen \u2014 kW und kWh \u2014 sind Messungen der Leistung bzw. der Kapazit\u00e4t einer Batterie. Ein Kilowatt ist die Menge an Leistung, die eine Batterie zu einem bestimmten Zeitpunkt liefern kann, w\u00e4hrend ein Kilowattstunde die Gesamtmenge an Energie ist, die die Batterie speichern kann.<\/p>\n<p>&nbsp;<\/p>\n<p><strong>Rund-Trip-Effizienz<\/strong><\/p>\n<p>Die Rund-Trip-Effizienz ist die Messung, wie viel Energie beim Transfer und der Speicherung von Elektronen in und aus der Batterie verloren geht. Der Verlust liegt normalerweise bei etwa 5%.<\/p>\n<p>&nbsp;<\/p>\n<p><strong>Batterielebensdauer<\/strong><\/p>\n<p>&nbsp;<\/p>\n<p>Die Batterielebensdauer wird durch die Anzahl der Lade- und Entladezyklen gemessen, die sie durchlaufen kann. Mit der Zeit verschlechtern sich Batterien und verlieren ihre F\u00e4higkeit, die gleiche Ladung zu halten.<\/p>\n<p>&nbsp;<\/p>\n<p><strong>Wechselrichterparameter<\/strong><\/p>\n<table border=\"0\" cellspacing=\"0\" cellpadding=\"0\">\n<colgroup>\n<col \/>\n<col \/><\/colgroup>\n<tbody>\n<tr>\n<td>Modell<\/td>\n<td>R12KL1<\/td>\n<\/tr>\n<tr>\n<td colspan=\"2\">Eingang (PV)<\/td>\n<\/tr>\n<tr>\n<td>Max. Leistung (kW)<\/td>\n<td>15.6<\/td>\n<\/tr>\n<tr>\n<td>Max. DC-Spannung (V)<\/td>\n<td>500<\/td>\n<\/tr>\n<tr>\n<td>MPPT-Spannungsbereich (V)<\/td>\n<td>120~500<\/td>\n<\/tr>\n<tr>\n<td>Max. Eingangsstrom des einzelnen MPPT (A)<\/td>\n<td>12<\/td>\n<\/tr>\n<tr>\n<td>MAX. Kurzschlussstrom (A)<\/td>\n<td>15<\/td>\n<\/tr>\n<tr>\n<td colspan=\"2\">AC-Ausgang<\/td>\n<\/tr>\n<tr>\n<td>Nennleistung (kVA)<\/td>\n<td>12<\/td>\n<\/tr>\n<tr>\n<td>Max. Ausgangsleistung (kVA)<\/td>\n<td>13.2<\/td>\n<\/tr>\n<tr>\n<td>Max. Ausgangsstrom (A)<\/td>\n<td>57.4<\/td>\n<\/tr>\n<tr>\n<td>AC-Ausgangsspannung (V)<\/td>\n<td>220,230,240<\/td>\n<\/tr>\n<tr>\n<td>Frequenz (Hz)<\/td>\n<td>50\/60 (45 ~ 55, 55 ~ 65)<\/td>\n<\/tr>\n<tr>\n<td>PF<\/td>\n<td>0,8 nachlaufend - 0,8 vorlaufend<\/td>\n<\/tr>\n<tr>\n<td>THDi<\/td>\n<td>&lt; 2%<\/td>\n<\/tr>\n<tr>\n<td colspan=\"2\">Batterie<\/td>\n<\/tr>\n<tr>\n<td>Nominelle Spannung (V)<\/td>\n<td>48<\/td>\n<\/tr>\n<tr>\n<td>Batteriespannungsbereich (V)<\/td>\n<td>40~60<\/td>\n<\/tr>\n<tr>\n<td>Max. Lade-\/Entladestrom (A)<\/td>\n<td>250\/250<\/td>\n<\/tr>\n<tr>\n<td>Batterietyp<\/td>\n<td>Lithium \/ Blei-S\u00e4ure<\/td>\n<\/tr>\n<tr>\n<td>Ladestrategie f\u00fcr Lithium-Ionen-Batterie<\/td>\n<td>Selbstanpassung an BMS<\/td>\n<\/tr>\n<tr>\n<td colspan=\"2\">EPS-Ausgang<\/td>\n<\/tr>\n<tr>\n<td>Nennleistung (kVA)<\/td>\n<td>12<\/td>\n<\/tr>\n<tr>\n<td>Nenn-Ausgangsspannung (V)<\/td>\n<td>220, 230 ,240<\/td>\n<\/tr>\n<tr>\n<td>Nennfrequenz (Hz)<\/td>\n<td>50\/60<\/td>\n<\/tr>\n<tr>\n<td>THDu<\/td>\n<td>&lt; 2%<\/td>\n<\/tr>\n<tr>\n<td colspan=\"2\">Schutz<\/td>\n<\/tr>\n<tr>\n<td>Erdungsdetektion<\/td>\n<td>JA<\/td>\n<\/tr>\n<tr>\n<td>Kurzschlussschutz bei Lichtbogen<\/td>\n<td>optional<\/td>\n<\/tr>\n<tr>\n<td>Netztrennungsschutz<\/td>\n<td>JA<\/td>\n<\/tr>\n<tr>\n<td>Batterie umgekehrte Polarit\u00e4t<\/td>\n<td>JA<\/td>\n<\/tr>\n<tr>\n<td>Isolationswiderstandserkennung<\/td>\n<td>JA<\/td>\n<\/tr>\n<tr>\n<td>Reststrom\u00fcberwachungseinheit<\/td>\n<td>JA<\/td>\n<\/tr>\n<tr>\n<td>Ausgangs\u00fcberstromschutz<\/td>\n<td>JA<\/td>\n<\/tr>\n<tr>\n<td>Backup-Ausgang Kurzschlussschutz<\/td>\n<td>JA<\/td>\n<\/tr>\n<tr>\n<td>Anschluss-Temperatur\u00fcberwachung<\/td>\n<td>JA<\/td>\n<\/tr>\n<tr>\n<td>Ausgangs\u00fcber-\/unterspannungsschutz<\/td>\n<td>JA<\/td>\n<\/tr>\n<tr>\n<td colspan=\"2\">Allgemeine Daten<\/td>\n<\/tr>\n<tr>\n<td>Europa-Effizienz (PV)<\/td>\n<td>\u226597,8%<\/td>\n<\/tr>\n<tr>\n<td>MAX. Batteriekapazit\u00e4t zur Lasteffizienz<\/td>\n<td>\u226597,2%<\/td>\n<\/tr>\n<tr>\n<td>Schutzart<\/td>\n<td>IP65<\/td>\n<\/tr>\n<tr>\n<td>Ger\u00e4uschentwicklung(dB)<\/td>\n<td>&lt;38<\/td>\n<\/tr>\n<tr>\n<td>Betriebstemperatur<\/td>\n<td>-25\u2103 ~ 60\u2103<\/td>\n<\/tr>\n<tr>\n<td>K\u00fchlung<\/td>\n<td>L\u00dcFTERK\u00fchlung<\/td>\n<\/tr>\n<tr>\n<td>Relative Luftfeuchtigkeit<\/td>\n<td>0 ~95% (nicht kondensierend)<\/td>\n<\/tr>\n<tr>\n<td>H\u00f6henlage<\/td>\n<td>H\u00f6henlage 2.000 m (&gt;2.000 Abschattung)<\/td>\n<\/tr>\n<tr>\n<td>Abmessungen B *T *H (mm)<\/td>\n<td>430*220*710<\/td>\n<\/tr>\n<tr>\n<td>Gewicht(kg)<\/td>\n<td>41<\/td>\n<\/tr>\n<tr>\n<td>Anzeige<\/td>\n<td>LCD, Touchpanel (optional)<\/td>\n<\/tr>\n<tr>\n<td>Kommunikation mit BMS\/Z\u00e4hler\/EMS<\/td>\n<td>RS485, CAN<\/td>\n<\/tr>\n<tr>\n<td>Kommunikationsschnittstelle<\/td>\n<td>RS485, WLAN, 4G (optional)<\/td>\n<\/tr>\n<tr>\n<td>Eigenverbrauch nachts<\/td>\n<td>&lt; 2,5 W (mit Batterieaktivierung &lt; 5 W)<\/td>\n<\/tr>\n<tr>\n<td>Zertifikate<\/td>\n<td>S\u00fcdafrika NRS, IEC 62109-1\/-2, IEC 61000-6-1, IEC 61000-6-3<\/td>\n<\/tr>\n<\/tbody>\n<\/table>\n<p>&nbsp;<\/p>\n<p>&nbsp;<\/p>\n<\/div>\n<\/div>\n<\/div>\n<\/div>\n<\/div>\n<\/div>","protected":false},"excerpt":{"rendered":"<p>Solarspeicher (auch bekannt als Solar+Speicher) ist eine florierende Branche. Wenn Sie Solarmodule mit Batteriespeichern kombinieren, k\u00f6nnen Sie \u00fcbersch\u00fcssigen Strom, der von Ihren Solarmodulen erzeugt wird, speichern und haben so mehr M\u00f6glichkeiten, wie Sie Ihre Solarenergie nutzen k\u00f6nnen \u2014 und wie Sie daraus profitieren. Solarbatteriespeicher erm\u00f6glicht es Ihnen, weniger auf das Stromnetz angewiesen zu sein, was potenziell Ihre Kosten senken und sogar Ihr Einkommen erg\u00e4nzen kann.<\/p>","protected":false},"featured_media":1631,"template":"","meta":{"site-sidebar-layout":"default","site-content-layout":"","ast-site-content-layout":"default","site-content-style":"default","site-sidebar-style":"default","ast-global-header-display":"","ast-banner-title-visibility":"","ast-main-header-display":"","ast-hfb-above-header-display":"","ast-hfb-below-header-display":"","ast-hfb-mobile-header-display":"","site-post-title":"","ast-breadcrumbs-content":"","ast-featured-img":"","footer-sml-layout":"","ast-disable-related-posts":"","theme-transparent-header-meta":"default","adv-header-id-meta":"","stick-header-meta":"default","header-above-stick-meta":"","header-main-stick-meta":"","header-below-stick-meta":"","astra-migrate-meta-layouts":"set","ast-page-background-enabled":"default","ast-page-background-meta":{"desktop":{"background-color":"var(--ast-global-color-4)","background-image":"","background-repeat":"repeat","background-position":"center center","background-size":"auto","background-attachment":"scroll","background-type":"","background-media":"","overlay-type":"","overlay-color":"","overlay-opacity":"","overlay-gradient":""},"tablet":{"background-color":"","background-image":"","background-repeat":"repeat","background-position":"center center","background-size":"auto","background-attachment":"scroll","background-type":"","background-media":"","overlay-type":"","overlay-color":"","overlay-opacity":"","overlay-gradient":""},"mobile":{"background-color":"","background-image":"","background-repeat":"repeat","background-position":"center center","background-size":"auto","background-attachment":"scroll","background-type":"","background-media":"","overlay-type":"","overlay-color":"","overlay-opacity":"","overlay-gradient":""}},"ast-content-background-meta":{"desktop":{"background-color":"var(--ast-global-color-5)","background-image":"","background-repeat":"repeat","background-position":"center center","background-size":"auto","background-attachment":"scroll","background-type":"","background-media":"","overlay-type":"","overlay-color":"","overlay-opacity":"","overlay-gradient":""},"tablet":{"background-color":"var(--ast-global-color-5)","background-image":"","background-repeat":"repeat","background-position":"center center","background-size":"auto","background-attachment":"scroll","background-type":"","background-media":"","overlay-type":"","overlay-color":"","overlay-opacity":"","overlay-gradient":""},"mobile":{"background-color":"var(--ast-global-color-5)","background-image":"","background-repeat":"repeat","background-position":"center center","background-size":"auto","background-attachment":"scroll","background-type":"","background-media":"","overlay-type":"","overlay-color":"","overlay-opacity":"","overlay-gradient":""}}},"product_brand":[],"product_cat":[47,56,45],"product_tag":[],"class_list":{"0":"post-1628","1":"product","2":"type-product","3":"status-publish","4":"has-post-thumbnail","6":"product_cat-residetial-ess","7":"product_cat-energy-storage-battery-system","8":"product_cat-rack-mounted-ess","9":"desktop-align-left","10":"tablet-align-left","11":"mobile-align-left","12":"ast-product-gallery-layout-horizontal-slider","13":"ast-product-tabs-layout-horizontal","15":"first","16":"instock","17":"shipping-taxable","18":"purchasable","19":"product-type-simple"},"_links":{"self":[{"href":"https:\/\/haisicstorage.com\/de\/wp-json\/wp\/v2\/product\/1628","targetHints":{"allow":["GET"]}}],"collection":[{"href":"https:\/\/haisicstorage.com\/de\/wp-json\/wp\/v2\/product"}],"about":[{"href":"https:\/\/haisicstorage.com\/de\/wp-json\/wp\/v2\/types\/product"}],"version-history":[{"count":4,"href":"https:\/\/haisicstorage.com\/de\/wp-json\/wp\/v2\/product\/1628\/revisions"}],"predecessor-version":[{"id":3520,"href":"https:\/\/haisicstorage.com\/de\/wp-json\/wp\/v2\/product\/1628\/revisions\/3520"}],"wp:featuredmedia":[{"embeddable":true,"href":"https:\/\/haisicstorage.com\/de\/wp-json\/wp\/v2\/media\/1631"}],"wp:attachment":[{"href":"https:\/\/haisicstorage.com\/de\/wp-json\/wp\/v2\/media?parent=1628"}],"wp:term":[{"taxonomy":"product_brand","embeddable":true,"href":"https:\/\/haisicstorage.com\/de\/wp-json\/wp\/v2\/product_brand?post=1628"},{"taxonomy":"product_cat","embeddable":true,"href":"https:\/\/haisicstorage.com\/de\/wp-json\/wp\/v2\/product_cat?post=1628"},{"taxonomy":"product_tag","embeddable":true,"href":"https:\/\/haisicstorage.com\/de\/wp-json\/wp\/v2\/product_tag?post=1628"}],"curies":[{"name":"wp","href":"https:\/\/api.w.org\/{rel}","templated":true}]}}