{"id":1625,"date":"2025-12-03T02:44:28","date_gmt":"2025-12-03T02:44:28","guid":{"rendered":"https:\/\/haisicstorage.com\/?post_type=product&#038;p=1625"},"modified":"2026-02-27T07:39:16","modified_gmt":"2026-02-27T07:39:16","slug":"low-volt-51-2v-9-5kwh-powerwall","status":"publish","type":"product","link":"https:\/\/haisicstorage.com\/de\/low-volt-51-2v-9-5kwh-powerwall\/","title":{"rendered":"Niederspannungs-51,2V 9,5KWH Powerwall"},"content":{"rendered":"<p><strong>Was ist\u00a0<a href=\"https:\/\/www.haisicbattery.com\/products\/solar-energy-storage-batterylrydz\" target=\"_blank\" rel=\"noopener\">Hausbatteriespeicher<\/a>?<\/strong><\/p>\n<p>&nbsp;<\/p>\n<p>Der\u00a0<a href=\"https:\/\/www.haisicbattery.com\/products\/solar-energy-storage-batterylrydz\" target=\"_blank\" rel=\"noopener\">Energiespeicherbatterie<\/a>\u00a0wird haupts\u00e4chlich zur Speicherung elektrischer Energie aus Solarenergie, Windkraft oder dem lokalen Stromnetz verwendet. Es dient haupts\u00e4chlich zur Speicherung elektrischer Energie und wird oft als\u00a0<a href=\"https:\/\/www.haisicbattery.com\/products\/solar-energy-storage-system\" target=\"_blank\" rel=\"noopener\">Notstromversorgung<\/a>\u00a0f\u00fcr Familien, Unternehmen und Bauernh\u00f6fe eingesetzt. In den letzten Jahren, mit der kontinuierlichen Entwicklung der Solartechnologie, k\u00f6nnen Energiespeicherbatterien auch die Energieunabh\u00e4ngigkeit von H\u00e4usern erreichen.<\/p>\n<p>&nbsp;<\/p>\n<p><strong>Brauche ich eine Genehmigung, um h\u00e4usliche Batteriespeicher zu kaufen?<\/strong><\/p>\n<p>Ja, in den meisten St\u00e4dten und Regionen ben\u00f6tigen Sie eine Lizenz, um Energiespeicherbatterien in Ihrem Zuhause zu installieren. F\u00fcr weitere Informationen wenden Sie sich bitte an die \u00f6rtlichen zust\u00e4ndigen Stellen.<\/p>\n<p>&nbsp;<\/p>\n<p><strong>Wie funktioniert das\u00a0<a href=\"https:\/\/www.haisicbattery.com\/products\/solar-energy-storage-batterylrydz\/51-2v--10752wh-stacked-lfp-solar-energy-storage-battery-household-energy-storage-sytempazbw\" target=\"_blank\" rel=\"noopener\">h\u00e4usliche Energiespeichersystem<\/a>\u00a0?<\/strong><\/p>\n<p>H\u00e4usliche Energiespeichersysteme beziehen Strom durch Solarpaneele oder sind an das Netz angeschlossen. Wenn gleichzeitig die Hauslast und das Energiespeichersystem verbunden sind, wird die Solarenergie oder das Stromnetz vorrangig die Hauslast versorgen, und das Energiespeichersystem wird nur bei \u00dcberschussstrom geladen.<\/p>\n<p>Wenn im Haushalt ein Stromausfall auftritt, erkennt das Energiespeichersystem sofort, wann die Stromversorgung unterbrochen ist, und schaltet automatisch um, um die Hausversorgung mit der Batteriespeicherenergie zu gew\u00e4hrleisten, ohne manuelle Bedienung.<\/p>\n<p><strong>Powerwall-Parameter<\/strong><\/p>\n<table border=\"0\" cellspacing=\"0\" cellpadding=\"0\">\n<colgroup>\n<col \/>\n<col \/><\/colgroup>\n<tbody>\n<tr>\n<td>Modell<\/td>\n<td>HS-BG9500W<\/td>\n<\/tr>\n<tr>\n<td>Nennspannung\uff08V\uff09<\/td>\n<td>51.2<\/td>\n<\/tr>\n<tr>\n<td>Nennkapazit\u00e4t\uff08Ah\uff09<\/td>\n<td>186<\/td>\n<\/tr>\n<tr>\n<td>Nennenergie\uff08Wh\uff09<\/td>\n<td>9523<\/td>\n<\/tr>\n<tr>\n<td>Spannungsbereich\uff08V\uff09<\/td>\n<td>44.8-56<\/td>\n<\/tr>\n<tr>\n<td>Ladespannungsbereich\uff08V\uff09<\/td>\n<td>55.2-56<\/td>\n<\/tr>\n<tr>\n<td>Abschaltspannung\uff08V\uff09<\/td>\n<td>44.8<\/td>\n<\/tr>\n<tr>\n<td>Empfohlener Ladestrom\uff08A\uff09<\/td>\n<td>100<\/td>\n<\/tr>\n<tr>\n<td>Maximaler Ladestrom\uff08A\uff09<\/td>\n<td>166<\/td>\n<\/tr>\n<tr>\n<td>Maximaler Entladestrom\uff08A\uff09<\/td>\n<td>166<\/td>\n<\/tr>\n<tr>\n<td>Abmessungen\uff1aL*B*H\uff08mm\uff09<\/td>\n<td>457*163*760<\/td>\n<\/tr>\n<tr>\n<td>Gewicht\uff08kg\uff09<\/td>\n<td>70<\/td>\n<\/tr>\n<tr>\n<td>Kommunikationsport<\/td>\n<td>RS485, CAN<\/td>\n<\/tr>\n<tr>\n<td>Anzeige<\/td>\n<td>LED+LCD<\/td>\n<\/tr>\n<tr>\n<td>Anschlussklemme<\/td>\n<td>Steckbar<\/td>\n<\/tr>\n<tr>\n<td>Kompatibler Wechselrichter<\/td>\n<td>Growatt, Goodwe, Sol-Ark, SRNE, DEYE<\/td>\n<\/tr>\n<tr>\n<td>Feuchtigkeit\uff08%\uff09<\/td>\n<td>5-95% RH<\/td>\n<\/tr>\n<tr>\n<td>Ladetemperaturbereich\uff08\u2103\uff09<\/td>\n<td>0-45<\/td>\n<\/tr>\n<tr>\n<td>Entladetemperaturbereich\uff08\u2103\uff09<\/td>\n<td>-20-60<\/td>\n<\/tr>\n<tr>\n<td>Lagerungstemperaturbereich\uff08\u2103\uff09<\/td>\n<td>-20-45<\/td>\n<\/tr>\n<tr>\n<td>Lebensdauer<\/td>\n<td>\uff1e6000 \uff080,5C@ 25\u2103\uff0c80% DOD\uff09<\/td>\n<\/tr>\n<tr>\n<td>Lebensdauer (Jahre)<\/td>\n<td>15<\/td>\n<\/tr>\n<tr>\n<td>Sicherheit &amp; Zertifizierung<\/td>\n<td>CE, EMC, TUV (IEC62619), UL1973<\/td>\n<\/tr>\n<tr>\n<td>Transport<\/td>\n<td>UN38.3<\/td>\n<\/tr>\n<\/tbody>\n<\/table>\n<p>&nbsp;<\/p>\n<p>&nbsp;<\/p>\n<p><strong>Wie lange h\u00e4lt eine Heimspeicherbatterie?<\/strong><\/p>\n<p>&nbsp;<\/p>\n<p>Die Einf\u00fchrung von Energiespeicherbatterien hat viele Hausbesitzer angezogen. Sie k\u00f6nnten alle bei der Auswahl der ersten Energiespeicherbatterie mit diesem Problem konfrontiert sein. Die Batterielebensdauer von Energiespeicherbatterien h\u00e4ngt jedoch von vielen Faktoren ab: Batteriekapazit\u00e4t, Batterietyp, Nutzungsmodus, Anzahl der angeschlossenen Ger\u00e4te und die Leistung der Ger\u00e4te usw.<\/p>\n<p>&nbsp;<\/p>\n<p><strong>Berechnet als eine 5 kWh-Speicherbatterie:<\/strong><\/p>\n<p>Der 400W-K\u00fchlschrank kann 12,5 Stunden laufen<\/p>\n<p>Eine 10W-Gl\u00fchbirne kann 500 Stunden halten<\/p>\n<p>Fernsehen kann etwa 5 Stunden ununterbrochen laufen<\/p>\n<p>Klimaanlage im Innenraum k\u00fchlt 6,25 Stunden<\/p>\n<p>&nbsp;<\/p>\n<p>Mit einer Solarenergiespeicherbatterie im Haushalt kann sichergestellt werden, dass einige wichtige Ger\u00e4te bei Stromausfall weiterlaufen. Zum Beispiel kann die Lebensmittel im K\u00fchlschrank frisch gehalten werden, und das Mobiltelefon kann st\u00e4ndig voll aufgeladen bleiben.<\/p>\n<p>&nbsp;<\/p>\n<p><strong>Wechselrichterparameter<\/strong><\/p>\n<table border=\"0\" cellspacing=\"0\" cellpadding=\"0\">\n<colgroup>\n<col \/>\n<col \/><\/colgroup>\n<tbody>\n<tr>\n<td>Modell<\/td>\n<td>R8KL1<\/td>\n<\/tr>\n<tr>\n<td colspan=\"2\">Eingang (PV)<\/td>\n<\/tr>\n<tr>\n<td>Max. Leistung (kW)<\/td>\n<td>12<\/td>\n<\/tr>\n<tr>\n<td>Max. DC-Spannung (V)<\/td>\n<td>500<\/td>\n<\/tr>\n<tr>\n<td>MPPT-Spannungsbereich (V)<\/td>\n<td>120~500<\/td>\n<\/tr>\n<tr>\n<td>Max. Eingangsstrom des einzelnen MPPT (A)<\/td>\n<td>12<\/td>\n<\/tr>\n<tr>\n<td>MAX. Kurzschlussstrom (A)<\/td>\n<td>15<\/td>\n<\/tr>\n<tr>\n<td colspan=\"2\">AC-Ausgang<\/td>\n<\/tr>\n<tr>\n<td>Nennleistung (kVA)<\/td>\n<td>8<\/td>\n<\/tr>\n<tr>\n<td>Max. Ausgangsleistung (kVA)<\/td>\n<td>8.8<\/td>\n<\/tr>\n<tr>\n<td>Max. Ausgangsstrom (A)<\/td>\n<td>38.3<\/td>\n<\/tr>\n<tr>\n<td>AC-Ausgangsspannung (V)<\/td>\n<td>220,230,240<\/td>\n<\/tr>\n<tr>\n<td>Frequenz (Hz)<\/td>\n<td>50\/60 (45 ~ 55, 55 ~ 65)<\/td>\n<\/tr>\n<tr>\n<td>PF<\/td>\n<td>0,8 nachlaufend - 0,8 vorlaufend<\/td>\n<\/tr>\n<tr>\n<td>THDi<\/td>\n<td>&lt; 2%<\/td>\n<\/tr>\n<tr>\n<td colspan=\"2\">Batterie<\/td>\n<\/tr>\n<tr>\n<td>Nominelle Spannung (V)<\/td>\n<td>48<\/td>\n<\/tr>\n<tr>\n<td>Batteriespannungsbereich (V)<\/td>\n<td>40~60<\/td>\n<\/tr>\n<tr>\n<td>Max. Lade-\/Entladestrom (A)<\/td>\n<td>190\/190<\/td>\n<\/tr>\n<tr>\n<td>Batterietyp<\/td>\n<td>Lithium \/ Blei-S\u00e4ure<\/td>\n<\/tr>\n<tr>\n<td>Ladestrategie f\u00fcr Lithium-Ionen-Batterie<\/td>\n<td>Selbstanpassung an BMS<\/td>\n<\/tr>\n<tr>\n<td colspan=\"2\">EPS-Ausgang<\/td>\n<\/tr>\n<tr>\n<td>Nennleistung (kVA)<\/td>\n<td>8<\/td>\n<\/tr>\n<tr>\n<td>Nenn-Ausgangsspannung (V)<\/td>\n<td>220, 230 ,240<\/td>\n<\/tr>\n<tr>\n<td>Nennfrequenz (Hz)<\/td>\n<td>50\/60<\/td>\n<\/tr>\n<tr>\n<td>THDu<\/td>\n<td>&lt; 2%<\/td>\n<\/tr>\n<tr>\n<td colspan=\"2\">Schutz<\/td>\n<\/tr>\n<tr>\n<td>Erdungsdetektion<\/td>\n<td>JA<\/td>\n<\/tr>\n<tr>\n<td>Kurzschlussschutz bei Lichtbogen<\/td>\n<td>optional<\/td>\n<\/tr>\n<tr>\n<td>Netztrennungsschutz<\/td>\n<td>JA<\/td>\n<\/tr>\n<tr>\n<td>Batterie umgekehrte Polarit\u00e4t<\/td>\n<td>JA<\/td>\n<\/tr>\n<tr>\n<td>Isolationswiderstandserkennung<\/td>\n<td>JA<\/td>\n<\/tr>\n<tr>\n<td>Reststrom\u00fcberwachungseinheit<\/td>\n<td>JA<\/td>\n<\/tr>\n<tr>\n<td>Ausgangs\u00fcberstromschutz<\/td>\n<td>JA<\/td>\n<\/tr>\n<tr>\n<td>Backup-Ausgang Kurzschlussschutz<\/td>\n<td>JA<\/td>\n<\/tr>\n<tr>\n<td>Anschluss-Temperatur\u00fcberwachung<\/td>\n<td>JA<\/td>\n<\/tr>\n<tr>\n<td>Ausgangs\u00fcber-\/unterspannungsschutz<\/td>\n<td>JA<\/td>\n<\/tr>\n<tr>\n<td colspan=\"2\">Allgemeine Daten<\/td>\n<\/tr>\n<tr>\n<td>Europa-Effizienz (PV)<\/td>\n<td>\u226597,8%<\/td>\n<\/tr>\n<tr>\n<td>MAX. Batteriekapazit\u00e4t zur Lasteffizienz<\/td>\n<td>\u226597,2%<\/td>\n<\/tr>\n<tr>\n<td>Schutzart<\/td>\n<td>IP65<\/td>\n<\/tr>\n<tr>\n<td>Ger\u00e4uschentwicklung(dB)<\/td>\n<td>&lt;38<\/td>\n<\/tr>\n<tr>\n<td>Betriebstemperatur<\/td>\n<td>-25\u2103 ~ 60\u2103<\/td>\n<\/tr>\n<tr>\n<td>K\u00fchlung<\/td>\n<td>L\u00dcFTERK\u00fchlung<\/td>\n<\/tr>\n<tr>\n<td>Relative Luftfeuchtigkeit<\/td>\n<td>0 ~95% (nicht kondensierend)<\/td>\n<\/tr>\n<tr>\n<td>H\u00f6henlage<\/td>\n<td>H\u00f6henlage 2.000 m (&gt;2.000 Abschattung)<\/td>\n<\/tr>\n<tr>\n<td>Abmessungen B *T *H (mm)<\/td>\n<td>430*220*710<\/td>\n<\/tr>\n<tr>\n<td>Gewicht(kg)<\/td>\n<td>41<\/td>\n<\/tr>\n<tr>\n<td>Anzeige<\/td>\n<td>LCD, Touchpanel (optional)<\/td>\n<\/tr>\n<tr>\n<td>Kommunikation mit BMS\/Z\u00e4hler\/EMS<\/td>\n<td>RS485, CAN<\/td>\n<\/tr>\n<tr>\n<td>Kommunikationsschnittstelle<\/td>\n<td>RS485, WLAN, 4G (optional)<\/td>\n<\/tr>\n<tr>\n<td>Eigenverbrauch nachts<\/td>\n<td>&lt; 2,5 W (mit Batterieaktivierung &lt; 5 W)<\/td>\n<\/tr>\n<tr>\n<td>Zertifikate<\/td>\n<td>S\u00fcdafrika NRS, IEC 62109-1\/-2, IEC 61000-6-1, IEC 61000-6-3<\/td>\n<\/tr>\n<\/tbody>\n<\/table>\n<p>&nbsp;<\/p>\n<p>Im Allgemeinen ist die Energiel\u00f6sung \u201eSolar + Energiespeicherbatterie\u201c zur prim\u00e4ren Wahl der meisten Hausbesitzer geworden. Solarspeicherbatterien reduzieren auch Ihre t\u00e4gliche Abh\u00e4ngigkeit vom Netz. Vor dem Kauf sollten wir die relevanten Kenntnisse \u00fcber Energiespeicherbatterien verstehen, um sie besser ausw\u00e4hlen und kaufen zu k\u00f6nnen.<\/p>","protected":false},"excerpt":{"rendered":"<p>Low-Volt 51,2V 9,5KWH Powerwall kann Ihr Zuhause vor Stromausf\u00e4llen sch\u00fctzen und Sie mit Energiespeicherung vom Netz unabh\u00e4ngig machen. Wandmontage. Tiefenzyklus &gt; 6000 Mal. Hochsicherheits-Lithium-Eisenphosphat-Batterie. Die ideale L\u00f6sung f\u00fcr Ihre h\u00e4usliche Energiespeicherung.<\/p>","protected":false},"featured_media":1626,"template":"","meta":{"site-sidebar-layout":"default","site-content-layout":"","ast-site-content-layout":"default","site-content-style":"default","site-sidebar-style":"default","ast-global-header-display":"","ast-banner-title-visibility":"","ast-main-header-display":"","ast-hfb-above-header-display":"","ast-hfb-below-header-display":"","ast-hfb-mobile-header-display":"","site-post-title":"","ast-breadcrumbs-content":"","ast-featured-img":"","footer-sml-layout":"","ast-disable-related-posts":"","theme-transparent-header-meta":"default","adv-header-id-meta":"","stick-header-meta":"default","header-above-stick-meta":"","header-main-stick-meta":"","header-below-stick-meta":"","astra-migrate-meta-layouts":"set","ast-page-background-enabled":"default","ast-page-background-meta":{"desktop":{"background-color":"var(--ast-global-color-4)","background-image":"","background-repeat":"repeat","background-position":"center center","background-size":"auto","background-attachment":"scroll","background-type":"","background-media":"","overlay-type":"","overlay-color":"","overlay-opacity":"","overlay-gradient":""},"tablet":{"background-color":"","background-image":"","background-repeat":"repeat","background-position":"center center","background-size":"auto","background-attachment":"scroll","background-type":"","background-media":"","overlay-type":"","overlay-color":"","overlay-opacity":"","overlay-gradient":""},"mobile":{"background-color":"","background-image":"","background-repeat":"repeat","background-position":"center center","background-size":"auto","background-attachment":"scroll","background-type":"","background-media":"","overlay-type":"","overlay-color":"","overlay-opacity":"","overlay-gradient":""}},"ast-content-background-meta":{"desktop":{"background-color":"var(--ast-global-color-5)","background-image":"","background-repeat":"repeat","background-position":"center center","background-size":"auto","background-attachment":"scroll","background-type":"","background-media":"","overlay-type":"","overlay-color":"","overlay-opacity":"","overlay-gradient":""},"tablet":{"background-color":"var(--ast-global-color-5)","background-image":"","background-repeat":"repeat","background-position":"center center","background-size":"auto","background-attachment":"scroll","background-type":"","background-media":"","overlay-type":"","overlay-color":"","overlay-opacity":"","overlay-gradient":""},"mobile":{"background-color":"var(--ast-global-color-5)","background-image":"","background-repeat":"repeat","background-position":"center center","background-size":"auto","background-attachment":"scroll","background-type":"","background-media":"","overlay-type":"","overlay-color":"","overlay-opacity":"","overlay-gradient":""}}},"product_brand":[],"product_cat":[47,56,50],"product_tag":[],"class_list":{"0":"post-1625","1":"product","2":"type-product","3":"status-publish","4":"has-post-thumbnail","6":"product_cat-residetial-ess","7":"product_cat-energy-storage-battery-system","8":"product_cat-floor-standing-ess","9":"desktop-align-left","10":"tablet-align-left","11":"mobile-align-left","12":"ast-product-gallery-layout-horizontal-slider","13":"ast-product-tabs-layout-horizontal","15":"first","16":"instock","17":"shipping-taxable","18":"purchasable","19":"product-type-simple"},"_links":{"self":[{"href":"https:\/\/haisicstorage.com\/de\/wp-json\/wp\/v2\/product\/1625","targetHints":{"allow":["GET"]}}],"collection":[{"href":"https:\/\/haisicstorage.com\/de\/wp-json\/wp\/v2\/product"}],"about":[{"href":"https:\/\/haisicstorage.com\/de\/wp-json\/wp\/v2\/types\/product"}],"version-history":[{"count":4,"href":"https:\/\/haisicstorage.com\/de\/wp-json\/wp\/v2\/product\/1625\/revisions"}],"predecessor-version":[{"id":3519,"href":"https:\/\/haisicstorage.com\/de\/wp-json\/wp\/v2\/product\/1625\/revisions\/3519"}],"wp:featuredmedia":[{"embeddable":true,"href":"https:\/\/haisicstorage.com\/de\/wp-json\/wp\/v2\/media\/1626"}],"wp:attachment":[{"href":"https:\/\/haisicstorage.com\/de\/wp-json\/wp\/v2\/media?parent=1625"}],"wp:term":[{"taxonomy":"product_brand","embeddable":true,"href":"https:\/\/haisicstorage.com\/de\/wp-json\/wp\/v2\/product_brand?post=1625"},{"taxonomy":"product_cat","embeddable":true,"href":"https:\/\/haisicstorage.com\/de\/wp-json\/wp\/v2\/product_cat?post=1625"},{"taxonomy":"product_tag","embeddable":true,"href":"https:\/\/haisicstorage.com\/de\/wp-json\/wp\/v2\/product_tag?post=1625"}],"curies":[{"name":"wp","href":"https:\/\/api.w.org\/{rel}","templated":true}]}}