{"id":1620,"date":"2025-12-03T02:36:59","date_gmt":"2025-12-03T02:36:59","guid":{"rendered":"https:\/\/haisicstorage.com\/?post_type=product&#038;p=1620"},"modified":"2026-02-27T07:38:58","modified_gmt":"2026-02-27T07:38:58","slug":"10kw-off-grid-solar-power-system","status":"publish","type":"product","link":"https:\/\/haisicstorage.com\/de\/10kw-off-grid-solar-power-system\/","title":{"rendered":"10kw Off-Grid-Solarsystem"},"content":{"rendered":"<p>Komplettset Solarmodul-Leistungssystem 10 kW Off-Grid-Solarsystem mit Off-Grid-Wechselrichter<\/p>\n<p>&nbsp;<\/p>\n<p>Einfach zu installierendes Komplettset Solarmodul-Leistungssystem<br \/>\nSuchen Sie ein einfach zu installierendes Solarmodul-Leistungssystem, das Energie f\u00fcr Ihr Zuhause oder Ihr Unternehmen bereitstellen kann?<br \/>\nDann ist unser 10 kW Off-Grid-Solarsystem die perfekte Wahl.<br \/>\nUnser Komplettset Solarmodul-Leistungssystem enth\u00e4lt alles, was Sie f\u00fcr die Erdinstallation ben\u00f6tigen,<br \/>\neinschlie\u00dflich eines geneigten Montagesystems f\u00fcr Solaranlagen und eines BIPV-Montagesystems f\u00fcr maximale Benutzerfreundlichkeit.<br \/>\nMit dem Plug-and-Play-Design sind Sie im Handumdrehen einsatzbereit und k\u00f6nnen beginnen, Ihre eigene saubere, erneuerbare Energie zu produzieren.<\/p>\n<table border=\"1\">\n<tbody>\n<tr>\n<td colspan=\"2\">Batterie Grundparameter<\/td>\n<\/tr>\n<tr>\n<td>Nennspannung (V)<\/td>\n<td>51.2<\/td>\n<\/tr>\n<tr>\n<td>Nennkapazit\u00e4t (Ah)<\/td>\n<td>200<\/td>\n<\/tr>\n<tr>\n<td>Nennenergie (Wh)<\/td>\n<td>10240<\/td>\n<\/tr>\n<tr>\n<td colspan=\"2\">Betriebsparameter<\/td>\n<\/tr>\n<tr>\n<td>Spannungsbereich (V)<\/td>\n<td>44.8-56<\/td>\n<\/tr>\n<tr>\n<td>Ladespannungsbereich (V)<\/td>\n<td>55.2-56<\/td>\n<\/tr>\n<tr>\n<td>Abschaltspannung (V)<\/td>\n<td>44.8<\/td>\n<\/tr>\n<tr>\n<td>Empfohlener Ladestrom (A)<\/td>\n<td>100<\/td>\n<\/tr>\n<tr>\n<td>Maximaler Ladestrom (A)<\/td>\n<td>200<\/td>\n<\/tr>\n<tr>\n<td>Maximaler Entladestrom (A)<\/td>\n<td>200<\/td>\n<\/tr>\n<tr>\n<td colspan=\"2\">Physikalische Parameter<\/td>\n<\/tr>\n<tr>\n<td>Abmessungen: LW*H (mm)<\/td>\n<td>457*163*760<\/td>\n<\/tr>\n<tr>\n<td>Gewicht (kg)<\/td>\n<td>70<\/td>\n<\/tr>\n<tr>\n<td>Kommunikationsport<\/td>\n<td>RS485, CAN<\/td>\n<\/tr>\n<tr>\n<td>Anzeige<\/td>\n<td>LED+LCD<\/td>\n<\/tr>\n<tr>\n<td>Anschlussklemme<\/td>\n<td>Steckbar<\/td>\n<\/tr>\n<tr>\n<td>Kompatibler Wechselrichter<\/td>\n<td>Growatt, Goodwe, Sol-Ark, SRNE, DEYE<\/td>\n<\/tr>\n<tr>\n<td colspan=\"2\">Umgebungsparameter<\/td>\n<\/tr>\n<tr>\n<td>Feuchtigkeit (%)<\/td>\n<td>5-95% RH<\/td>\n<\/tr>\n<tr>\n<td>Ladetemperaturbereich (\u2103)<\/td>\n<td>0-45<\/td>\n<\/tr>\n<tr>\n<td>Entladetemperaturbereich (\u2103)<\/td>\n<td>-20-60<\/td>\n<\/tr>\n<tr>\n<td>Lagertemperaturbereich (\u2103)<\/td>\n<td>-20-45<\/td>\n<\/tr>\n<tr>\n<td colspan=\"2\">Lebensdauer<\/td>\n<\/tr>\n<tr>\n<td>Lebensdauer<\/td>\n<td>&gt;6000 (0,5C@ 25C, 80% DOD)<\/td>\n<\/tr>\n<tr>\n<td>Lebensdauer (Jahre)<\/td>\n<td>15<\/td>\n<\/tr>\n<tr>\n<td colspan=\"2\">Zertifizierung<\/td>\n<\/tr>\n<tr>\n<td>Sicherheit &amp; Zertifizierung<\/td>\n<td>CE, EMC, TUV (IEC62619), UL1973<\/td>\n<\/tr>\n<tr>\n<td>Transport<\/td>\n<td>UN38.3<\/td>\n<\/tr>\n<\/tbody>\n<\/table>\n<p>Hochwertige Komponenten<br \/>\nUnser Solarpanelsystem ist mit erstklassigen Komponenten ausgestattet, einschlie\u00dflich eines MPPT-Reglers und hocheffizienten monokristallinen Silizium-Solarmodulen.<br \/>\nDie Lithium-Ionen-Batterie hat eine Nennkapazit\u00e4t von 200Ah und kann bis zu 10KWh Energie speichern, was eine zuverl\u00e4ssige Stromversorgung f\u00fcr Ihr Zuhause oder Ihr Unternehmen gew\u00e4hrleistet.<br \/>\nUnser Solarsystem verf\u00fcgt auch \u00fcber eine reine Sinuswellen-Ausgangsspannung, die eine stabile und zuverl\u00e4ssige Stromversorgung sicherstellt.<\/p>\n<table border=\"1\">\n<tbody>\n<tr>\n<td colspan=\"2\">Parameter des Solarwechselrichters<\/td>\n<\/tr>\n<tr>\n<td colspan=\"2\">\n<div>Eingang (PV)<\/div>\n<\/td>\n<\/tr>\n<tr>\n<td>\n<div>Max. Leistung (kW)<\/div>\n<\/td>\n<td>12<\/td>\n<\/tr>\n<tr>\n<td>\n<div>Max. DC-Spannung (V)<\/div>\n<\/td>\n<td>500<\/td>\n<\/tr>\n<tr>\n<td>\n<div>MPPT-Spannungsbereich ()<\/div>\n<\/td>\n<td>120-500<\/td>\n<\/tr>\n<tr>\n<td>Max. Eingangsstrom des einzelnen MPPT (A)<\/td>\n<td>12<\/td>\n<\/tr>\n<tr>\n<td>MAX Kurzschlussstrom (A)<\/td>\n<td>15<\/td>\n<\/tr>\n<tr>\n<td colspan=\"2\">AC-Ausgang<\/td>\n<\/tr>\n<tr>\n<td>Nennleistung (kVA)<\/td>\n<td>8<\/td>\n<\/tr>\n<tr>\n<td>Max. Ausgangsleistung (kVA)<\/td>\n<td>8.8<\/td>\n<\/tr>\n<tr>\n<td>AC-Ausgangsspannung (V)<\/td>\n<td>220,230,240<\/td>\n<\/tr>\n<tr>\n<td>Frequenz (Hz)<\/td>\n<td>50\/60 (45 \u2013 55,55 \u2013 65)<\/td>\n<\/tr>\n<tr>\n<td>PF<\/td>\n<td>0,8 nachlaufend - 0,8 vorlaufend<\/td>\n<\/tr>\n<tr>\n<td>THDi<\/td>\n<td>&lt; 2%<\/td>\n<\/tr>\n<tr>\n<td>Max. Ausgangsstrom (A)<\/td>\n<td>38.3<\/td>\n<\/tr>\n<tr>\n<td colspan=\"2\">Batterie<\/td>\n<\/tr>\n<tr>\n<td>Nominelle Spannung (V)<\/td>\n<td>48<\/td>\n<\/tr>\n<tr>\n<td>Batteriespannungsbereich (V)<\/td>\n<td>40~60<\/td>\n<\/tr>\n<tr>\n<td>Max. Lade-\/Entladestrom (A)<\/td>\n<td>190\/190<\/td>\n<\/tr>\n<tr>\n<td>Batterietyp<\/td>\n<td>Lithium \/ Blei-S\u00e4ure<\/td>\n<\/tr>\n<tr>\n<td>Ladestrategie f\u00fcr Li-Ion-Batterien<\/td>\n<td>Selbstanpassung an BMS<\/td>\n<\/tr>\n<tr>\n<td colspan=\"2\">EPS-Ausgang<\/td>\n<\/tr>\n<tr>\n<td>Nennleistung (kVA)<\/td>\n<td>8<\/td>\n<\/tr>\n<tr>\n<td>Nenn-Ausgangsspannung (V)<\/td>\n<td><\/td>\n<\/tr>\n<tr>\n<td>Nennfrequenz (Hz)<\/td>\n<td><\/td>\n<\/tr>\n<tr>\n<td>THDu<\/td>\n<td><\/td>\n<\/tr>\n<tr>\n<td colspan=\"2\">Schutz<\/td>\n<\/tr>\n<tr>\n<td>Erdungsdetektion<\/td>\n<td>JA<\/td>\n<\/tr>\n<tr>\n<td>Kurzschlussschutz bei Lichtbogen<\/td>\n<td>optional<\/td>\n<\/tr>\n<tr>\n<td>Inselschutz<\/td>\n<td>JA<\/td>\n<\/tr>\n<tr>\n<td>Batterie umgekehrte Polarit\u00e4t<\/td>\n<td>JA<\/td>\n<\/tr>\n<tr>\n<td>Isolationswiderstandserkennung<\/td>\n<td>JA<\/td>\n<\/tr>\n<tr>\n<td>Reststrom\u00fcberwachungseinheit<\/td>\n<td>JA<\/td>\n<\/tr>\n<tr>\n<td>Ausgangs\u00fcberstromschutz<\/td>\n<td>JA<\/td>\n<\/tr>\n<tr>\n<td>Backup-Ausgang Kurzschlussschutz<\/td>\n<td>JA<\/td>\n<\/tr>\n<tr>\n<td>Anschluss-Temperatur\u00fcberwachung<\/td>\n<td>JA<\/td>\n<\/tr>\n<tr>\n<td>Ausgangs\u00fcber-\/unterspannungsschutz<\/td>\n<td>JA<\/td>\n<\/tr>\n<tr>\n<td colspan=\"2\">Allgemeine Daten<\/td>\n<\/tr>\n<tr>\n<td>Europa-Effizienz (PV)<\/td>\n<td>97.8%<\/td>\n<\/tr>\n<tr>\n<td>MAX. Batteriekapazit\u00e4t zur Lasteffizienz<\/td>\n<td>97.2%<\/td>\n<\/tr>\n<tr>\n<td>Schutzart<\/td>\n<td>IP65<\/td>\n<\/tr>\n<tr>\n<td>Ger\u00e4uschentwicklung(dB)<\/td>\n<td>&lt;38<\/td>\n<\/tr>\n<tr>\n<td>Betriebstemperatur<\/td>\n<td>-25C-60%C<\/td>\n<\/tr>\n<tr>\n<td>K\u00fchlung<\/td>\n<td>L\u00dcFTERK\u00fchlung<\/td>\n<\/tr>\n<tr>\n<td>Relative Luftfeuchtigkeit<\/td>\n<td>0 -95% (nicht kondensierend)<\/td>\n<\/tr>\n<tr>\n<td>Abmessungen B T*H (mm)<\/td>\n<td>430*220*710<\/td>\n<\/tr>\n<tr>\n<td>Gewicht(kg)<\/td>\n<td>41<\/td>\n<\/tr>\n<tr>\n<td>Kommunikation mit BMS\/Z\u00e4hler\/EMS<\/td>\n<td>RS485, CAN<\/td>\n<\/tr>\n<tr>\n<td>Anzeige<\/td>\n<td>LCD, Touchpanel (optional)<\/td>\n<\/tr>\n<tr>\n<td>Kommunikationsschnittstelle<\/td>\n<td>RS485, WLAN, 4G (optional)<\/td>\n<\/tr>\n<tr>\n<td>Eigenverbrauch nachts<\/td>\n<td>&lt; 2,5 W (mit Batterieaktivierung &lt; 5 W)<\/td>\n<\/tr>\n<tr>\n<td>Zertifikate<\/td>\n<td>NRS Deutschland, IEC 62109-1\/-2, IEC 61000-6-1.<br \/>\nIEC 61000-6-3<\/td>\n<\/tr>\n<\/tbody>\n<\/table>\n<p>Pre-Sales-Projektplanung und 5-Jahres-Garantie<br \/>\nUnser Expertenteam bietet Pre-Sales-Projektplanungsdienste an, um sicherzustellen, dass das Solarsystem perfekt auf Ihre spezifischen Bed\u00fcrfnisse abgestimmt ist.<br \/>\nMit unserer umfassenden 5-Jahres-Garantie k\u00f6nnen Sie sich auf die zuverl\u00e4ssige Leistung unserer Produkte f\u00fcr die kommenden Jahre verlassen.<br \/>\nHerkunftsland: Guangdong, China<\/p>\n<p>Suchen Sie ein zuverl\u00e4ssiges und einfach zu installierendes Solarpanel-Stromsystem?<br \/>\nUnser Komplettset Solarpanel-Stromversorgungssystem 10kw Off-Grid-Solarsystem mit Wechselrichter ist die perfekte L\u00f6sung f\u00fcr Ihr Zuhause oder Ihr Unternehmen.<br \/>\nUnser Erdinstallations- Neigungsbefestigungssystem f\u00fcr Solaranlagen und BIPV-Montagesysteme machen die Installation zum Kinderspiel, w\u00e4hrend unsere hochwertigen Komponenten,<br \/>\neinschlie\u00dflich eines MPPT-Reglers und monokristallinen Silizium-Solarmodulen, eine zuverl\u00e4ssige Leistung gew\u00e4hrleisten. Mit unserer reinen Sinuswellen-Ausgangsspannungsform,<br \/>\nk\u00f6nnen Sie eine stabile und zuverl\u00e4ssige Stromversorgung genie\u00dfen. Unsere Vorverkaufs-Projektplanungsdienste und 5-Jahres-Garantie garantieren Ihre Zufriedenheit.<br \/>\nW\u00e4hlen Sie Haisic und beginnen Sie noch heute, Ihre eigene saubere, erneuerbare Energie zu produzieren!<\/p>","protected":false},"excerpt":{"rendered":"<p>\u203b Das gesamte System umfasst eine 10 kWh wandmontierte Batterie, einen 8 kVa Hybridwechselrichter, 425 W Solarmodule, Montageschienen und Verbindungskabel<br \/>\n\u203b Bieten Sie Fernleitungsdienste und Systemdesign-Dienste entsprechend Ihren eigenen Bed\u00fcrfnissen an<br \/>\n\u203b Das Gesamtsystem ist einfach und leicht zu installieren<br \/>\n\u203b 5 Jahre Garantie<\/p>","protected":false},"featured_media":1629,"template":"","meta":{"site-sidebar-layout":"default","site-content-layout":"","ast-site-content-layout":"default","site-content-style":"default","site-sidebar-style":"default","ast-global-header-display":"","ast-banner-title-visibility":"","ast-main-header-display":"","ast-hfb-above-header-display":"","ast-hfb-below-header-display":"","ast-hfb-mobile-header-display":"","site-post-title":"","ast-breadcrumbs-content":"","ast-featured-img":"","footer-sml-layout":"","ast-disable-related-posts":"","theme-transparent-header-meta":"default","adv-header-id-meta":"","stick-header-meta":"default","header-above-stick-meta":"","header-main-stick-meta":"","header-below-stick-meta":"","astra-migrate-meta-layouts":"set","ast-page-background-enabled":"default","ast-page-background-meta":{"desktop":{"background-color":"var(--ast-global-color-4)","background-image":"","background-repeat":"repeat","background-position":"center center","background-size":"auto","background-attachment":"scroll","background-type":"","background-media":"","overlay-type":"","overlay-color":"","overlay-opacity":"","overlay-gradient":""},"tablet":{"background-color":"","background-image":"","background-repeat":"repeat","background-position":"center center","background-size":"auto","background-attachment":"scroll","background-type":"","background-media":"","overlay-type":"","overlay-color":"","overlay-opacity":"","overlay-gradient":""},"mobile":{"background-color":"","background-image":"","background-repeat":"repeat","background-position":"center center","background-size":"auto","background-attachment":"scroll","background-type":"","background-media":"","overlay-type":"","overlay-color":"","overlay-opacity":"","overlay-gradient":""}},"ast-content-background-meta":{"desktop":{"background-color":"var(--ast-global-color-5)","background-image":"","background-repeat":"repeat","background-position":"center center","background-size":"auto","background-attachment":"scroll","background-type":"","background-media":"","overlay-type":"","overlay-color":"","overlay-opacity":"","overlay-gradient":""},"tablet":{"background-color":"var(--ast-global-color-5)","background-image":"","background-repeat":"repeat","background-position":"center center","background-size":"auto","background-attachment":"scroll","background-type":"","background-media":"","overlay-type":"","overlay-color":"","overlay-opacity":"","overlay-gradient":""},"mobile":{"background-color":"var(--ast-global-color-5)","background-image":"","background-repeat":"repeat","background-position":"center center","background-size":"auto","background-attachment":"scroll","background-type":"","background-media":"","overlay-type":"","overlay-color":"","overlay-opacity":"","overlay-gradient":""}}},"product_brand":[],"product_cat":[47,56,50],"product_tag":[],"class_list":{"0":"post-1620","1":"product","2":"type-product","3":"status-publish","4":"has-post-thumbnail","6":"product_cat-residetial-ess","7":"product_cat-energy-storage-battery-system","8":"product_cat-floor-standing-ess","9":"desktop-align-left","10":"tablet-align-left","11":"mobile-align-left","12":"ast-product-gallery-layout-horizontal-slider","13":"ast-product-tabs-layout-horizontal","15":"first","16":"instock","17":"shipping-taxable","18":"purchasable","19":"product-type-simple"},"_links":{"self":[{"href":"https:\/\/haisicstorage.com\/de\/wp-json\/wp\/v2\/product\/1620","targetHints":{"allow":["GET"]}}],"collection":[{"href":"https:\/\/haisicstorage.com\/de\/wp-json\/wp\/v2\/product"}],"about":[{"href":"https:\/\/haisicstorage.com\/de\/wp-json\/wp\/v2\/types\/product"}],"version-history":[{"count":3,"href":"https:\/\/haisicstorage.com\/de\/wp-json\/wp\/v2\/product\/1620\/revisions"}],"predecessor-version":[{"id":3517,"href":"https:\/\/haisicstorage.com\/de\/wp-json\/wp\/v2\/product\/1620\/revisions\/3517"}],"wp:featuredmedia":[{"embeddable":true,"href":"https:\/\/haisicstorage.com\/de\/wp-json\/wp\/v2\/media\/1629"}],"wp:attachment":[{"href":"https:\/\/haisicstorage.com\/de\/wp-json\/wp\/v2\/media?parent=1620"}],"wp:term":[{"taxonomy":"product_brand","embeddable":true,"href":"https:\/\/haisicstorage.com\/de\/wp-json\/wp\/v2\/product_brand?post=1620"},{"taxonomy":"product_cat","embeddable":true,"href":"https:\/\/haisicstorage.com\/de\/wp-json\/wp\/v2\/product_cat?post=1620"},{"taxonomy":"product_tag","embeddable":true,"href":"https:\/\/haisicstorage.com\/de\/wp-json\/wp\/v2\/product_tag?post=1620"}],"curies":[{"name":"wp","href":"https:\/\/api.w.org\/{rel}","templated":true}]}}