{"id":1616,"date":"2025-12-03T02:28:58","date_gmt":"2025-12-03T02:28:58","guid":{"rendered":"https:\/\/haisicstorage.com\/?post_type=product&#038;p=1616"},"modified":"2026-02-27T07:38:39","modified_gmt":"2026-02-27T07:38:39","slug":"low-volt-51-2v-3-5kwh-powerwall","status":"publish","type":"product","link":"https:\/\/haisicstorage.com\/de\/low-volt-51-2v-3-5kwh-powerwall\/","title":{"rendered":"Niederspannungs-51,2V 3,5KWH Powerwall"},"content":{"rendered":"<div class=\"row\">\n<div class=\"col-md-12 col-sm-12\">\n<div class=\"product-tabs\">\n<div class=\"tab-content\">\n<div id=\"tab-desc\" class=\"tab-pane active\" role=\"tabpanel\">\n<div class=\"product-tab-desc\">\n<table class=\"woocommerce-product-attributes shop_attributes\" aria-label=\"Produktdetails\">\n<tbody>\n<tr class=\"woocommerce-product-attributes-item woocommerce-product-attributes-item--attribute_rated-energy\">\n<th class=\"woocommerce-product-attributes-item__label\" scope=\"row\">Nennenergie<\/th>\n<td class=\"woocommerce-product-attributes-item__value\">3584Wh<\/td>\n<\/tr>\n<tr class=\"woocommerce-product-attributes-item woocommerce-product-attributes-item--attribute_rated-capacity\">\n<th class=\"woocommerce-product-attributes-item__label\" scope=\"row\">Nennkapazit\u00e4t<\/th>\n<td class=\"woocommerce-product-attributes-item__value\">70Ah<\/td>\n<\/tr>\n<tr class=\"woocommerce-product-attributes-item woocommerce-product-attributes-item--attribute_rated-voltage\">\n<th class=\"woocommerce-product-attributes-item__label\" scope=\"row\">Nennspannung<\/th>\n<td class=\"woocommerce-product-attributes-item__value\">51,2V<\/td>\n<\/tr>\n<tr class=\"woocommerce-product-attributes-item woocommerce-product-attributes-item--attribute_voltage-range\">\n<th class=\"woocommerce-product-attributes-item__label\" scope=\"row\">Spannungsbereich<\/th>\n<td class=\"woocommerce-product-attributes-item__value\">44,8-56V<\/td>\n<\/tr>\n<tr class=\"woocommerce-product-attributes-item woocommerce-product-attributes-item--attribute_charge-voltage-range\">\n<th class=\"woocommerce-product-attributes-item__label\" scope=\"row\">Ladespannungsbereich<\/th>\n<td class=\"woocommerce-product-attributes-item__value\">55,2-56V<\/td>\n<\/tr>\n<tr class=\"woocommerce-product-attributes-item woocommerce-product-attributes-item--attribute_cut-off-voltage\">\n<th class=\"woocommerce-product-attributes-item__label\" scope=\"row\">Abschaltspannung<\/th>\n<td class=\"woocommerce-product-attributes-item__value\">44,8V<\/td>\n<\/tr>\n<tr class=\"woocommerce-product-attributes-item woocommerce-product-attributes-item--attribute_recommend-charge-current\">\n<th class=\"woocommerce-product-attributes-item__label\" scope=\"row\">Empfohlener Ladestrom<\/th>\n<td class=\"woocommerce-product-attributes-item__value\">30A<\/td>\n<\/tr>\n<tr class=\"woocommerce-product-attributes-item woocommerce-product-attributes-item--attribute_max-discharge-current\">\n<th class=\"woocommerce-product-attributes-item__label\" scope=\"row\">Maximaler Entladestrom<\/th>\n<td class=\"woocommerce-product-attributes-item__value\">60A<\/td>\n<\/tr>\n<tr class=\"woocommerce-product-attributes-item woocommerce-product-attributes-item--attribute_max-charge-current\">\n<th class=\"woocommerce-product-attributes-item__label\" scope=\"row\">Maximaler Ladestrom<\/th>\n<td class=\"woocommerce-product-attributes-item__value\">60A<\/td>\n<\/tr>\n<\/tbody>\n<\/table>\n<p><strong>Was ist eine Powerwall?<\/strong><\/p>\n<p><a href=\"https:\/\/www.haisicbattery.com\/products\/solar-energy-storage-system\/low-volt-51-2v-5-1kwh-powerwall-residential-energy-storage-system\" target=\"_blank\" rel=\"noopener\">Powerwall<\/a>\u00a0ist ein integriertes Batteriesystem, das Ihre Solarenergie f\u00fcr Backup-Schutz speichert, sodass bei Netzausf\u00e4llen Ihre Stromversorgung aufrechterhalten bleibt. Ihr System erkennt Ausf\u00e4lle und l\u00e4dt automatisch mit Sonnenlicht auf, um Ihre Ger\u00e4te tagelang laufen zu lassen.<\/p>\n<p>Jeder Solarkauf beinhaltet Powerwall, eine kompakte Heim-Batterie, die Ihre Abh\u00e4ngigkeit vom Netz reduziert, indem sie Ihre Solarenergie speichert, um sie bei fehlender Sonneneinstrahlung zu nutzen.<\/p>\n<p>Mit einfacher Installation und minimalistischem Design erg\u00e4nzt Powerwall verschiedene Wohnstile und\u00a0<a href=\"https:\/\/www.haisicbattery.com\/products\/solar-energy-storage-system\" target=\"_blank\" rel=\"noopener\">Solarsysteme<\/a>. Die kompakte, all-in-one Konstruktion bietet vielseitige Montagem\u00f6glichkeiten f\u00fcr Innen- oder Au\u00dfenbereiche.<\/p>\n<p>&nbsp;<\/p>\n<p><strong>Warum ben\u00f6tigen wir ein Energiespeichersystem?<\/strong><\/p>\n<p>&nbsp;<\/p>\n<p>Energiespeicherung ist eine der besten L\u00f6sungen, um die Stromkosten zu senken, ohne hohe Infrastrukturkosten zu verursachen. Sie ver\u00e4ndert die Art und Weise, wie Hausbesitzer, Unternehmen und Versorgungsunternehmen Energie nutzen.<\/p>\n<p>Wir sind \u00fcberzeugt, dass ein Energiespeichersystem auch eine kluge Investition ist, die die Stromkosten effektiv senken kann, insbesondere wenn Sie finanziellen Druck durch unvorhergesehene Ereignisse oder h\u00f6here Gewalt wie eine Pandemie oder Buschfeuer haben.<\/p>\n<p>&nbsp;<\/p>\n<p>Zugang zur Energieunabh\u00e4ngigkeit erhalten und die Stromversorgung auch bei Netzausf\u00e4llen durch Unf\u00e4lle sicherstellen.<\/p>\n<p>&nbsp;<\/p>\n<p>\u2013 Verringerung des \u00f6kologischen Fu\u00dfabdrucks durch Speicherung erneuerbarer Energien wie Solarstrom.<\/p>\n<p>\u2013 Ein gr\u00fcnes Leben sicher und sorgenfrei f\u00fchren, indem Sie eine LiFePO4-Batterie verwenden, die vollst\u00e4ndig cobalt-frei ist.<\/p>\n<p>\u2013 Durch die Speicherung des \u00fcbersch\u00fcssigen PV-Stroms in einem Batteriespeicher k\u00f6nnen Sie den Eigenverbrauch maximieren und Ihre Stromrechnung senken.<\/p>\n<p>\u2013 Reduzieren Sie Ihre Stromrechnung, indem Sie Strom w\u00e4hrend der Nebenzeiten speichern und die Energie auf die Spitzenzeiten verschieben.<\/p>\n<p>\u2013 Verkauf von \u00fcbersch\u00fcssiger erneuerbarer Energie ins Netz oder direkt an andere Nutzer im Mikronetz.<\/p>\n<p>&nbsp;<\/p>\n<p><strong>Powerwall-Parameter<\/strong><\/p>\n<table border=\"0\" cellspacing=\"0\" cellpadding=\"0\">\n<colgroup>\n<col \/>\n<col \/><\/colgroup>\n<tbody>\n<tr>\n<td>Modell<\/td>\n<td>HS-BG3000W<\/td>\n<\/tr>\n<tr>\n<td>Nennspannung\uff08V\uff09<\/td>\n<td>51.2<\/td>\n<\/tr>\n<tr>\n<td>Nennkapazit\u00e4t\uff08Ah\uff09<\/td>\n<td>70<\/td>\n<\/tr>\n<tr>\n<td>Nennenergie\uff08Wh\uff09<\/td>\n<td>3584<\/td>\n<\/tr>\n<tr>\n<td>Spannungsbereich\uff08V\uff09<\/td>\n<td>44.8-56<\/td>\n<\/tr>\n<tr>\n<td>Ladespannungsbereich\uff08V\uff09<\/td>\n<td>55.2-56<\/td>\n<\/tr>\n<tr>\n<td>Abschaltspannung\uff08V\uff09<\/td>\n<td>44.8<\/td>\n<\/tr>\n<tr>\n<td>Empfohlener Ladestrom\uff08A\uff09<\/td>\n<td>30<\/td>\n<\/tr>\n<tr>\n<td>Maximaler Ladestrom\uff08A\uff09<\/td>\n<td>60<\/td>\n<\/tr>\n<tr>\n<td>Maximaler Entladestrom\uff08A\uff09<\/td>\n<td>60<\/td>\n<\/tr>\n<tr>\n<td>Abmessungen\uff1aL*B*H\uff08mm\uff09<\/td>\n<td>374*138*530<\/td>\n<\/tr>\n<tr>\n<td>Gewicht\uff08kg\uff09<\/td>\n<td>32<\/td>\n<\/tr>\n<tr>\n<td>Kommunikationsport<\/td>\n<td>RS485, CAN<\/td>\n<\/tr>\n<tr>\n<td>Anzeige<\/td>\n<td>LED+LCD<\/td>\n<\/tr>\n<tr>\n<td>Anschlussklemme<\/td>\n<td>Steckbar<\/td>\n<\/tr>\n<tr>\n<td>Kompatibler Wechselrichter<\/td>\n<td>Growatt, Goodwe, Sol-Ark, SRNE, DEYE<\/td>\n<\/tr>\n<tr>\n<td>Feuchtigkeit\uff08%\uff09<\/td>\n<td>5-95% RH<\/td>\n<\/tr>\n<tr>\n<td>Ladetemperaturbereich\uff08\u2103\uff09<\/td>\n<td>0-45<\/td>\n<\/tr>\n<tr>\n<td>Entladetemperaturbereich\uff08\u2103\uff09<\/td>\n<td>-20-60<\/td>\n<\/tr>\n<tr>\n<td>Lagerungstemperaturbereich\uff08\u2103\uff09<\/td>\n<td>-20-45<\/td>\n<\/tr>\n<tr>\n<td>Lebensdauer<\/td>\n<td>\uff1e6000 \uff080,5C@ 25\u2103\uff0c80% DOD\uff09<\/td>\n<\/tr>\n<tr>\n<td>Lebensdauer (Jahre)<\/td>\n<td>15<\/td>\n<\/tr>\n<tr>\n<td>Sicherheit &amp; Zertifizierung<\/td>\n<td>CE, EMC, TUV (IEC62619), UL1973<\/td>\n<\/tr>\n<tr>\n<td>Transport<\/td>\n<td>UN38.3<\/td>\n<\/tr>\n<\/tbody>\n<\/table>\n<p>&nbsp;<\/p>\n<p><strong>Wechselrichterparameter<\/strong><\/p>\n<table border=\"0\" cellspacing=\"0\" cellpadding=\"0\">\n<colgroup>\n<col \/>\n<col \/><\/colgroup>\n<tbody>\n<tr>\n<td>Modell<\/td>\n<td>HF4830S60-145<\/td>\n<\/tr>\n<tr>\n<td colspan=\"2\">AC-Modus<\/td>\n<\/tr>\n<tr>\n<td>Nenn-Eingangsspannung<\/td>\n<td>220\/230V~<\/td>\n<\/tr>\n<tr>\n<td>Eingangsspannungsbereich<\/td>\n<td>(170V~280V) \u00b12%\/(90V~280V) \u00b12%<\/td>\n<\/tr>\n<tr>\n<td>Frequenz<\/td>\n<td>50Hz\/ 60Hz (Automatische Erkennung)<\/td>\n<\/tr>\n<tr>\n<td>Frequenzbereich<\/td>\n<td>47\u00b10,3Hz ~ 55\u00b10,3Hz (50Hz)\/57\u00b10,3Hz ~ 65\u00b10,3Hz (60Hz);<\/td>\n<\/tr>\n<tr>\n<td>\u00dcberlast- \/ Kurzschlussschutz<\/td>\n<td>Schutzschalter<\/td>\n<\/tr>\n<tr>\n<td>Effizienz<\/td>\n<td>&gt;95%<\/td>\n<\/tr>\n<tr>\n<td>Wandlungszeit (Bypass und Wechselrichter)<\/td>\n<td>10ms (typisch)<\/td>\n<\/tr>\n<tr>\n<td>AC-R\u00fcckw\u00e4rtsschutz<\/td>\n<td>Verf\u00fcgbar<\/td>\n<\/tr>\n<tr>\n<td>Maximaler Bypass-\u00dcberlaststrom<\/td>\n<td>30A<\/td>\n<\/tr>\n<tr>\n<td colspan=\"2\">Invertermodus<\/td>\n<\/tr>\n<tr>\n<td>Ausgangsspannungswellenform<\/td>\n<td>Reine Sinuswelle<\/td>\n<\/tr>\n<tr>\n<td>Nennleistung (VA)<\/td>\n<td>3300<\/td>\n<\/tr>\n<tr>\n<td>Nennleistung (W)<\/td>\n<td>3300<\/td>\n<\/tr>\n<tr>\n<td>Leistungsfaktor<\/td>\n<td>1<\/td>\n<\/tr>\n<tr>\n<td>Nennausgangsspannung (Vac)<\/td>\n<td>230V~<\/td>\n<\/tr>\n<tr>\n<td>Ausgangsspannungsfehler<\/td>\n<td>\u00b15%<\/td>\n<\/tr>\n<tr>\n<td>Frequenzbereich des Ausgangssignals (Hz)<\/td>\n<td>50Hz \u00b1 0,3Hz\/60Hz \u00b1 0,3Hz<\/td>\n<\/tr>\n<tr>\n<td>Maximale Effizienz<\/td>\n<td>&gt;92%<\/td>\n<\/tr>\n<tr>\n<td>\u00dcberlastschutz<\/td>\n<td>(110% &lt; Last &lt;125%) \u00b110%: Fehler melden und Ausgang nach 5 Minuten ausschalten;(125% &lt; Last 150% \u00b110%: Fehler melden und Ausgang nach 5 Sekunden ausschalten;<\/td>\n<\/tr>\n<tr>\n<td>Spitzenleistung<\/td>\n<td>6000VA<\/td>\n<\/tr>\n<tr>\n<td>Motorkapazit\u00e4t bei Belastung<\/td>\n<td>2PS<\/td>\n<\/tr>\n<tr>\n<td>Kurzschlussschutz am Ausgang<\/td>\n<td>Schutzschalter<\/td>\n<\/tr>\n<tr>\n<td>Spezifikationen f\u00fcr Bypass-Schutzschalter<\/td>\n<td>30A<\/td>\n<\/tr>\n<tr>\n<td>Nenn-Eingangsspannung der Batterie<\/td>\n<td>48V (Mindeststartspannung 44V)<\/td>\n<\/tr>\n<tr>\n<td>Batteriespannungsbereich<\/td>\n<td>Unterspannungssignal\/Abschaltspannung\/\u00dcberspannungssignal \/ \u00dcberspannungswiederherstellung\u2026 einstellbar auf LCD-Bildschirm)<\/td>\n<\/tr>\n<tr>\n<td>Energiesparmodus<\/td>\n<td>Last \u226450W<\/td>\n<\/tr>\n<tr>\n<td colspan=\"2\">AC-Ladung<\/td>\n<\/tr>\n<tr>\n<td>Batterietyp<\/td>\n<td>Blei-S\u00e4ure- oder Lithiumbatterie<\/td>\n<\/tr>\n<tr>\n<td>Maximaler Ladestrom<\/td>\n<td>60A<\/td>\n<\/tr>\n<tr>\n<td>Ladespannungsbereich<\/td>\n<td>40 \u201358Vdc<\/td>\n<\/tr>\n<tr>\n<td>Kurzschlussschutz<\/td>\n<td>Schutzschalter und durchgebrannte Sicherung<\/td>\n<\/tr>\n<tr>\n<td>Spezifikationen f\u00fcr Schutzschalter<\/td>\n<td>30A<\/td>\n<\/tr>\n<tr>\n<td>\u00dcberladungsschutz<\/td>\n<td>Alarm und Abschaltung des Ladevorgangs nach 1 Minute<\/td>\n<\/tr>\n<tr>\n<td colspan=\"2\">PV-Ladung<\/td>\n<\/tr>\n<tr>\n<td>Maximale PV-Leerlaufspannung<\/td>\n<td>145Vdc<\/td>\n<\/tr>\n<tr>\n<td>Betriebsspannungsbereich der PV-Anlage<\/td>\n<td>60-145Vdc<\/td>\n<\/tr>\n<tr>\n<td>MPPT-Spannungsbereich<\/td>\n<td>60-115Vdc<\/td>\n<\/tr>\n<tr>\n<td>Batteriespannungsbereich<\/td>\n<td>40-60Vdc<\/td>\n<\/tr>\n<tr>\n<td>Maximale Eingangsstromst\u00e4rke<\/td>\n<td>3400W<\/td>\n<\/tr>\n<tr>\n<td>PV-Ladestrombereich (kann eingestellt werden)<\/td>\n<td>0-60A<\/td>\n<\/tr>\n<tr>\n<td>Kurzschlussschutz beim Laden<\/td>\n<td>Durchgebrannter Sicherung<\/td>\n<\/tr>\n<tr>\n<td>Verdrahtungsschutz<\/td>\n<td>Verpolungsschutz<\/td>\n<\/tr>\n<tr>\n<td colspan=\"2\">Zertifizierte Spezifikationen<\/td>\n<\/tr>\n<tr>\n<td>Zertifizierung<\/td>\n<td>CE(IEC 62109-1)<\/td>\n<\/tr>\n<tr>\n<td>EMV-Zertifizierungsstufe<\/td>\n<td>EN61000, C2<\/td>\n<\/tr>\n<tr>\n<td>Betriebstemperaturbereich<\/td>\n<td>-15\u00b0C bis 55\u00b0C<\/td>\n<\/tr>\n<tr>\n<td>Temperaturbereich f\u00fcr Lagerung<\/td>\n<td>-25\u00b0C bis 60\u00b0C<\/td>\n<\/tr>\n<tr>\n<td>Feuchtigkeitsbereich<\/td>\n<td>5% bis 95% (Konformalbeschichtungsschutz)<\/td>\n<\/tr>\n<tr>\n<td>Ger\u00e4usch<\/td>\n<td>\u226460dB<\/td>\n<\/tr>\n<tr>\n<td>W\u00e4rmeabgabe<\/td>\n<td>Zwangsluftk\u00fchlung, variable L\u00fcftergeschwindigkeit<\/td>\n<\/tr>\n<tr>\n<td>Kommunikationsschnittstelle<\/td>\n<td>CAN\/USB\/RS485(WiFi\/GPRS)\/Trockenknotensteuerung<\/td>\n<\/tr>\n<tr>\n<td>Gr\u00f6\u00dfe (L*B*H)<\/td>\n<td>378mm\u00d7280mm\u00d7103mm<\/td>\n<\/tr>\n<tr>\n<td>Gewicht (kg)<\/td>\n<td>6.2<\/td>\n<\/tr>\n<\/tbody>\n<\/table>\n<p>&nbsp;<\/p>\n<p><strong>Worauf Sie bei Heimspeichersystemen achten sollten<\/strong><\/p>\n<p>&nbsp;<\/p>\n<p><strong>Stapelf\u00e4higkeit<\/strong><\/p>\n<p>Eine einzelne Batterie kann m\u00f6glicherweise nicht Ihr ganzes Haus mit Strom versorgen, daher sollten Sie Priorit\u00e4ten setzen, z.B. f\u00fcr Beleuchtung, Steckdosen, Klimaanlage, Sumpfpumpe usw. Aber wenn Sie alles in Ihrem Haus betreiben m\u00f6chten, erm\u00f6glichen einige Systeme das Stapeln oder Verbinden mehrerer Einheiten, um die ben\u00f6tigte Backup-Leistung zu erreichen.<\/p>\n<p>&nbsp;<\/p>\n<p><strong>AC- vs. DC-gekoppelte Systeme<\/strong><\/p>\n<p>Batterien und Solarmodule speichern Energie als Gleichstrom oder DC. Der Anschluss von DC-gekoppelten Systemen an Solar f\u00fchrt zu weniger Energieverlust. Das Netz und Ihr Zuhause laufen mit Wechselstrom oder AC. AC-Systeme sind etwas weniger effizient, aber flexibler und einfacher zu installieren, insbesondere wenn Sie bereits Solar installiert haben.<\/p>\n<p>&nbsp;<\/p>\n<p><strong>Startf\u00e4higkeit bei Last<\/strong><\/p>\n<p>Einige Ger\u00e4te, wie Zentralheizung oder Sumpfpumpen, ben\u00f6tigen mehr Energie zum Starten als im Betrieb. Stellen Sie sicher, dass das System die spezifischen Anforderungen Ihrer Haushaltsger\u00e4te erf\u00fcllen kann.<\/p>\n<p>&nbsp;<\/p>\n<\/div>\n<\/div>\n<\/div>\n<\/div>\n<\/div>\n<\/div>","protected":false},"excerpt":{"rendered":"<p>Powerwall ist ein integriertes Batteriesystem, das Ihre Solarenergie f\u00fcr Backup-Schutz speichert und sicherstellt, dass Ihre Stromversorgung auch bei Netzausf\u00e4llen aufrechterhalten wird. Ihr System erkennt Stromausf\u00e4lle und l\u00e4dt automatisch mit Sonnenlicht auf, sodass Ihre Ger\u00e4te mehrere Tage lang betrieben werden k\u00f6nnen.<\/p>\n<p>Powerwall, eine kompakte Heim-Batterie, die Ihre Abh\u00e4ngigkeit vom Netz reduziert, indem sie Ihre Solarenergie speichert, um sie bei fehlender Sonneneinstrahlung zu nutzen, ist bei jedem Solarkauf enthalten.<\/p>","protected":false},"featured_media":1617,"template":"","meta":{"site-sidebar-layout":"default","site-content-layout":"","ast-site-content-layout":"default","site-content-style":"default","site-sidebar-style":"default","ast-global-header-display":"","ast-banner-title-visibility":"","ast-main-header-display":"","ast-hfb-above-header-display":"","ast-hfb-below-header-display":"","ast-hfb-mobile-header-display":"","site-post-title":"","ast-breadcrumbs-content":"","ast-featured-img":"","footer-sml-layout":"","ast-disable-related-posts":"","theme-transparent-header-meta":"default","adv-header-id-meta":"","stick-header-meta":"default","header-above-stick-meta":"","header-main-stick-meta":"","header-below-stick-meta":"","astra-migrate-meta-layouts":"set","ast-page-background-enabled":"default","ast-page-background-meta":{"desktop":{"background-color":"var(--ast-global-color-4)","background-image":"","background-repeat":"repeat","background-position":"center center","background-size":"auto","background-attachment":"scroll","background-type":"","background-media":"","overlay-type":"","overlay-color":"","overlay-opacity":"","overlay-gradient":""},"tablet":{"background-color":"","background-image":"","background-repeat":"repeat","background-position":"center center","background-size":"auto","background-attachment":"scroll","background-type":"","background-media":"","overlay-type":"","overlay-color":"","overlay-opacity":"","overlay-gradient":""},"mobile":{"background-color":"","background-image":"","background-repeat":"repeat","background-position":"center center","background-size":"auto","background-attachment":"scroll","background-type":"","background-media":"","overlay-type":"","overlay-color":"","overlay-opacity":"","overlay-gradient":""}},"ast-content-background-meta":{"desktop":{"background-color":"var(--ast-global-color-5)","background-image":"","background-repeat":"repeat","background-position":"center center","background-size":"auto","background-attachment":"scroll","background-type":"","background-media":"","overlay-type":"","overlay-color":"","overlay-opacity":"","overlay-gradient":""},"tablet":{"background-color":"var(--ast-global-color-5)","background-image":"","background-repeat":"repeat","background-position":"center center","background-size":"auto","background-attachment":"scroll","background-type":"","background-media":"","overlay-type":"","overlay-color":"","overlay-opacity":"","overlay-gradient":""},"mobile":{"background-color":"var(--ast-global-color-5)","background-image":"","background-repeat":"repeat","background-position":"center center","background-size":"auto","background-attachment":"scroll","background-type":"","background-media":"","overlay-type":"","overlay-color":"","overlay-opacity":"","overlay-gradient":""}}},"product_brand":[],"product_cat":[47,56,50],"product_tag":[],"class_list":{"0":"post-1616","1":"product","2":"type-product","3":"status-publish","4":"has-post-thumbnail","6":"product_cat-residetial-ess","7":"product_cat-energy-storage-battery-system","8":"product_cat-floor-standing-ess","9":"desktop-align-left","10":"tablet-align-left","11":"mobile-align-left","12":"ast-product-gallery-layout-horizontal-slider","13":"ast-product-tabs-layout-horizontal","15":"first","16":"instock","17":"shipping-taxable","18":"purchasable","19":"product-type-simple"},"_links":{"self":[{"href":"https:\/\/haisicstorage.com\/de\/wp-json\/wp\/v2\/product\/1616","targetHints":{"allow":["GET"]}}],"collection":[{"href":"https:\/\/haisicstorage.com\/de\/wp-json\/wp\/v2\/product"}],"about":[{"href":"https:\/\/haisicstorage.com\/de\/wp-json\/wp\/v2\/types\/product"}],"version-history":[{"count":6,"href":"https:\/\/haisicstorage.com\/de\/wp-json\/wp\/v2\/product\/1616\/revisions"}],"predecessor-version":[{"id":3515,"href":"https:\/\/haisicstorage.com\/de\/wp-json\/wp\/v2\/product\/1616\/revisions\/3515"}],"wp:featuredmedia":[{"embeddable":true,"href":"https:\/\/haisicstorage.com\/de\/wp-json\/wp\/v2\/media\/1617"}],"wp:attachment":[{"href":"https:\/\/haisicstorage.com\/de\/wp-json\/wp\/v2\/media?parent=1616"}],"wp:term":[{"taxonomy":"product_brand","embeddable":true,"href":"https:\/\/haisicstorage.com\/de\/wp-json\/wp\/v2\/product_brand?post=1616"},{"taxonomy":"product_cat","embeddable":true,"href":"https:\/\/haisicstorage.com\/de\/wp-json\/wp\/v2\/product_cat?post=1616"},{"taxonomy":"product_tag","embeddable":true,"href":"https:\/\/haisicstorage.com\/de\/wp-json\/wp\/v2\/product_tag?post=1616"}],"curies":[{"name":"wp","href":"https:\/\/api.w.org\/{rel}","templated":true}]}}