{"id":1556,"date":"2025-11-30T02:48:43","date_gmt":"2025-11-30T02:48:43","guid":{"rendered":"https:\/\/haisicstorage.com\/?post_type=product&#038;p=1556"},"modified":"2026-02-27T07:38:11","modified_gmt":"2026-02-27T07:38:11","slug":"wall-mounted-51-2v-100ah-5kwh","status":"publish","type":"product","link":"https:\/\/haisicstorage.com\/de\/wall-mounted-51-2v-100ah-5kwh\/","title":{"rendered":"Wandmontierter 51,2V 100Ah 5kWh"},"content":{"rendered":"<p><strong>Effiziente und zuverl\u00e4ssige wandmontierte 51,2V 100Ah 5kWh Solar-Batterie Lifepo4 Powewall f\u00fcr die Energiespeicherung im Haushalt<br \/>\n<\/strong><\/p>\n<p><strong>Intelligente L\u00f6sung f\u00fcr die Energiespeicherung im Haushalt<br \/>\n<\/strong><br \/>\nIm Bereich nachhaltiger Energiel\u00f6sungen steht unsere wandmontierte 48V 51,2V 100Ah 16s1p Lifepo4 Solar-Batterie als Gipfel der Innovation und Zuverl\u00e4ssigkeit.<br \/>\n-Effiziente Speicherung solarer Energie: Mit einer Kapazit\u00e4t von 5kWh bietet diese Batterie ausreichend Speicherplatz f\u00fcr Ihren Solar\u00fcberschuss,<br \/>\num sicherzustellen, dass keine Ihrer erneuerbaren Energien verschwendet wird.<\/p>\n<p>-Nahtlose Integration: Entwickelt f\u00fcr eine nahtlose Integration in Ihr Zuhause,<br \/>\nspart ihre schlanke, wandmontierte Struktur wertvollen Raum und bietet gleichzeitig eine optimale Energiespeicherung.<\/p>\n<p>-Sicherheit an erster Stelle: Mit intelligenten Schutzmechanismen priorisiert sie die elektrische Sicherheit im Haushalt,<br \/>\nund gibt Ihnen Ruhe, w\u00e4hrend Sie die Kraft der Sonne nutzen.<\/p>\n<p><strong><br \/>\nUnvergleichliche Leistung und Haltbarkeit<br \/>\n<\/strong><br \/>\n-Robuste Bauweise: Mit Pr\u00e4zision und Langlebigkeit gefertigt,<br \/>\nverf\u00fcgt unsere Batterie \u00fcber eine stabile Konstruktion, die den Strapazen des t\u00e4glichen Gebrauchs standh\u00e4lt.<\/p>\n<p>-Langlebigkeit: Unterst\u00fctzt durch eine robuste LiFePO4-Zusammensetzung,<br \/>\nbietet sie eine au\u00dfergew\u00f6hnliche Zykluslebensdauer von \u00fcber 6000 Zyklen bei 80% Entladetiefe,<br \/>\nLanglebigkeit und Zuverl\u00e4ssigkeit f\u00fcr die kommenden Jahre gew\u00e4hrleisten.<\/p>\n<p>-Vielseitige Konnektivit\u00e4t: Ausgestattet mit Kommunikationsanschl\u00fcssen wie CAN, RS232 und RS485,<br \/>\nerm\u00f6glicht eine nahtlose Integration in verschiedene Energiemanagementsysteme,<br \/>\nbietet Flexibilit\u00e4t und Kontrolle \u00fcber Ihren Energieverbrauch.<\/p>\n<table border=\"1\">\n<tbody>\n<tr>\n<td>Modell<\/td>\n<td>HS-TQS5000W<\/td>\n<\/tr>\n<tr>\n<td>Nennspannung<\/td>\n<td>51,2V<\/td>\n<\/tr>\n<tr>\n<td>Nennkapazit\u00e4t<\/td>\n<td>100Ah<\/td>\n<\/tr>\n<tr>\n<td>Nennenergie<\/td>\n<td>5120Wh<\/td>\n<\/tr>\n<tr>\n<td>Spannungsbereich<\/td>\n<td>44,8-56V<\/td>\n<\/tr>\n<tr>\n<td>Ladespannungsbereich<\/td>\n<td>56-57,6V<\/td>\n<\/tr>\n<tr>\n<td>Abschaltspannung<\/td>\n<td>44,8V<\/td>\n<\/tr>\n<tr>\n<td>Empfohlener Ladestrom<\/td>\n<td>50A<\/td>\n<\/tr>\n<tr>\n<td>Maximaler Ladestrom<\/td>\n<td>100 A<\/td>\n<\/tr>\n<tr>\n<td>Maximaler Entladestrom<\/td>\n<td>100 A<\/td>\n<\/tr>\n<tr>\n<td>Ausgangs Spitzenleistung<\/td>\n<td>\u00a0Maximal 6000W Spitze<\/td>\n<\/tr>\n<tr>\n<td>Batterietyp<\/td>\n<td>LiFePO4 100Ah*16STK 16S1P<\/td>\n<\/tr>\n<tr>\n<td>AC-Eingang<\/td>\n<td>2500W (Parameter k\u00f6nnen eingestellt werden)<\/td>\n<\/tr>\n<tr>\n<td>MPPT PV-Eingang<\/td>\n<td>120-500V 5500W Max<\/td>\n<\/tr>\n<tr>\n<td>AC-Ausgang<\/td>\n<td>\u00a0AC 220V-240V 5000W Reine Sinuswelle<\/td>\n<\/tr>\n<\/tbody>\n<\/table>\n<p><strong>Premium-Funktionen f\u00fcr verbesserte Leistung<\/strong><\/p>\n<p>-Integriertes Batteriemanagementsystem (BMS): Unsere Batterie ist mit einem fortschrittlichen BMS ausgestattet, das ihre Leistung aktiv \u00fcberwacht und reguliert,<br \/>\noptimiert die Effizienz und sch\u00fctzt vor \u00dcberladung, Tiefentladung und Kurzschl\u00fcssen.<\/p>\n<p>-Feuerl\u00f6schsystem: Sicherheit hat h\u00f6chste Priorit\u00e4t, weshalb unsere Batterie ein integriertes Feuerl\u00f6schsystem enth\u00e4lt,<br \/>\ndas einen zus\u00e4tzlichen Schutz gegen potenzielle Gefahren bietet.<\/p>\n<p>-Zertifizierte Qualit\u00e4t: Mit Zertifizierungen wie CE, EMC, TUV (IEC62619) und UL1973,<br \/>\nSie k\u00f6nnen auf die Qualit\u00e4t und Zuverl\u00e4ssigkeit unseres Produkts vertrauen, unterst\u00fctzt durch eine umfassende 5-Jahres-Garantie.<\/p>\n<p><strong>Fazit:<br \/>\n<\/strong>Umarmen Sie die Zukunft der Energie mit unserer wandmontierten 5kWh Solarbatterie. Entwickelt f\u00fcr Effizienz, Zuverl\u00e4ssigkeit,<br \/>\nund Sicherheit, stellt sie den H\u00f6hepunkt der Heimspeicherl\u00f6sungen dar. Verabschieden Sie sich von Energieverschwendung und begr\u00fc\u00dfen Sie nachhaltige Energie f\u00fcr Ihr Zuhause.<\/p>","protected":false},"excerpt":{"rendered":"<p class=\"product-des\">1. Vollst\u00e4ndige Kompatibilit\u00e4t, Kompatibel mit Solarphotovoltaik und Dieselgeneratoren<\/p>\n<p>2. Kompaktes Design, Ein elegantes All-in-One, wandmontiertes schlankes Design<\/p>\n<p>3. Modular und skalierbar, Einfach zuk\u00fcnftige Kapazit\u00e4t hinzuf\u00fcgen<\/p>\n<p>4. Intelligente Sicherheitsma\u00dfnahmen, Intelligenter Schutz f\u00fcr die elektrische Sicherheit im Haushalt<\/p>\n<p>5. Einfache Installation, Schnelle Installation durch eine Person<\/p>\n<div class=\"inquiryBasket\"><\/div>","protected":false},"featured_media":1557,"template":"","meta":{"site-sidebar-layout":"default","site-content-layout":"","ast-site-content-layout":"default","site-content-style":"default","site-sidebar-style":"default","ast-global-header-display":"","ast-banner-title-visibility":"","ast-main-header-display":"","ast-hfb-above-header-display":"","ast-hfb-below-header-display":"","ast-hfb-mobile-header-display":"","site-post-title":"","ast-breadcrumbs-content":"","ast-featured-img":"","footer-sml-layout":"","ast-disable-related-posts":"","theme-transparent-header-meta":"default","adv-header-id-meta":"","stick-header-meta":"default","header-above-stick-meta":"","header-main-stick-meta":"","header-below-stick-meta":"","astra-migrate-meta-layouts":"set","ast-page-background-enabled":"default","ast-page-background-meta":{"desktop":{"background-color":"var(--ast-global-color-4)","background-image":"","background-repeat":"repeat","background-position":"center center","background-size":"auto","background-attachment":"scroll","background-type":"","background-media":"","overlay-type":"","overlay-color":"","overlay-opacity":"","overlay-gradient":""},"tablet":{"background-color":"","background-image":"","background-repeat":"repeat","background-position":"center center","background-size":"auto","background-attachment":"scroll","background-type":"","background-media":"","overlay-type":"","overlay-color":"","overlay-opacity":"","overlay-gradient":""},"mobile":{"background-color":"","background-image":"","background-repeat":"repeat","background-position":"center center","background-size":"auto","background-attachment":"scroll","background-type":"","background-media":"","overlay-type":"","overlay-color":"","overlay-opacity":"","overlay-gradient":""}},"ast-content-background-meta":{"desktop":{"background-color":"var(--ast-global-color-5)","background-image":"","background-repeat":"repeat","background-position":"center center","background-size":"auto","background-attachment":"scroll","background-type":"","background-media":"","overlay-type":"","overlay-color":"","overlay-opacity":"","overlay-gradient":""},"tablet":{"background-color":"var(--ast-global-color-5)","background-image":"","background-repeat":"repeat","background-position":"center center","background-size":"auto","background-attachment":"scroll","background-type":"","background-media":"","overlay-type":"","overlay-color":"","overlay-opacity":"","overlay-gradient":""},"mobile":{"background-color":"var(--ast-global-color-5)","background-image":"","background-repeat":"repeat","background-position":"center center","background-size":"auto","background-attachment":"scroll","background-type":"","background-media":"","overlay-type":"","overlay-color":"","overlay-opacity":"","overlay-gradient":""}}},"product_brand":[],"product_cat":[47,56,49],"product_tag":[],"class_list":{"0":"post-1556","1":"product","2":"type-product","3":"status-publish","4":"has-post-thumbnail","6":"product_cat-residetial-ess","7":"product_cat-energy-storage-battery-system","8":"product_cat-wall-mounted-ess","9":"desktop-align-left","10":"tablet-align-left","11":"mobile-align-left","12":"ast-product-gallery-layout-horizontal-slider","13":"ast-product-tabs-layout-horizontal","15":"first","16":"instock","17":"shipping-taxable","18":"purchasable","19":"product-type-simple"},"_links":{"self":[{"href":"https:\/\/haisicstorage.com\/de\/wp-json\/wp\/v2\/product\/1556","targetHints":{"allow":["GET"]}}],"collection":[{"href":"https:\/\/haisicstorage.com\/de\/wp-json\/wp\/v2\/product"}],"about":[{"href":"https:\/\/haisicstorage.com\/de\/wp-json\/wp\/v2\/types\/product"}],"version-history":[{"count":3,"href":"https:\/\/haisicstorage.com\/de\/wp-json\/wp\/v2\/product\/1556\/revisions"}],"predecessor-version":[{"id":3513,"href":"https:\/\/haisicstorage.com\/de\/wp-json\/wp\/v2\/product\/1556\/revisions\/3513"}],"wp:featuredmedia":[{"embeddable":true,"href":"https:\/\/haisicstorage.com\/de\/wp-json\/wp\/v2\/media\/1557"}],"wp:attachment":[{"href":"https:\/\/haisicstorage.com\/de\/wp-json\/wp\/v2\/media?parent=1556"}],"wp:term":[{"taxonomy":"product_brand","embeddable":true,"href":"https:\/\/haisicstorage.com\/de\/wp-json\/wp\/v2\/product_brand?post=1556"},{"taxonomy":"product_cat","embeddable":true,"href":"https:\/\/haisicstorage.com\/de\/wp-json\/wp\/v2\/product_cat?post=1556"},{"taxonomy":"product_tag","embeddable":true,"href":"https:\/\/haisicstorage.com\/de\/wp-json\/wp\/v2\/product_tag?post=1556"}],"curies":[{"name":"wp","href":"https:\/\/api.w.org\/{rel}","templated":true}]}}