{"id":1552,"date":"2025-11-30T02:33:41","date_gmt":"2025-11-30T02:33:41","guid":{"rendered":"https:\/\/haisicstorage.com\/?post_type=product&#038;p=1552"},"modified":"2026-02-27T07:38:01","modified_gmt":"2026-02-27T07:38:01","slug":"high-volt-stacked-20kwh","status":"publish","type":"product","link":"https:\/\/haisicstorage.com\/de\/high-volt-stacked-20kwh\/","title":{"rendered":"Hochvolt-Stapel 20 kWh"},"content":{"rendered":"<p><strong>Was sind die g\u00e4ngigen Kategorien von <a href=\"https:\/\/www.haisicbattery.com\/products\/solar-energy-storage-system\" target=\"_blank\" rel=\"noopener\">Energiespeichersystemen<\/a>?<\/strong><\/p>\n<p>Es gibt mehrere Arten g\u00e4ngiger Energiespeicherbatterien auf dem Markt:<\/p>\n<p>All-in-One-ESS (integrierter Wechselrichter)<\/p>\n<p>Gestapelt<\/p>\n<p>Wandmontiert<\/p>\n<p>Auf R\u00e4dern<\/p>\n<p>Rackmontiert<\/p>\n<p><strong>Batterieparameter<\/strong><\/p>\n<p><strong><img decoding=\"async\" src=\"https:\/\/shopic.mcmcclass.com\/20221103140934089576076.jpg\" alt=\"Solarkraft-Energiespeichersysteme\" \/><\/strong><\/p>\n<p>&nbsp;<\/p>\n<p><strong>Wie installiere ich meine\u00a0<a href=\"https:\/\/www.haisicbattery.com\/products\/solar-energy-storage-system\" target=\"_blank\" rel=\"noopener\">Energiespeichersystem<\/a>?<\/strong><\/p>\n<p>&nbsp;<\/p>\n<p>Wenn Sie ein zertifizierter Installateur sind, wie z.B. ein Elektriker, k\u00f6nnen Sie installieren\u00a0<a href=\"https:\/\/www.haisicbattery.com\/products\/solar-energy-storage-batterylrydz\" target=\"_blank\" rel=\"noopener\">Energiespeicherbatterien<\/a>\u00a0F\u00fcr Ihr Zuhause selbst. Vor der Installation best\u00e4tigen Sie bitte, dass das erhaltene Produkt gut verpackt und unbesch\u00e4digt ist, und bewahren Sie das entsprechende Garantiezertifikat auf.<\/p>\n<p>&nbsp;<\/p>\n<p>Wenn Sie kein professioneller Solarmonteur sind, wenden Sie sich bitte an lokale Installateure und Monteure, um die Bedienung durchzuf\u00fchren. \u00dcberpr\u00fcfen Sie vor der Installation die entsprechenden Qualifikationen des Monteurs, die anzeigen, dass der Monteur qualifiziert ist, Ihr Batteriespeichersystem zu installieren.<\/p>\n<p>&nbsp;<\/p>\n<p>Der Monteur kann w\u00e4hrend der Installation das Haus vor\u00fcbergehend abschalten, aber dieser Zeitraum sollte kurz sein. Wenn Ihr Z\u00e4hler oder Z\u00e4hlerschrank ein Upgrade ben\u00f6tigt, kann es sein, dass die Stromversorgung f\u00fcr l\u00e4ngere Zeit unterbrochen werden muss. W\u00e4hrend des gesamten Installationszeitraums best\u00e4tigen Sie bitte den Erhalt aller notwendigen Dokumente und bewahren Sie diese auf. Dies ist das wichtigste Dokument, falls Sie eine Garantie oder einen Anspruch geltend machen m\u00fcssen.<\/p>\n<p>Beachten Sie, dass es auch sehr wichtig ist, vom Monteur zu lernen, wie man die Energiespeicherbatterie richtig benutzt, bevor er das Gel\u00e4nde verl\u00e4sst.<\/p>\n<p>&nbsp;<\/p>\n<p><strong>Wechselrichterparameter<\/strong><\/p>\n<table border=\"0\" cellspacing=\"0\" cellpadding=\"0\">\n<colgroup>\n<col \/>\n<col \/><\/colgroup>\n<tbody>\n<tr>\n<td>Modell<\/td>\n<td>R10KL1<\/td>\n<\/tr>\n<tr>\n<td colspan=\"2\">Eingang (PV)<\/td>\n<\/tr>\n<tr>\n<td>Max. Leistung (kW)<\/td>\n<td>13<\/td>\n<\/tr>\n<tr>\n<td>Max. DC-Spannung (V)<\/td>\n<td>500<\/td>\n<\/tr>\n<tr>\n<td>MPPT-Spannungsbereich (V)<\/td>\n<td>120~500<\/td>\n<\/tr>\n<tr>\n<td>Max. Eingangsstrom des einzelnen MPPT (A)<\/td>\n<td>12<\/td>\n<\/tr>\n<tr>\n<td>MAX. Kurzschlussstrom (A)<\/td>\n<td>15<\/td>\n<\/tr>\n<tr>\n<td colspan=\"2\">AC-Ausgang<\/td>\n<\/tr>\n<tr>\n<td>Nennleistung (kVA)<\/td>\n<td>10<\/td>\n<\/tr>\n<tr>\n<td>Max. Ausgangsleistung (kVA)<\/td>\n<td>11<\/td>\n<\/tr>\n<tr>\n<td>Max. Ausgangsstrom (A)<\/td>\n<td>47.8<\/td>\n<\/tr>\n<tr>\n<td>AC-Ausgangsspannung (V)<\/td>\n<td>220,230,240<\/td>\n<\/tr>\n<tr>\n<td>Frequenz (Hz)<\/td>\n<td>50\/60 (45 ~ 55, 55 ~ 65)<\/td>\n<\/tr>\n<tr>\n<td>PF<\/td>\n<td>0,8 nachlaufend - 0,8 vorlaufend<\/td>\n<\/tr>\n<tr>\n<td>THDi<\/td>\n<td>&lt; 2%<\/td>\n<\/tr>\n<tr>\n<td colspan=\"2\">Batterie<\/td>\n<\/tr>\n<tr>\n<td>Nominelle Spannung (V)<\/td>\n<td>48<\/td>\n<\/tr>\n<tr>\n<td>Batteriespannungsbereich (V)<\/td>\n<td>40~60<\/td>\n<\/tr>\n<tr>\n<td>Max. Lade-\/Entladestrom (A)<\/td>\n<td>210\/210<\/td>\n<\/tr>\n<tr>\n<td>Batterietyp<\/td>\n<td>Lithium \/ Blei-S\u00e4ure<\/td>\n<\/tr>\n<tr>\n<td>Ladestrategie f\u00fcr Lithium-Ionen-Batterie<\/td>\n<td>Selbstanpassung an BMS<\/td>\n<\/tr>\n<tr>\n<td colspan=\"2\">EPS-Ausgang<\/td>\n<\/tr>\n<tr>\n<td>Nennleistung (kVA)<\/td>\n<td>10<\/td>\n<\/tr>\n<tr>\n<td>Nenn-Ausgangsspannung (V)<\/td>\n<td>220, 230 ,240<\/td>\n<\/tr>\n<tr>\n<td>Nennfrequenz (Hz)<\/td>\n<td>50\/60<\/td>\n<\/tr>\n<tr>\n<td>THDu<\/td>\n<td>&lt; 2%<\/td>\n<\/tr>\n<tr>\n<td colspan=\"2\">Schutz<\/td>\n<\/tr>\n<tr>\n<td>Erdungsdetektion<\/td>\n<td>JA<\/td>\n<\/tr>\n<tr>\n<td>Kurzschlussschutz bei Lichtbogen<\/td>\n<td>optional<\/td>\n<\/tr>\n<tr>\n<td>Netztrennungsschutz<\/td>\n<td>JA<\/td>\n<\/tr>\n<tr>\n<td>Batterie umgekehrte Polarit\u00e4t<\/td>\n<td>JA<\/td>\n<\/tr>\n<tr>\n<td>Isolationswiderstandserkennung<\/td>\n<td>JA<\/td>\n<\/tr>\n<tr>\n<td>Reststrom\u00fcberwachungseinheit<\/td>\n<td>JA<\/td>\n<\/tr>\n<tr>\n<td>Ausgangs\u00fcberstromschutz<\/td>\n<td>JA<\/td>\n<\/tr>\n<tr>\n<td>Backup-Ausgang Kurzschlussschutz<\/td>\n<td>JA<\/td>\n<\/tr>\n<tr>\n<td>Anschluss-Temperatur\u00fcberwachung<\/td>\n<td>JA<\/td>\n<\/tr>\n<tr>\n<td>Ausgangs\u00fcber-\/unterspannungsschutz<\/td>\n<td>JA<\/td>\n<\/tr>\n<tr>\n<td colspan=\"2\">Allgemeine Daten<\/td>\n<\/tr>\n<tr>\n<td>Europa-Effizienz (PV)<\/td>\n<td>\u226597,8%<\/td>\n<\/tr>\n<tr>\n<td>MAX. Batteriekapazit\u00e4t zur Lasteffizienz<\/td>\n<td>\u226597,2%<\/td>\n<\/tr>\n<tr>\n<td>Schutzart<\/td>\n<td>IP65<\/td>\n<\/tr>\n<tr>\n<td>Ger\u00e4uschentwicklung(dB)<\/td>\n<td>&lt;38<\/td>\n<\/tr>\n<tr>\n<td>Betriebstemperatur<\/td>\n<td>-25\u2103 ~ 60\u2103<\/td>\n<\/tr>\n<tr>\n<td>K\u00fchlung<\/td>\n<td>L\u00dcFTERK\u00fchlung<\/td>\n<\/tr>\n<tr>\n<td>Relative Luftfeuchtigkeit<\/td>\n<td>0 ~95% (nicht kondensierend)<\/td>\n<\/tr>\n<tr>\n<td>H\u00f6henlage<\/td>\n<td>H\u00f6henlage 2.000 m (&gt;2.000 Abschattung)<\/td>\n<\/tr>\n<tr>\n<td>Abmessungen B *T *H (mm)<\/td>\n<td>430*220*710<\/td>\n<\/tr>\n<tr>\n<td>Gewicht(kg)<\/td>\n<td>41<\/td>\n<\/tr>\n<tr>\n<td>Anzeige<\/td>\n<td>LCD, Touchpanel (optional)<\/td>\n<\/tr>\n<tr>\n<td>Kommunikation mit BMS\/Z\u00e4hler\/EMS<\/td>\n<td>RS485, CAN<\/td>\n<\/tr>\n<tr>\n<td>Kommunikationsschnittstelle<\/td>\n<td>RS485, WLAN, 4G (optional)<\/td>\n<\/tr>\n<tr>\n<td>Eigenverbrauch nachts<\/td>\n<td>&lt; 2,5 W (mit Batterieaktivierung &lt; 5 W)<\/td>\n<\/tr>\n<tr>\n<td>Zertifikate<\/td>\n<td>S\u00fcdafrika NRS, IEC 62109-1\/-2, IEC 61000-6-1, IEC 61000-6-3<\/td>\n<\/tr>\n<\/tbody>\n<\/table>\n<p>&nbsp;<\/p>\n<p><strong>Worauf sollte ich bei der Verwendung der Energiespeicherbatterie achten?<\/strong><\/p>\n<p>&nbsp;<\/p>\n<p>Wenn Sie die Lebensdauer der\u00a0<a href=\"https:\/\/www.haisicbattery.com\/products\/solar-energy-storage-batterylrydz\" target=\"_blank\" rel=\"noopener\">Energiespeicherbatterie<\/a>verl\u00e4ngern m\u00f6chten, f\u00fchren Sie regelm\u00e4\u00dfig einen vollst\u00e4ndigen Entladezyklus f\u00fcr die Batterie durch.<\/p>\n<p>Stellen Sie die Batterie bei etwa 25 \u2103 zum Laden und Entladen auf. Halten Sie Abstand zu Feuerquellen und hohen Temperaturen, um Feuer und Explosion zu vermeiden. Wenn die Batterie nicht in Gebrauch ist, sollte sie an einem Ort mit niedriger Luftfeuchtigkeit und guter Bel\u00fcftung gelagert werden.<\/p>\n<p>Da die Selbstentladungsrate der inneren\u00a0<a href=\"https:\/\/www.haisicbattery.com\/products\/lifepo4-battery-packetdwr\" target=\"_blank\" rel=\"noopener\">LFP-Batterie<\/a>\u00a0der Energiespeicherbatterie etwa 3% pro Monat betr\u00e4gt, stellen Sie bitte sicher, dass w\u00e4hrend der Lagerung keine Last vorhanden ist, und denken Sie daran, die Batterie regelm\u00e4\u00dfig aufzuladen.<\/p>\n<p>Wenn die Batterie w\u00e4hrend des Gebrauchs, der Lagerung oder des Ladens einen eigenartigen Geruch, Erw\u00e4rmung, Verf\u00e4rbung, Verformung oder eine andere Anomalie aufweist, stoppen Sie sie sofort und kontaktieren Sie einen Fachmann f\u00fcr eine Ger\u00e4teinspektion.<\/p>\n<p>F\u00fcgen Sie keine, entfernen Sie keine oder besch\u00e4digen Sie die Batterieausr\u00fcstung selbst.<\/p>\n<p>&nbsp;<\/p>\n<p>&nbsp;<\/p>","protected":false},"excerpt":{"rendered":"<p>Mit einfacher Installation und minimalistischem Design erg\u00e4nzt die bewegliche Modul-Lithiumbatterie verschiedene Wohnstile. Die Batteriekapazit\u00e4t kann je nach Nutzungssituation frei und flexibel erh\u00f6ht werden. Verwenden Sie die beste Sicherheits-LiFePO4-Batterie, um Kosten zu sparen. Einfache Installation, je nach Energiespeicherung, Bedarf und Kombination verschiedener Batteriepacks.<\/p>","protected":false},"featured_media":1553,"template":"","meta":{"site-sidebar-layout":"default","site-content-layout":"","ast-site-content-layout":"default","site-content-style":"default","site-sidebar-style":"default","ast-global-header-display":"","ast-banner-title-visibility":"","ast-main-header-display":"","ast-hfb-above-header-display":"","ast-hfb-below-header-display":"","ast-hfb-mobile-header-display":"","site-post-title":"","ast-breadcrumbs-content":"","ast-featured-img":"","footer-sml-layout":"","ast-disable-related-posts":"","theme-transparent-header-meta":"default","adv-header-id-meta":"","stick-header-meta":"default","header-above-stick-meta":"","header-main-stick-meta":"","header-below-stick-meta":"","astra-migrate-meta-layouts":"set","ast-page-background-enabled":"default","ast-page-background-meta":{"desktop":{"background-color":"var(--ast-global-color-4)","background-image":"","background-repeat":"repeat","background-position":"center center","background-size":"auto","background-attachment":"scroll","background-type":"","background-media":"","overlay-type":"","overlay-color":"","overlay-opacity":"","overlay-gradient":""},"tablet":{"background-color":"","background-image":"","background-repeat":"repeat","background-position":"center center","background-size":"auto","background-attachment":"scroll","background-type":"","background-media":"","overlay-type":"","overlay-color":"","overlay-opacity":"","overlay-gradient":""},"mobile":{"background-color":"","background-image":"","background-repeat":"repeat","background-position":"center center","background-size":"auto","background-attachment":"scroll","background-type":"","background-media":"","overlay-type":"","overlay-color":"","overlay-opacity":"","overlay-gradient":""}},"ast-content-background-meta":{"desktop":{"background-color":"var(--ast-global-color-5)","background-image":"","background-repeat":"repeat","background-position":"center center","background-size":"auto","background-attachment":"scroll","background-type":"","background-media":"","overlay-type":"","overlay-color":"","overlay-opacity":"","overlay-gradient":""},"tablet":{"background-color":"var(--ast-global-color-5)","background-image":"","background-repeat":"repeat","background-position":"center center","background-size":"auto","background-attachment":"scroll","background-type":"","background-media":"","overlay-type":"","overlay-color":"","overlay-opacity":"","overlay-gradient":""},"mobile":{"background-color":"var(--ast-global-color-5)","background-image":"","background-repeat":"repeat","background-position":"center center","background-size":"auto","background-attachment":"scroll","background-type":"","background-media":"","overlay-type":"","overlay-color":"","overlay-opacity":"","overlay-gradient":""}}},"product_brand":[],"product_cat":[47,56,45],"product_tag":[],"class_list":{"0":"post-1552","1":"product","2":"type-product","3":"status-publish","4":"has-post-thumbnail","6":"product_cat-residetial-ess","7":"product_cat-energy-storage-battery-system","8":"product_cat-rack-mounted-ess","9":"desktop-align-left","10":"tablet-align-left","11":"mobile-align-left","12":"ast-product-gallery-layout-horizontal-slider","13":"ast-product-tabs-layout-horizontal","15":"first","16":"instock","17":"shipping-taxable","18":"purchasable","19":"product-type-simple"},"_links":{"self":[{"href":"https:\/\/haisicstorage.com\/de\/wp-json\/wp\/v2\/product\/1552","targetHints":{"allow":["GET"]}}],"collection":[{"href":"https:\/\/haisicstorage.com\/de\/wp-json\/wp\/v2\/product"}],"about":[{"href":"https:\/\/haisicstorage.com\/de\/wp-json\/wp\/v2\/types\/product"}],"version-history":[{"count":4,"href":"https:\/\/haisicstorage.com\/de\/wp-json\/wp\/v2\/product\/1552\/revisions"}],"predecessor-version":[{"id":3512,"href":"https:\/\/haisicstorage.com\/de\/wp-json\/wp\/v2\/product\/1552\/revisions\/3512"}],"wp:featuredmedia":[{"embeddable":true,"href":"https:\/\/haisicstorage.com\/de\/wp-json\/wp\/v2\/media\/1553"}],"wp:attachment":[{"href":"https:\/\/haisicstorage.com\/de\/wp-json\/wp\/v2\/media?parent=1552"}],"wp:term":[{"taxonomy":"product_brand","embeddable":true,"href":"https:\/\/haisicstorage.com\/de\/wp-json\/wp\/v2\/product_brand?post=1552"},{"taxonomy":"product_cat","embeddable":true,"href":"https:\/\/haisicstorage.com\/de\/wp-json\/wp\/v2\/product_cat?post=1552"},{"taxonomy":"product_tag","embeddable":true,"href":"https:\/\/haisicstorage.com\/de\/wp-json\/wp\/v2\/product_tag?post=1552"}],"curies":[{"name":"wp","href":"https:\/\/api.w.org\/{rel}","templated":true}]}}