{"id":1458,"date":"2025-11-27T04:50:57","date_gmt":"2025-11-27T04:50:57","guid":{"rendered":"https:\/\/haisicstorage.com\/?post_type=product&#038;p=1458"},"modified":"2026-02-27T07:37:26","modified_gmt":"2026-02-27T07:37:26","slug":"lifepo4-battery-51-2v-100ah","status":"publish","type":"product","link":"https:\/\/haisicstorage.com\/de\/lifepo4-battery-51-2v-100ah\/","title":{"rendered":"Lifepo4-Batterie 51,2 V 100 Ah"},"content":{"rendered":"<div class=\"ProductAttr\">\n<div class=\"ProductAttrItem\">\n<div>Produkt-Highlights:<br \/>\n\u2714 Hohe Energiedichte: 5 kWh Gro\u00dfkapazit\u00e4tsdesign mit einer kompakten Rack-Montage-Struktur, spart Platz und bietet langlebige Energieversorgung.<br \/>\n\u2714 Hochspannungs-Effizienz: Hochspannungs-Systemdesign reduziert Energieverluste, verbessert Lade- und Entladeeffizienz und erf\u00fcllt die Speicheranforderungen f\u00fcr gewerbliche, industrielle und private Anwendungen.<br \/>\n\u2714 Intelligentes Management: Eingebautes BMS-Batteriemanagementsystem \u00fcberwacht Spannung, Temperatur und Strom in Echtzeit, um einen sicheren Betrieb zu gew\u00e4hrleisten und die Lebensdauer zu verl\u00e4ngern.<br \/>\n\u2714 Flexible Skalierbarkeit: Unterst\u00fctzt parallele Verbindung mehrerer Module, leicht skalierbar auf mehrere zehn kWh, um vielf\u00e4ltige Energiespeicherszenarien abzudecken.<br \/>\n\u2714 Stabil und langlebig: Verwendet hochwertige Lithium-Ionen-Zellen mit \u00fcber 6.000 Zyklen Lebensdauer, geeignet f\u00fcr einen weiten Temperaturbereich von -20\u00b0C bis 60\u00b0C, widersteht harschen Bedingungen.<br \/>\nAnwendungsszenarien:<br \/>\nGewerbliche und industrielle Energiespeicherung: Balanciert die Netzbelastung, senkt Stromkosten und adressiert Spitzen- und Talzeiten bei Strompreisen.<br \/>\nPrivate Photovoltaik-Energiespeicherung: Speichert Solarenergie, um Unabh\u00e4ngigkeit bei gr\u00fcner Energie zu erreichen.<br \/>\nNotstromversorgung: Bietet unterbrechungsfreie Stromversorgung f\u00fcr kritische Einrichtungen wie Rechenzentren und medizinische Ger\u00e4te.<br \/>\nWarum HS-GS5000WHV w\u00e4hlen?<br \/>\nWir nutzen modernste Technologie und strenge Sicherheitszertifizierungen (wie UL\/CE), um zuverl\u00e4ssige, intelligente Energiespeicherl\u00f6sungen zu liefern. Ob f\u00fcr Energieeinsparung, Emissionsreduzierung oder Leistungsoptimierung, der HS-GS5000WHV ist Ihr idealer Energieteilhaber.<\/div>\n<div><\/div>\n<div class=\"ProductAttr-title\">Zellchemie\u00a0 \u00a0 LiFePO4\u00a0 \u00a0 \u00a0 \u00a0 \u00a0 \u00a0 \u00a0 \u00a0 \u00a0 \u00a0 \u00a0 \u00a0 \u00a0 \u00a0 \u00a0<span style=\"font-size: 16px;\">Modulenergie(kWh)\u00a0 \u00a0 <\/span><span style=\"font-size: 16px;\">5.12<\/span><\/div>\n<\/div>\n<div class=\"ProductAttrItem\">\n<div class=\"ProductAttr-title\">Modul Nennspannung (V)\u00a0 \u00a0 51,2\u00a0 \u00a0 \u00a0 \u00a0 \u00a0 \u00a0 <span style=\"font-size: 16px;\">Modulkapazit\u00e4t(Ah)\u00a0 \u00a0 <\/span><span style=\"font-size: 16px;\">100<\/span><\/div>\n<\/div>\n<div class=\"ProductAttrItem\">\n<div class=\"ProductAttr-title\">Betriebstemperatur(\u00b0C)\u00a0 \u00a0Laden\u00a0 \u00a0 \u00a0 \u00a0 \u00a0 \u00a0 <span style=\"font-size: 16px;\">Kommunikationsport\u00a0 \u00a0 <\/span><span style=\"font-size: 16px;\">CAN2.0\/RS485<\/span><\/div>\n<\/div>\n<div class=\"ProductAttrItem\">\n<div class=\"ProductAttr-title\">Feuchtigkeit\u00a0 \u00a05~85%RH\u00a0 \u00a0 \u00a0 \u00a0 \u00a0 \u00a0 \u00a0 \u00a0 \u00a0 \u00a0 \u00a0 \u00a0 \u00a0 \u00a0 \u00a0 \u00a0 \u00a0 \u00a0 \u00a0<span style=\"font-size: 16px;\">H\u00f6henlage\u00a0 \u00a0<\/span><span style=\"font-size: 16px;\">\u22642000m<\/span><\/div>\n<\/div>\n<div class=\"ProductAttrItem\">\n<div class=\"ProductAttr-title\">IP-Schutzart des Geh\u00e4uses\u00a0 \u00a0IP20<strong style=\"font-size: 16px;\"><span data-spm-anchor-id=\"a2700.pc-decorate.0.i7.5d033333Lu9Prj\">\u00a0 \u00a0<\/span><\/strong><\/div>\n<\/div>\n<\/div>\n<div class=\"product-tab-desc\">\n<div data-spm-anchor-id=\"a2700.pc-decorate.0.i6.5d033333Lu9Prj\">\n<div data-spm-anchor-id=\"a2700.pc-decorate.0.i5.5d033333Lu9Prj\"><strong>Produktbeschreibung<\/strong><\/div>\n<div data-spm-anchor-id=\"a2700.pc-decorate.0.i5.5d033333Lu9Prj\"><img fetchpriority=\"high\" decoding=\"async\" src=\"https:\/\/shopic.mcmcclass.com\/66f55da59d7344f69c2f85f6729c01c8\/20250731\/image\/1268207834349189692\/20250731140510319169072.png\" alt=\"\" width=\"1000\" height=\"1000\" data-natural-size=\"1000,1000\" \/><\/div>\n<div data-spm-anchor-id=\"a2700.pc-decorate.0.i5.5d033333Lu9Prj\"><\/div>\n<div data-spm-anchor-id=\"a2700.pc-decorate.0.i5.5d033333Lu9Prj\"><\/div>\n<div data-spm-anchor-id=\"a2700.pc-decorate.0.i5.5d033333Lu9Prj\"><\/div>\n<div data-spm-anchor-id=\"a2700.pc-decorate.0.i5.5d033333Lu9Prj\"><strong>Produktvorteile <\/strong><\/div>\n<div data-spm-anchor-id=\"a2700.pc-decorate.0.i5.5d033333Lu9Prj\">\n<p><strong data-spm-anchor-id=\"a2700.pc-decorate.0.i5.1b2f3333Uc02wM\">\u2666L\u00e4ngere Zyklenlebensdauer :<\/strong>Die Anzahl der Zyklen erreicht \u00fcber 6000 Zyklen, der Betriebstemperaturbereich liegt zwischen -25\u00b0C und 60\u00b0C, mit hervorragender Entladeleistung und Zyklenlebensdauer.<\/p>\n<div><\/div>\n<div>\u2666<strong data-spm-anchor-id=\"a2700.pc-decorate.0.i4.1b2f3333Uc02wM\">Weniger Umweltverschmutzung:<\/strong>mit ungiftigem Material: Eisen, Graphit und Kupfer, Das gesamte Modul ist ungiftig, nicht verschmutzend und umweltfreundlich.<\/div>\n<div><\/div>\n<div>\u2666<strong>Sicher und zuverl\u00e4ssig<\/strong> :Kathodenmaterial besteht aus LiFePO4 mit Sicherheitsleistung und langer Zyklenlebensdauer, Das Modul hat eine geringere Selbstentladung, bis zu 6 Monate ohne Ladung im Lager, kein Memory-Effekt, hervorragende Leistung bei flacher Ladung und Entladung.<\/div>\n<div><\/div>\n<div>\u2666<strong>Hohe Entladeeffizienz:<\/strong>Batterieeffizienz &gt;98.10%<\/div>\n<div><strong>\u00a0<\/strong><\/div>\n<div><strong>\u2666<\/strong><strong>Flexible Konfiguration:<\/strong>Mehrere Batteriemodule k\u00f6nnen parallel geschaltet werden, um Kapazit\u00e4t und Leistung zu erweitern.<\/div>\n<div><strong>\u2666ger\u00e4uscharm<\/strong>\uff1a&lt;40dB<\/div>\n<\/div>\n<div data-spm-anchor-id=\"a2700.pc-decorate.0.i5.5d033333Lu9Prj\"><\/div>\n<div data-spm-anchor-id=\"a2700.pc-decorate.0.i5.5d033333Lu9Prj\"><strong>Unternehmensprofil <\/strong><\/div>\n<div data-spm-anchor-id=\"a2700.pc-decorate.0.i5.5d033333Lu9Prj\"><\/div>\n<div data-spm-anchor-id=\"a2700.pc-decorate.0.i5.5d033333Lu9Prj\"><\/div>\n<div data-spm-anchor-id=\"a2700.pc-decorate.0.i5.5d033333Lu9Prj\">\n<p><strong><span data-spm-anchor-id=\"a2700.pc-decorate.0.i21.5d033333Lu9Prj\">Gegr\u00fcndet im Jahr 2011 ist Shenzhen Haisic Technology Co., Ltd. ein nationales High-Tech-Unternehmen, das sich der Forschung, Entwicklung und Produktion von Energiespeicherprodukten wie LiFePO4-Batteriepacks, gewerblichen &amp; industriellen Energiespeichern, haushaltsenergiespeichern, tragbaren Stromstationen\/Solargeneratoren, Solarwechselrichtern, Hubwagenbatterien, RVA-Landschaftsbus-\/Golfwagenbatterien und anderen OEM\/ODM-Batterien in China widmet.<\/span><\/strong><\/p>\n<div><\/div>\n<div><strong>Seit mehr als 12 Jahren engagiert sich Haisic Technology tief in diesem Bereich und hat umfassende Erfahrungen in Forschung &amp; Entwicklung, Innovation, Qualit\u00e4tskontrolle und Management gesammelt. Unsere Produkte werden in der Hausspeicherung, industriellen Energiespeicherung, gewerblichen Energiespeicherung, Telekommunikation, Medizintechnik, Sicherheitskommunikation, Transport und Logistik, neuer Energie, Smart Home und anderen verwandten Bereichen eingesetzt. <\/strong><\/div>\n<div><strong>\u00a0<\/strong><\/div>\n<div><strong>We have owned our own production base covering more than 14000m located in Dapeng district of Shenzhen with ISO9001, ISO14001, IS045001 and Amfori BSCI, and our products are with CE, FCC, TUV-UL2054, CQC,RoHs, PSE,MSDS, UN38.3 certificates. We\u2019ve already provided safe, stable, environmentallyfriendly, high-quality products and professional OEM\/ODM services to customers in more than 80 countries and regions. <\/strong><\/div>\n<div><\/div>\n<div><strong>FAQ <\/strong><\/div>\n<div><strong><span data-spm-anchor-id=\"a2700.pc-decorate.0.i33.5d033333Lu9Prj\">1. Was ist das Besondere an Lithiumbatterien?<\/span><\/strong><\/div>\n<div>\n<p><span data-spm-anchor-id=\"a2700.pc-decorate.0.i33.5d033333Lu9Prj\">A: Mit hoher Energiedichte hat sie 460-600Wh\/kg erreicht, was etwa 6-7 Mal so hoch ist wie bei Blei-S\u00e4ure-Batterien. Lange Lebensdauer, die Lebensdauer kann mehr als 6 Jahre betragen. Leichtes Gewicht, das Gewicht betr\u00e4gt bei gleichem Volumen etwa 1\/5-6 des Blei-S\u00e4ure-Produkts.<\/span><\/p>\n<p>&nbsp;<\/p>\n<div data-spm-anchor-id=\"a2700.pc-decorate.0.i34.5d033333Lu9Prj\"><strong>2. Wof\u00fcr werden Lithiumbatterien verwendet?<br \/>\n<\/strong>A: Lithiumbatterie wird f\u00fcr Energieversorgung und Energiespeicherung verwendet. Wie Notstromversorgung oder USV. Zuverl\u00e4ssige elektrische und Freizeitfahrzeugleistung, Golfrad, zuverl\u00e4ssige und leichte marine Anwendungen, Solarstromspeicherung, Solarhaus, kleine Verarbeitungsfabrik, \u00dcberwachungs- oder Alarmanlagen in abgelegenen Gebieten.3.Sind Ihre Batterien sicher?A: Unsere Batterien sind sicher. Alle Zwayn-Batterien verwenden die sichersten und stabilsten Komponenten, einschlie\u00dflich einer LiFePO4-Kathode und einem integrierten Battery Management System (BMS). Das BMS sch\u00fctzt die Zellen vor zu hohen oder zu niedrigen Spannungen, hohen Str\u00f6men, Kurzschl\u00fcssen und \u00fcberm\u00e4\u00dfiger W\u00e4rme oder K\u00e4lte. Dies sind die h\u00e4ufigsten Ursachen f\u00fcr Batterieausf\u00e4lle, und wir haben alle Vorsichtsma\u00dfnahmen getroffen, um diese Risiken in allen unseren Batterien zu mindern.<br \/>\n<strong><br \/>\n4. Wie w\u00e4hle ich die richtige Lithium-Deep-Cycle-Batterie f\u00fcr meine Anwendung aus?<br \/>\n<\/strong>A: In den meisten Standard-12-, 24- oder 48-Volt-Systemen ist die beste Wahl f\u00fcr eine Lithiumbatterie LiFePO4 (Lithium-Eisenphosphat\/<br \/>\nPouch\/Prim\u00e4rbatteriezelle). Die Spannung dieser Batterieart ist der einer AGM sehr \u00e4hnlich und funktioniert hervorragend mit leicht<br \/>\nverf\u00fcgbaren Systemkomponenten f\u00fcr Ihr Wohnmobil, Boot, netzunabh\u00e4ngiges Stromsystem, Solarhaus (Fernseher, K\u00fchlschrank, Waschmaschine, Klimaanlage<br \/>\nconditioner, Wasserheizer, Mikrowellenherd, Induktionskochfeld, Geschirrsp\u00fcler, Drucker, Computer), Telekommunikationsturm, Hybrid- &amp; Off-Grid-Solarenergie Systemanwendungen.5.Kann es in Reihe oder parallel verwendet werden?A: Ja, es kann eine maximale Parallelschaltung von 15 verwenden, Max. 150 kWh Speicherbox.<br \/>\n<strong><br \/>\n6. Sind diese Akkupacks mit meinem Wechselrichter kompatibel? Haben Sie eine Firmenliste der kompatiblen Wechselrichter?<br \/>\n<\/strong>A: Ja, Sir, unser Akkupack ist mit den meisten Wechselrichtermarken auf dem Markt kompatibel, wie z. B. Deye, MUST, SMA, Growatt, Solax, Solis, Sungrow, Sofar, Voltronic, Sorotec, Studer usw.<p>\n<\/div>\n<\/div>\n<\/div>\n<\/div>\n<\/div>","protected":false},"excerpt":{"rendered":"<p>HS-GS5000WHV Hochspannungs-Rack-Speicherbatterie \u2014 Effizient, Stabil, Ihre Energiewende erm\u00f6glichend<\/p>","protected":false},"featured_media":3492,"template":"","meta":{"site-sidebar-layout":"default","site-content-layout":"","ast-site-content-layout":"default","site-content-style":"default","site-sidebar-style":"default","ast-global-header-display":"","ast-banner-title-visibility":"","ast-main-header-display":"","ast-hfb-above-header-display":"","ast-hfb-below-header-display":"","ast-hfb-mobile-header-display":"","site-post-title":"","ast-breadcrumbs-content":"","ast-featured-img":"","footer-sml-layout":"","ast-disable-related-posts":"","theme-transparent-header-meta":"default","adv-header-id-meta":"","stick-header-meta":"default","header-above-stick-meta":"","header-main-stick-meta":"","header-below-stick-meta":"","astra-migrate-meta-layouts":"set","ast-page-background-enabled":"default","ast-page-background-meta":{"desktop":{"background-color":"var(--ast-global-color-4)","background-image":"","background-repeat":"repeat","background-position":"center center","background-size":"auto","background-attachment":"scroll","background-type":"","background-media":"","overlay-type":"","overlay-color":"","overlay-opacity":"","overlay-gradient":""},"tablet":{"background-color":"","background-image":"","background-repeat":"repeat","background-position":"center center","background-size":"auto","background-attachment":"scroll","background-type":"","background-media":"","overlay-type":"","overlay-color":"","overlay-opacity":"","overlay-gradient":""},"mobile":{"background-color":"","background-image":"","background-repeat":"repeat","background-position":"center center","background-size":"auto","background-attachment":"scroll","background-type":"","background-media":"","overlay-type":"","overlay-color":"","overlay-opacity":"","overlay-gradient":""}},"ast-content-background-meta":{"desktop":{"background-color":"var(--ast-global-color-5)","background-image":"","background-repeat":"repeat","background-position":"center center","background-size":"auto","background-attachment":"scroll","background-type":"","background-media":"","overlay-type":"","overlay-color":"","overlay-opacity":"","overlay-gradient":""},"tablet":{"background-color":"var(--ast-global-color-5)","background-image":"","background-repeat":"repeat","background-position":"center center","background-size":"auto","background-attachment":"scroll","background-type":"","background-media":"","overlay-type":"","overlay-color":"","overlay-opacity":"","overlay-gradient":""},"mobile":{"background-color":"var(--ast-global-color-5)","background-image":"","background-repeat":"repeat","background-position":"center center","background-size":"auto","background-attachment":"scroll","background-type":"","background-media":"","overlay-type":"","overlay-color":"","overlay-opacity":"","overlay-gradient":""}}},"product_brand":[],"product_cat":[45,56,47],"product_tag":[],"class_list":{"0":"post-1458","1":"product","2":"type-product","3":"status-publish","4":"has-post-thumbnail","6":"product_cat-rack-mounted-ess","7":"product_cat-energy-storage-battery-system","8":"product_cat-residetial-ess","9":"desktop-align-left","10":"tablet-align-left","11":"mobile-align-left","12":"ast-product-gallery-layout-horizontal-slider","13":"ast-product-tabs-layout-horizontal","15":"first","16":"instock","17":"shipping-taxable","18":"purchasable","19":"product-type-simple"},"_links":{"self":[{"href":"https:\/\/haisicstorage.com\/de\/wp-json\/wp\/v2\/product\/1458","targetHints":{"allow":["GET"]}}],"collection":[{"href":"https:\/\/haisicstorage.com\/de\/wp-json\/wp\/v2\/product"}],"about":[{"href":"https:\/\/haisicstorage.com\/de\/wp-json\/wp\/v2\/types\/product"}],"version-history":[{"count":6,"href":"https:\/\/haisicstorage.com\/de\/wp-json\/wp\/v2\/product\/1458\/revisions"}],"predecessor-version":[{"id":3510,"href":"https:\/\/haisicstorage.com\/de\/wp-json\/wp\/v2\/product\/1458\/revisions\/3510"}],"wp:featuredmedia":[{"embeddable":true,"href":"https:\/\/haisicstorage.com\/de\/wp-json\/wp\/v2\/media\/3492"}],"wp:attachment":[{"href":"https:\/\/haisicstorage.com\/de\/wp-json\/wp\/v2\/media?parent=1458"}],"wp:term":[{"taxonomy":"product_brand","embeddable":true,"href":"https:\/\/haisicstorage.com\/de\/wp-json\/wp\/v2\/product_brand?post=1458"},{"taxonomy":"product_cat","embeddable":true,"href":"https:\/\/haisicstorage.com\/de\/wp-json\/wp\/v2\/product_cat?post=1458"},{"taxonomy":"product_tag","embeddable":true,"href":"https:\/\/haisicstorage.com\/de\/wp-json\/wp\/v2\/product_tag?post=1458"}],"curies":[{"name":"wp","href":"https:\/\/api.w.org\/{rel}","templated":true}]}}