{"id":1450,"date":"2025-11-27T04:45:06","date_gmt":"2025-11-27T04:45:06","guid":{"rendered":"https:\/\/haisicstorage.com\/?post_type=product&#038;p=1450"},"modified":"2026-02-27T06:50:16","modified_gmt":"2026-02-27T06:50:16","slug":"1075kwh-100kw-commercial-industrial-container-ess","status":"publish","type":"product","link":"https:\/\/haisicstorage.com\/de\/1075kwh-100kw-commercial-industrial-container-ess\/","title":{"rendered":"215KWH 100KW Gewerblicher &amp; Industrieller Container-ESS"},"content":{"rendered":"<p><strong>On-Grid Off-Grid Luftk\u00fchlung 200kW PCS 1mWh LiFePO4 Batteriespeicher ESS F\u00fcr Solarsysteme<\/strong><\/p>\n<p>Unser On-Grid Off-Grid Luftk\u00fchlung 200kW PCS 1mWh LiFePO4 Batteriespeicher (ESS) ist eine hochmoderne L\u00f6sung, die speziell f\u00fcr die Industrie- &amp; Gewerbliche Energiespeicherbranche entwickelt wurde.<br \/>\nKonzipiert, um Effizienz und Zuverl\u00e4ssigkeit zu maximieren, integriert dieses System nahtlos fortschrittliche Technologie, um das Energiemanagement f\u00fcr Unternehmen zu revolutionieren.<\/p>\n<p>&nbsp;<\/p>\n<p>All-in-One-Design f\u00fcr nahtlose Integration<br \/>\nUnser Produkt verf\u00fcgt \u00fcber ein All-in-One-Design, das eine nahtlose Integration in bestehende Solarsysteme gew\u00e4hrleistet.<br \/>\nMit einer AC-gekoppelten L\u00f6sung bietet es vielseitige Kompatibilit\u00e4t, erm\u00f6glicht einfache Installation und Betrieb.<br \/>\nDas Au\u00dfengeh\u00e4use ist so konstruiert, dass es verschiedenen Umweltbedingungen standh\u00e4lt, und ist somit f\u00fcr jeden Installationsort geeignet, egal ob netzgebunden, netzunabh\u00e4ngig oder Hybridnetz-Anwendungen.<\/p>\n<p>\u00dcberlegene Leistung und Haltbarkeit<br \/>\nAusgestattet mit einem Hochleistungs-200kW-Inverter liefert unser System stabile und zuverl\u00e4ssige Stromumwandlung und optimiert die Energieausnutzung.<br \/>\nDer LiFePO4-Akku mit einer Nennenergie von 1075,2kWh sorgt f\u00fcr eine langlebige Leistung mit einer Lebensdauer von 15 Jahren.<br \/>\nBetrieb innerhalb eines weiten Temperaturbereichs von -20\u00b0C bis 50\u00b0C und mit Schutzklasse IP65 ist unser System darauf ausgelegt, rauen industriellen Umgebungen standzuhalten und einen ununterbrochenen Betrieb zu gew\u00e4hrleisten.<\/p>\n<p>Fortschrittliche Technologie f\u00fcr erh\u00f6hte Effizienz<br \/>\nMit Fl\u00fcssigkeitsk\u00fchltechnologie h\u00e4lt unser System optimale Betriebstemperaturen aufrecht, verbessert die Gesamteffizienz und minimiert gleichzeitig den Ger\u00e4uschpegel auf \u226475dB.<br \/>\nMit Kommunikationsm\u00f6glichkeiten wie Ethernet und Modbus TCP\/IP ist die \u00dcberwachung und Steuerung des Systems bequem und zug\u00e4nglich.<br \/>\nDer MPPT-Spannungsbereich von 200~800V erm\u00f6glicht eine effiziente Energiegewinnung aus Solarmodulen und maximiert die Nutzung erneuerbarer Energiequellen.<\/p>\n<p>Produktmerkmale:<br \/>\nAll-in-One-Design f\u00fcr nahtlose Integration<br \/>\nAC-gekoppelte L\u00f6sung f\u00fcr vielseitige Kompatibilit\u00e4t<br \/>\nGeh\u00e4use f\u00fcr den Au\u00dfenbereich geeignet f\u00fcr jeden Installationsort<br \/>\nLebensdauer von 15 Jahren f\u00fcr langlebige Leistung<br \/>\nStabile Leistung mit wartungsfreiem Betrieb<\/p>\n<p>Produkteigenschaften:<br \/>\nModellnummer: 200kW\/1075kWh<br \/>\nBetriebstemperaturbereich: -20~50\u2103<br \/>\nBatterietyp: LiFePO4<br \/>\nGer\u00e4uschpegel: \u226475dB<br \/>\nSystemwirkungsgrad: \u226585%<br \/>\nMarkenname: Haisic<br \/>\nAbmessungen (L\u00d7B\u00d7H): 2700mm\u00d72400mm\u00d72550mm<br \/>\nGewicht: 9000KG<br \/>\nK\u00fchlung: Fl\u00fcssigkeitsk\u00fchlung<br \/>\nSpannungsbereich: 448V~560V<br \/>\nRelative Luftfeuchtigkeit: 0~95% (keine Kondensation)<br \/>\nKommunikation: Ethernet, Modbus TCP\/IP<br \/>\nHerkunftsland: Guangdong, China<br \/>\nNetzanschluss: Off-Grid, Hybridnetz, On-Grid<br \/>\nSchutzklasse: IP65<br \/>\nMPPT-Spannungsbereich: 200~800V<br \/>\nNennladung\/Entladungsleistung: 200kW<br \/>\nKommunikationsanschluss: Ethernet, Modbus TCP\/IP<br \/>\nWechselrichter: Hybrid<\/p>\n<p>Zusammenfassend bietet unser On-Grid Off-Grid Luftk\u00fchlung 200kW PCS 1mWh LiFePO4-Batterie-ESS eine umfassende L\u00f6sung f\u00fcr Unternehmen, die zuverl\u00e4ssige, effiziente und nachhaltige Energiespeicherl\u00f6sungen suchen.<br \/>\nMit fortschrittlicher Technologie, \u00fcberlegener Leistung und robuster Konstruktion ist es die ideale Wahl f\u00fcr industrielle und gewerbliche Energiespeicheranwendungen<\/p>","protected":false},"excerpt":{"rendered":"<p>Unser On-Grid Off-Grid Luftk\u00fchlung 200kW PCS 1mWh LiFePO4 Batteriespeicher (ESS) ist eine hochmoderne L\u00f6sung, die speziell f\u00fcr die Industrie- &amp; Gewerbliche Energiespeicherbranche entwickelt wurde. Konzipiert, um Effizienz und Zuverl\u00e4ssigkeit zu maximieren, integriert dieses System nahtlos fortschrittliche Technologie, um das Energiemanagement f\u00fcr Unternehmen zu revolutionieren.<\/p>","protected":false},"featured_media":3473,"template":"","meta":{"site-sidebar-layout":"default","site-content-layout":"","ast-site-content-layout":"default","site-content-style":"default","site-sidebar-style":"default","ast-global-header-display":"","ast-banner-title-visibility":"","ast-main-header-display":"","ast-hfb-above-header-display":"","ast-hfb-below-header-display":"","ast-hfb-mobile-header-display":"","site-post-title":"","ast-breadcrumbs-content":"","ast-featured-img":"","footer-sml-layout":"","ast-disable-related-posts":"","theme-transparent-header-meta":"default","adv-header-id-meta":"","stick-header-meta":"default","header-above-stick-meta":"","header-main-stick-meta":"","header-below-stick-meta":"","astra-migrate-meta-layouts":"set","ast-page-background-enabled":"default","ast-page-background-meta":{"desktop":{"background-color":"var(--ast-global-color-4)","background-image":"","background-repeat":"repeat","background-position":"center center","background-size":"auto","background-attachment":"scroll","background-type":"","background-media":"","overlay-type":"","overlay-color":"","overlay-opacity":"","overlay-gradient":""},"tablet":{"background-color":"","background-image":"","background-repeat":"repeat","background-position":"center center","background-size":"auto","background-attachment":"scroll","background-type":"","background-media":"","overlay-type":"","overlay-color":"","overlay-opacity":"","overlay-gradient":""},"mobile":{"background-color":"","background-image":"","background-repeat":"repeat","background-position":"center center","background-size":"auto","background-attachment":"scroll","background-type":"","background-media":"","overlay-type":"","overlay-color":"","overlay-opacity":"","overlay-gradient":""}},"ast-content-background-meta":{"desktop":{"background-color":"var(--ast-global-color-5)","background-image":"","background-repeat":"repeat","background-position":"center center","background-size":"auto","background-attachment":"scroll","background-type":"","background-media":"","overlay-type":"","overlay-color":"","overlay-opacity":"","overlay-gradient":""},"tablet":{"background-color":"var(--ast-global-color-5)","background-image":"","background-repeat":"repeat","background-position":"center center","background-size":"auto","background-attachment":"scroll","background-type":"","background-media":"","overlay-type":"","overlay-color":"","overlay-opacity":"","overlay-gradient":""},"mobile":{"background-color":"var(--ast-global-color-5)","background-image":"","background-repeat":"repeat","background-position":"center center","background-size":"auto","background-attachment":"scroll","background-type":"","background-media":"","overlay-type":"","overlay-color":"","overlay-opacity":"","overlay-gradient":""}}},"product_brand":[],"product_cat":[44,56],"product_tag":[],"class_list":{"0":"post-1450","1":"product","2":"type-product","3":"status-publish","4":"has-post-thumbnail","6":"product_cat-commercial-industrial-ess","7":"product_cat-energy-storage-battery-system","8":"desktop-align-left","9":"tablet-align-left","10":"mobile-align-left","11":"ast-product-gallery-layout-horizontal-slider","12":"ast-product-tabs-layout-horizontal","14":"first","15":"instock","16":"shipping-taxable","17":"purchasable","18":"product-type-simple"},"_links":{"self":[{"href":"https:\/\/haisicstorage.com\/de\/wp-json\/wp\/v2\/product\/1450","targetHints":{"allow":["GET"]}}],"collection":[{"href":"https:\/\/haisicstorage.com\/de\/wp-json\/wp\/v2\/product"}],"about":[{"href":"https:\/\/haisicstorage.com\/de\/wp-json\/wp\/v2\/types\/product"}],"version-history":[{"count":5,"href":"https:\/\/haisicstorage.com\/de\/wp-json\/wp\/v2\/product\/1450\/revisions"}],"predecessor-version":[{"id":3484,"href":"https:\/\/haisicstorage.com\/de\/wp-json\/wp\/v2\/product\/1450\/revisions\/3484"}],"wp:featuredmedia":[{"embeddable":true,"href":"https:\/\/haisicstorage.com\/de\/wp-json\/wp\/v2\/media\/3473"}],"wp:attachment":[{"href":"https:\/\/haisicstorage.com\/de\/wp-json\/wp\/v2\/media?parent=1450"}],"wp:term":[{"taxonomy":"product_brand","embeddable":true,"href":"https:\/\/haisicstorage.com\/de\/wp-json\/wp\/v2\/product_brand?post=1450"},{"taxonomy":"product_cat","embeddable":true,"href":"https:\/\/haisicstorage.com\/de\/wp-json\/wp\/v2\/product_cat?post=1450"},{"taxonomy":"product_tag","embeddable":true,"href":"https:\/\/haisicstorage.com\/de\/wp-json\/wp\/v2\/product_tag?post=1450"}],"curies":[{"name":"wp","href":"https:\/\/api.w.org\/{rel}","templated":true}]}}