{"id":1442,"date":"2025-11-27T04:38:55","date_gmt":"2025-11-27T04:38:55","guid":{"rendered":"https:\/\/haisicstorage.com\/?post_type=product&#038;p=1442"},"modified":"2026-02-27T07:36:56","modified_gmt":"2026-02-27T07:36:56","slug":"5kw-power-energy-storage-solar-system-for-home","status":"publish","type":"product","link":"https:\/\/haisicstorage.com\/de\/5kw-power-energy-storage-solar-system-for-home\/","title":{"rendered":"5kW Energie-Speichersystem f\u00fcr Solarenergie f\u00fcr Zuhause"},"content":{"rendered":"<p>Komplettes Solarmodul-Set mit 10kw Off-Grid-Solarsystem und Off-Grid-Wechselrichter<br \/>\n\u2013 Die perfekte L\u00f6sung f\u00fcr zuverl\u00e4ssige und nachhaltige Energieerzeugung<\/p>\n<p>Suchen Sie eine zuverl\u00e4ssige und nachhaltige Energiel\u00f6sung f\u00fcr Ihr Zuhause?<br \/>\nSuchen Sie nicht weiter! Wir stellen Ihnen unser komplettes Solarpanel-Stromversorgungssystem 5kW netzunabh\u00e4ngiges Solarsystem mit netzunabh\u00e4ngigem Wechselrichter vor.<br \/>\nDieses Solarsystem wurde entwickelt, um eine nahtlose und effiziente Energieerzeugung zu gew\u00e4hrleisten, und ist die beste Wahl f\u00fcr private und gewerbliche Anwendungen.<\/p>\n<p>Batterieparameter:<\/p>\n<table border=\"1\">\n<tbody>\n<tr>\n<td>Nennspannung<\/td>\n<td>51,2V<\/td>\n<\/tr>\n<tr>\n<td>Nennkapazit\u00e4t<\/td>\n<td>100Ah<\/td>\n<\/tr>\n<tr>\n<td>Nennenergie<\/td>\n<td>51,20 V<\/td>\n<\/tr>\n<tr>\n<td>Spannungsbereich<\/td>\n<td>44,8-56V<\/td>\n<\/tr>\n<tr>\n<td>Ladespannungsbereich<\/td>\n<td>55,2-56V<\/td>\n<\/tr>\n<tr>\n<td>Abschaltspannung<\/td>\n<td>44,8V<\/td>\n<\/tr>\n<tr>\n<td>Empfohlener Ladestrom<\/td>\n<td>50A<\/td>\n<\/tr>\n<tr>\n<td>Maximaler Ladestrom<\/td>\n<td>100 A<\/td>\n<\/tr>\n<tr>\n<td>Maximaler Entladestrom<\/td>\n<td>100 A<\/td>\n<\/tr>\n<tr>\n<td>AbmessungL*B*H<\/td>\n<td>460*164*612mm<\/td>\n<\/tr>\n<tr>\n<td>Gewicht<\/td>\n<td>51kg<\/td>\n<\/tr>\n<tr>\n<td>Kommunikationsport<\/td>\n<td>RS485, CAN<\/td>\n<\/tr>\n<tr>\n<td>Anzeige<\/td>\n<td>LED+LCD<\/td>\n<\/tr>\n<tr>\n<td>Anschlussklemme<\/td>\n<td>Steckbar<\/td>\n<\/tr>\n<tr>\n<td>Lebensdauer<\/td>\n<td>\uff1e6000 (0,5C@ 25\u2103, 80% DOD)<\/td>\n<\/tr>\n<tr>\n<td>Kompatibler Wechselrichter<\/td>\n<td>Growatt, Goodwe, Sol-Ark, SRNE, DEYE, Luxpower, Megarevo<\/td>\n<\/tr>\n<tr>\n<td>Zertifikat<\/td>\n<td>CE, FCC, RoHs, MSDS, UN38.3<\/td>\n<\/tr>\n<\/tbody>\n<\/table>\n<p>Effiziente und einfache Installation<br \/>\n\u2013 Genie\u00dfen Sie eine problemlose Installation mit unserem Solar-Bodenmontagesystem mit Neigungswinkel.<br \/>\nEs ist einfach zu installieren, sodass Sie Ihr Solarsystem im Handumdrehen in Betrieb nehmen k\u00f6nnen.<br \/>\n\u2013 Die enthaltene Montageart: BIPV-Montage gew\u00e4hrleistet eine sichere und stabile Struktur und sorgt f\u00fcr optimale Leistung auch bei schwierigen Wetterbedingungen.<\/p>\n<p>Zuverl\u00e4ssige Stromversorgung<br \/>\n\u2013 Mit einer Nennkapazit\u00e4t von 100Ah und einer Nennenergieabgabe von 5KWh<br \/>\nbietet unser Solarsystem eine zuverl\u00e4ssige und kontinuierliche Stromversorgung, um Ihren Energiebedarf zu decken.<br \/>\n\u2013 Der Lithium-Ionen-Batterietyp garantiert eine lange Lebensdauer und erm\u00f6glicht eine effiziente Energiespeicherung.<\/p>\n<p>Wechselrichterparameter<\/p>\n<table border=\"1\">\n<tbody>\n<tr>\n<td>Modell<\/td>\n<td>HF4850U80-H<\/td>\n<td>Verstellbar<\/td>\n<\/tr>\n<tr>\n<td colspan=\"3\">Batterieeingang<\/td>\n<\/tr>\n<tr>\n<td>Batterietyp<\/td>\n<td>Versiegelt, Flut, GEL, LFP, Tern\u00e4r<\/td>\n<td>\u221a<\/td>\n<\/tr>\n<tr>\n<td>Nennspannung des Batteriezuleitung<\/td>\n<td>48V (Mindeststartspannung 44V)<\/td>\n<td><\/td>\n<\/tr>\n<tr>\n<td>Hybrid-Ladung Maximale Ladestrom<\/td>\n<td>80 A<\/td>\n<td>\u221a<\/td>\n<\/tr>\n<tr>\n<td>Batteriespannungsbereich<\/td>\n<td>40Vdc-60Vdc:0,6Vdc (Unterspannung<br \/>\nWarnung\/Abschaltspannung\/<br \/>\n\u00dcberspannungswarnung\/\u00dcberspannungserholung\u2026<\/td>\n<td>\u221a<\/td>\n<\/tr>\n<tr>\n<td colspan=\"3\">Solareingang<\/td>\n<\/tr>\n<tr>\n<td>Maximale PV-Leerlaufspannung<\/td>\n<td>500Vdc<\/td>\n<td><\/td>\n<\/tr>\n<tr>\n<td>PV-Arbeitsspannungsbereich<\/td>\n<td>120-500Vdc<\/td>\n<td><\/td>\n<\/tr>\n<tr>\n<td>MPPT-Spannungsbereich<\/td>\n<td>120-450Vdc<\/td>\n<td><\/td>\n<\/tr>\n<tr>\n<td>Maximaler PV-Eingangsstrom<\/td>\n<td>18A<\/td>\n<td><\/td>\n<\/tr>\n<tr>\n<td>Maximale PV-Eingangsleistung<\/td>\n<td>5500W<\/td>\n<td><\/td>\n<\/tr>\n<tr>\n<td>Maximaler PV-Ladestrom<\/td>\n<td>80 A<\/td>\n<td>\u221a<\/td>\n<\/tr>\n<tr>\n<td colspan=\"3\">AC-Eingang (Generator\/Netz)<\/td>\n<\/tr>\n<tr>\n<td>Hauptnetz-Maximaler Ladestrom<\/td>\n<td>40A<\/td>\n<td>\u221a<\/td>\n<\/tr>\n<tr>\n<td>Nenn-Eingangsspannung<\/td>\n<td>110\/120V Wechselstrom<\/td>\n<td><\/td>\n<\/tr>\n<tr>\n<td>Eingangsspannungsbereich<\/td>\n<td>(90V~140V)=2%<\/td>\n<td>\u221a<\/td>\n<\/tr>\n<tr>\n<td>Frequenz<\/td>\n<td>50Hz\/60Hz (Automatische Erkennung)<\/td>\n<td><\/td>\n<\/tr>\n<tr>\n<td>Netz-Ladeeffizienz<\/td>\n<td>&gt;95%<\/td>\n<td><\/td>\n<\/tr>\n<tr>\n<td>Schaltzeit (Umgehung und Wechselrichter)<\/td>\n<td>10ms (Typischer Wert)<\/td>\n<td><\/td>\n<\/tr>\n<tr>\n<td>Maximaler Umgehungs\u00fcberlaststrom<\/td>\n<td>63A<\/td>\n<td><\/td>\n<\/tr>\n<tr>\n<td colspan=\"3\">AC-Ausgang<\/td>\n<\/tr>\n<tr>\n<td>Ausgangsspannungswellenform<\/td>\n<td>Reine Sinuswelle<\/td>\n<td><\/td>\n<\/tr>\n<tr>\n<td>Nenn-Ausgangsspannung (Vac)<\/td>\n<td>120V Wechselstrom (100\/105\/110V Wechselstrom)<\/td>\n<td>\u221a<\/td>\n<\/tr>\n<tr>\n<td>Nenn-Leistung (VA)<\/td>\n<td>5000 (4100\/4300\/4500)<\/td>\n<td><\/td>\n<\/tr>\n<tr>\n<td>Nenn-Leistung (W)<\/td>\n<td>5000(4100\/4300\/4500)<\/td>\n<td><\/td>\n<\/tr>\n<tr>\n<td>Spitzenleistung<\/td>\n<td>10.000VA<\/td>\n<td><\/td>\n<\/tr>\n<tr>\n<td>Motorbelastung im Betrieb<\/td>\n<td>4PS<\/td>\n<td><\/td>\n<\/tr>\n<tr>\n<td>Frequenzbereich (Hz)<\/td>\n<td>50Hz+0,3Hz\/60Hz+0,3Hz<\/td>\n<td>\u221a<\/td>\n<\/tr>\n<tr>\n<td>Maximale Effizienz<\/td>\n<td>&gt;90%<\/td>\n<td><\/td>\n<\/tr>\n<tr>\n<td>Leerlaufverlust<\/td>\n<td>Nicht-Energieeinsparmodus: s50W Energieeinsparmodus<br \/>\nModus: s25W (Manuelle Einstellung)<\/td>\n<td><\/td>\n<\/tr>\n<tr>\n<td colspan=\"3\">Allgemein<\/td>\n<\/tr>\n<tr>\n<td>Zertifikat<\/td>\n<td>CE(IEC62109-1)\/CETL(UL 1741 C22,2 NR.107.1)<\/td>\n<td><\/td>\n<\/tr>\n<tr>\n<td>EMC-Zertifizierungsstufe<\/td>\n<td>EN61000<\/td>\n<td><\/td>\n<\/tr>\n<tr>\n<td>Betriebstemperaturbereich<\/td>\n<td>-15\u00b0C~55\u00b0C<\/td>\n<td><\/td>\n<\/tr>\n<tr>\n<td>Speichertemperaturbereich<\/td>\n<td>-25\u00b0C~60\u00b0C<\/td>\n<td><\/td>\n<\/tr>\n<tr>\n<td>Feuchtigkeitsbereich<\/td>\n<td>5% bis 95% (Konformalbeschichtungsschutz)<\/td>\n<td><\/td>\n<\/tr>\n<tr>\n<td>Abmessungen<\/td>\n<td>426mm\u00d7322mm\u00d7126mm<\/td>\n<td><\/td>\n<\/tr>\n<tr>\n<td>Gewicht (KG)<\/td>\n<td>11.6<\/td>\n<td><\/td>\n<\/tr>\n<\/tbody>\n<\/table>\n<p>Fortschrittliche Technologie und Sicherheit<br \/>\n\u2013 Unser Komplettset Solarpanel-Stromsystem verf\u00fcgt \u00fcber einen MPPT-Controller-Typ, der maximale Energieerzeugung aus den Solarmodulen gew\u00e4hrleistet.<br \/>\n\u2013 Der enthaltene Wechselrichter liefert eine reine Sinuswellen-Ausgangsspannung, die stabile und hochwertige Energie f\u00fcr Ihre Ger\u00e4te bereitstellt.<br \/>\n\u2013 Mit einem weiten Eingangsspannungsbereich von (170Vac~280Vac) \u00b12%\/(90Vac-280Vac)\u00b12%<br \/>\nkann dieses System sich an verschiedene Spannungsbedingungen anpassen und eine kontinuierliche Stromversorgung ohne Unterbrechungen gew\u00e4hrleisten.<\/p>\n<p>Vorteil<br \/>\n\u2013 5 Jahre Garantie f\u00fcr Ihre Sicherheit und langfristige Zuverl\u00e4ssigkeit.<br \/>\n\u2013 CE- und FCC-Zertifizierung garantiert die h\u00f6chsten Sicherheitsstandards.<br \/>\n\u2013 Vorverkauf Projektplanung verf\u00fcgbar, um die perfekte Passform f\u00fcr Ihre spezifischen Anforderungen zu gew\u00e4hrleisten.<br \/>\n\u2013 Mit einem Herkunftsort in Guangdong, China, wird unser Solarsystem mit Pr\u00e4zision und Liebe zum Detail gefertigt.<br \/>\n\u2013 Geeignet f\u00fcr sowohl private als auch gewerbliche Anwendungen, bietet Vielseitigkeit und Flexibilit\u00e4t.<br \/>\n\u2013 Automatische Frequenzdetektion (50Hz\/60Hz) sorgt f\u00fcr Kompatibilit\u00e4t in verschiedenen Regionen.<br \/>\n\u2013 Monokristallines Silizium-Solarmodul sorgt f\u00fcr optimale Energieumwandlung und maximale Stromerzeugung.<br \/>\n\u2013 Entwickelt f\u00fcr eine Arbeitszeit von 24 Stunden, gew\u00e4hrleistet eine konstante Stromversorgung Tag und Nacht.<\/p>\n<p>Entdecken Sie die perfekte L\u00f6sung f\u00fcr saubere und nachhaltige Energieerzeugung. Investieren Sie noch heute in unser Komplettset Solarpanel-Stromversorgungssystem 5kw Off-Grid-Solarsystem mit Off-Grid-Inverter und profitieren Sie von zuverl\u00e4ssiger und umweltfreundlicher Energie f\u00fcr die kommenden Jahre. Machen Sie mit bei der Revolution der Solarenergiesystembranche und hinterlassen Sie einen positiven Einfluss auf die Umwelt.<\/p>","protected":false},"excerpt":{"rendered":"<p>\u203b Das gesamte System umfasst eine 5kWh-Wandbatterie, einen 5kVa-Hybrid-Wechselrichter, 425W-Solarmodule, Montagehalterungen und Anschlusszubeh\u00f6r<br \/>\n\u203b Bieten Sie Fernleitungsdienste und Systemdesign-Dienste entsprechend Ihren eigenen Bed\u00fcrfnissen an<br \/>\n\u203b Das Gesamtsystem ist einfach und leicht zu installieren<br \/>\n\u203b 5 Jahre Garantie<\/p>","protected":false},"featured_media":1445,"template":"","meta":{"site-sidebar-layout":"default","site-content-layout":"","ast-site-content-layout":"default","site-content-style":"default","site-sidebar-style":"default","ast-global-header-display":"","ast-banner-title-visibility":"","ast-main-header-display":"","ast-hfb-above-header-display":"","ast-hfb-below-header-display":"","ast-hfb-mobile-header-display":"","site-post-title":"","ast-breadcrumbs-content":"","ast-featured-img":"","footer-sml-layout":"","ast-disable-related-posts":"","theme-transparent-header-meta":"default","adv-header-id-meta":"","stick-header-meta":"default","header-above-stick-meta":"","header-main-stick-meta":"","header-below-stick-meta":"","astra-migrate-meta-layouts":"set","ast-page-background-enabled":"default","ast-page-background-meta":{"desktop":{"background-color":"var(--ast-global-color-4)","background-image":"","background-repeat":"repeat","background-position":"center center","background-size":"auto","background-attachment":"scroll","background-type":"","background-media":"","overlay-type":"","overlay-color":"","overlay-opacity":"","overlay-gradient":""},"tablet":{"background-color":"","background-image":"","background-repeat":"repeat","background-position":"center center","background-size":"auto","background-attachment":"scroll","background-type":"","background-media":"","overlay-type":"","overlay-color":"","overlay-opacity":"","overlay-gradient":""},"mobile":{"background-color":"","background-image":"","background-repeat":"repeat","background-position":"center center","background-size":"auto","background-attachment":"scroll","background-type":"","background-media":"","overlay-type":"","overlay-color":"","overlay-opacity":"","overlay-gradient":""}},"ast-content-background-meta":{"desktop":{"background-color":"var(--ast-global-color-5)","background-image":"","background-repeat":"repeat","background-position":"center center","background-size":"auto","background-attachment":"scroll","background-type":"","background-media":"","overlay-type":"","overlay-color":"","overlay-opacity":"","overlay-gradient":""},"tablet":{"background-color":"var(--ast-global-color-5)","background-image":"","background-repeat":"repeat","background-position":"center center","background-size":"auto","background-attachment":"scroll","background-type":"","background-media":"","overlay-type":"","overlay-color":"","overlay-opacity":"","overlay-gradient":""},"mobile":{"background-color":"var(--ast-global-color-5)","background-image":"","background-repeat":"repeat","background-position":"center center","background-size":"auto","background-attachment":"scroll","background-type":"","background-media":"","overlay-type":"","overlay-color":"","overlay-opacity":"","overlay-gradient":""}}},"product_brand":[],"product_cat":[47,56,50],"product_tag":[],"class_list":{"0":"post-1442","1":"product","2":"type-product","3":"status-publish","4":"has-post-thumbnail","6":"product_cat-residetial-ess","7":"product_cat-energy-storage-battery-system","8":"product_cat-floor-standing-ess","9":"desktop-align-left","10":"tablet-align-left","11":"mobile-align-left","12":"ast-product-gallery-layout-horizontal-slider","13":"ast-product-tabs-layout-horizontal","15":"first","16":"instock","17":"shipping-taxable","18":"purchasable","19":"product-type-simple"},"_links":{"self":[{"href":"https:\/\/haisicstorage.com\/de\/wp-json\/wp\/v2\/product\/1442","targetHints":{"allow":["GET"]}}],"collection":[{"href":"https:\/\/haisicstorage.com\/de\/wp-json\/wp\/v2\/product"}],"about":[{"href":"https:\/\/haisicstorage.com\/de\/wp-json\/wp\/v2\/types\/product"}],"version-history":[{"count":4,"href":"https:\/\/haisicstorage.com\/de\/wp-json\/wp\/v2\/product\/1442\/revisions"}],"predecessor-version":[{"id":3509,"href":"https:\/\/haisicstorage.com\/de\/wp-json\/wp\/v2\/product\/1442\/revisions\/3509"}],"wp:featuredmedia":[{"embeddable":true,"href":"https:\/\/haisicstorage.com\/de\/wp-json\/wp\/v2\/media\/1445"}],"wp:attachment":[{"href":"https:\/\/haisicstorage.com\/de\/wp-json\/wp\/v2\/media?parent=1442"}],"wp:term":[{"taxonomy":"product_brand","embeddable":true,"href":"https:\/\/haisicstorage.com\/de\/wp-json\/wp\/v2\/product_brand?post=1442"},{"taxonomy":"product_cat","embeddable":true,"href":"https:\/\/haisicstorage.com\/de\/wp-json\/wp\/v2\/product_cat?post=1442"},{"taxonomy":"product_tag","embeddable":true,"href":"https:\/\/haisicstorage.com\/de\/wp-json\/wp\/v2\/product_tag?post=1442"}],"curies":[{"name":"wp","href":"https:\/\/api.w.org\/{rel}","templated":true}]}}