{"id":3,"date":"2024-01-21T08:45:15","date_gmt":"2024-01-21T08:45:15","guid":{"rendered":"https:\/\/ivory-stingray-401240.hostingersite.com\/?page_id=3"},"modified":"2025-12-13T06:15:08","modified_gmt":"2025-12-13T06:15:08","slug":"privacy-policy","status":"publish","type":"page","link":"https:\/\/haisicstorage.com\/de\/privacy-policy\/","title":{"rendered":"Datenschutzrichtlinie"},"content":{"rendered":"<div data-elementor-type=\"wp-page\" data-elementor-id=\"3\" class=\"elementor elementor-3\" data-elementor-post-type=\"page\">\n\t\t\t\t<div class=\"elementor-element elementor-element-26027344 e-flex e-con-boxed e-con e-parent\" data-id=\"26027344\" data-element_type=\"container\" data-e-type=\"container\">\n\t\t\t\t\t<div class=\"e-con-inner\">\n\t\t\t\t<div class=\"elementor-element elementor-element-118bea7 elementor-widget elementor-widget-text-editor\" data-id=\"118bea7\" data-element_type=\"widget\" data-e-type=\"widget\" data-widget_type=\"text-editor.default\">\n\t\t\t\t<div class=\"elementor-widget-container\">\n\t\t\t\t\t\t\t\t\t\n<h1 class=\"wp-block-heading\" data-start=\"133\" data-end=\"149\">Datenschutzrichtlinie<\/h1>\n<p data-start=\"151\" data-end=\"273\"><strong data-start=\"151\" data-end=\"168\">Zuletzt aktualisiert:<\/strong> 4. Dezember 2025<br data-start=\"185\" data-end=\"188\" \/><strong data-start=\"188\" data-end=\"200\">Webseite:<\/strong> <a class=\"decorated-link\" href=\"https:\/\/haisicstorage.com\/de\/\" target=\"_new\" rel=\"noopener\" data-start=\"201\" data-end=\"251\">haisicstorage.com<\/a><\/p>\n<p data-start=\"275\" data-end=\"493\">Haisic (\u201ewir\u201c, \u201eunser\u201c oder \u201euns\u201c) respektiert Ihre Privatsph\u00e4re und verpflichtet sich, Ihre pers\u00f6nlichen Daten zu sch\u00fctzen. Diese Datenschutzerkl\u00e4rung erl\u00e4utert, wie wir Ihre Daten erfassen, verwenden und sch\u00fctzen, wenn Sie unsere Website besuchen.<\/p>\n<h2 data-start=\"495\" data-end=\"523\">1. Informationen, die wir sammeln<\/h2>\n<p data-start=\"525\" data-end=\"577\">Wir k\u00f6nnen die folgenden Arten von Informationen sammeln:<\/p>\n<ul data-start=\"579\" data-end=\"924\">\n<li data-start=\"579\" data-end=\"739\">\n<p data-start=\"581\" data-end=\"739\"><strong data-start=\"581\" data-end=\"606\">Pers\u00f6nliche Informationen:<\/strong> Name, E-Mail-Adresse, Telefonnummer, Firmenname und andere Kontaktdaten, die Sie uns bei der Kontaktaufnahme oder bei Anfragen mitteilen.<\/p>\n<\/li>\n<li data-start=\"740\" data-end=\"924\">\n<p data-start=\"742\" data-end=\"924\"><strong data-start=\"742\" data-end=\"771\">Nicht-pers\u00f6nliche Informationen:<\/strong> Browsertyp, IP-Adresse, Ger\u00e4teinformationen, besuchte Seiten und andere Analysedaten, die automatisch durch Cookies oder \u00e4hnliche Technologien erfasst werden.<\/p>\n<\/li>\n<\/ul>\n<h2 data-start=\"926\" data-end=\"959\">2. Wie wir Ihre Informationen verwenden<\/h2>\n<p data-start=\"961\" data-end=\"1020\">Wir verwenden die von uns gesammelten Informationen f\u00fcr Zwecke wie:<\/p>\n<ul data-start=\"1022\" data-end=\"1254\">\n<li data-start=\"1022\" data-end=\"1086\">\n<p data-start=\"1024\" data-end=\"1086\">Beantwortung Ihrer Anfragen und Bereitstellung von Kundensupport.<\/p>\n<\/li>\n<li data-start=\"1087\" data-end=\"1158\">\n<p data-start=\"1089\" data-end=\"1158\">Senden wichtiger Aktualisierungen \u00fcber unsere Produkte, Dienstleistungen oder Website.<\/p>\n<\/li>\n<li data-start=\"1159\" data-end=\"1216\">\n<p data-start=\"1161\" data-end=\"1216\">Verbesserung unserer Website, Dienstleistungen und Benutzererfahrung.<\/p>\n<\/li>\n<li data-start=\"1217\" data-end=\"1254\">\n<p data-start=\"1219\" data-end=\"1254\">Einhaltung gesetzlicher Verpflichtungen.<\/p>\n<\/li>\n<\/ul>\n<h2 data-start=\"1256\" data-end=\"1295\">3. Cookies und Tracking-Technologien<\/h2>\n<p data-start=\"1297\" data-end=\"1519\">Unsere Website kann Cookies und \u00e4hnliche Technologien verwenden, um Ihr Surferlebnis zu verbessern. Sie k\u00f6nnen Cookies in Ihren Browsereinstellungen deaktivieren, aber einige Funktionen der Website funktionieren ohne sie m\u00f6glicherweise nicht richtig.<\/p>\n<h2 data-start=\"1521\" data-end=\"1551\">4. Weitergabe Ihrer Informationen<\/h2>\n<p data-start=\"1553\" data-end=\"1657\">Wir werden <strong data-start=\"1559\" data-end=\"1566\">nicht<\/strong> Ihre pers\u00f6nlichen Daten weder verkaufen, noch tauschen oder vermieten. Wir k\u00f6nnen Ihre Informationen weitergeben:<\/p>\n<ul data-start=\"1659\" data-end=\"1845\">\n<li data-start=\"1659\" data-end=\"1783\">\n<p data-start=\"1661\" data-end=\"1783\">An Dienstleister, die uns beim Betrieb unserer Website und der Durchf\u00fchrung unserer Gesch\u00e4fte unterst\u00fctzen, unter Vertraulichkeitsvereinbarungen.<\/p>\n<\/li>\n<li data-start=\"1784\" data-end=\"1845\">\n<p data-start=\"1786\" data-end=\"1845\">Wenn dies gesetzlich vorgeschrieben ist oder um unsere Rechte und Sicherheit zu sch\u00fctzen.<\/p>\n<\/li>\n<\/ul>\n<h2 data-start=\"1847\" data-end=\"1866\">5. Datensicherheit<\/h2>\n<p data-start=\"1868\" data-end=\"2088\">Wir implementieren angemessene administrative, technische und physische Ma\u00dfnahmen zum Schutz Ihrer pers\u00f6nlichen Daten. Allerdings ist keine Website oder Internet\u00fcbertragung vollst\u00e4ndig sicher, und wir k\u00f6nnen keine absolute Sicherheit garantieren.<\/p>\n<h2 data-start=\"2090\" data-end=\"2115\">6. Internationale Nutzer<\/h2>\n<p data-start=\"2117\" data-end=\"2307\">Durch die Nutzung unserer Website stimmen Sie der \u00dcbertragung Ihrer Informationen in L\u00e4nder au\u00dferhalb Ihres Wohnsitzes zu, einschlie\u00dflich L\u00e4ndern, die m\u00f6glicherweise andere Datenschutzgesetze haben als Ihr Land.<\/p>\n<h2 data-start=\"2309\" data-end=\"2334\">7. Ihre Datenschutzrechte<\/h2>\n<p data-start=\"2336\" data-end=\"2392\">Je nach Ihrem Standort haben Sie m\u00f6glicherweise das Recht:<\/p>\n<ul data-start=\"2394\" data-end=\"2545\">\n<li data-start=\"2394\" data-end=\"2451\">\n<p data-start=\"2396\" data-end=\"2451\">Auf Ihre pers\u00f6nlichen Daten zuzugreifen, sie zu korrigieren oder zu l\u00f6schen.<\/p>\n<\/li>\n<li data-start=\"2452\" data-end=\"2506\">\n<p data-start=\"2454\" data-end=\"2506\">Widerspruch gegen die Verarbeitung Ihrer Daten einzulegen oder diese einzuschr\u00e4nken.<\/p>\n<\/li>\n<li data-start=\"2507\" data-end=\"2545\">\n<p data-start=\"2509\" data-end=\"2545\">Ihre Einwilligung jederzeit zu widerrufen.<\/p>\n<\/li>\n<\/ul>\n<p data-start=\"2547\" data-end=\"2660\">Um diese Rechte auszu\u00fcben, kontaktieren Sie uns bitte unter <strong data-start=\"2594\" data-end=\"2659\"><a class=\"decorated-link cursor-pointer\" rel=\"noopener\" data-start=\"2596\" data-end=\"2657\">celia@haisicstorage.com<\/a><\/strong>.<\/p>\n<h2 data-start=\"2662\" data-end=\"2685\">8. Links zu Drittanbietern<\/h2>\n<p data-start=\"2687\" data-end=\"2858\">Unsere Website kann Links zu Websites Dritter enthalten. Wir sind nicht verantwortlich f\u00fcr die Datenschutzpraktiken dieser Websites. Wir empfehlen Ihnen, deren Datenschutzerkl\u00e4rungen zu lesen.<\/p>\n<h2 data-start=\"2860\" data-end=\"2884\">9. Datenschutz f\u00fcr Kinder<\/h2>\n<p data-start=\"2886\" data-end=\"3018\">Unsere Website ist <strong data-start=\"2901\" data-end=\"2949\">nicht f\u00fcr Kinder unter 13 Jahren bestimmt<\/strong>, und wir sammeln keine wissentlich pers\u00f6nliche Daten von Kindern.<\/p>\n<h2 data-start=\"3020\" data-end=\"3057\">10. \u00c4nderungen dieser Datenschutzerkl\u00e4rung<\/h2>\n<p data-start=\"3059\" data-end=\"3221\">Wir k\u00f6nnen diese Datenschutzerkl\u00e4rung von Zeit zu Zeit aktualisieren. Das Datum \u201eZuletzt aktualisiert\u201c spiegelt die neueste Version wider. Wir empfehlen Ihnen, diese Richtlinie regelm\u00e4\u00dfig zu \u00fcberpr\u00fcfen.<\/p>\n<h2 data-start=\"3223\" data-end=\"3240\">11. Kontaktieren Sie uns<\/h2>\n<p data-start=\"3242\" data-end=\"3327\">Wenn Sie Fragen oder Bedenken zu dieser Datenschutzerkl\u00e4rung haben, kontaktieren Sie uns bitte:<\/p>\n<p data-start=\"3329\" data-end=\"3469\"><strong data-start=\"3329\" data-end=\"3339\">E-Mail:<\/strong> <a class=\"decorated-link cursor-pointer\" rel=\"noopener\" data-start=\"3340\" data-end=\"3401\">celia@haisicstorage.com<\/a><br data-start=\"3401\" data-end=\"3404\" \/><strong data-start=\"3404\" data-end=\"3416\">Webseite:<\/strong> <a class=\"decorated-link\" href=\"https:\/\/haisicstorage.com\/de\/\" target=\"_new\" rel=\"noopener\" data-start=\"3417\" data-end=\"3467\">haisicstorage.com<\/a><\/p>\n\t\t\t\t\t\t\t\t<\/div>\n\t\t\t\t<\/div>\n\t\t\t\t\t<\/div>\n\t\t\t\t<\/div>\n\t\t\t\t<\/div>","protected":false},"excerpt":{"rendered":"<p>Privacy Policy Last Updated: December 4, 2025Website: haisicstorage.com Haisic (\u201cwe,\u201d \u201cour,\u201d or \u201cus\u201d) respects your privacy and is committed to protecting your personal information. This Privacy Policy explains how we collect, use, and safeguard your information when you visit our website. 1. Information We Collect We may collect the following types of information: Personal Information: [&hellip;]<\/p>\n","protected":false},"author":1,"featured_media":0,"parent":0,"menu_order":0,"comment_status":"closed","ping_status":"closed","template":"","meta":{"site-sidebar-layout":"default","site-content-layout":"","ast-site-content-layout":"default","site-content-style":"default","site-sidebar-style":"default","ast-global-header-display":"","ast-banner-title-visibility":"","ast-main-header-display":"","ast-hfb-above-header-display":"","ast-hfb-below-header-display":"","ast-hfb-mobile-header-display":"","site-post-title":"disabled","ast-breadcrumbs-content":"","ast-featured-img":"","footer-sml-layout":"","ast-disable-related-posts":"","theme-transparent-header-meta":"","adv-header-id-meta":"","stick-header-meta":"","header-above-stick-meta":"","header-main-stick-meta":"","header-below-stick-meta":"","astra-migrate-meta-layouts":"set","ast-page-background-enabled":"default","ast-page-background-meta":{"desktop":{"background-color":"var(--ast-global-color-4)","background-image":"","background-repeat":"repeat","background-position":"center center","background-size":"auto","background-attachment":"scroll","background-type":"","background-media":"","overlay-type":"","overlay-color":"","overlay-opacity":"","overlay-gradient":""},"tablet":{"background-color":"","background-image":"","background-repeat":"repeat","background-position":"center center","background-size":"auto","background-attachment":"scroll","background-type":"","background-media":"","overlay-type":"","overlay-color":"","overlay-opacity":"","overlay-gradient":""},"mobile":{"background-color":"","background-image":"","background-repeat":"repeat","background-position":"center center","background-size":"auto","background-attachment":"scroll","background-type":"","background-media":"","overlay-type":"","overlay-color":"","overlay-opacity":"","overlay-gradient":""}},"ast-content-background-meta":{"desktop":{"background-color":"var(--ast-global-color-5)","background-image":"","background-repeat":"repeat","background-position":"center center","background-size":"auto","background-attachment":"scroll","background-type":"","background-media":"","overlay-type":"","overlay-color":"","overlay-opacity":"","overlay-gradient":""},"tablet":{"background-color":"var(--ast-global-color-5)","background-image":"","background-repeat":"repeat","background-position":"center center","background-size":"auto","background-attachment":"scroll","background-type":"","background-media":"","overlay-type":"","overlay-color":"","overlay-opacity":"","overlay-gradient":""},"mobile":{"background-color":"var(--ast-global-color-5)","background-image":"","background-repeat":"repeat","background-position":"center center","background-size":"auto","background-attachment":"scroll","background-type":"","background-media":"","overlay-type":"","overlay-color":"","overlay-opacity":"","overlay-gradient":""}},"footnotes":""},"class_list":["post-3","page","type-page","status-publish","hentry"],"_links":{"self":[{"href":"https:\/\/haisicstorage.com\/de\/wp-json\/wp\/v2\/pages\/3","targetHints":{"allow":["GET"]}}],"collection":[{"href":"https:\/\/haisicstorage.com\/de\/wp-json\/wp\/v2\/pages"}],"about":[{"href":"https:\/\/haisicstorage.com\/de\/wp-json\/wp\/v2\/types\/page"}],"author":[{"embeddable":true,"href":"https:\/\/haisicstorage.com\/de\/wp-json\/wp\/v2\/users\/1"}],"replies":[{"embeddable":true,"href":"https:\/\/haisicstorage.com\/de\/wp-json\/wp\/v2\/comments?post=3"}],"version-history":[{"count":11,"href":"https:\/\/haisicstorage.com\/de\/wp-json\/wp\/v2\/pages\/3\/revisions"}],"predecessor-version":[{"id":2455,"href":"https:\/\/haisicstorage.com\/de\/wp-json\/wp\/v2\/pages\/3\/revisions\/2455"}],"wp:attachment":[{"href":"https:\/\/haisicstorage.com\/de\/wp-json\/wp\/v2\/media?parent=3"}],"curies":[{"name":"wp","href":"https:\/\/api.w.org\/{rel}","templated":true}]}}